{"id":9332,"date":"2023-07-17T19:30:27","date_gmt":"2023-07-17T19:30:27","guid":{"rendered":"https:\/\/ukraineboost.com\/dk\/product\/mens-recycled-athletic-shorts\/"},"modified":"2024-06-24T17:41:34","modified_gmt":"2024-06-24T17:41:34","slug":"mens-recycled-athletic-shorts","status":"publish","type":"product","link":"https:\/\/ukraineboost.com\/dk\/product\/mens-recycled-athletic-shorts\/","title":{"rendered":"Atletiske lange shorts  &#8211; Ukrainian Splash &#8211; sort baggrund"},"content":{"rendered":"<div class=\"flex flex-grow flex-col gap-3\">\n<div class=\"min-h-[20px] flex items-start overflow-x-auto whitespace-pre-wrap break-words flex-col gap-4\">\n<div class=\"markdown prose w-full break-words dark:prose-invert light\">Sportsoutfits kan v\u00e6re besv\u00e6rlige, men med disse lange shorts er der ikke behov for det. Bare smid et par p\u00e5 og g\u00e5 ud at l\u00f8be, sv\u00f8mme, l\u00f8fte v\u00e6gte eller deltage i enhver anden aktivitet, der dukker op i dit sind. Disse shorts vil ikke skuffe dig!<\/p>\n<ul>\n<li>91% genanvendt polyester, 9% spandex (stoffets sammens\u00e6tning kan variere med 3%)<\/li>\n<li>Stofv\u00e6gt: 5.13 oz. \/yd. \u00b2 (174 g\/m\u00b2)<\/li>\n<li>Firevejs str\u00e6k fugtafvisende mikrofiberstof<\/li>\n<li>\u00c5ndbart og hurtigt\u00f8rrende materiale<\/li>\n<li>UPF50+ beskyttelse<\/li>\n<li>6,5&#8243; (16,5 cm) skridtl\u00e6ngde<\/li>\n<li>Elastisk linning med fladt hvidt sn\u00f8re<\/li>\n<li>Netlommer i siden<\/li>\n<li>Ingen inderforing<\/li>\n<\/ul>\n<p>Dette produkt bliver fremstillet specielt til dig, s\u00e5 snart du afgiver en ordre, derfor tager det lidt l\u00e6ngere tid at levere det til dig. Produktion p\u00e5 bestilling i stedet for i bulk hj\u00e6lper med at reducere overproduktionen, s\u00e5 tak for at tr\u00e6ffe velovervejede k\u00f8bsbeslutninger!<\/p><\/div>\n<\/div>\n<\/div>\n<div class=\"flex flex-grow flex-col gap-3\">\n<div class=\"min-h-[20px] flex items-start overflow-x-auto whitespace-pre-wrap break-words flex-col gap-4\">\n<div class=\"markdown prose w-full break-words dark:prose-invert light\">\n<div class=\"flex flex-grow flex-col gap-3\">\n<div class=\"min-h-[20px] flex items-start overflow-x-auto whitespace-pre-wrap break-words flex-col gap-4\">\n<div class=\"markdown prose w-full break-words dark:prose-invert light\">\n<h4>M\u00e5lskema<\/h4>\n<p>Vi opfordrer dig til v\u00e6re omhyggelig med at v\u00e6lge den rigtige st\u00f8rrelse, da vi gerne vil undg\u00e5 s\u00e5 mange returvarer som muligt. M\u00e5let er at st\u00f8tte Ukraine s\u00e5 derfor vil vi gerne holde alle omkostninger s\u00e5 lave som muligt. Vi vedl\u00e6gger m\u00e5lskemaer ved alle varer, da de kommer fra forskellige leverand\u00f8rer, s\u00e5 derfor kan st\u00f8rrelserne variere. Vi takker for din forst\u00e5else.<\/p>\n<div class=\"flex flex-grow flex-col gap-3\">\n<div class=\"min-h-[20px] flex items-start overflow-x-auto whitespace-pre-wrap break-words flex-col gap-4\">\n<div class=\"markdown prose w-full break-words dark:prose-invert light\">\n<h5>Guide til kropsm\u00e5linger<\/h5>\n<p><img decoding=\"async\" class=\"size-medium wp-image-9653 alignleft\" src=\"https:\/\/ukraineboost.com\/dk\/wp-content\/uploads\/sites\/12\/2023\/07\/body_shorts-180x300.png\" alt=\"\" width=\"180\" height=\"300\" srcset=\"https:\/\/ukraineboost.com\/dk\/wp-content\/uploads\/sites\/12\/2023\/07\/body_shorts-180x300.png 180w, https:\/\/ukraineboost.com\/dk\/wp-content\/uploads\/sites\/12\/2023\/07\/body_shorts-45x75.png 45w, https:\/\/ukraineboost.com\/dk\/wp-content\/uploads\/sites\/12\/2023\/07\/body_shorts-14x24.png 14w, https:\/\/ukraineboost.com\/dk\/wp-content\/uploads\/sites\/12\/2023\/07\/body_shorts-22x36.png 22w, https:\/\/ukraineboost.com\/dk\/wp-content\/uploads\/sites\/12\/2023\/07\/body_shorts-29x48.png 29w, https:\/\/ukraineboost.com\/dk\/wp-content\/uploads\/sites\/12\/2023\/07\/body_shorts.png 194w\" sizes=\"(max-width:767px) 180px, 180px\" \/>Denne st\u00f8rrelsesguide viser kropsm\u00e5linger. Vi foresl\u00e5r at bestille en st\u00f8rrelse st\u00f8rre, n\u00e5r dine m\u00e5linger er mellem st\u00f8rrelser. m\u00e5l-dig-selv For alle vandrette m\u00e5linger, skal du holde m\u00e5leb\u00e5ndet parallelt med jorden.<\/div>\n<div>\u00a0<\/div>\n<div class=\"markdown prose w-full break-words dark:prose-invert light\">A Talje<\/div>\n<div class=\"markdown prose w-full break-words dark:prose-invert light\">Placer m\u00e5leb\u00e5ndet omkring den smalleste del af taljen og m\u00e5l omkring.<\/div>\n<div>\u00a0<\/div>\n<div class=\"markdown prose w-full break-words dark:prose-invert light\">B Hofter<\/div>\n<div class=\"markdown prose w-full break-words dark:prose-invert light\">Start m\u00e5leb\u00e5ndet p\u00e5 den ene hofte og f\u00f8r det over den fuldeste del af hofterne tilbage til, hvor du startede med at m\u00e5le.<\/div>\n<div>\u00a0<\/div>\n<\/div>\n<\/div>\n<div>\n<table class=\"size-guide__table size-guide__new\">\n<thead>\n<tr>\n<td>Size<\/td>\n<td>Talje<\/td>\n<td>Hofter<\/td>\n<\/tr>\n<\/thead>\n<tbody>\n<tr>\n<td>2XS<\/td>\n<td>72<\/td>\n<td>90<\/td>\n<\/tr>\n<tr>\n<td>XS<\/td>\n<td>76<\/td>\n<td>94<\/td>\n<\/tr>\n<tr>\n<td>S<\/td>\n<td>80<\/td>\n<td>98<\/td>\n<\/tr>\n<tr>\n<td>M<\/td>\n<td>84<\/td>\n<td>102<\/td>\n<\/tr>\n<tr>\n<td>L<\/td>\n<td>92<\/td>\n<td>110<\/td>\n<\/tr>\n<tr>\n<td>XL<\/td>\n<td>100<\/td>\n<td>118<\/td>\n<\/tr>\n<tr>\n<td>2XL<\/td>\n<td>108<\/td>\n<td>126<\/td>\n<\/tr>\n<tr>\n<td>3XL<\/td>\n<td>116<\/td>\n<td>134<\/td>\n<\/tr>\n<tr>\n<td>4XL<\/td>\n<td>124<\/td>\n<td>142<\/td>\n<\/tr>\n<tr>\n<td>5XL<\/td>\n<td>132<\/td>\n<td>150<\/td>\n<\/tr>\n<tr>\n<td>6XL<\/td>\n<td>140<\/td>\n<td>158<\/td>\n<\/tr>\n<\/tbody>\n<\/table>\n<\/div>\n<div class=\"flex flex-grow flex-col gap-3\">\n<div class=\"min-h-[20px] flex items-start overflow-x-auto whitespace-pre-wrap break-words flex-col gap-4\">\n<div class=\"markdown prose w-full break-words dark:prose-invert light\">\n<div class=\"flex flex-grow flex-col gap-3\">\n<div class=\"min-h-[20px] flex items-start overflow-x-auto whitespace-pre-wrap break-words flex-col gap-4\">\n<div class=\"markdown prose w-full break-words dark:prose-invert light\">\n<h5>Produktm\u00e5linger<\/h5>\n<p><img decoding=\"async\" class=\"size-medium wp-image-9654 alignleft\" src=\"https:\/\/ukraineboost.com\/dk\/wp-content\/uploads\/sites\/12\/2023\/07\/5f171d57f15c89c12699773af7260142_l-300x300.png\" alt=\"\" width=\"300\" height=\"300\" srcset=\"https:\/\/ukraineboost.com\/dk\/wp-content\/uploads\/sites\/12\/2023\/07\/5f171d57f15c89c12699773af7260142_l-300x300.png 300w, https:\/\/ukraineboost.com\/dk\/wp-content\/uploads\/sites\/12\/2023\/07\/5f171d57f15c89c12699773af7260142_l-150x150.png 150w, https:\/\/ukraineboost.com\/dk\/wp-content\/uploads\/sites\/12\/2023\/07\/5f171d57f15c89c12699773af7260142_l-75x75.png 75w, https:\/\/ukraineboost.com\/dk\/wp-content\/uploads\/sites\/12\/2023\/07\/5f171d57f15c89c12699773af7260142_l-24x24.png 24w, https:\/\/ukraineboost.com\/dk\/wp-content\/uploads\/sites\/12\/2023\/07\/5f171d57f15c89c12699773af7260142_l-36x36.png 36w, https:\/\/ukraineboost.com\/dk\/wp-content\/uploads\/sites\/12\/2023\/07\/5f171d57f15c89c12699773af7260142_l-48x48.png 48w, https:\/\/ukraineboost.com\/dk\/wp-content\/uploads\/sites\/12\/2023\/07\/5f171d57f15c89c12699773af7260142_l-50x50.png 50w, https:\/\/ukraineboost.com\/dk\/wp-content\/uploads\/sites\/12\/2023\/07\/5f171d57f15c89c12699773af7260142_l-100x100.png 100w, https:\/\/ukraineboost.com\/dk\/wp-content\/uploads\/sites\/12\/2023\/07\/5f171d57f15c89c12699773af7260142_l.png 344w\" sizes=\"(max-width:767px) 300px, 300px\" \/>Denne st\u00f8rrelsesguide viser produktm\u00e5linger taget, n\u00e5r produkterne er lagt fladt. Faktiske produktm\u00e5linger kan variere med op til 1&#8243;, da de er specialfremstillet i h\u00e5nden. produkt-m\u00e5linger<\/div>\n<div>\u00a0<\/div>\n<div class=\"markdown prose w-full break-words dark:prose-invert light\">A 1\/2 taljebredde<\/div>\n<div>\u00a0<\/div>\n<div class=\"markdown prose w-full break-words dark:prose-invert light\">B Skridtl\u00e6ngde<\/div>\n<div>\u00a0<\/div>\n<div class=\"markdown prose w-full break-words dark:prose-invert light\">C Frontstigning<\/div>\n<div>\u00a0<\/div>\n<div class=\"markdown prose w-full break-words dark:prose-invert light\">\n<table class=\"size-guide__table size-guide__new\">\n<thead>\n<tr>\n<td>St\u00f8rrelse<\/td>\n<td>A<\/td>\n<td>B<\/td>\n<td>C<\/td>\n<\/tr>\n<\/thead>\n<tbody>\n<tr>\n<td>2XS<\/td>\n<td>28<\/td>\n<td>15.5<\/td>\n<td>28.5<\/td>\n<\/tr>\n<tr>\n<td>XS<\/td>\n<td>30<\/td>\n<td>16<\/td>\n<td>29<\/td>\n<\/tr>\n<tr>\n<td>S<\/td>\n<td>32<\/td>\n<td>16<\/td>\n<td>31<\/td>\n<\/tr>\n<tr>\n<td>M<\/td>\n<td>34<\/td>\n<td>16<\/td>\n<td>33<\/td>\n<\/tr>\n<tr>\n<td>L<\/td>\n<td>38<\/td>\n<td>16<\/td>\n<td>34.5<\/td>\n<\/tr>\n<tr>\n<td>XL<\/td>\n<td>42<\/td>\n<td>16<\/td>\n<td>35.5<\/td>\n<\/tr>\n<tr>\n<td>2XL<\/td>\n<td>46<\/td>\n<td>16<\/td>\n<td>36.5<\/td>\n<\/tr>\n<tr>\n<td>3XL<\/td>\n<td>50<\/td>\n<td>16<\/td>\n<td>38<\/td>\n<\/tr>\n<tr>\n<td>4XL<\/td>\n<td>54<\/td>\n<td>16<\/td>\n<td>39<\/td>\n<\/tr>\n<tr>\n<td>5XL<\/td>\n<td>58<\/td>\n<td>16<\/td>\n<td>40<\/td>\n<\/tr>\n<tr>\n<td>6XL<\/td>\n<td>62<\/td>\n<td>16<\/td>\n<td>41<\/td>\n<\/tr>\n<\/tbody>\n<\/table>\n<p>Alle m\u00e5l er i centimeter<\/p>\n<p>Pro-tip! M\u00e5l et af dine produkter derhjemme og sammenlign med m\u00e5lene, du ser i denne vejledning.<\/p><\/div>\n<\/div>\n<\/div>\n<\/div>\n<\/div>\n<\/div>\n<h4>Leveringstid<\/h4>\n<p>Da dette er et print on demand tid kan leveringstiden variere. Typisk er leveringstiden en til to uger. Vi pr\u00f8ver at finde en leverand\u00f8r s\u00e5 geografisk t\u00e6t p\u00e5 som muligt for at minimere leveringstid og transportomkostninger.<\/p><\/div>\n<\/div>\n<\/div>\n<\/div>\n<\/div>\n<\/div>\n","protected":false},"excerpt":{"rendered":"<p>Sportsoutfits kan v\u00e6re besv\u00e6rlige, men med disse lange shorts er der ikke behov for det. Bare smid et par p\u00e5 og g\u00e5 ud at l\u00f8be, sv\u00f8mme,<span class=\"excerpt-hellip\"> [\u2026]<\/span><\/p>\n","protected":false},"featured_media":9344,"comment_status":"open","ping_status":"closed","template":"","meta":[],"product_cat":[162],"product_tag":[],"_links":{"self":[{"href":"https:\/\/ukraineboost.com\/dk\/wp-json\/wp\/v2\/product\/9332"}],"collection":[{"href":"https:\/\/ukraineboost.com\/dk\/wp-json\/wp\/v2\/product"}],"about":[{"href":"https:\/\/ukraineboost.com\/dk\/wp-json\/wp\/v2\/types\/product"}],"replies":[{"embeddable":true,"href":"https:\/\/ukraineboost.com\/dk\/wp-json\/wp\/v2\/comments?post=9332"}],"wp:featuredmedia":[{"embeddable":true,"href":"https:\/\/ukraineboost.com\/dk\/wp-json\/wp\/v2\/media\/9344"}],"wp:attachment":[{"href":"https:\/\/ukraineboost.com\/dk\/wp-json\/wp\/v2\/media?parent=9332"}],"wp:term":[{"taxonomy":"product_cat","embeddable":true,"href":"https:\/\/ukraineboost.com\/dk\/wp-json\/wp\/v2\/product_cat?post=9332"},{"taxonomy":"product_tag","embeddable":true,"href":"https:\/\/ukraineboost.com\/dk\/wp-json\/wp\/v2\/product_tag?post=9332"}],"curies":[{"name":"wp","href":"https:\/\/api.w.org\/{rel}","templated":true}]}}