{"id":9269,"date":"2023-07-17T18:52:56","date_gmt":"2023-07-17T18:52:56","guid":{"rendered":"https:\/\/ukraineboost.com\/dk\/product\/headband-2\/"},"modified":"2024-04-02T10:34:46","modified_gmt":"2024-04-02T10:34:46","slug":"headband-2","status":"publish","type":"product","link":"https:\/\/ukraineboost.com\/dk\/product\/headband-2\/","title":{"rendered":"Pandeb\u00e5nd &#8211; Ukrainian Splash &#8211; hvid baggrund"},"content":{"rendered":"<p>Dette bl\u00f8de, str\u00e6kbare pandeb\u00e5nd tilf\u00f8jer den ekstra komfort til dine tr\u00e6ningspas, samtidig med at det er stilfuldt nok til at b\u00e6re med en fredag-aften look. G\u00e5 ikke glip af at f\u00e5 dit eget!<\/p>\n<ul>\n<li>Stoffets sammens\u00e6tning: 82% polyester, 18% spandex<\/li>\n<li>Stofv\u00e6gt (kan variere med 5%): 6.78 oz\/yd\u00b2 (230g\/m\u00b2)<\/li>\n<li>Fugtafvisende<\/li>\n<\/ul>\n<p>Dette produkt bliver fremstillet specielt til dig, s\u00e5 snart du afgiver en ordre, derfor tager det lidt l\u00e6ngere tid at levere det til dig. Produktion p\u00e5 bestilling i stedet for i bulk hj\u00e6lper med at reducere overproduktionen, s\u00e5 tak for at tr\u00e6ffe velovervejede k\u00f8bsbeslutninger!<\/p>\n<h4>M\u00e5leskema<\/h4>\n<p>Vi opfordrer dig til v\u00e6re omhyggelig med at v\u00e6lge den rigtige st\u00f8rrelse, da vi gerne vil undg\u00e5 s\u00e5 mange returvarer som muligt. M\u00e5let er at st\u00f8tte Ukraine s\u00e5 derfor vil vi gerne holde alle omkostninger s\u00e5 lave som muligt. Vi vedl\u00e6gger m\u00e5lskemaer ved alle varer, da de kommer fra forskellige leverand\u00f8rer, s\u00e5 derfor kan st\u00f8rrelserne variere. Vi takker for din forst\u00e5else.<\/p>\n<div class=\"flex flex-grow flex-col gap-3\">\n<div class=\"min-h-[20px] flex items-start overflow-x-auto whitespace-pre-wrap break-words flex-col gap-4\">\n<div class=\"markdown prose w-full break-words dark:prose-invert light\">\n<p><img decoding=\"async\" class=\" wp-image-9649 alignleft\" src=\"https:\/\/ukraineboost.com\/dk\/wp-content\/uploads\/sites\/12\/2023\/07\/1af2dbe138ba800d1a1e57816b0b26e3_l-300x300.png\" alt=\"\" width=\"221\" height=\"221\" srcset=\"https:\/\/ukraineboost.com\/dk\/wp-content\/uploads\/sites\/12\/2023\/07\/1af2dbe138ba800d1a1e57816b0b26e3_l-300x300.png 300w, https:\/\/ukraineboost.com\/dk\/wp-content\/uploads\/sites\/12\/2023\/07\/1af2dbe138ba800d1a1e57816b0b26e3_l-150x150.png 150w, https:\/\/ukraineboost.com\/dk\/wp-content\/uploads\/sites\/12\/2023\/07\/1af2dbe138ba800d1a1e57816b0b26e3_l-75x75.png 75w, https:\/\/ukraineboost.com\/dk\/wp-content\/uploads\/sites\/12\/2023\/07\/1af2dbe138ba800d1a1e57816b0b26e3_l-24x24.png 24w, https:\/\/ukraineboost.com\/dk\/wp-content\/uploads\/sites\/12\/2023\/07\/1af2dbe138ba800d1a1e57816b0b26e3_l-36x36.png 36w, https:\/\/ukraineboost.com\/dk\/wp-content\/uploads\/sites\/12\/2023\/07\/1af2dbe138ba800d1a1e57816b0b26e3_l-48x48.png 48w, https:\/\/ukraineboost.com\/dk\/wp-content\/uploads\/sites\/12\/2023\/07\/1af2dbe138ba800d1a1e57816b0b26e3_l-50x50.png 50w, https:\/\/ukraineboost.com\/dk\/wp-content\/uploads\/sites\/12\/2023\/07\/1af2dbe138ba800d1a1e57816b0b26e3_l-100x100.png 100w, https:\/\/ukraineboost.com\/dk\/wp-content\/uploads\/sites\/12\/2023\/07\/1af2dbe138ba800d1a1e57816b0b26e3_l.png 344w\" sizes=\"(max-width:767px) 221px, 221px\" \/>Denne st\u00f8rrelsesguide viser produktm\u00e5linger taget, n\u00e5r produkterne er lagt fladt. Faktiske produktm\u00e5linger kan variere med op til 1&#8243;, da de er specialfremstillet i h\u00e5nden. produktm\u00e5linger<\/p>\n<p>A bredde<\/p>\n<p>B 1\/2 l\u00e6ngde<\/p>\n<table class=\"size-guide__table size-guide__new\">\n<thead>\n<tr>\n<td>St\u00f8rrelse<\/td>\n<td>A<\/td>\n<td>B<\/td>\n<\/tr>\n<\/thead>\n<tbody>\n<tr>\n<td>M<\/td>\n<td>5<\/td>\n<td>24<\/td>\n<\/tr>\n<tr>\n<td>L<\/td>\n<td>5.5<\/td>\n<td>26<\/td>\n<\/tr>\n<\/tbody>\n<\/table>\n<p>Pro-tip! M\u00e5l et af dine produkter derhjemme og sammenlign med m\u00e5lene, du ser i denne vejledning.<\/p>\n<h4>Leveringstid<\/h4>\n<p>Da dette er et print on demand tid kan leveringstiden variere. Typisk er leveringstiden en til to uger. Vi pr\u00f8ver at finde en leverand\u00f8r s\u00e5 geografisk t\u00e6t p\u00e5 som muligt for at minimere leveringstid og transportomkostninger.<\/p>\n<\/div>\n<\/div>\n<\/div>\n","protected":false},"excerpt":{"rendered":"<p>Dette bl\u00f8de, str\u00e6kbare pandeb\u00e5nd tilf\u00f8jer den ekstra komfort til dine tr\u00e6ningspas, samtidig med at det er stilfuldt nok til at b\u00e6re med en fredag-aften look. G\u00e5<span class=\"excerpt-hellip\"> [\u2026]<\/span><\/p>\n","protected":false},"featured_media":9272,"comment_status":"open","ping_status":"closed","template":"","meta":[],"product_cat":[276],"product_tag":[],"_links":{"self":[{"href":"https:\/\/ukraineboost.com\/dk\/wp-json\/wp\/v2\/product\/9269"}],"collection":[{"href":"https:\/\/ukraineboost.com\/dk\/wp-json\/wp\/v2\/product"}],"about":[{"href":"https:\/\/ukraineboost.com\/dk\/wp-json\/wp\/v2\/types\/product"}],"replies":[{"embeddable":true,"href":"https:\/\/ukraineboost.com\/dk\/wp-json\/wp\/v2\/comments?post=9269"}],"wp:featuredmedia":[{"embeddable":true,"href":"https:\/\/ukraineboost.com\/dk\/wp-json\/wp\/v2\/media\/9272"}],"wp:attachment":[{"href":"https:\/\/ukraineboost.com\/dk\/wp-json\/wp\/v2\/media?parent=9269"}],"wp:term":[{"taxonomy":"product_cat","embeddable":true,"href":"https:\/\/ukraineboost.com\/dk\/wp-json\/wp\/v2\/product_cat?post=9269"},{"taxonomy":"product_tag","embeddable":true,"href":"https:\/\/ukraineboost.com\/dk\/wp-json\/wp\/v2\/product_tag?post=9269"}],"curies":[{"name":"wp","href":"https:\/\/api.w.org\/{rel}","templated":true}]}}