{"id":8889,"date":"2023-07-10T12:44:12","date_gmt":"2023-07-10T12:44:12","guid":{"rendered":"https:\/\/ukraineboost.com\/dk\/product\/mens-leggings-4\/"},"modified":"2024-04-07T12:51:35","modified_gmt":"2024-04-07T12:51:35","slug":"mens-leggings-4","status":"publish","type":"product","link":"https:\/\/ukraineboost.com\/dk\/product\/mens-leggings-4\/","title":{"rendered":"Men&#8217;s Leggings &#8211; Ukrainian Symbols  &#8211; hvid baggrund"},"content":{"rendered":"<p>V\u00e6r den bedste version af dig selv i disse herreleggings! Det superbl\u00f8de og str\u00e6kbare materiale g\u00f8r dem til det perfekte valg til en r\u00e6kke aktiviteter, og du kan b\u00e6re dem alene eller under shorts. Leggingsene bliver helt sikkert din foretrukne tr\u00e6ningst\u00f8j!<\/p>\n<ul>\n<li>82% polyester, 18% spandex<\/li>\n<li>Meget bl\u00f8dt firevejs str\u00e6kbart stof, der str\u00e6kker sig og genvinder sin form p\u00e5 tv\u00e6rs og langs af stoffet<\/li>\n<li>Figursyet design<\/li>\n<li>Forst\u00e6rket skridt for ekstra komfort<\/li>\n<li>Elastisk linning<\/li>\n<li>Flade s\u00f8mme<\/li>\n<li>Komponenter til det blanke produkt i EU kommer fra Kina og Litauen<\/li>\n<\/ul>\n<p>Dette produkt bliver lavet specielt til dig, s\u00e5 snart du afgiver en bestilling, hvilket er grunden til, at det tager os lidt l\u00e6ngere tid at levere det til dig. Ved at producere p\u00e5 bestilling i stedet for i store m\u00e6ngder bidrager vi til at reducere overproduktionen, s\u00e5 tak for at tr\u00e6ffe velovervejede k\u00f8bsbeslutninger!<\/p>\n<div class=\"flex flex-grow flex-col gap-3\">\n<div class=\"min-h-[20px] flex items-start overflow-x-auto whitespace-pre-wrap break-words flex-col gap-4\">\n<div class=\"markdown prose w-full break-words dark:prose-invert light\">\n<div class=\"flex flex-grow flex-col gap-3\">\n<div class=\"min-h-[20px] flex items-start overflow-x-auto whitespace-pre-wrap break-words flex-col gap-4\">\n<div class=\"markdown prose w-full break-words dark:prose-invert light\">\n<p><strong>Guide til kropsm\u00e5linger<\/strong><\/p>\n<p><img decoding=\"async\" class=\"size-medium wp-image-8920 alignleft\" src=\"https:\/\/ukraineboost.com\/dk\/wp-content\/uploads\/sites\/12\/2023\/07\/mens_leggings-198x300.png\" alt=\"\" width=\"198\" height=\"300\" srcset=\"https:\/\/ukraineboost.com\/dk\/wp-content\/uploads\/sites\/12\/2023\/07\/mens_leggings-198x300.png 198w, https:\/\/ukraineboost.com\/dk\/wp-content\/uploads\/sites\/12\/2023\/07\/mens_leggings-49x75.png 49w, https:\/\/ukraineboost.com\/dk\/wp-content\/uploads\/sites\/12\/2023\/07\/mens_leggings-16x24.png 16w, https:\/\/ukraineboost.com\/dk\/wp-content\/uploads\/sites\/12\/2023\/07\/mens_leggings-24x36.png 24w, https:\/\/ukraineboost.com\/dk\/wp-content\/uploads\/sites\/12\/2023\/07\/mens_leggings-32x48.png 32w, https:\/\/ukraineboost.com\/dk\/wp-content\/uploads\/sites\/12\/2023\/07\/mens_leggings.png 230w\" sizes=\"(max-width:767px) 198px, 198px\" \/>Denne st\u00f8rrelsesguide viser kropsm\u00e5linger. Vi anbefaler at bestille en st\u00f8rrelse mindre, n\u00e5r dine m\u00e5linger er mellem to st\u00f8rrelser. m\u00e5l-dig-selv<\/p>\n<p>Ved alle vandrette m\u00e5linger, skal du holde m\u00e5leb\u00e5ndet parallel med jorden.<\/p>\n<p>A Talje<\/p>\n<p>Placer m\u00e5leb\u00e5ndet p\u00e5 den smalleste del af taljen og m\u00e5l rundt.<\/p>\n<p>B Hofter<\/p>\n<p>Placer starten af m\u00e5leb\u00e5ndet p\u00e5 den ene hofte og f\u00f8r b\u00e5ndet over den fyldigste del af hofterne tilbage til udgangspunktet.<\/p>\n<\/div>\n<\/div>\n<\/div>\n<div class=\"flex flex-grow flex-col gap-3\">\n<div class=\"min-h-[20px] flex items-start overflow-x-auto whitespace-pre-wrap break-words flex-col gap-4\">\n<div class=\"markdown prose w-full break-words dark:prose-invert light\">\n<p><strong>Produktm\u00e5linger<\/strong><\/p>\n<p><img decoding=\"async\" class=\"size-medium wp-image-8921 alignleft\" src=\"https:\/\/ukraineboost.com\/dk\/wp-content\/uploads\/sites\/12\/2023\/07\/5b417369b7488c0a94efa8aa35c79c23_l-300x300.png\" alt=\"\" width=\"300\" height=\"300\" srcset=\"https:\/\/ukraineboost.com\/dk\/wp-content\/uploads\/sites\/12\/2023\/07\/5b417369b7488c0a94efa8aa35c79c23_l-300x300.png 300w, https:\/\/ukraineboost.com\/dk\/wp-content\/uploads\/sites\/12\/2023\/07\/5b417369b7488c0a94efa8aa35c79c23_l-150x150.png 150w, https:\/\/ukraineboost.com\/dk\/wp-content\/uploads\/sites\/12\/2023\/07\/5b417369b7488c0a94efa8aa35c79c23_l-75x75.png 75w, https:\/\/ukraineboost.com\/dk\/wp-content\/uploads\/sites\/12\/2023\/07\/5b417369b7488c0a94efa8aa35c79c23_l-24x24.png 24w, https:\/\/ukraineboost.com\/dk\/wp-content\/uploads\/sites\/12\/2023\/07\/5b417369b7488c0a94efa8aa35c79c23_l-36x36.png 36w, https:\/\/ukraineboost.com\/dk\/wp-content\/uploads\/sites\/12\/2023\/07\/5b417369b7488c0a94efa8aa35c79c23_l-48x48.png 48w, https:\/\/ukraineboost.com\/dk\/wp-content\/uploads\/sites\/12\/2023\/07\/5b417369b7488c0a94efa8aa35c79c23_l-50x50.png 50w, https:\/\/ukraineboost.com\/dk\/wp-content\/uploads\/sites\/12\/2023\/07\/5b417369b7488c0a94efa8aa35c79c23_l-100x100.png 100w, https:\/\/ukraineboost.com\/dk\/wp-content\/uploads\/sites\/12\/2023\/07\/5b417369b7488c0a94efa8aa35c79c23_l.png 343w\" sizes=\"(max-width:767px) 300px, 300px\" \/>Denne st\u00f8rrelsesguide viser produktm\u00e5linger taget, n\u00e5r produkterne ligger fladt. Faktiske produktm\u00e5linger kan variere med op til 1&#8243; p\u00e5 grund af, at de er h\u00e5ndlavede efter m\u00e5l. produkt-m\u00e5linger<\/p>\n<p>A 1\/2 taljebredde<\/p>\n<p>B Indvendig benl\u00e6ngde<\/p>\n<p>C Frontstigning<\/p>\n<table class=\"size-guide__table size-guide__new\">\n<thead>\n<tr>\n<td>St\u00f8rrelse<\/td>\n<td>A<\/td>\n<td>B<\/td>\n<td>C<\/td>\n<\/tr>\n<\/thead>\n<tbody>\n<tr>\n<td>XS<\/td>\n<td>33<\/td>\n<td>75<\/td>\n<td>26.5<\/td>\n<\/tr>\n<tr>\n<td>S<\/td>\n<td>35<\/td>\n<td>76<\/td>\n<td>27<\/td>\n<\/tr>\n<tr>\n<td>M<\/td>\n<td>37<\/td>\n<td>77<\/td>\n<td>27.5<\/td>\n<\/tr>\n<tr>\n<td>L<\/td>\n<td>41<\/td>\n<td>78<\/td>\n<td>28<\/td>\n<\/tr>\n<tr>\n<td>XL<\/td>\n<td>45<\/td>\n<td>79<\/td>\n<td>28.5<\/td>\n<\/tr>\n<tr>\n<td>2XL<\/td>\n<td>49<\/td>\n<td>80<\/td>\n<td>29<\/td>\n<\/tr>\n<tr>\n<td>3XL<\/td>\n<td>53<\/td>\n<td>81<\/td>\n<td>29.5<\/td>\n<\/tr>\n<\/tbody>\n<\/table>\n<div class=\"flex flex-grow flex-col gap-3\">\n<div class=\"min-h-[20px] flex flex-col items-start gap-4 whitespace-pre-wrap break-words\">\n<div class=\"markdown prose w-full break-words dark:prose-invert light\">\n<p>Pro-tip! M\u00e5l et af dine produkter derhjemme og sammenlign med m\u00e5lene, du ser i denne vejledning.<\/p>\n<h4>Leveringstid<\/h4>\n<p>Da dette er et print on demand tid kan leveringstiden variere. Typisk er leveringstiden en til to uger. Vi pr\u00f8ver at finde en leverand\u00f8r s\u00e5 geografisk t\u00e6t p\u00e5 som muligt for at minimere leveringstid og transportomkostninger.<\/p>\n<\/div>\n<\/div>\n<\/div>\n<p>&nbsp;<\/p>\n<\/div>\n<\/div>\n<\/div>\n<\/div>\n<\/div>\n<\/div>\n","protected":false},"excerpt":{"rendered":"<p>V\u00e6r den bedste version af dig selv i disse herreleggings! Det superbl\u00f8de og str\u00e6kbare materiale g\u00f8r dem til det perfekte valg til en r\u00e6kke aktiviteter, og<span class=\"excerpt-hellip\"> [\u2026]<\/span><\/p>\n","protected":false},"featured_media":8897,"comment_status":"open","ping_status":"closed","template":"","meta":[],"product_cat":[162],"product_tag":[],"_links":{"self":[{"href":"https:\/\/ukraineboost.com\/dk\/wp-json\/wp\/v2\/product\/8889"}],"collection":[{"href":"https:\/\/ukraineboost.com\/dk\/wp-json\/wp\/v2\/product"}],"about":[{"href":"https:\/\/ukraineboost.com\/dk\/wp-json\/wp\/v2\/types\/product"}],"replies":[{"embeddable":true,"href":"https:\/\/ukraineboost.com\/dk\/wp-json\/wp\/v2\/comments?post=8889"}],"wp:featuredmedia":[{"embeddable":true,"href":"https:\/\/ukraineboost.com\/dk\/wp-json\/wp\/v2\/media\/8897"}],"wp:attachment":[{"href":"https:\/\/ukraineboost.com\/dk\/wp-json\/wp\/v2\/media?parent=8889"}],"wp:term":[{"taxonomy":"product_cat","embeddable":true,"href":"https:\/\/ukraineboost.com\/dk\/wp-json\/wp\/v2\/product_cat?post=8889"},{"taxonomy":"product_tag","embeddable":true,"href":"https:\/\/ukraineboost.com\/dk\/wp-json\/wp\/v2\/product_tag?post=8889"}],"curies":[{"name":"wp","href":"https:\/\/api.w.org\/{rel}","templated":true}]}}