{"id":8759,"date":"2023-07-09T13:58:10","date_gmt":"2023-07-09T13:58:10","guid":{"rendered":"https:\/\/ukraineboost.com\/dk\/product\/recycled-high-waisted-bikini-4\/"},"modified":"2024-04-07T12:42:34","modified_gmt":"2024-04-07T12:42:34","slug":"recycled-high-waisted-bikini-4","status":"publish","type":"product","link":"https:\/\/ukraineboost.com\/dk\/product\/recycled-high-waisted-bikini-4\/","title":{"rendered":"Recycled h\u00f8jtaljet bikini &#8211; Ukrainian Symbols  &#8211; hvid baggrund"},"content":{"rendered":"<div class=\"flex flex-grow flex-col gap-3\">\n<div class=\"min-h-[20px] flex items-start overflow-x-auto whitespace-pre-wrap break-words flex-col gap-4\">\n<div class=\"markdown prose w-full break-words dark:prose-invert light\">\n<p>Det er alt for nemt at forelske sig i dette bikinis\u00e6t. Aftagelige puder og dobbelt lag g\u00f8r det behageligt at have p\u00e5 hele dagen ved poolen eller p\u00e5 stranden.<\/p>\n<ul>\n<li>Materialekomposition i EU: 88% genanvendt polyester, 12% elastan<\/li>\n<li>Stofv\u00e6gt i EU (kan variere med 5%): 6.78 oz\/yd\u00b2 (230 g\/m\u00b2)<\/li>\n<li>Materialekomposition i MX: 81% REPREVE genanvendt polyester, 19% LYCRA XTRALIFE<\/li>\n<li>Stofv\u00e6gt i MX (kan variere med 5%): 7.52 oz\/yd\u00b2 (255g\/m\u00b2)<\/li>\n<li>Dobbeltlag og ikke-vendbar<\/li>\n<li>Aftagelig polstring<\/li>\n<li>Afbrydeligt vaskem\u00e6rke<\/li>\n<li>Zigzag-syning<\/li>\n<li>Komponenter til produktet kommer fra Spanien, Tyskland, Taiwan, Vietnam, Cambodja og Litauen<\/li>\n<\/ul>\n<p>Dette produkt bliver lavet specielt til dig, s\u00e5 snart du afgiver en bestilling, hvilket er grunden til, at det tager os lidt l\u00e6ngere tid at levere det til dig. Ved at producere p\u00e5 bestilling i stedet for i store m\u00e6ngder bidrager vi til at reducere overproduktionen, s\u00e5 tak for at tr\u00e6ffe velovervejede k\u00f8bsbeslutninger!<\/p>\n<h4>M\u00e5leskema<\/h4>\n<p>Vi opfordrer dig til v\u00e6re omhyggelig med at v\u00e6lge den rigtige st\u00f8rrelse, da vi gerne vil undg\u00e5 s\u00e5 mange returvarer som muligt. M\u00e5let er at st\u00f8tte Ukraine s\u00e5 derfor vil vi gerne holde alle omkostninger s\u00e5 lave som muligt. Vi vedl\u00e6gger m\u00e5lskemaer ved alle varer, da de kommer fra forskellige leverand\u00f8rer, s\u00e5 derfor kan st\u00f8rrelserne variere. Vi takker for din forst\u00e5else.<\/p>\n<div class=\"flex flex-grow flex-col gap-3\">\n<div class=\"min-h-[20px] flex items-start overflow-x-auto whitespace-pre-wrap break-words flex-col gap-4\">\n<div class=\"markdown prose w-full break-words dark:prose-invert light\">\n<p><strong>Guide til kropsm\u00e5linger<\/strong><\/p>\n<p>Denne st\u00f8rrelsesguide viser kropsm\u00e5linger. Vi anbefaler at bestille en st\u00f8rrelse st\u00f8rre, n\u00e5r dine m\u00e5linger er mellem to st\u00f8rrelser. m\u00e5l-dig-selv<\/p>\n<p><img decoding=\"async\" class=\"size-medium wp-image-3216 alignleft\" src=\"https:\/\/ukraineboost.com\/dk\/wp-content\/uploads\/sites\/12\/2023\/05\/3215_model_size_guide-300x300.png\" alt=\"\" width=\"300\" height=\"300\" srcset=\"https:\/\/ukraineboost.com\/dk\/wp-content\/uploads\/sites\/12\/2023\/05\/3215_model_size_guide-300x300.png 300w, https:\/\/ukraineboost.com\/dk\/wp-content\/uploads\/sites\/12\/2023\/05\/3215_model_size_guide-150x150.png 150w, https:\/\/ukraineboost.com\/dk\/wp-content\/uploads\/sites\/12\/2023\/05\/3215_model_size_guide-146x146.png 146w, https:\/\/ukraineboost.com\/dk\/wp-content\/uploads\/sites\/12\/2023\/05\/3215_model_size_guide-50x50.png 50w, https:\/\/ukraineboost.com\/dk\/wp-content\/uploads\/sites\/12\/2023\/05\/3215_model_size_guide-75x75.png 75w, https:\/\/ukraineboost.com\/dk\/wp-content\/uploads\/sites\/12\/2023\/05\/3215_model_size_guide-85x85.png 85w, https:\/\/ukraineboost.com\/dk\/wp-content\/uploads\/sites\/12\/2023\/05\/3215_model_size_guide-80x80.png 80w, https:\/\/ukraineboost.com\/dk\/wp-content\/uploads\/sites\/12\/2023\/05\/3215_model_size_guide-24x24.png 24w, https:\/\/ukraineboost.com\/dk\/wp-content\/uploads\/sites\/12\/2023\/05\/3215_model_size_guide-36x36.png 36w, https:\/\/ukraineboost.com\/dk\/wp-content\/uploads\/sites\/12\/2023\/05\/3215_model_size_guide-48x48.png 48w, https:\/\/ukraineboost.com\/dk\/wp-content\/uploads\/sites\/12\/2023\/05\/3215_model_size_guide-100x100.png 100w, https:\/\/ukraineboost.com\/dk\/wp-content\/uploads\/sites\/12\/2023\/05\/3215_model_size_guide.png 344w\" sizes=\"(max-width:767px) 300px, 300px\" \/>Ved alle vandrette m\u00e5linger skal du holde m\u00e5leb\u00e5ndet parallelt med jorden.<\/p>\n<p>A Bryst<\/p>\n<p>Placer den ene ende af m\u00e5leb\u00e5ndet p\u00e5 den fuldeste del af brystet og f\u00f8r b\u00e5ndet rundt om ryggen (under armhulerne, over skulderbladene) tilbage til udgangspunktet.<\/p>\n<p>B Talje<\/p>\n<p>Placer m\u00e5leb\u00e5ndet p\u00e5 det smalleste sted omkring taljen og m\u00e5l rundt.<\/p>\n<p>C Hofter<\/p>\n<p>Start m\u00e5leb\u00e5ndet p\u00e5 den ene hofte og f\u00f8r b\u00e5ndet hen over den fuldeste del af hofterne tilbage til udgangspunktet, hvor du begyndte at m\u00e5le.<\/p>\n<\/div>\n<\/div>\n<\/div>\n<\/div>\n<\/div>\n<\/div>\n<p>&nbsp;<\/p>\n<p><strong>Produktm\u00e5linger<\/strong><\/p>\n<p><img decoding=\"async\" class=\"size-medium wp-image-8863 alignleft\" src=\"https:\/\/ukraineboost.com\/dk\/wp-content\/uploads\/sites\/12\/2023\/07\/9dd8453eb9dda6c8ff3ae59dcacc40fe_l-300x300.png\" alt=\"\" width=\"300\" height=\"300\" srcset=\"https:\/\/ukraineboost.com\/dk\/wp-content\/uploads\/sites\/12\/2023\/07\/9dd8453eb9dda6c8ff3ae59dcacc40fe_l-300x300.png 300w, https:\/\/ukraineboost.com\/dk\/wp-content\/uploads\/sites\/12\/2023\/07\/9dd8453eb9dda6c8ff3ae59dcacc40fe_l-150x150.png 150w, https:\/\/ukraineboost.com\/dk\/wp-content\/uploads\/sites\/12\/2023\/07\/9dd8453eb9dda6c8ff3ae59dcacc40fe_l-75x75.png 75w, https:\/\/ukraineboost.com\/dk\/wp-content\/uploads\/sites\/12\/2023\/07\/9dd8453eb9dda6c8ff3ae59dcacc40fe_l-24x24.png 24w, https:\/\/ukraineboost.com\/dk\/wp-content\/uploads\/sites\/12\/2023\/07\/9dd8453eb9dda6c8ff3ae59dcacc40fe_l-36x36.png 36w, https:\/\/ukraineboost.com\/dk\/wp-content\/uploads\/sites\/12\/2023\/07\/9dd8453eb9dda6c8ff3ae59dcacc40fe_l-48x48.png 48w, https:\/\/ukraineboost.com\/dk\/wp-content\/uploads\/sites\/12\/2023\/07\/9dd8453eb9dda6c8ff3ae59dcacc40fe_l-50x50.png 50w, https:\/\/ukraineboost.com\/dk\/wp-content\/uploads\/sites\/12\/2023\/07\/9dd8453eb9dda6c8ff3ae59dcacc40fe_l-100x100.png 100w, https:\/\/ukraineboost.com\/dk\/wp-content\/uploads\/sites\/12\/2023\/07\/9dd8453eb9dda6c8ff3ae59dcacc40fe_l.png 343w\" sizes=\"(max-width:767px) 300px, 300px\" \/><\/p>\n<div class=\"flex flex-grow flex-col gap-3\">\n<div class=\"min-h-[20px] flex items-start overflow-x-auto whitespace-pre-wrap break-words flex-col gap-4\">\n<div class=\"markdown prose w-full break-words dark:prose-invert light\">\n<p>Denne st\u00f8rrelsesguide viser produktm\u00e5linger, der er taget, n\u00e5r produkterne ligger fladt. Faktiske produktm\u00e5linger kan variere med op til 1&#8243;, da de er h\u00e5ndlavede efter m\u00e5l. produktm\u00e5linger<\/p>\n<p>A &#8211; L\u00e6ngde p\u00e5 toppens forside<\/p>\n<p>B &#8211; 1\/2 bredde p\u00e5 toppen<\/p>\n<p>C &#8211; 1\/2 taljebredde<\/p>\n<p>D &#8211; H\u00f8jde p\u00e5 bunden<\/p>\n<\/div>\n<\/div>\n<\/div>\n<p>&nbsp;<\/p>\n<table class=\"size-guide__table size-guide__new\">\n<thead>\n<tr>\n<td>St\u00f8rrelse<\/td>\n<td>A<\/td>\n<td>B<\/td>\n<td>C<\/td>\n<td>D<\/td>\n<\/tr>\n<\/thead>\n<tbody>\n<tr>\n<td>XS<\/td>\n<td>26<\/td>\n<td>30<\/td>\n<td>31<\/td>\n<td>29<\/td>\n<\/tr>\n<tr>\n<td>S<\/td>\n<td>27<\/td>\n<td>32<\/td>\n<td>33<\/td>\n<td>29.5<\/td>\n<\/tr>\n<tr>\n<td>M<\/td>\n<td>28<\/td>\n<td>34<\/td>\n<td>35<\/td>\n<td>30<\/td>\n<\/tr>\n<tr>\n<td>L<\/td>\n<td>29<\/td>\n<td>38<\/td>\n<td>39<\/td>\n<td>30.5<\/td>\n<\/tr>\n<tr>\n<td>XL<\/td>\n<td>30<\/td>\n<td>42<\/td>\n<td>43<\/td>\n<td>31<\/td>\n<\/tr>\n<tr>\n<td>2XL<\/td>\n<td>32<\/td>\n<td>46<\/td>\n<td>47<\/td>\n<td>32<\/td>\n<\/tr>\n<tr>\n<td>3XL<\/td>\n<td>34<\/td>\n<td>50<\/td>\n<td>51<\/td>\n<td>33<\/td>\n<\/tr>\n<\/tbody>\n<\/table>\n<p>Pro-tip! M\u00e5l et af dine produkter derhjemme og sammenlign med m\u00e5lene, du ser i denne vejledning.<\/p>\n<h4>Leveringstid<\/h4>\n<p>Da dette er et print on demand tid kan leveringstiden variere. Typisk er leveringstiden en til to uger. Vi pr\u00f8ver at finde en leverand\u00f8r s\u00e5 geografisk t\u00e6t p\u00e5 som muligt for at minimere leveringstid og transportomkostninger.<\/p>\n","protected":false},"excerpt":{"rendered":"<p>Det er alt for nemt at forelske sig i dette bikinis\u00e6t. Aftagelige puder og dobbelt lag g\u00f8r det behageligt at have p\u00e5 hele dagen ved poolen<span class=\"excerpt-hellip\"> [\u2026]<\/span><\/p>\n","protected":false},"featured_media":8767,"comment_status":"open","ping_status":"closed","template":"","meta":[],"product_cat":[180],"product_tag":[],"_links":{"self":[{"href":"https:\/\/ukraineboost.com\/dk\/wp-json\/wp\/v2\/product\/8759"}],"collection":[{"href":"https:\/\/ukraineboost.com\/dk\/wp-json\/wp\/v2\/product"}],"about":[{"href":"https:\/\/ukraineboost.com\/dk\/wp-json\/wp\/v2\/types\/product"}],"replies":[{"embeddable":true,"href":"https:\/\/ukraineboost.com\/dk\/wp-json\/wp\/v2\/comments?post=8759"}],"wp:featuredmedia":[{"embeddable":true,"href":"https:\/\/ukraineboost.com\/dk\/wp-json\/wp\/v2\/media\/8767"}],"wp:attachment":[{"href":"https:\/\/ukraineboost.com\/dk\/wp-json\/wp\/v2\/media?parent=8759"}],"wp:term":[{"taxonomy":"product_cat","embeddable":true,"href":"https:\/\/ukraineboost.com\/dk\/wp-json\/wp\/v2\/product_cat?post=8759"},{"taxonomy":"product_tag","embeddable":true,"href":"https:\/\/ukraineboost.com\/dk\/wp-json\/wp\/v2\/product_tag?post=8759"}],"curies":[{"name":"wp","href":"https:\/\/api.w.org\/{rel}","templated":true}]}}