{"id":7345,"date":"2023-06-27T13:00:02","date_gmt":"2023-06-27T13:00:02","guid":{"rendered":"https:\/\/ukraineboost.com\/dk\/product\/organic-cotton-tote-bag-the-white-flag-is-not-my-flag\/"},"modified":"2023-06-28T10:16:36","modified_gmt":"2023-06-28T10:16:36","slug":"organic-cotton-tote-bag-the-white-flag-is-not-my-flag","status":"publish","type":"product","link":"https:\/\/ukraineboost.com\/dk\/product\/organic-cotton-tote-bag-the-white-flag-is-not-my-flag\/","title":{"rendered":"Organic Cotton Tote Bag &#8211; The White Flag is not My Flag"},"content":{"rendered":"<div class=\"flex flex-grow flex-col gap-3\">\n<div class=\"min-h-[20px] flex items-start overflow-x-auto whitespace-pre-wrap break-words flex-col gap-4\">\n<div class=\"markdown prose w-full break-words dark:prose-invert light\">\n<p>Fremstillet af ekstremt holdbar, 100% \u00f8kologisk bomuldskanvas, som er OCS-certificeret af Control Union CU811033, ser denne tote taske lige s\u00e5 godt ud, som den f\u00f8les at bruge. Tasken har en h\u00e5ndtagsl\u00e6ngde p\u00e5 26,3&#8243; (66,8 cm), en kapacitet p\u00e5 2,6 gallon (10 liter) og giver en imponerende effekt for milj\u00f8bevidste forbrugere, n\u00e5r de ser dit kunstv\u00e6rk trykt i fantastisk detalje.<\/p>\n<ul>\n<li>100% \u00f8kologisk bomuld<\/li>\n<li>Kraftig stofkvalitet (10 oz \/yd\u00b2 (340 g\/m\u00b2))<\/li>\n<li>Syet m\u00e6rkat<\/li>\n<li>\u00c9n st\u00f8rrelse (15&#8243; x 16.5&#8243;) (38,1 cm x 41,9 cm)<\/li>\n<li>Syet i Pakistan<\/li>\n<\/ul>\n<h4>M\u00e5leskema<\/h4>\n<\/div>\n<\/div>\n<\/div>\n<table id=\"size-guide\" style=\"min-width: 360px;\">\n<thead>\n<tr>\n<th style=\"padding: 10px;\"><\/th>\n<th style=\"color: #000000; font-weight: 500; text-align: left; font-size: 15px; padding: 10px;\">15&#8243; x 16.5&#8243;<\/th>\n<\/tr>\n<\/thead>\n<tbody>\n<tr>\n<td style=\"padding: 10px; color: #525252; font-size: 15px; border-top: 1px solid #ededed;\">Bredde, cm<\/td>\n<td style=\"padding: 10px; color: #525252; font-size: 15px; border-top: 1px solid #ededed;\">38.10<\/td>\n<\/tr>\n<tr>\n<td style=\"padding: 10px; color: #525252; font-size: 15px; border-top: 1px solid #ededed;\">L\u00e6ngde, cm<\/td>\n<td style=\"padding: 10px; color: #525252; font-size: 15px; border-top: 1px solid #ededed;\">41.91<\/td>\n<\/tr>\n<\/tbody>\n<\/table>\n<h4>Leveringstid<\/h4>\n<p>Da dette er et print on demand produkt kan leveringstiden variere. Typisk er leveringstiden en til to uger. Vi pr\u00f8ver at finde en leverand\u00f8r s\u00e5 geografisk t\u00e6t p\u00e5 som muligt for at minimere leveringstid og transportomkostninger.<\/p>\n<h4>Egenskaber<\/h4>\n<p><a href=\"https:\/\/ukraineboost.com\/dk\/wp-content\/uploads\/sites\/12\/2023\/06\/icons_v4_outlined_28_handles.svg\"><img decoding=\"async\" class=\"alignleft wp-image-7339\" src=\"https:\/\/ukraineboost.com\/dk\/wp-content\/uploads\/sites\/12\/2023\/06\/icons_v4_outlined_28_handles.svg\" alt=\"\" width=\"50\" \/><\/a><strong>Bomuldsv\u00e6vb\u00e5nd<\/strong><\/p>\n<p>Holdbare og behagelige at b\u00e6re, kan b\u00e6res i h\u00e5nden eller over skulderen.<\/p>\n<p><strong><a href=\"https:\/\/ukraineboost.com\/dk\/wp-content\/uploads\/sites\/12\/2023\/06\/icons_v4_outlined_11_flat_corners.svg\"><img decoding=\"async\" class=\"alignleft wp-image-7340\" src=\"https:\/\/ukraineboost.com\/dk\/wp-content\/uploads\/sites\/12\/2023\/06\/icons_v4_outlined_11_flat_corners.svg\" alt=\"\" width=\"50\" \/><\/a>Bomuldsv\u00e6vb\u00e5nd<\/strong><\/p>\n<p>Forsiden og bagsiden er syet sammen uden ekstra plads indvendigt.<\/p>\n<p><img decoding=\"async\" class=\"alignleft wp-image-6253\" src=\"https:\/\/ukraineboost.com\/dk\/wp-content\/uploads\/sites\/12\/2023\/05\/icons_v4_outlined_1_cotton.svg\" alt=\"\" width=\"50\" \/><\/p>\n<p><strong>100% bomuld<\/strong><\/p>\n<p>Fremstillet med specielt spundne fibre til et stof, der er ekstremt holdbart, glat og perfekt til trykning.<\/p>\n<p><strong><a href=\"https:\/\/ukraineboost.com\/dk\/wp-content\/uploads\/sites\/12\/2023\/06\/icons_v4_outlined_25_reinforced_stitching.svg\"><img decoding=\"async\" class=\"alignleft wp-image-7341\" src=\"https:\/\/ukraineboost.com\/dk\/wp-content\/uploads\/sites\/12\/2023\/06\/icons_v4_outlined_25_reinforced_stitching.svg\" alt=\"\" width=\"50\" \/><\/a>Forst\u00e6rket syning p\u00e5 h\u00e5ndtagene<\/strong><\/p>\n<p>En ekstra r\u00e6kke syninger for at g\u00f8re s\u00f8mmen st\u00e6rkere.<\/p>\n<h4>Vedligeholdelse<\/h4>\n<p><img decoding=\"async\" class=\"alignnone size-medium wp-image-6312\" src=\"https:\/\/ukraineboost.com\/dk\/wp-content\/uploads\/sites\/12\/2023\/05\/main_59e71038b8e7e3497d1b51f3.svg\" alt=\"\" width=\"1\" height=\"1\" \/>Fjern alle genstande fra tasken, inden reng\u00f8ring. Det anbefales at behandle synlige pletter med pletfjerner. Bland varmt vand med vaskemiddel og reng\u00f8r tasken med en h\u00e5ndkl\u00e6de eller en bl\u00f8d b\u00f8rste med bl\u00f8de b\u00f8rsteh\u00e5r. Lad tasken luftt\u00f8rre.<\/p>\n","protected":false},"excerpt":{"rendered":"<p>Fremstillet af ekstremt holdbar, 100% \u00f8kologisk bomuldskanvas, som er OCS-certificeret af Control Union CU811033, ser denne tote taske lige s\u00e5 godt ud, som den f\u00f8les at<span class=\"excerpt-hellip\"> [\u2026]<\/span><\/p>\n","protected":false},"featured_media":7349,"comment_status":"open","ping_status":"closed","template":"","meta":[],"product_cat":[122,193,171],"product_tag":[],"_links":{"self":[{"href":"https:\/\/ukraineboost.com\/dk\/wp-json\/wp\/v2\/product\/7345"}],"collection":[{"href":"https:\/\/ukraineboost.com\/dk\/wp-json\/wp\/v2\/product"}],"about":[{"href":"https:\/\/ukraineboost.com\/dk\/wp-json\/wp\/v2\/types\/product"}],"replies":[{"embeddable":true,"href":"https:\/\/ukraineboost.com\/dk\/wp-json\/wp\/v2\/comments?post=7345"}],"wp:featuredmedia":[{"embeddable":true,"href":"https:\/\/ukraineboost.com\/dk\/wp-json\/wp\/v2\/media\/7349"}],"wp:attachment":[{"href":"https:\/\/ukraineboost.com\/dk\/wp-json\/wp\/v2\/media?parent=7345"}],"wp:term":[{"taxonomy":"product_cat","embeddable":true,"href":"https:\/\/ukraineboost.com\/dk\/wp-json\/wp\/v2\/product_cat?post=7345"},{"taxonomy":"product_tag","embeddable":true,"href":"https:\/\/ukraineboost.com\/dk\/wp-json\/wp\/v2\/product_tag?post=7345"}],"curies":[{"name":"wp","href":"https:\/\/api.w.org\/{rel}","templated":true}]}}