{"id":6314,"date":"2023-06-08T10:11:53","date_gmt":"2023-06-08T10:11:53","guid":{"rendered":"https:\/\/ukraineboost.com\/dk\/product\/mens-presenter-v-neck-russian-warship-fuck-yourself\/"},"modified":"2023-06-25T12:33:16","modified_gmt":"2023-06-25T12:33:16","slug":"mens-presenter-v-neck-russian-warship-fuck-yourself","status":"publish","type":"product","link":"https:\/\/ukraineboost.com\/dk\/product\/mens-presenter-v-neck-russian-warship-fuck-yourself\/","title":{"rendered":"Men\u2019s Presenter V-neck &#8211; Russian Warship &#8211; Go fuck Yourself"},"content":{"rendered":"<div class=\"flex flex-grow flex-col gap-3\">\n<div class=\"min-h-[20px] flex items-start overflow-x-auto whitespace-pre-wrap break-words flex-col gap-4\">\n<div class=\"markdown prose w-full break-words dark:prose-invert light\">\n<p>Den \u00f8kologiske herre v-neck t-shirt, som du har ventet p\u00e5. Med en halsb\u00e5ndet krave s\u00f8m, der er d\u00e6kket af nakketape, s\u00e5 den kan modst\u00e5 gentagne vaske uden at miste formen. Denne komfortable t-shirt har ogs\u00e5 \u00e6rmekanter og en bundkant med smal dobbelt topstikning. Lavet til ubesv\u00e6ret og holdbar stil, er dette virkelig den \u00f8kologiske v-neck t-shirt, du har brug for.<\/p>\n<p>Bem\u00e6rk venligst, at europ\u00e6iske trykudbydere bruger europ\u00e6iske st\u00f8rrelser i deres produkter. Kontroll\u00e9r venligst vores st\u00f8rrelsesdiagram i bunden af vores produktliste for at sikre en pr\u00e6cis pasform.<\/p>\n<ul>\n<li>100% \u00f8kologisk k\u00e6mmet ringspundet bomuld<\/li>\n<li>Let stof (4,57 oz\/yd\u00b2 (155 g\/m\u00b2))<\/li>\n<li>Normal pasform<\/li>\n<li>Syet m\u00e6rkat<\/li>\n<\/ul>\n<\/div>\n<\/div>\n<\/div>\n<h4>M\u00e5leskema<\/h4>\n<p>Vi opfordrer dig til v\u00e6re omhyggelig med at v\u00e6lge den rigtige st\u00f8rrelse, da vi gerne vil undg\u00e5 s\u00e5 mange returvarer som muligt. M\u00e5let er at st\u00f8tte Ukraine s\u00e5 derfor vil vi gerne holde alle omkostninger s\u00e5 lave som muligt. Vi vedl\u00e6gger m\u00e5lskemaer ved alle varer, da de kommer fra forskellige leverand\u00f8rer, s\u00e5 derfor kan st\u00f8rrelserne variere. Vi takker for din forst\u00e5else.<\/p>\n<table id=\"size-guide\" style=\"min-width: 360px;\">\n<thead>\n<tr>\n<th style=\"padding: 10px;\"><\/th>\n<th style=\"color: #000000; font-weight: 500; text-align: left; font-size: 15px; padding: 10px;\">S<\/th>\n<th style=\"color: #000000; font-weight: 500; text-align: left; font-size: 15px; padding: 10px;\">M<\/th>\n<th style=\"color: #000000; font-weight: 500; text-align: left; font-size: 15px; padding: 10px;\">L<\/th>\n<th style=\"color: #000000; font-weight: 500; text-align: left; font-size: 15px; padding: 10px;\">XL<\/th>\n<th style=\"color: #000000; font-weight: 500; text-align: left; font-size: 15px; padding: 10px;\">2XL<\/th>\n<\/tr>\n<\/thead>\n<tbody>\n<tr>\n<td style=\"padding: 10px; color: #525252; font-size: 15px; border-top: 1px solid #ededed;\">Bredde, cm<\/td>\n<td style=\"padding: 10px; color: #525252; font-size: 15px; border-top: 1px solid #ededed;\">49.50<\/td>\n<td style=\"padding: 10px; color: #525252; font-size: 15px; border-top: 1px solid #ededed;\">52.50<\/td>\n<td style=\"padding: 10px; color: #525252; font-size: 15px; border-top: 1px solid #ededed;\">55.50<\/td>\n<td style=\"padding: 10px; color: #525252; font-size: 15px; border-top: 1px solid #ededed;\">58.50<\/td>\n<td style=\"padding: 10px; color: #525252; font-size: 15px; border-top: 1px solid #ededed;\">61.50<\/td>\n<\/tr>\n<tr>\n<td style=\"padding: 10px; color: #525252; font-size: 15px; border-top: 1px solid #ededed;\">L\u00e6nge, cm<\/td>\n<td style=\"padding: 10px; color: #525252; font-size: 15px; border-top: 1px solid #ededed;\">70.00<\/td>\n<td style=\"padding: 10px; color: #525252; font-size: 15px; border-top: 1px solid #ededed;\">72.00<\/td>\n<td style=\"padding: 10px; color: #525252; font-size: 15px; border-top: 1px solid #ededed;\">74.00<\/td>\n<td style=\"padding: 10px; color: #525252; font-size: 15px; border-top: 1px solid #ededed;\">76.00<\/td>\n<td style=\"padding: 10px; color: #525252; font-size: 15px; border-top: 1px solid #ededed;\">78.00<\/td>\n<\/tr>\n<\/tbody>\n<\/table>\n<p>Bem\u00e6rk venligst, at europ\u00e6iske trykudbydere bruger europ\u00e6iske st\u00f8rrelser i deres produkter. Kontroll\u00e9r venligst vores st\u00f8rrelsesdiagram i bunden af vores produktliste for at sikre en pr\u00e6cis pasform.<\/p>\n<h4>Leveringstid<\/h4>\n<p>Da dette er et print on demand tid kan leveringstiden variere. Typisk er leveringstiden en til to uger. Vi pr\u00f8ver at finde en leverand\u00f8r s\u00e5 geografisk t\u00e6t p\u00e5 som muligt for at minimere leveringstid og transportomkostninger.<\/p>\n<h4>Egenskaber<\/h4>\n<p><img decoding=\"async\" class=\"alignleft wp-image-6254\" src=\"https:\/\/ukraineboost.com\/dk\/wp-content\/uploads\/sites\/12\/2023\/05\/icons_v4_outlined_33_with_side_seams.svg\" alt=\"\" width=\"50\" \/><\/p>\n<p><strong>Med sides\u00f8mme<\/strong><\/p>\n<p>Beliggende langs siderne hj\u00e6lper de med at bevare bekl\u00e6dningsstykkets form i l\u00e6ngere tid og giver det strukturel st\u00f8tte.<\/p>\n<p><a href=\"https:\/\/ukraineboost.com\/dk\/wp-content\/uploads\/sites\/12\/2023\/05\/icons_v4_outlined_39_collar_seam.svg\"><img decoding=\"async\" class=\"alignleft wp-image-6282\" src=\"https:\/\/ukraineboost.com\/dk\/wp-content\/uploads\/sites\/12\/2023\/05\/icons_v4_outlined_39_collar_seam.svg\" alt=\"\" width=\"50\" \/><\/a><strong>Ribstrikket krave med en s\u00f8m<\/strong><\/p>\n<p>Den ribstrik g\u00f8r kraven meget elastisk og hj\u00e6lper med at bevare dens form.<\/p>\n<p><img decoding=\"async\" class=\"alignleft wp-image-6253\" src=\"https:\/\/ukraineboost.com\/dk\/wp-content\/uploads\/sites\/12\/2023\/05\/icons_v4_outlined_1_cotton.svg\" alt=\"\" width=\"50\" \/><\/p>\n<p><strong>100% \u00f8kologisk bomuld<\/strong><\/p>\n<p>Stoffet er varmt, fleksibelt, str\u00e6kbart og meget isolerende, hvilket g\u00f8r det til et popul\u00e6rt valg som det inderste lag t\u00e6ttest p\u00e5 kroppen. Denne bomuld dyrkes uden brug af pesticider, herbicider eller kemiske g\u00f8dninger, og den er simpelthen fantastisk.<\/p>\n<p><strong><img decoding=\"async\" class=\"alignleft wp-image-6255\" src=\"https:\/\/ukraineboost.com\/dk\/wp-content\/uploads\/sites\/12\/2023\/05\/icons_v4_outlined_37_shoulder_tape.svg\" alt=\"\" width=\"50\" \/>Nakketape af samme stof<\/strong><\/p>\n<p>Nakketapen d\u00e6kker nakkes\u00f8mmen for at stabilisere bagsiden af bekl\u00e6dningsstykket og give en mere behagelig fornemmelse samt forhindre str\u00e6kning.<\/p>\n<h4>Vedligeholdelse<\/h4>\n<p><img decoding=\"async\" class=\"alignnone size-medium wp-image-6312\" src=\"https:\/\/ukraineboost.com\/dk\/wp-content\/uploads\/sites\/12\/2023\/05\/main_59e71038b8e7e3497d1b51f3.svg\" alt=\"\" width=\"1\" height=\"1\" \/><img decoding=\"async\" class=\"alignnone size-full wp-image-6827\" src=\"https:\/\/ukraineboost.com\/dk\/wp-content\/uploads\/sites\/12\/2023\/05\/59e0f6fab8e7e3174f3196e8.svg\" alt=\"\" \/><img decoding=\"async\" class=\"alignnone size-full wp-image-6309\" src=\"https:\/\/ukraineboost.com\/dk\/wp-content\/uploads\/sites\/12\/2023\/05\/main_59e0f7fbb8e7e36e4f604bef.svg\" alt=\"\" \/><img decoding=\"async\" class=\"alignnone size-full wp-image-6310\" src=\"https:\/\/ukraineboost.com\/dk\/wp-content\/uploads\/sites\/12\/2023\/05\/main_59e0f869b8e7e30aad47369c.svg\" alt=\"\" \/><img decoding=\"async\" class=\"alignnone size-full wp-image-6925\" src=\"https:\/\/ukraineboost.com\/dk\/wp-content\/uploads\/sites\/12\/2023\/06\/5a0b13ecb8e7e308e13c3627.svg\" alt=\"\" \/><img decoding=\"async\" class=\"alignnone size-full wp-image-6312\" src=\"https:\/\/ukraineboost.com\/dk\/wp-content\/uploads\/sites\/12\/2023\/05\/main_59e71038b8e7e3497d1b51f3.svg\" alt=\"\" \/><\/p>\n<p>Maskinvask: kold (maks. 30\u00b0C eller 90\u00b0F); M\u00e5 ikke bleges; M\u00e5 ikke t\u00f8rretumbles; Stryges ved lav varme, med damp eller t\u00f8rres; M\u00e5 ikke renses kemisk.<\/p>\n","protected":false},"excerpt":{"rendered":"<p>Den \u00f8kologiske herre v-neck t-shirt, som du har ventet p\u00e5. Med en halsb\u00e5ndet krave s\u00f8m, der er d\u00e6kket af nakketape, s\u00e5 den kan modst\u00e5 gentagne vaske<span class=\"excerpt-hellip\"> [\u2026]<\/span><\/p>\n","protected":false},"featured_media":6340,"comment_status":"open","ping_status":"closed","template":"","meta":[],"product_cat":[194,165],"product_tag":[],"_links":{"self":[{"href":"https:\/\/ukraineboost.com\/dk\/wp-json\/wp\/v2\/product\/6314"}],"collection":[{"href":"https:\/\/ukraineboost.com\/dk\/wp-json\/wp\/v2\/product"}],"about":[{"href":"https:\/\/ukraineboost.com\/dk\/wp-json\/wp\/v2\/types\/product"}],"replies":[{"embeddable":true,"href":"https:\/\/ukraineboost.com\/dk\/wp-json\/wp\/v2\/comments?post=6314"}],"wp:featuredmedia":[{"embeddable":true,"href":"https:\/\/ukraineboost.com\/dk\/wp-json\/wp\/v2\/media\/6340"}],"wp:attachment":[{"href":"https:\/\/ukraineboost.com\/dk\/wp-json\/wp\/v2\/media?parent=6314"}],"wp:term":[{"taxonomy":"product_cat","embeddable":true,"href":"https:\/\/ukraineboost.com\/dk\/wp-json\/wp\/v2\/product_cat?post=6314"},{"taxonomy":"product_tag","embeddable":true,"href":"https:\/\/ukraineboost.com\/dk\/wp-json\/wp\/v2\/product_tag?post=6314"}],"curies":[{"name":"wp","href":"https:\/\/api.w.org\/{rel}","templated":true}]}}