{"id":48544,"date":"2025-12-03T19:47:45","date_gmt":"2025-12-03T19:47:45","guid":{"rendered":"https:\/\/ukraineboost.com\/dk\/product\/spiral-notebook-89\/"},"modified":"2025-12-04T16:30:29","modified_gmt":"2025-12-04T16:30:29","slug":"notesbog-ukrainsk-luksus","status":"publish","type":"product","link":"https:\/\/ukraineboost.com\/dk\/product\/notesbog-ukrainsk-luksus\/","title":{"rendered":"Notesbog \u2013 ukrainsk luksus"},"content":{"rendered":"<p data-start=\"76\" data-end=\"393\">G\u00f8r dine id\u00e9er endnu mere v\u00e6rdifulde med vores <strong data-start=\"123\" data-end=\"153\">Notesbog \u2013 ukrainsk luksus<\/strong>, hvor funktion m\u00f8der finesse, og hver side bliver en hyldest til b\u00e5de kreativitet og ukrainsk styrke. Denne notesbog er ikke blot et skrivev\u00e6rkt\u00f8j \u2013 den er et statement-piece, skabt til dig, der \u00f8nsker noget unikt, elegant og meningsfuldt.<\/p>\n<p data-start=\"395\" data-end=\"758\">Det ikoniske <strong data-start=\"408\" data-end=\"435\">Ukrainian Luxury-design<\/strong> forvandler notesbogen til et lille kunstv\u00e6rk. Den dybsorte baggrund st\u00e5r i st\u00e6rk kontrast til de gyldne symboler, der forener den ukrainske trefork med smukke sommerfugle \u2013 et udtryk for b\u00e5de modstandskraft og forvandling. Resultatet er en luksuri\u00f8s, moderne estetik, der skiller sig ud med stolthed og kulturel identitet.<\/p>\n<p data-start=\"760\" data-end=\"897\">Perfekt til kreativt arbejde, daglige noter, planl\u00e6gning eller dine st\u00f8rste dr\u00f8mme \u2013 denne notesbog bliver hurtigt en trofast f\u00f8lgesvend.<\/p>\n<h3 data-start=\"899\" data-end=\"939\">Eksklusivt design og h\u00f8j kvalitet<\/h3>\n<ul data-start=\"940\" data-end=\"1223\">\n<li data-start=\"940\" data-end=\"978\">\n<p data-start=\"942\" data-end=\"978\">Bl\u00f8dt, behageligt soft-touch cover<\/p>\n<\/li>\n<li data-start=\"979\" data-end=\"1012\">\n<p data-start=\"981\" data-end=\"1012\">Kraftigt coverpapir: 352 g\/m\u00b2<\/p>\n<\/li>\n<li data-start=\"1013\" data-end=\"1042\">\n<p data-start=\"1015\" data-end=\"1042\">Indvendige sider: 89 g\/m\u00b2<\/p>\n<\/li>\n<li data-start=\"1043\" data-end=\"1084\">\n<p data-start=\"1045\" data-end=\"1084\">140 prikkede sider til fleksibel brug<\/p>\n<\/li>\n<li data-start=\"1085\" data-end=\"1118\">\n<p data-start=\"1087\" data-end=\"1118\">Solid metal wire-o spiralring<\/p>\n<\/li>\n<li data-start=\"1119\" data-end=\"1149\">\n<p data-start=\"1121\" data-end=\"1149\">St\u00f8rrelse (US): 13 \u00d7 21 cm<\/p>\n<\/li>\n<li data-start=\"1150\" data-end=\"1182\">\n<p data-start=\"1152\" data-end=\"1182\">St\u00f8rrelse (EU): 14.5 \u00d7 21 cm<\/p>\n<\/li>\n<li data-start=\"1183\" data-end=\"1223\">\n<p data-start=\"1185\" data-end=\"1223\">Tomt basisprodukt fra USA og Sverige<\/p>\n<\/li>\n<\/ul>\n<p data-start=\"1225\" data-end=\"1335\">Den prikkede sideops\u00e6tning giver dig frihed til at skrive, tegne, skitsere eller planl\u00e6gge pr\u00e6cis p\u00e5 din m\u00e5de.<\/p>\n<h3 data-start=\"1337\" data-end=\"1372\">Fremstillet specielt til dig<\/h3>\n<p data-start=\"1373\" data-end=\"1693\">Denne notesbog bliver <strong data-start=\"1395\" data-end=\"1423\">produceret p\u00e5 bestilling<\/strong>, i samme \u00f8jeblik du foretager dit k\u00f8b. Det betyder, at leveringstiden kan v\u00e6re en smule l\u00e6ngere \u2013 men det betyder ogs\u00e5 mindre spild, f\u00e6rre un\u00f8dige lagervarer og et mere b\u00e6redygtigt valg. <strong data-start=\"1611\" data-end=\"1659\">Tak fordi du tr\u00e6ffer en omt\u00e6nksom beslutning<\/strong>, b\u00e5de for milj\u00f8et og for Ukraine.<\/p>\n<p data-start=\"1373\" data-end=\"1693\"><figure class=\"wp-block-embed wp-block-embed-youtube is-type-video is-provider-youtube epyt-figure\"><div class=\"wp-block-embed__wrapper\"><div class=\"epyt-video-wrapper\"><div  id=\"_ytid_75863\"  width=\"800\" height=\"450\"  data-origwidth=\"800\" data-origheight=\"450\" data-facadesrc=\"https:\/\/www.youtube.com\/embed\/N_DEGIB16UI?enablejsapi=1&autoplay=0&cc_load_policy=0&cc_lang_pref=&iv_load_policy=1&loop=0&rel=0&fs=1&playsinline=0&autohide=2&theme=dark&color=red&controls=1&disablekb=0&\" class=\"__youtube_prefs__ epyt-facade no-lazyload\" data-epautoplay=\"1\" ><img decoding=\"async\" data-spai-excluded=\"true\" class=\"epyt-facade-poster skip-lazy\" loading=\"lazy\"  alt=\"YouTube player\"  src=\"https:\/\/i.ytimg.com\/vi\/N_DEGIB16UI\/maxresdefault.jpg\"  \/><button class=\"epyt-facade-play\" aria-label=\"Play\"><svg data-no-lazy=\"1\" height=\"100%\" version=\"1.1\" viewBox=\"0 0 68 48\" width=\"100%\"><path class=\"ytp-large-play-button-bg\" d=\"M66.52,7.74c-0.78-2.93-2.49-5.41-5.42-6.19C55.79,.13,34,0,34,0S12.21,.13,6.9,1.55 C3.97,2.33,2.27,4.81,1.48,7.74C0.06,13.05,0,24,0,24s0.06,10.95,1.48,16.26c0.78,2.93,2.49,5.41,5.42,6.19 C12.21,47.87,34,48,34,48s21.79-0.13,27.1-1.55c2.93-0.78,4.64-3.26,5.42-6.19C67.94,34.95,68,24,68,24S67.94,13.05,66.52,7.74z\" fill=\"#f00\"><\/path><path d=\"M 45,24 27,14 27,34\" fill=\"#fff\"><\/path><\/svg><\/button><\/div><\/div><\/div><\/figure><\/p>\n<h3 data-start=\"1695\" data-end=\"1736\">St\u00f8t Ukraine med stil og betydning<\/h3>\n<p data-start=\"1737\" data-end=\"1977\">Ved at k\u00f8be denne notesbog st\u00f8tter du <strong data-start=\"1775\" data-end=\"1791\">UkraineBoost<\/strong> og vores mission om at hj\u00e6lpe Ukraine i kampen for fred, sikkerhed og frihed. Designet b\u00e6rer historien om et land, der n\u00e6gter at give op \u2013 og nu kan du b\u00e6re den med dig hver eneste dag.<\/p>\n<p data-start=\"1979\" data-end=\"2110\">Kender du nogen, der ogs\u00e5 vil elske luksusdesignet og det st\u00e6rke budskab? <strong data-start=\"2053\" data-end=\"2076\">Del gerne produktet<\/strong>, s\u00e5 endnu flere kan st\u00f8tte sagen.<\/p>\n<h4 data-start=\"2112\" data-end=\"2241\">K\u00f8b din Notesbog \u2013 ukrainsk luksus i dag, og v\u00e6r med til at st\u00f8tte Ukraines folk i deres kamp for en fri og tryg fremtid.<\/h4>\n","protected":false},"excerpt":{"rendered":"<p>G\u00f8r dine id\u00e9er endnu mere v\u00e6rdifulde med vores Notesbog \u2013 ukrainsk luksus, hvor funktion m\u00f8der finesse, og hver side bliver en hyldest til b\u00e5de kreativitet og<span class=\"excerpt-hellip\"> [\u2026]<\/span><\/p>\n","protected":false},"featured_media":48545,"comment_status":"open","ping_status":"closed","template":"","meta":[],"product_cat":[143],"product_tag":[],"_links":{"self":[{"href":"https:\/\/ukraineboost.com\/dk\/wp-json\/wp\/v2\/product\/48544"}],"collection":[{"href":"https:\/\/ukraineboost.com\/dk\/wp-json\/wp\/v2\/product"}],"about":[{"href":"https:\/\/ukraineboost.com\/dk\/wp-json\/wp\/v2\/types\/product"}],"replies":[{"embeddable":true,"href":"https:\/\/ukraineboost.com\/dk\/wp-json\/wp\/v2\/comments?post=48544"}],"wp:featuredmedia":[{"embeddable":true,"href":"https:\/\/ukraineboost.com\/dk\/wp-json\/wp\/v2\/media\/48545"}],"wp:attachment":[{"href":"https:\/\/ukraineboost.com\/dk\/wp-json\/wp\/v2\/media?parent=48544"}],"wp:term":[{"taxonomy":"product_cat","embeddable":true,"href":"https:\/\/ukraineboost.com\/dk\/wp-json\/wp\/v2\/product_cat?post=48544"},{"taxonomy":"product_tag","embeddable":true,"href":"https:\/\/ukraineboost.com\/dk\/wp-json\/wp\/v2\/product_tag?post=48544"}],"curies":[{"name":"wp","href":"https:\/\/api.w.org\/{rel}","templated":true}]}}