{"id":48520,"date":"2025-11-28T22:21:29","date_gmt":"2025-11-28T22:21:29","guid":{"rendered":"https:\/\/ukraineboost.com\/dk\/product\/unisex-bomber-jacket-18\/"},"modified":"2025-11-30T17:53:17","modified_gmt":"2025-11-30T17:53:17","slug":"unisex-bomber-jacket-18","status":"publish","type":"product","link":"https:\/\/ukraineboost.com\/dk\/product\/unisex-bomber-jacket-18\/","title":{"rendered":"Unisex Bomber Jacket"},"content":{"rendered":"<p data-start=\"278\" data-end=\"568\">L\u00f8ft din stil og st\u00f8t samtidig et vigtigt form\u00e5l med vores <strong data-start=\"337\" data-end=\"373\">Bomber Jacket \u2013 ukrainisk luksus<\/strong>. Denne eksklusive jakke kombinerer moderne streetwear med dyb symbolik og solidt h\u00e5ndv\u00e6rk, skabt til alle, der \u00f8nsker at vise b\u00e5de stil og st\u00f8tte til Ukraines kamp for frihed, fred og sikkerhed.<\/p>\n<p data-start=\"570\" data-end=\"883\">Designet er prydet med vores unikke <strong data-start=\"606\" data-end=\"626\">Ukrainian Luxury<\/strong>-m\u00f8nster: en sort luksusbaggrund dekoreret med gentagne gyldne tridenter og sommerfugle. Sammen symboliserer de styrke, h\u00e5b og transformation \u2013 og g\u00f8r jakken til et markant statement-piece, der b\u00e5de hylder ukrainsk kultur og udstr\u00e5ler sofistikeret elegance.<\/p>\n<p data-start=\"885\" data-end=\"1104\">Med sin b\u00f8rstede fleece p\u00e5 indersiden, afslappede unisex-pasform og robuste detaljer er denne bomberjakke skabt til maksimal komfort og lang holdbarhed. Perfekt over en enkel T-shirt eller som lag-p\u00e5-lag over en hoodie.<\/p>\n<h4 data-start=\"1106\" data-end=\"1129\"><figure class=\"wp-block-embed wp-block-embed-youtube is-type-video is-provider-youtube epyt-figure\"><div class=\"wp-block-embed__wrapper\"><div class=\"epyt-video-wrapper\"><div  id=\"_ytid_38704\"  width=\"800\" height=\"450\"  data-origwidth=\"800\" data-origheight=\"450\" data-facadesrc=\"https:\/\/www.youtube.com\/embed\/_86gBt0d6O0?enablejsapi=1&autoplay=0&cc_load_policy=0&cc_lang_pref=&iv_load_policy=1&loop=0&rel=0&fs=1&playsinline=0&autohide=2&theme=dark&color=red&controls=1&disablekb=0&\" class=\"__youtube_prefs__ epyt-facade no-lazyload\" data-epautoplay=\"1\" ><img decoding=\"async\" data-spai-excluded=\"true\" class=\"epyt-facade-poster skip-lazy\" loading=\"lazy\"  alt=\"YouTube player\"  src=\"https:\/\/i.ytimg.com\/vi\/_86gBt0d6O0\/maxresdefault.jpg\"  \/><button class=\"epyt-facade-play\" aria-label=\"Play\"><svg data-no-lazy=\"1\" height=\"100%\" version=\"1.1\" viewBox=\"0 0 68 48\" width=\"100%\"><path class=\"ytp-large-play-button-bg\" d=\"M66.52,7.74c-0.78-2.93-2.49-5.41-5.42-6.19C55.79,.13,34,0,34,0S12.21,.13,6.9,1.55 C3.97,2.33,2.27,4.81,1.48,7.74C0.06,13.05,0,24,0,24s0.06,10.95,1.48,16.26c0.78,2.93,2.49,5.41,5.42,6.19 C12.21,47.87,34,48,34,48s21.79-0.13,27.1-1.55c2.93-0.78,4.64-3.26,5.42-6.19C67.94,34.95,68,24,68,24S67.94,13.05,66.52,7.74z\" fill=\"#f00\"><\/path><path d=\"M 45,24 27,14 27,34\" fill=\"#fff\"><\/path><\/svg><\/button><\/div><\/div><\/div><\/figure><\/h4>\n<h4 data-start=\"1106\" data-end=\"1129\">Produktdetaljer<\/h4>\n<ul data-start=\"1130\" data-end=\"1398\">\n<li data-start=\"1130\" data-end=\"1149\">\n<p data-start=\"1132\" data-end=\"1149\">100 % polyester<\/p>\n<\/li>\n<li data-start=\"1150\" data-end=\"1194\">\n<p data-start=\"1152\" data-end=\"1194\">Stofv\u00e6gt: 220 g\/m\u00b2 (kan variere med 5 %)<\/p>\n<\/li>\n<li data-start=\"1195\" data-end=\"1230\">\n<p data-start=\"1197\" data-end=\"1230\">Bl\u00f8d, b\u00f8rstet fleece indvendigt<\/p>\n<\/li>\n<li data-start=\"1231\" data-end=\"1245\">\n<p data-start=\"1233\" data-end=\"1245\">Unisex fit<\/p>\n<\/li>\n<li data-start=\"1246\" data-end=\"1282\">\n<p data-start=\"1248\" data-end=\"1282\">Overlock-s\u00f8mme for ekstra styrke<\/p>\n<\/li>\n<li data-start=\"1283\" data-end=\"1302\">\n<p data-start=\"1285\" data-end=\"1302\">Solid nakkeb\u00e5nd<\/p>\n<\/li>\n<li data-start=\"1303\" data-end=\"1328\">\n<p data-start=\"1305\" data-end=\"1328\">S\u00f8lvfarvet YKK-lynl\u00e5s<\/p>\n<\/li>\n<li data-start=\"1329\" data-end=\"1358\">\n<p data-start=\"1331\" data-end=\"1358\">2 sidelommer i samme stof<\/p>\n<\/li>\n<li data-start=\"1359\" data-end=\"1398\">\n<p data-start=\"1361\" data-end=\"1398\">Komponenter leveret fra USA og Kina<\/p>\n<\/li>\n<\/ul>\n<p data-start=\"1400\" data-end=\"1514\"><em data-start=\"1400\" data-end=\"1409\">Bem\u00e6rk:<\/em> I omr\u00e5der med dobbelt stoflag (fx lommer) kan indvendige detaljer svagt skinne igennem ved lyse designs.<\/p>\n<h4 data-start=\"1521\" data-end=\"1574\">Ansvarlig produktion \u2013 skabt specielt til dig<\/h4>\n<p data-start=\"1575\" data-end=\"1836\">Denne jakke produceres <strong data-start=\"1598\" data-end=\"1619\">kun p\u00e5 bestilling<\/strong>, s\u00e5 snart du gennemf\u00f8rer dit k\u00f8b. Det betyder, at leveringstiden er en smule l\u00e6ngere \u2013 men det betyder ogs\u00e5, at vi undg\u00e5r massproduktion og overproduktion. Tak fordi du v\u00e6lger en mere b\u00e6redygtig og ansvarlig l\u00f8sning.<\/p>\n<h4 data-start=\"1843\" data-end=\"1889\">St\u00f8t Ukraine \u2013 og b\u00e6r det med stolthed<\/h4>\n<p data-start=\"1890\" data-end=\"2105\">N\u00e5r du v\u00e6lger denne bomberjakke, st\u00f8tter du UkraineBoosts mission om at hj\u00e6lpe Ukraine og dets befolkning i kampen for en fri og sikker fremtid. Du f\u00e5r ikke kun et stykke t\u00f8j \u2013 du b\u00e6rer en sag, et h\u00e5b og et budskab.<\/p>\n<h4 data-start=\"2112\" data-end=\"2133\">Del budskabet<\/h4>\n<p data-start=\"2134\" data-end=\"2306\">Synes du, andre vil elske dette design?<br data-start=\"2173\" data-end=\"2176\" \/>Del gerne jakken p\u00e5 sociale medier eller send linket videre \u2013 hver eneste anbefaling hj\u00e6lper med at sprede opm\u00e6rksomhed og st\u00f8tte.<\/p>\n<h4 data-start=\"2313\" data-end=\"2347\">K\u00f8b nu \u2013 og g\u00f8r en forskel<\/h4>\n<p data-start=\"2348\" data-end=\"2525\">G\u00f8r din garderobe st\u00e6rkere, smukkere og mere meningsfuld.<br data-start=\"2405\" data-end=\"2408\" \/><strong data-start=\"2408\" data-end=\"2525\">K\u00f8b Bomber Jacket \u2013 ukrainisk luksus i dag, og v\u00e6r med til at st\u00f8tte Ukraines kamp for frihed og en tryg fremtid.<\/strong><\/p>\n<h4>M\u00e5leskema<\/h4>\n<p>Vi opfordrer dig til v\u00e6re omhyggelig med at v\u00e6lge den rigtige st\u00f8rrelse, da vi gerne vil undg\u00e5 s\u00e5 mange returvarer som muligt. M\u00e5let er at st\u00f8tte Ukraine s\u00e5 derfor vil vi gerne holde alle omkostninger s\u00e5 lave som muligt. Vi vedl\u00e6gger m\u00e5lskemaer ved alle varer, da de kommer fra forskellige leverand\u00f8rer, s\u00e5 derfor kan st\u00f8rrelserne variere. Vi takker for din forst\u00e5else.<\/p>\n<div class=\"flex flex-grow flex-col gap-3\">\n<div class=\"min-h-[20px] flex flex-col items-start gap-3 overflow-x-auto whitespace-pre-wrap break-words\">\n<div class=\"markdown prose w-full break-words dark:prose-invert light\">\n<p>Produktm\u00e5linger <img decoding=\"async\" class=\"size-medium wp-image-12834 alignleft\" src=\"https:\/\/ukraineboost.com\/dk\/wp-content\/uploads\/sites\/12\/2023\/08\/f7aa2b61434f003aa980f06d48534c5e_l-300x300.png\" sizes=\"(max-width:767px) 300px, 300px\" srcset=\"https:\/\/ukraineboost.com\/dk\/wp-content\/uploads\/sites\/12\/2023\/08\/f7aa2b61434f003aa980f06d48534c5e_l-300x300.png 300w, https:\/\/ukraineboost.com\/dk\/wp-content\/uploads\/sites\/12\/2023\/08\/f7aa2b61434f003aa980f06d48534c5e_l-150x150.png 150w, https:\/\/ukraineboost.com\/dk\/wp-content\/uploads\/sites\/12\/2023\/08\/f7aa2b61434f003aa980f06d48534c5e_l-75x75.png 75w, https:\/\/ukraineboost.com\/dk\/wp-content\/uploads\/sites\/12\/2023\/08\/f7aa2b61434f003aa980f06d48534c5e_l-24x24.png 24w, https:\/\/ukraineboost.com\/dk\/wp-content\/uploads\/sites\/12\/2023\/08\/f7aa2b61434f003aa980f06d48534c5e_l-36x36.png 36w, https:\/\/ukraineboost.com\/dk\/wp-content\/uploads\/sites\/12\/2023\/08\/f7aa2b61434f003aa980f06d48534c5e_l-48x48.png 48w, https:\/\/ukraineboost.com\/dk\/wp-content\/uploads\/sites\/12\/2023\/08\/f7aa2b61434f003aa980f06d48534c5e_l-50x50.png 50w, https:\/\/ukraineboost.com\/dk\/wp-content\/uploads\/sites\/12\/2023\/08\/f7aa2b61434f003aa980f06d48534c5e_l-100x100.png 100w, https:\/\/ukraineboost.com\/dk\/wp-content\/uploads\/sites\/12\/2023\/08\/f7aa2b61434f003aa980f06d48534c5e_l.png 344w\" alt=\"\" width=\"300\" height=\"300\" \/>Denne st\u00f8rrelsesguide viser produktm\u00e5linger taget, n\u00e5r produkterne er lagt fladt. Faktiske produktm\u00e5linger kan variere med op til 1\u2033, da de er h\u00e5ndlavet efter m\u00e5l. produkt-m\u00e5linger A 1\/2 brystbredde B l\u00e6ngde C \u00e6rmel\u00e6ngde<\/p>\n<table class=\"size-guide__table size-guide__new\">\n<thead>\n<tr>\n<td class=\"pf-p-12 pf-text-gray-900\">St\u00f8rrelse<\/td>\n<td class=\"pf-p-12 pf-text-gray-900\">A<\/td>\n<td class=\"pf-p-12 pf-text-gray-900\">B<\/td>\n<td class=\"pf-p-12 pf-text-gray-900\">C<\/td>\n<\/tr>\n<\/thead>\n<tbody>\n<tr>\n<td class=\"pf-p-12 pf-text-gray-900\">XS<\/td>\n<td class=\"pf-p-12 pf-text-gray-900\">50<\/td>\n<td class=\"pf-p-12 pf-text-gray-900\">65<\/td>\n<td class=\"pf-p-12 pf-text-gray-900\">55.5<\/td>\n<\/tr>\n<tr>\n<td class=\"pf-p-12 pf-text-gray-900\">S<\/td>\n<td class=\"pf-p-12 pf-text-gray-900\">52<\/td>\n<td class=\"pf-p-12 pf-text-gray-900\">69<\/td>\n<td class=\"pf-p-12 pf-text-gray-900\">57<\/td>\n<\/tr>\n<tr>\n<td class=\"pf-p-12 pf-text-gray-900\">M<\/td>\n<td class=\"pf-p-12 pf-text-gray-900\">54<\/td>\n<td class=\"pf-p-12 pf-text-gray-900\">69<\/td>\n<td class=\"pf-p-12 pf-text-gray-900\">58.5<\/td>\n<\/tr>\n<tr>\n<td class=\"pf-p-12 pf-text-gray-900\">L<\/td>\n<td class=\"pf-p-12 pf-text-gray-900\">58<\/td>\n<td class=\"pf-p-12 pf-text-gray-900\">72<\/td>\n<td class=\"pf-p-12 pf-text-gray-900\">60.5<\/td>\n<\/tr>\n<tr>\n<td class=\"pf-p-12 pf-text-gray-900\">XL<\/td>\n<td class=\"pf-p-12 pf-text-gray-900\">62<\/td>\n<td class=\"pf-p-12 pf-text-gray-900\">72<\/td>\n<td class=\"pf-p-12 pf-text-gray-900\">61<\/td>\n<\/tr>\n<tr>\n<td class=\"pf-p-12 pf-text-gray-900\">2XL<\/td>\n<td class=\"pf-p-12 pf-text-gray-900\">66<\/td>\n<td class=\"pf-p-12 pf-text-gray-900\">75<\/td>\n<td class=\"pf-p-12 pf-text-gray-900\">61.5<\/td>\n<\/tr>\n<tr>\n<td class=\"pf-p-12 pf-text-gray-900\">3XL<\/td>\n<td class=\"pf-p-12 pf-text-gray-900\">70<\/td>\n<td class=\"pf-p-12 pf-text-gray-900\">75<\/td>\n<td class=\"pf-p-12 pf-text-gray-900\">62<\/td>\n<\/tr>\n<\/tbody>\n<\/table>\n<div class=\"flex flex-grow flex-col gap-3\">\n<div class=\"min-h-[20px] flex flex-col items-start gap-3 overflow-x-auto whitespace-pre-wrap break-words\">\n<div class=\"markdown prose w-full break-words dark:prose-invert light\">\n<p>M\u00e5leguide til kropsdimensioner Denne st\u00f8rrelsesguide viser m\u00e5ltagninger af kropsdimensioner. Vi foresl\u00e5r at bestille en st\u00f8rrelse op, n\u00e5r dine m\u00e5l ligger mellem st\u00f8rrelserne. m\u00e5l-dig-selv For alle horisontale m\u00e5linger, hold venligst m\u00e5leb\u00e5ndet parallelt med jorden. <img decoding=\"async\" class=\"size-medium wp-image-12833 alignleft\" src=\"https:\/\/ukraineboost.com\/dk\/wp-content\/uploads\/sites\/12\/2023\/08\/jacket-163x300.png\" sizes=\"(max-width:767px) 163px, 163px\" srcset=\"https:\/\/ukraineboost.com\/dk\/wp-content\/uploads\/sites\/12\/2023\/08\/jacket-163x300.png 163w, https:\/\/ukraineboost.com\/dk\/wp-content\/uploads\/sites\/12\/2023\/08\/jacket-41x75.png 41w, https:\/\/ukraineboost.com\/dk\/wp-content\/uploads\/sites\/12\/2023\/08\/jacket-13x24.png 13w, https:\/\/ukraineboost.com\/dk\/wp-content\/uploads\/sites\/12\/2023\/08\/jacket-20x36.png 20w, https:\/\/ukraineboost.com\/dk\/wp-content\/uploads\/sites\/12\/2023\/08\/jacket-26x48.png 26w, https:\/\/ukraineboost.com\/dk\/wp-content\/uploads\/sites\/12\/2023\/08\/jacket.png 188w\" alt=\"\" width=\"163\" height=\"300\" \/>A Bryst Placer den ene ende af m\u00e5leb\u00e5ndet p\u00e5 den bredeste del af brystet og f\u00f8r m\u00e5leb\u00e5ndet om bagp\u00e5 (under armhulerne, over skulderbladene) tilbage til, hvor du startede. B Talje Placer m\u00e5leb\u00e5ndet p\u00e5 den smalleste del af taljen og m\u00e5l omkring. C Hofter Placer begyndelsen af m\u00e5leb\u00e5ndet p\u00e5 den ene hofte og f\u00f8r m\u00e5leb\u00e5ndet henover de bredeste hofter tilbage til, hvor du startede m\u00e5lingen.<\/p>\n<table class=\"size-guide__table size-guide__new\">\n<thead>\n<tr>\n<td>St\u00f8rrelse<\/td>\n<td>Bryst<\/td>\n<td>Talje<\/td>\n<td>Hofte<\/td>\n<\/tr>\n<\/thead>\n<tbody>\n<tr>\n<td>XS<\/td>\n<td>88<\/td>\n<td>68<\/td>\n<td>94<\/td>\n<\/tr>\n<tr>\n<td>S<\/td>\n<td>92<\/td>\n<td>72<\/td>\n<td>98<\/td>\n<\/tr>\n<tr>\n<td>M<\/td>\n<td>96<\/td>\n<td>76<\/td>\n<td>102<\/td>\n<\/tr>\n<tr>\n<td>L<\/td>\n<td>104<\/td>\n<td>84<\/td>\n<td>110<\/td>\n<\/tr>\n<tr>\n<td>XL<\/td>\n<td>112<\/td>\n<td>92<\/td>\n<td>118<\/td>\n<\/tr>\n<tr>\n<td>2XL<\/td>\n<td>120<\/td>\n<td>100<\/td>\n<td>126<\/td>\n<\/tr>\n<tr>\n<td>3XL<\/td>\n<td>128<\/td>\n<td>108<\/td>\n<td>134<\/td>\n<\/tr>\n<\/tbody>\n<\/table>\n<p>Pro-tip! M\u00e5l et af dine produkter derhjemme og sammenlign med m\u00e5lene, du ser i denne vejledning.<\/p>\n<\/div>\n<\/div>\n<\/div>\n<\/div>\n<\/div>\n<\/div>\n","protected":false},"excerpt":{"rendered":"<p>L\u00f8ft din stil og st\u00f8t samtidig et vigtigt form\u00e5l med vores Bomber Jacket \u2013 ukrainisk luksus. Denne eksklusive jakke kombinerer moderne streetwear med dyb symbolik og<span class=\"excerpt-hellip\"> [\u2026]<\/span><\/p>\n","protected":false},"featured_media":48528,"comment_status":"open","ping_status":"closed","template":"","meta":[],"product_cat":[291,292],"product_tag":[],"_links":{"self":[{"href":"https:\/\/ukraineboost.com\/dk\/wp-json\/wp\/v2\/product\/48520"}],"collection":[{"href":"https:\/\/ukraineboost.com\/dk\/wp-json\/wp\/v2\/product"}],"about":[{"href":"https:\/\/ukraineboost.com\/dk\/wp-json\/wp\/v2\/types\/product"}],"replies":[{"embeddable":true,"href":"https:\/\/ukraineboost.com\/dk\/wp-json\/wp\/v2\/comments?post=48520"}],"wp:featuredmedia":[{"embeddable":true,"href":"https:\/\/ukraineboost.com\/dk\/wp-json\/wp\/v2\/media\/48528"}],"wp:attachment":[{"href":"https:\/\/ukraineboost.com\/dk\/wp-json\/wp\/v2\/media?parent=48520"}],"wp:term":[{"taxonomy":"product_cat","embeddable":true,"href":"https:\/\/ukraineboost.com\/dk\/wp-json\/wp\/v2\/product_cat?post=48520"},{"taxonomy":"product_tag","embeddable":true,"href":"https:\/\/ukraineboost.com\/dk\/wp-json\/wp\/v2\/product_tag?post=48520"}],"curies":[{"name":"wp","href":"https:\/\/api.w.org\/{rel}","templated":true}]}}