{"id":48254,"date":"2025-01-28T20:19:45","date_gmt":"2025-01-28T20:19:45","guid":{"rendered":"https:\/\/ukraineboost.com\/dk\/product\/all-over-print-youth-swimsuit-7\/"},"modified":"2025-02-26T13:01:24","modified_gmt":"2025-02-26T13:01:24","slug":"all-over-print-youth-swimsuit-7","status":"publish","type":"product","link":"https:\/\/ukraineboost.com\/dk\/product\/all-over-print-youth-swimsuit-7\/","title":{"rendered":"Ungdomsbadedragt &#8211; Dristig Pink Camo"},"content":{"rendered":"<p data-start=\"48\" data-end=\"96\"><strong data-start=\"51\" data-end=\"91\">Bliv sommerklar med stil og komfort!<\/strong><\/p>\n<p data-start=\"98\" data-end=\"495\">Giv de unge eventyrere en <strong data-start=\"124\" data-end=\"159\">unik og i\u00f8jnefaldende badedragt<\/strong>, der kombinerer <strong data-start=\"176\" data-end=\"225\">funktionalitet, komfort og et dristigt design<\/strong>. <strong data-start=\"227\" data-end=\"248\">Dristig Pink Camo<\/strong> er ikke bare et m\u00f8nster \u2013 det er en <strong data-start=\"285\" data-end=\"298\">statement<\/strong>. Det moderne camouflageprint i nuancer af <strong data-start=\"341\" data-end=\"404\">dyb bordeaux, intens magenta, bl\u00f8d blush og levende fuchsia<\/strong> giver et selvsikkert og energisk look, perfekt til de unge, der elsker at skille sig ud!<\/p>\n<h3 data-start=\"497\" data-end=\"541\"><strong data-start=\"501\" data-end=\"539\">Ultimativ komfort og fleksibilitet<\/strong><\/h3>\n<p data-start=\"542\" data-end=\"771\">Denne badedragt er skabt til <strong data-start=\"571\" data-end=\"593\">aktiv leg i vandet<\/strong> \u2013 hvad enten det er sv\u00f8mmetr\u00e6ning, stranddage eller poolhygge. <strong data-start=\"657\" data-end=\"677\">Firevejsstr\u00e6kket<\/strong> sikrer fuld bev\u00e6gelsesfrihed, mens den <strong data-start=\"717\" data-end=\"736\">dobbelte foring<\/strong> giver ekstra komfort og tryghed.<\/p>\n<h3 data-start=\"773\" data-end=\"794\"><strong data-start=\"777\" data-end=\"792\">Egenskaber:<\/strong><\/h3>\n<p data-start=\"795\" data-end=\"1260\">\u2714 <strong data-start=\"797\" data-end=\"827\">82% polyester, 18% spandex<\/strong> \u2013 bl\u00f8d, elastisk og hurtigtt\u00f8rrende kvalitet<br data-start=\"872\" data-end=\"875\" \/>\u2714 <strong data-start=\"877\" data-end=\"895\">Stoffets v\u00e6gt:<\/strong> 6.78 oz\/yd\u00b2 (230g\/m\u00b2), v\u00e6gt kan variere med 5%<br data-start=\"942\" data-end=\"945\" \/>\u2714 <strong data-start=\"947\" data-end=\"960\">UPF 38-40<\/strong> \u2013 effektiv solbeskyttelse<br data-start=\"986\" data-end=\"989\" \/>\u2714 <strong data-start=\"991\" data-end=\"1013\">Dobbeltlaget front<\/strong> for ekstra komfort og st\u00f8tte<br data-start=\"1042\" data-end=\"1045\" data-is-only-node=\"\" \/>\u2714 <strong data-start=\"1047\" data-end=\"1064\">Firevejsstr\u00e6k<\/strong> \u2013 fleksibelt stof, der tilpasser sig kroppen<br data-start=\"1109\" data-end=\"1112\" \/>\u2714 <strong data-start=\"1114\" data-end=\"1150\">Bl\u00f8d og behagelig mikrofibertr\u00e5d<\/strong><br data-start=\"1150\" data-end=\"1153\" \/>\u2714 <strong data-start=\"1155\" data-end=\"1189\">Kontrastkant i sort eller hvid<\/strong> for et stilrent look<br data-start=\"1210\" data-end=\"1213\" \/>\u2714 <strong data-start=\"1215\" data-end=\"1238\">Overlock-stikninger<\/strong> for \u00f8get holdbarhed<\/p>\n<p data-start=\"1262\" data-end=\"1403\"><strong data-start=\"1265\" data-end=\"1276\">Bem\u00e6rk:<\/strong> Undg\u00e5 kontakt med ru overflader og velcro, da dette kan tr\u00e6kke de hvide fibre i stoffet ud og p\u00e5virke badedragtens udseende.<\/p>\n<p data-start=\"1405\" data-end=\"1627\">\ud83d\udc99\ud83d\udc9b <strong data-start=\"1410\" data-end=\"1436\">St\u00f8t Ukraine \u2013 K\u00f8b nu!<\/strong> \ud83d\udc99\ud83d\udc9b<br data-start=\"1441\" data-end=\"1444\" \/>N\u00e5r du k\u00f8ber denne badedragt, st\u00f8tter du <strong data-start=\"1485\" data-end=\"1532\">Ukraines kamp for frihed, fred og sikkerhed<\/strong>. Alle produkter laves <strong data-start=\"1555\" data-end=\"1568\">on demand<\/strong>, hvilket <strong data-start=\"1578\" data-end=\"1624\">reducerer overproduktion og sk\u00e5ner milj\u00f8et<\/strong>.<\/p>\n<p data-start=\"1629\" data-end=\"1694\" data-is-last-node=\"\" data-is-only-node=\"\"><strong data-start=\"1632\" data-end=\"1691\">Elsker du designet? Del det med dine venner og familie!<\/strong> <\/p>\n<h4>M\u00e5lskema<\/h4>\n<p>Vi opfordrer dig til v\u00e6re omhyggelig med at v\u00e6lge den rigtige st\u00f8rrelse, da vi gerne vil undg\u00e5 s\u00e5 mange returvarer som muligt. M\u00e5let er at st\u00f8tte Ukraine s\u00e5 derfor vil vi gerne holde alle omkostninger s\u00e5 lave som muligt. Vi vedl\u00e6gger m\u00e5lskemaer ved alle varer, da de kommer fra forskellige leverand\u00f8rer, s\u00e5 derfor kan st\u00f8rrelserne variere. Vi takker for din forst\u00e5else.<\/p>\n<h3>Produktm\u00e5l<\/h3>\n<p><img decoding=\"async\" class=\"size-medium wp-image-38972 alignleft\" src=\"https:\/\/ukraineboost.com\/dk\/wp-content\/uploads\/sites\/12\/2024\/06\/00097-All-Over-Print-Kids-Swimsuit-cc95c40135451fdddb35ec60fed96899_l-300x300.png\" alt=\"\" width=\"300\" height=\"300\" srcset=\"https:\/\/ukraineboost.com\/dk\/wp-content\/uploads\/sites\/12\/2024\/06\/00097-All-Over-Print-Kids-Swimsuit-cc95c40135451fdddb35ec60fed96899_l-300x300.png 300w, https:\/\/ukraineboost.com\/dk\/wp-content\/uploads\/sites\/12\/2024\/06\/00097-All-Over-Print-Kids-Swimsuit-cc95c40135451fdddb35ec60fed96899_l-150x150.png 150w, https:\/\/ukraineboost.com\/dk\/wp-content\/uploads\/sites\/12\/2024\/06\/00097-All-Over-Print-Kids-Swimsuit-cc95c40135451fdddb35ec60fed96899_l-75x75.png 75w, https:\/\/ukraineboost.com\/dk\/wp-content\/uploads\/sites\/12\/2024\/06\/00097-All-Over-Print-Kids-Swimsuit-cc95c40135451fdddb35ec60fed96899_l-24x24.png 24w, https:\/\/ukraineboost.com\/dk\/wp-content\/uploads\/sites\/12\/2024\/06\/00097-All-Over-Print-Kids-Swimsuit-cc95c40135451fdddb35ec60fed96899_l-36x36.png 36w, https:\/\/ukraineboost.com\/dk\/wp-content\/uploads\/sites\/12\/2024\/06\/00097-All-Over-Print-Kids-Swimsuit-cc95c40135451fdddb35ec60fed96899_l-48x48.png 48w, https:\/\/ukraineboost.com\/dk\/wp-content\/uploads\/sites\/12\/2024\/06\/00097-All-Over-Print-Kids-Swimsuit-cc95c40135451fdddb35ec60fed96899_l-50x50.png 50w, https:\/\/ukraineboost.com\/dk\/wp-content\/uploads\/sites\/12\/2024\/06\/00097-All-Over-Print-Kids-Swimsuit-cc95c40135451fdddb35ec60fed96899_l-100x100.png 100w, https:\/\/ukraineboost.com\/dk\/wp-content\/uploads\/sites\/12\/2024\/06\/00097-All-Over-Print-Kids-Swimsuit-cc95c40135451fdddb35ec60fed96899_l.png 343w\" sizes=\"(max-width:767px) 300px, 300px\" \/>Denne st\u00f8rrelsesguide viser produktm\u00e5l taget, n\u00e5r produkterne er lagt fladt. Faktiske produktm\u00e5l kan variere med op til 2,5 cm, da de er h\u00e5ndlavede og skr\u00e6ddersyede.<\/p>\n<h4>Produktm\u00e5l<\/h4>\n<p>A 1\/2 brystvidde<\/p>\n<p>B 1\/2 hoftevidde<\/p>\n<p>C l\u00e6ngde<\/p>\n<table class=\"size-guide__table size-guide__new\">\n<thead>\n<tr>\n<td>St\u00f8rrelse<\/td>\n<td>A<\/td>\n<td>B<\/td>\n<td>C<\/td>\n<\/tr>\n<\/thead>\n<tbody>\n<tr>\n<td>2T<\/td>\n<td>21<\/td>\n<td>21.5<\/td>\n<td>39.5<\/td>\n<\/tr>\n<tr>\n<td>3T<\/td>\n<td>22<\/td>\n<td>23<\/td>\n<td>41.5<\/td>\n<\/tr>\n<tr>\n<td>4T<\/td>\n<td>23<\/td>\n<td>24.5<\/td>\n<td>43.5<\/td>\n<\/tr>\n<tr>\n<td>5T<\/td>\n<td>24<\/td>\n<td>25.5<\/td>\n<td>45.5<\/td>\n<\/tr>\n<tr>\n<td>6<\/td>\n<td>25<\/td>\n<td>26.5<\/td>\n<td>47.5<\/td>\n<\/tr>\n<tr>\n<td>6X<\/td>\n<td>26.5<\/td>\n<td>27.5<\/td>\n<td>49.5<\/td>\n<\/tr>\n<tr>\n<td>7<\/td>\n<td>28<\/td>\n<td>29<\/td>\n<td>51.5<\/td>\n<\/tr>\n<\/tbody>\n<\/table>\n<h3>Guide til kropsm\u00e5l<\/h3>\n<p>Denne st\u00f8rrelsesguide viser kropsm\u00e5l. Vi foresl\u00e5r at bestille en st\u00f8rrelse st\u00f8rre, n\u00e5r dine m\u00e5l er mellem to st\u00f8rrelser. m\u00e5l-dig-selv<\/p>\n<p><img decoding=\"async\" class=\"size-medium wp-image-38973 alignleft\" src=\"https:\/\/ukraineboost.com\/dk\/wp-content\/uploads\/sites\/12\/2024\/06\/00097-All-Over-Print-Kids-Swimsuit-Body-1597a6b0ce8e59f5ba637ff4c8ad1259_l-300x300.png\" alt=\"\" width=\"300\" height=\"300\" srcset=\"https:\/\/ukraineboost.com\/dk\/wp-content\/uploads\/sites\/12\/2024\/06\/00097-All-Over-Print-Kids-Swimsuit-Body-1597a6b0ce8e59f5ba637ff4c8ad1259_l-300x300.png 300w, https:\/\/ukraineboost.com\/dk\/wp-content\/uploads\/sites\/12\/2024\/06\/00097-All-Over-Print-Kids-Swimsuit-Body-1597a6b0ce8e59f5ba637ff4c8ad1259_l-150x150.png 150w, https:\/\/ukraineboost.com\/dk\/wp-content\/uploads\/sites\/12\/2024\/06\/00097-All-Over-Print-Kids-Swimsuit-Body-1597a6b0ce8e59f5ba637ff4c8ad1259_l-75x75.png 75w, https:\/\/ukraineboost.com\/dk\/wp-content\/uploads\/sites\/12\/2024\/06\/00097-All-Over-Print-Kids-Swimsuit-Body-1597a6b0ce8e59f5ba637ff4c8ad1259_l-24x24.png 24w, https:\/\/ukraineboost.com\/dk\/wp-content\/uploads\/sites\/12\/2024\/06\/00097-All-Over-Print-Kids-Swimsuit-Body-1597a6b0ce8e59f5ba637ff4c8ad1259_l-36x36.png 36w, https:\/\/ukraineboost.com\/dk\/wp-content\/uploads\/sites\/12\/2024\/06\/00097-All-Over-Print-Kids-Swimsuit-Body-1597a6b0ce8e59f5ba637ff4c8ad1259_l-48x48.png 48w, https:\/\/ukraineboost.com\/dk\/wp-content\/uploads\/sites\/12\/2024\/06\/00097-All-Over-Print-Kids-Swimsuit-Body-1597a6b0ce8e59f5ba637ff4c8ad1259_l-50x50.png 50w, https:\/\/ukraineboost.com\/dk\/wp-content\/uploads\/sites\/12\/2024\/06\/00097-All-Over-Print-Kids-Swimsuit-Body-1597a6b0ce8e59f5ba637ff4c8ad1259_l-100x100.png 100w, https:\/\/ukraineboost.com\/dk\/wp-content\/uploads\/sites\/12\/2024\/06\/00097-All-Over-Print-Kids-Swimsuit-Body-1597a6b0ce8e59f5ba637ff4c8ad1259_l.png 344w\" sizes=\"(max-width:767px) 300px, 300px\" \/>For alle vandrette m\u00e5linger, hold venligst m\u00e5leb\u00e5ndet parallelt med jorden.<\/p>\n<h4>A H\u00f8jde<\/h4>\n<p>Stil barnet p\u00e5 et fast gulv med en flad overflade bag dem. Med f\u00f8dderne samlet og armene placeret langs siden, skal hele deres krop r\u00f8re overfladen. Marker overfladen, hvor toppen af deres hoved er. M\u00e5l afstanden mellem gulvet og m\u00e6rket.<\/p>\n<h4>B Bryst<\/h4>\n<p>Placer den ene ende af m\u00e5leb\u00e5ndet p\u00e5 den fyldigste del af brystet og f\u00f8r m\u00e5leb\u00e5ndet rundt om ryggen (under armhulerne, over skulderbladene) tilbage til udgangspunktet.<\/p>\n<h4>C Talje<\/h4>\n<p>Placer m\u00e5leb\u00e5ndet p\u00e5 den smalleste del af taljen og m\u00e5l rundt.<\/p>\n<h4>D Hofter<\/h4>\n<p>Placer begyndelsen af m\u00e5leb\u00e5ndet p\u00e5 den ene hofte og f\u00f8r m\u00e5leb\u00e5ndet hen over den fyldigste del af hofterne tilbage til udgangspunktet.<\/p>\n<table class=\"size-guide__table size-guide__new\">\n<thead>\n<tr>\n<td>St\u00f8rrelse<\/td>\n<td>H\u00f8jde<\/td>\n<td>Bryst<\/td>\n<td>Talje<\/td>\n<td>Hofter<\/td>\n<\/tr>\n<\/thead>\n<tbody>\n<tr>\n<td>2T<\/td>\n<td>92<\/td>\n<td>52<\/td>\n<td>51<\/td>\n<td>53<\/td>\n<\/tr>\n<tr>\n<td>3T<\/td>\n<td>98<\/td>\n<td>54<\/td>\n<td>52.5<\/td>\n<td>56.5<\/td>\n<\/tr>\n<tr>\n<td>4T<\/td>\n<td>104<\/td>\n<td>56<\/td>\n<td>54<\/td>\n<td>60<\/td>\n<\/tr>\n<tr>\n<td>5T<\/td>\n<td>110<\/td>\n<td>58<\/td>\n<td>55<\/td>\n<td>62<\/td>\n<\/tr>\n<tr>\n<td>6<\/td>\n<td>116<\/td>\n<td>60<\/td>\n<td>56<\/td>\n<td>64<\/td>\n<\/tr>\n<tr>\n<td>6X<\/td>\n<td>122<\/td>\n<td>63<\/td>\n<td>57<\/td>\n<td>66<\/td>\n<\/tr>\n<tr>\n<td>7<\/td>\n<td>128<\/td>\n<td>66<\/td>\n<td>58<\/td>\n<td>69<\/td>\n<\/tr>\n<\/tbody>\n<\/table>\n<p>Alle m\u00e5l er i centimeter<\/p>\n<p>Pro-tip! M\u00e5l et af dine produkter derhjemme og sammenlign med m\u00e5lene, du ser i denne vejledning.<\/p>\n<h4>Leveringstid<\/h4>\n<p>Da dette er et print on demand produkt kan leveringstiden variere. Typisk er leveringstiden en til to uger. Vi pr\u00f8ver altid at finde leverand\u00f8rer s\u00e5 geografisk t\u00e6t p\u00e5 som muligt for at minimere leveringstid og transportomkostninger.<\/p>\n<p data-start=\"1629\" data-end=\"1694\" data-is-last-node=\"\" data-is-only-node=\"\">\u00a0<\/p>\n","protected":false},"excerpt":{"rendered":"<p>Bliv sommerklar med stil og komfort! Giv de unge eventyrere en unik og i\u00f8jnefaldende badedragt, der kombinerer funktionalitet, komfort og et dristigt design. Dristig Pink Camo<span class=\"excerpt-hellip\"> [\u2026]<\/span><\/p>\n","protected":false},"featured_media":48262,"comment_status":"open","ping_status":"closed","template":"","meta":[],"product_cat":[330],"product_tag":[],"_links":{"self":[{"href":"https:\/\/ukraineboost.com\/dk\/wp-json\/wp\/v2\/product\/48254"}],"collection":[{"href":"https:\/\/ukraineboost.com\/dk\/wp-json\/wp\/v2\/product"}],"about":[{"href":"https:\/\/ukraineboost.com\/dk\/wp-json\/wp\/v2\/types\/product"}],"replies":[{"embeddable":true,"href":"https:\/\/ukraineboost.com\/dk\/wp-json\/wp\/v2\/comments?post=48254"}],"wp:featuredmedia":[{"embeddable":true,"href":"https:\/\/ukraineboost.com\/dk\/wp-json\/wp\/v2\/media\/48262"}],"wp:attachment":[{"href":"https:\/\/ukraineboost.com\/dk\/wp-json\/wp\/v2\/media?parent=48254"}],"wp:term":[{"taxonomy":"product_cat","embeddable":true,"href":"https:\/\/ukraineboost.com\/dk\/wp-json\/wp\/v2\/product_cat?post=48254"},{"taxonomy":"product_tag","embeddable":true,"href":"https:\/\/ukraineboost.com\/dk\/wp-json\/wp\/v2\/product_tag?post=48254"}],"curies":[{"name":"wp","href":"https:\/\/api.w.org\/{rel}","templated":true}]}}