{"id":48239,"date":"2025-01-28T20:17:24","date_gmt":"2025-01-28T20:17:24","guid":{"rendered":"https:\/\/ukraineboost.com\/dk\/product\/all-over-print-kids-swimsuit-7\/"},"modified":"2025-02-26T13:02:37","modified_gmt":"2025-02-26T13:02:37","slug":"all-over-print-kids-swimsuit-7","status":"publish","type":"product","link":"https:\/\/ukraineboost.com\/dk\/product\/all-over-print-kids-swimsuit-7\/","title":{"rendered":"B\u00f8rnebadedragt &#8211; Dristig Pink Camo"},"content":{"rendered":"<p data-start=\"42\" data-end=\"359\">Giv dit barn en badedragt, der kombinerer <strong data-start=\"84\" data-end=\"119\">stil, komfort og funktionalitet<\/strong>! Med et i\u00f8jnefaldende <strong data-start=\"142\" data-end=\"163\">Dristig Pink Camo<\/strong>-design skiller denne badedragt sig ud med sine livlige farver og moderne camouflageprint. Perfekt til sm\u00e5 eventyrere, der elsker at lege i vandet og nyde solrige dage ved stranden eller poolen.<\/p>\n<p data-start=\"361\" data-end=\"702\">Denne badedragt er designet til <strong data-start=\"393\" data-end=\"426\">aktiv leg og maksimal komfort<\/strong>. Det elastiske stof giver en perfekt pasform, mens <strong data-start=\"478\" data-end=\"498\">firevejsstr\u00e6kket<\/strong> sikrer fuld bev\u00e6gelsesfrihed. For\u00e6ldre kan v\u00e6re trygge ved, at den dobbelte foring og <strong data-start=\"585\" data-end=\"598\">UPF 38\u201340<\/strong> beskytter dit barn mod solens str\u00e5ler og holder badedragten i topform selv efter gentagne sv\u00f8mmeture.<\/p>\n<h3 data-start=\"704\" data-end=\"725\"><strong data-start=\"708\" data-end=\"723\">Egenskaber:<\/strong><\/h3>\n<p data-start=\"726\" data-end=\"1222\">\u2714 <strong data-start=\"728\" data-end=\"758\">82% polyester, 18% spandex<\/strong> \u2013 bl\u00f8d, elastisk og hurtigtt\u00f8rrende kvalitet<br data-start=\"803\" data-end=\"806\" \/>\u2714 <strong data-start=\"808\" data-end=\"826\">Stoffets v\u00e6gt:<\/strong> 6.78 oz\/yd\u00b2 (230g\/m\u00b2), v\u00e6gt kan variere med 5%<br data-start=\"873\" data-end=\"876\" \/>\u2714 <strong data-start=\"878\" data-end=\"891\">UPF 38\u201340<\/strong> \u2013 beskytter mod solens UV-str\u00e5ler<br data-start=\"925\" data-end=\"928\" \/>\u2714 <strong data-start=\"930\" data-end=\"952\">Dobbeltlaget front<\/strong> for ekstra komfort og holdbarhed<br data-start=\"985\" data-end=\"988\" \/>\u2714 <strong data-start=\"990\" data-end=\"1007\">Firevejsstr\u00e6k<\/strong> \u2013 materialet str\u00e6kker sig i alle retninger for optimal pasform<br data-start=\"1070\" data-end=\"1073\" \/>\u2714 <strong data-start=\"1075\" data-end=\"1111\">Bl\u00f8d og behagelig mikrofibertr\u00e5d<\/strong><br data-start=\"1111\" data-end=\"1114\" \/>\u2714 <strong data-start=\"1116\" data-end=\"1139\">Overlock-stikninger<\/strong> for \u00f8get holdbarhed<br data-start=\"1159\" data-end=\"1162\" \/>\u2714 <strong data-start=\"1164\" data-end=\"1198\">Kontrastkant i sort eller hvid<\/strong> for et stilfuldt look<\/p>\n<p data-start=\"1224\" data-end=\"1365\"><strong data-start=\"1227\" data-end=\"1238\">Bem\u00e6rk:<\/strong> Undg\u00e5 kontakt med ru overflader og velcro, da dette kan tr\u00e6kke de hvide fibre i stoffet ud og p\u00e5virke badedragtens udseende.<\/p>\n<p data-start=\"1367\" data-end=\"1708\"><strong data-start=\"1370\" data-end=\"1397\">K\u00f8b nu og st\u00f8t Ukraine!<\/strong> <br data-start=\"1400\" data-end=\"1403\" \/>Ved at k\u00f8be denne badedragt er du ikke kun med til at give dit barn en <strong data-start=\"1474\" data-end=\"1497\">unik og komfortabel<\/strong> badedragt, men du st\u00f8tter ogs\u00e5 <strong data-start=\"1529\" data-end=\"1576\">Ukraines kamp for frihed, fred og sikkerhed<\/strong>. Hver ordre produceres specielt til dig, hvilket hj\u00e6lper med at <strong data-start=\"1641\" data-end=\"1668\">reducere overproduktion<\/strong> og fremme en mere b\u00e6redygtig fremtid.<\/p>\n<p data-start=\"1710\" data-end=\"1801\" data-is-last-node=\"\" data-is-only-node=\"\"><strong data-start=\"1713\" data-end=\"1796\">Del denne badedragt med dine venner og familie, hvis du tror, de vil elske den!<\/strong> \ud83d\udc99\ud83d\udc9b<\/p>\n<h4>M\u00e5lskema<\/h4>\n<p>Vi opfordrer dig til v\u00e6re omhyggelig med at v\u00e6lge den rigtige st\u00f8rrelse, da vi gerne vil undg\u00e5 s\u00e5 mange returvarer som muligt. M\u00e5let er at st\u00f8tte Ukraine s\u00e5 derfor vil vi gerne holde alle omkostninger s\u00e5 lave som muligt. Vi vedl\u00e6gger m\u00e5lskemaer ved alle varer, da de kommer fra forskellige leverand\u00f8rer, s\u00e5 derfor kan st\u00f8rrelserne variere. Vi takker for din forst\u00e5else.<\/p>\n<h3>Produktm\u00e5l<\/h3>\n<p><img decoding=\"async\" class=\"size-medium wp-image-38972 alignleft\" src=\"https:\/\/ukraineboost.com\/dk\/wp-content\/uploads\/sites\/12\/2024\/06\/00097-All-Over-Print-Kids-Swimsuit-cc95c40135451fdddb35ec60fed96899_l-300x300.png\" alt=\"\" width=\"300\" height=\"300\" srcset=\"https:\/\/ukraineboost.com\/dk\/wp-content\/uploads\/sites\/12\/2024\/06\/00097-All-Over-Print-Kids-Swimsuit-cc95c40135451fdddb35ec60fed96899_l-300x300.png 300w, https:\/\/ukraineboost.com\/dk\/wp-content\/uploads\/sites\/12\/2024\/06\/00097-All-Over-Print-Kids-Swimsuit-cc95c40135451fdddb35ec60fed96899_l-150x150.png 150w, https:\/\/ukraineboost.com\/dk\/wp-content\/uploads\/sites\/12\/2024\/06\/00097-All-Over-Print-Kids-Swimsuit-cc95c40135451fdddb35ec60fed96899_l-75x75.png 75w, https:\/\/ukraineboost.com\/dk\/wp-content\/uploads\/sites\/12\/2024\/06\/00097-All-Over-Print-Kids-Swimsuit-cc95c40135451fdddb35ec60fed96899_l-24x24.png 24w, https:\/\/ukraineboost.com\/dk\/wp-content\/uploads\/sites\/12\/2024\/06\/00097-All-Over-Print-Kids-Swimsuit-cc95c40135451fdddb35ec60fed96899_l-36x36.png 36w, https:\/\/ukraineboost.com\/dk\/wp-content\/uploads\/sites\/12\/2024\/06\/00097-All-Over-Print-Kids-Swimsuit-cc95c40135451fdddb35ec60fed96899_l-48x48.png 48w, https:\/\/ukraineboost.com\/dk\/wp-content\/uploads\/sites\/12\/2024\/06\/00097-All-Over-Print-Kids-Swimsuit-cc95c40135451fdddb35ec60fed96899_l-50x50.png 50w, https:\/\/ukraineboost.com\/dk\/wp-content\/uploads\/sites\/12\/2024\/06\/00097-All-Over-Print-Kids-Swimsuit-cc95c40135451fdddb35ec60fed96899_l-100x100.png 100w, https:\/\/ukraineboost.com\/dk\/wp-content\/uploads\/sites\/12\/2024\/06\/00097-All-Over-Print-Kids-Swimsuit-cc95c40135451fdddb35ec60fed96899_l.png 343w\" sizes=\"(max-width:767px) 300px, 300px\" \/>Denne st\u00f8rrelsesguide viser produktm\u00e5l taget, n\u00e5r produkterne er lagt fladt. Faktiske produktm\u00e5l kan variere med op til 2,5 cm, da de er h\u00e5ndlavede og skr\u00e6ddersyede.<\/p>\n<h4>Produktm\u00e5l<\/h4>\n<p>A 1\/2 brystvidde<\/p>\n<p>B 1\/2 hoftevidde<\/p>\n<p>C l\u00e6ngde<\/p>\n<table class=\"size-guide__table size-guide__new\">\n<thead>\n<tr>\n<td>St\u00f8rrelse<\/td>\n<td>A<\/td>\n<td>B<\/td>\n<td>C<\/td>\n<\/tr>\n<\/thead>\n<tbody>\n<tr>\n<td>2T<\/td>\n<td>21<\/td>\n<td>21.5<\/td>\n<td>39.5<\/td>\n<\/tr>\n<tr>\n<td>3T<\/td>\n<td>22<\/td>\n<td>23<\/td>\n<td>41.5<\/td>\n<\/tr>\n<tr>\n<td>4T<\/td>\n<td>23<\/td>\n<td>24.5<\/td>\n<td>43.5<\/td>\n<\/tr>\n<tr>\n<td>5T<\/td>\n<td>24<\/td>\n<td>25.5<\/td>\n<td>45.5<\/td>\n<\/tr>\n<tr>\n<td>6<\/td>\n<td>25<\/td>\n<td>26.5<\/td>\n<td>47.5<\/td>\n<\/tr>\n<tr>\n<td>6X<\/td>\n<td>26.5<\/td>\n<td>27.5<\/td>\n<td>49.5<\/td>\n<\/tr>\n<tr>\n<td>7<\/td>\n<td>28<\/td>\n<td>29<\/td>\n<td>51.5<\/td>\n<\/tr>\n<\/tbody>\n<\/table>\n<h3>Guide til kropsm\u00e5l<\/h3>\n<p>Denne st\u00f8rrelsesguide viser kropsm\u00e5l. Vi foresl\u00e5r at bestille en st\u00f8rrelse st\u00f8rre, n\u00e5r dine m\u00e5l er mellem to st\u00f8rrelser. m\u00e5l-dig-selv<\/p>\n<p><img decoding=\"async\" class=\"size-medium wp-image-38973 alignleft\" src=\"https:\/\/ukraineboost.com\/dk\/wp-content\/uploads\/sites\/12\/2024\/06\/00097-All-Over-Print-Kids-Swimsuit-Body-1597a6b0ce8e59f5ba637ff4c8ad1259_l-300x300.png\" alt=\"\" width=\"300\" height=\"300\" srcset=\"https:\/\/ukraineboost.com\/dk\/wp-content\/uploads\/sites\/12\/2024\/06\/00097-All-Over-Print-Kids-Swimsuit-Body-1597a6b0ce8e59f5ba637ff4c8ad1259_l-300x300.png 300w, https:\/\/ukraineboost.com\/dk\/wp-content\/uploads\/sites\/12\/2024\/06\/00097-All-Over-Print-Kids-Swimsuit-Body-1597a6b0ce8e59f5ba637ff4c8ad1259_l-150x150.png 150w, https:\/\/ukraineboost.com\/dk\/wp-content\/uploads\/sites\/12\/2024\/06\/00097-All-Over-Print-Kids-Swimsuit-Body-1597a6b0ce8e59f5ba637ff4c8ad1259_l-75x75.png 75w, https:\/\/ukraineboost.com\/dk\/wp-content\/uploads\/sites\/12\/2024\/06\/00097-All-Over-Print-Kids-Swimsuit-Body-1597a6b0ce8e59f5ba637ff4c8ad1259_l-24x24.png 24w, https:\/\/ukraineboost.com\/dk\/wp-content\/uploads\/sites\/12\/2024\/06\/00097-All-Over-Print-Kids-Swimsuit-Body-1597a6b0ce8e59f5ba637ff4c8ad1259_l-36x36.png 36w, https:\/\/ukraineboost.com\/dk\/wp-content\/uploads\/sites\/12\/2024\/06\/00097-All-Over-Print-Kids-Swimsuit-Body-1597a6b0ce8e59f5ba637ff4c8ad1259_l-48x48.png 48w, https:\/\/ukraineboost.com\/dk\/wp-content\/uploads\/sites\/12\/2024\/06\/00097-All-Over-Print-Kids-Swimsuit-Body-1597a6b0ce8e59f5ba637ff4c8ad1259_l-50x50.png 50w, https:\/\/ukraineboost.com\/dk\/wp-content\/uploads\/sites\/12\/2024\/06\/00097-All-Over-Print-Kids-Swimsuit-Body-1597a6b0ce8e59f5ba637ff4c8ad1259_l-100x100.png 100w, https:\/\/ukraineboost.com\/dk\/wp-content\/uploads\/sites\/12\/2024\/06\/00097-All-Over-Print-Kids-Swimsuit-Body-1597a6b0ce8e59f5ba637ff4c8ad1259_l.png 344w\" sizes=\"(max-width:767px) 300px, 300px\" \/>For alle vandrette m\u00e5linger, hold venligst m\u00e5leb\u00e5ndet parallelt med jorden.<\/p>\n<h4>A H\u00f8jde<\/h4>\n<p>Stil barnet p\u00e5 et fast gulv med en flad overflade bag dem. Med f\u00f8dderne samlet og armene placeret langs siden, skal hele deres krop r\u00f8re overfladen. Marker overfladen, hvor toppen af deres hoved er. M\u00e5l afstanden mellem gulvet og m\u00e6rket.<\/p>\n<h4>B Bryst<\/h4>\n<p>Placer den ene ende af m\u00e5leb\u00e5ndet p\u00e5 den fyldigste del af brystet og f\u00f8r m\u00e5leb\u00e5ndet rundt om ryggen (under armhulerne, over skulderbladene) tilbage til udgangspunktet.<\/p>\n<h4>C Talje<\/h4>\n<p>Placer m\u00e5leb\u00e5ndet p\u00e5 den smalleste del af taljen og m\u00e5l rundt.<\/p>\n<h4>D Hofter<\/h4>\n<p>Placer begyndelsen af m\u00e5leb\u00e5ndet p\u00e5 den ene hofte og f\u00f8r m\u00e5leb\u00e5ndet hen over den fyldigste del af hofterne tilbage til udgangspunktet.<\/p>\n<table class=\"size-guide__table size-guide__new\">\n<thead>\n<tr>\n<td>St\u00f8rrelse<\/td>\n<td>H\u00f8jde<\/td>\n<td>Bryst<\/td>\n<td>Talje<\/td>\n<td>Hofter<\/td>\n<\/tr>\n<\/thead>\n<tbody>\n<tr>\n<td>2T<\/td>\n<td>92<\/td>\n<td>52<\/td>\n<td>51<\/td>\n<td>53<\/td>\n<\/tr>\n<tr>\n<td>3T<\/td>\n<td>98<\/td>\n<td>54<\/td>\n<td>52.5<\/td>\n<td>56.5<\/td>\n<\/tr>\n<tr>\n<td>4T<\/td>\n<td>104<\/td>\n<td>56<\/td>\n<td>54<\/td>\n<td>60<\/td>\n<\/tr>\n<tr>\n<td>5T<\/td>\n<td>110<\/td>\n<td>58<\/td>\n<td>55<\/td>\n<td>62<\/td>\n<\/tr>\n<tr>\n<td>6<\/td>\n<td>116<\/td>\n<td>60<\/td>\n<td>56<\/td>\n<td>64<\/td>\n<\/tr>\n<tr>\n<td>6X<\/td>\n<td>122<\/td>\n<td>63<\/td>\n<td>57<\/td>\n<td>66<\/td>\n<\/tr>\n<tr>\n<td>7<\/td>\n<td>128<\/td>\n<td>66<\/td>\n<td>58<\/td>\n<td>69<\/td>\n<\/tr>\n<\/tbody>\n<\/table>\n<p>Alle m\u00e5l er i centimeter<\/p>\n<h4>Leveringstid<\/h4>\n<p>Da dette er et print on demand produkt kan leveringstiden variere. Typisk er leveringstiden en til to uger. Vi pr\u00f8ver altid at finde leverand\u00f8rer s\u00e5 geografisk t\u00e6t p\u00e5 som muligt for at minimere leveringstid og transportomkostninger.<\/p>\n","protected":false},"excerpt":{"rendered":"<p>Giv dit barn en badedragt, der kombinerer stil, komfort og funktionalitet! Med et i\u00f8jnefaldende Dristig Pink Camo-design skiller denne badedragt sig ud med sine livlige farver<span class=\"excerpt-hellip\"> [\u2026]<\/span><\/p>\n","protected":false},"featured_media":48248,"comment_status":"open","ping_status":"closed","template":"","meta":[],"product_cat":[330],"product_tag":[],"_links":{"self":[{"href":"https:\/\/ukraineboost.com\/dk\/wp-json\/wp\/v2\/product\/48239"}],"collection":[{"href":"https:\/\/ukraineboost.com\/dk\/wp-json\/wp\/v2\/product"}],"about":[{"href":"https:\/\/ukraineboost.com\/dk\/wp-json\/wp\/v2\/types\/product"}],"replies":[{"embeddable":true,"href":"https:\/\/ukraineboost.com\/dk\/wp-json\/wp\/v2\/comments?post=48239"}],"wp:featuredmedia":[{"embeddable":true,"href":"https:\/\/ukraineboost.com\/dk\/wp-json\/wp\/v2\/media\/48248"}],"wp:attachment":[{"href":"https:\/\/ukraineboost.com\/dk\/wp-json\/wp\/v2\/media?parent=48239"}],"wp:term":[{"taxonomy":"product_cat","embeddable":true,"href":"https:\/\/ukraineboost.com\/dk\/wp-json\/wp\/v2\/product_cat?post=48239"},{"taxonomy":"product_tag","embeddable":true,"href":"https:\/\/ukraineboost.com\/dk\/wp-json\/wp\/v2\/product_tag?post=48239"}],"curies":[{"name":"wp","href":"https:\/\/api.w.org\/{rel}","templated":true}]}}