{"id":48225,"date":"2025-01-28T20:14:24","date_gmt":"2025-01-28T20:14:24","guid":{"rendered":"https:\/\/ukraineboost.com\/dk\/product\/youth-leggings\/"},"modified":"2025-02-26T12:21:09","modified_gmt":"2025-02-26T12:21:09","slug":"youth-leggings","status":"publish","type":"product","link":"https:\/\/ukraineboost.com\/dk\/product\/youth-leggings\/","title":{"rendered":"Ungdoms PlayFlex Leggings &#8211; Dristig Pink Camo"},"content":{"rendered":"<p data-start=\"53\" data-end=\"276\">Tag din stil til det n\u00e6ste niveau med <strong data-start=\"91\" data-end=\"140\">Ungdoms PlayFlex Leggings &#8211; Dristig Pink Camo<\/strong>! Disse leggings kombinerer mode og funktionalitet, perfekt til unge, der elsker at bev\u00e6ge sig frit, uden at g\u00e5 p\u00e5 kompromis med stil.<\/p>\n<p data-start=\"278\" data-end=\"687\"><strong data-start=\"281\" data-end=\"299\">Unik camo-stil<\/strong>: Det dristige pink camouflageprint giver et moderne twist p\u00e5 det klassiske milit\u00e6rlook og skaber et i\u00f8jnefaldende, energisk udtryk.<br data-start=\"431\" data-end=\"434\" \/><strong data-start=\"437\" data-end=\"458\">Ultimativ komfort<\/strong>: Det bl\u00f8de og elastiske materiale giver en behagelig pasform, der f\u00f8lger kroppens bev\u00e6gelser perfekt.<br data-start=\"560\" data-end=\"563\" \/><strong data-start=\"566\" data-end=\"588\">Farver, der holder<\/strong>: De livlige farver forbliver skarpe og falmer ikke, uanset hvor meget de bliver brugt og vasket.<\/p>\n<h3 data-start=\"689\" data-end=\"710\"><strong data-start=\"693\" data-end=\"708\">Egenskaber:<\/strong><\/h3>\n<p data-start=\"711\" data-end=\"1058\"><strong data-start=\"713\" data-end=\"741\">Bl\u00f8dt og fleksibelt stof<\/strong>: 82% polyester, 18% spandex<br data-start=\"769\" data-end=\"772\" \/><strong data-start=\"774\" data-end=\"795\">Letv\u00e6gtsmateriale<\/strong>: 6.78 oz\/yd\u00b2 (230g\/m\u00b2), v\u00e6gt kan variere med 5%<br data-start=\"843\" data-end=\"846\" \/><strong data-start=\"848\" data-end=\"866\">UV-beskyttelse<\/strong>: 38\u201340 UPF<br data-start=\"877\" data-end=\"880\" \/><strong data-start=\"882\" data-end=\"899\" data-is-only-node=\"\">Firevejsstr\u00e6k<\/strong>: Str\u00e6kker sig b\u00e5de p\u00e5 langs og p\u00e5 tv\u00e6rs for maksimal bev\u00e6gelsesfrihed<br data-start=\"969\" data-end=\"972\" \/><strong data-start=\"974\" data-end=\"1000\">Slidst\u00e6rk konstruktion<\/strong>: Syet med overlock og coverstitch for ekstra holdbarhed<\/p>\n<p data-start=\"1060\" data-end=\"1162\"><strong data-start=\"1060\" data-end=\"1102\">Stil dem til hverdagsbrug eller sport!<\/strong> Perfekte til dans, yoga, tr\u00e6ning eller bare en aktiv dag.<\/p>\n<p data-start=\"1164\" data-end=\"1370\"><strong data-start=\"1167\" data-end=\"1187\">B\u00e6redygtigt valg<\/strong><br data-start=\"1187\" data-end=\"1190\" \/>Dette produkt fremstilles specielt til dig, s\u00e5 snart du afgiver en ordre. Det betyder, at vi undg\u00e5r masseproduktion og overforbrug \u2013 tak fordi du tr\u00e6ffer en ansvarlig beslutning!<\/p>\n<p data-start=\"1372\" data-end=\"1591\"><strong data-start=\"1375\" data-end=\"1397\">St\u00f8t en vigtig sag<\/strong><br data-start=\"1397\" data-end=\"1400\" \/>Ved at k\u00f8be fra UkraineBoost viser du din st\u00f8tte til Ukraines kamp for frihed, fred og sikkerhed. Del dette produkt med venner og familie, og v\u00e6r en del af en bev\u00e6gelse, der g\u00f8r en forskel!<\/p>\n<p data-start=\"1593\" data-end=\"1658\" data-is-last-node=\"\" data-is-only-node=\"\"><strong data-start=\"1596\" data-end=\"1658\" data-is-last-node=\"\">K\u00f8b dine Ungdoms PlayFlex Leggings &#8211; Dristig Pink Camo nu!<\/strong><\/p>\n<h4>M\u00e5lskema<\/h4>\n<p>Vi opfordrer dig til v\u00e6re omhyggelig med at v\u00e6lge den rigtige st\u00f8rrelse, da vi gerne vil undg\u00e5 s\u00e5 mange returvarer som muligt. M\u00e5let er at st\u00f8tte Ukraine s\u00e5 derfor vil vi gerne holde alle omkostninger s\u00e5 lave som muligt. Vi vedl\u00e6gger m\u00e5lskemaer ved alle varer, da de kommer fra forskellige leverand\u00f8rer, s\u00e5 derfor kan st\u00f8rrelserne variere. Vi takker for din forst\u00e5else.<\/p>\n<p data-start=\"0\" data-end=\"16\"><strong data-start=\"0\" data-end=\"14\">Produktm\u00e5l<\/strong><\/p>\n<p data-start=\"18\" data-end=\"181\" data-is-last-node=\"\" data-is-only-node=\"\"><img decoding=\"async\" class=\"size-medium wp-image-48314 alignleft\" src=\"https:\/\/ukraineboost.com\/dk\/wp-content\/uploads\/sites\/12\/2025\/02\/00132_All-Over-Print-Youth-Leggings-300x300.png\" alt=\"\" width=\"300\" height=\"300\" srcset=\"https:\/\/ukraineboost.com\/dk\/wp-content\/uploads\/sites\/12\/2025\/02\/00132_All-Over-Print-Youth-Leggings-300x300.png 300w, https:\/\/ukraineboost.com\/dk\/wp-content\/uploads\/sites\/12\/2025\/02\/00132_All-Over-Print-Youth-Leggings-150x150.png 150w, https:\/\/ukraineboost.com\/dk\/wp-content\/uploads\/sites\/12\/2025\/02\/00132_All-Over-Print-Youth-Leggings-75x75.png 75w, https:\/\/ukraineboost.com\/dk\/wp-content\/uploads\/sites\/12\/2025\/02\/00132_All-Over-Print-Youth-Leggings-24x24.png 24w, https:\/\/ukraineboost.com\/dk\/wp-content\/uploads\/sites\/12\/2025\/02\/00132_All-Over-Print-Youth-Leggings-36x36.png 36w, https:\/\/ukraineboost.com\/dk\/wp-content\/uploads\/sites\/12\/2025\/02\/00132_All-Over-Print-Youth-Leggings-48x48.png 48w, https:\/\/ukraineboost.com\/dk\/wp-content\/uploads\/sites\/12\/2025\/02\/00132_All-Over-Print-Youth-Leggings-50x50.png 50w, https:\/\/ukraineboost.com\/dk\/wp-content\/uploads\/sites\/12\/2025\/02\/00132_All-Over-Print-Youth-Leggings-100x100.png 100w, https:\/\/ukraineboost.com\/dk\/wp-content\/uploads\/sites\/12\/2025\/02\/00132_All-Over-Print-Youth-Leggings.png 343w\" sizes=\"(max-width:767px) 300px, 300px\" \/>Denne st\u00f8rrelsesguide viser produktm\u00e5l taget, n\u00e5r produktet ligger fladt. De faktiske m\u00e5l kan variere med op til 2,5 cm, da de er h\u00e5ndlavede efter bestilling.<\/p>\n<table class=\"size-guide__table size-guide__new\">\n<thead>\n<tr>\n<td class=\"pf-p-12 pf-text-gray-900\">St\u00f8rrelse<\/td>\n<td class=\"pf-p-12 pf-text-gray-900\">A<\/td>\n<td class=\"pf-p-12 pf-text-gray-900\">B<\/td>\n<td class=\"pf-p-12 pf-text-gray-900\">C<\/td>\n<\/tr>\n<\/thead>\n<tbody>\n<tr>\n<td class=\"pf-p-12 pf-text-gray-900\">8<\/td>\n<td class=\"pf-p-12 pf-text-gray-900\">25<\/td>\n<td class=\"pf-p-12 pf-text-gray-900\">52<\/td>\n<td class=\"pf-p-12 pf-text-gray-900\">20<\/td>\n<\/tr>\n<tr>\n<td class=\"pf-p-12 pf-text-gray-900\">10<\/td>\n<td class=\"pf-p-12 pf-text-gray-900\">26<\/td>\n<td class=\"pf-p-12 pf-text-gray-900\">55<\/td>\n<td class=\"pf-p-12 pf-text-gray-900\">20.5<\/td>\n<\/tr>\n<tr>\n<td class=\"pf-p-12 pf-text-gray-900\">12<\/td>\n<td class=\"pf-p-12 pf-text-gray-900\">27<\/td>\n<td class=\"pf-p-12 pf-text-gray-900\">57.5<\/td>\n<td class=\"pf-p-12 pf-text-gray-900\">21<\/td>\n<\/tr>\n<tr>\n<td class=\"pf-p-12 pf-text-gray-900\">14<\/td>\n<td class=\"pf-p-12 pf-text-gray-900\">28<\/td>\n<td class=\"pf-p-12 pf-text-gray-900\">60<\/td>\n<td class=\"pf-p-12 pf-text-gray-900\">21.5<\/td>\n<\/tr>\n<tr>\n<td class=\"pf-p-12 pf-text-gray-900\">16<\/td>\n<td class=\"pf-p-12 pf-text-gray-900\">28.5<\/td>\n<td class=\"pf-p-12 pf-text-gray-900\">63<\/td>\n<td class=\"pf-p-12 pf-text-gray-900\">22<\/td>\n<\/tr>\n<tr>\n<td class=\"pf-p-12 pf-text-gray-900\">18<\/td>\n<td class=\"pf-p-12 pf-text-gray-900\">29<\/td>\n<td class=\"pf-p-12 pf-text-gray-900\">66<\/td>\n<td class=\"pf-p-12 pf-text-gray-900\">22.5<\/td>\n<\/tr>\n<tr>\n<td class=\"pf-p-12 pf-text-gray-900\">20<\/td>\n<td class=\"pf-p-12 pf-text-gray-900\">29.5<\/td>\n<td class=\"pf-p-12 pf-text-gray-900\">69<\/td>\n<td class=\"pf-p-12 pf-text-gray-900\">23<\/td>\n<\/tr>\n<\/tbody>\n<\/table>\n<p>\u00a0<\/p>\n<p data-start=\"0\" data-end=\"24\"><strong data-start=\"0\" data-end=\"22\">Guide til kropsm\u00e5l<\/strong><\/p>\n<p data-start=\"26\" data-end=\"154\"><img decoding=\"async\" class=\"size-medium wp-image-48315 alignleft\" src=\"https:\/\/ukraineboost.com\/dk\/wp-content\/uploads\/sites\/12\/2025\/02\/00132_body_All-Over-Print-Youth-Leggings-217x300.png\" alt=\"\" width=\"217\" height=\"300\" srcset=\"https:\/\/ukraineboost.com\/dk\/wp-content\/uploads\/sites\/12\/2025\/02\/00132_body_All-Over-Print-Youth-Leggings-217x300.png 217w, https:\/\/ukraineboost.com\/dk\/wp-content\/uploads\/sites\/12\/2025\/02\/00132_body_All-Over-Print-Youth-Leggings-54x75.png 54w, https:\/\/ukraineboost.com\/dk\/wp-content\/uploads\/sites\/12\/2025\/02\/00132_body_All-Over-Print-Youth-Leggings-17x24.png 17w, https:\/\/ukraineboost.com\/dk\/wp-content\/uploads\/sites\/12\/2025\/02\/00132_body_All-Over-Print-Youth-Leggings-26x36.png 26w, https:\/\/ukraineboost.com\/dk\/wp-content\/uploads\/sites\/12\/2025\/02\/00132_body_All-Over-Print-Youth-Leggings-35x48.png 35w, https:\/\/ukraineboost.com\/dk\/wp-content\/uploads\/sites\/12\/2025\/02\/00132_body_All-Over-Print-Youth-Leggings.png 243w\" sizes=\"(max-width:767px) 217px, 217px\" \/>Denne st\u00f8rrelsesguide viser kropsm\u00e5l. Vi anbefaler at bestille en st\u00f8rrelse mindre, hvis dine m\u00e5l ligger mellem to st\u00f8rrelser.<\/p>\n<p data-start=\"156\" data-end=\"174\"><strong data-start=\"156\" data-end=\"172\">M\u00e5l dig selv<\/strong><\/p>\n<p data-start=\"176\" data-end=\"250\">For alle vandrette m\u00e5linger skal m\u00e5leb\u00e5ndet holdes parallelt med jorden.<\/p>\n<p data-start=\"252\" data-end=\"550\"><strong data-start=\"252\" data-end=\"263\">A H\u00f8jde<\/strong><br data-start=\"263\" data-end=\"266\" \/>Stil barnet eller den unge p\u00e5 et fast underlag med en flad overflade bag sig. S\u00f8rg for, at f\u00f8dderne er samlet, armene er placeret langs kroppen, og hele kroppen r\u00f8rer overfladen. Mark\u00e9r det punkt, hvor toppen af hovedet r\u00f8rer overfladen, og m\u00e5l afstanden fra gulvet til markeringen.<\/p>\n<p data-start=\"552\" data-end=\"630\"><strong data-start=\"552\" data-end=\"563\">B Talje<\/strong><br data-start=\"563\" data-end=\"566\" \/>Placer m\u00e5leb\u00e5ndet p\u00e5 den smalleste del af taljen og m\u00e5l rundt.<\/p>\n<p data-start=\"632\" data-end=\"769\" data-is-last-node=\"\" data-is-only-node=\"\"><strong data-start=\"632\" data-end=\"644\">C Hofter<\/strong><br data-start=\"644\" data-end=\"647\" \/>Plac\u00e9r starten af m\u00e5leb\u00e5ndet p\u00e5 den ene hofte og f\u00f8r det hen over den bredeste del af hofterne tilbage til udgangspunktet.<\/p>\n<table class=\"size-guide__table size-guide__new\">\n<thead>\n<tr>\n<td class=\"pf-p-12 pf-text-gray-900\">St\u00f8rrelse<\/td>\n<td class=\"pf-p-12 pf-text-gray-900\">H\u00f8jde<\/td>\n<td class=\"pf-p-12 pf-text-gray-900\">Talje<\/td>\n<td class=\"pf-p-12 pf-text-gray-900\">Hofter<\/td>\n<\/tr>\n<\/thead>\n<tbody>\n<tr>\n<td class=\"pf-p-12 pf-text-gray-900\">8<\/td>\n<td class=\"pf-p-12 pf-text-gray-900\">134<\/td>\n<td class=\"pf-p-12 pf-text-gray-900\">60<\/td>\n<td class=\"pf-p-12 pf-text-gray-900\">73<\/td>\n<\/tr>\n<tr>\n<td class=\"pf-p-12 pf-text-gray-900\">10<\/td>\n<td class=\"pf-p-12 pf-text-gray-900\">140<\/td>\n<td class=\"pf-p-12 pf-text-gray-900\">62<\/td>\n<td class=\"pf-p-12 pf-text-gray-900\">77<\/td>\n<\/tr>\n<tr>\n<td class=\"pf-p-12 pf-text-gray-900\">12<\/td>\n<td class=\"pf-p-12 pf-text-gray-900\">146<\/td>\n<td class=\"pf-p-12 pf-text-gray-900\">64<\/td>\n<td class=\"pf-p-12 pf-text-gray-900\">80<\/td>\n<\/tr>\n<tr>\n<td class=\"pf-p-12 pf-text-gray-900\">14<\/td>\n<td class=\"pf-p-12 pf-text-gray-900\">152<\/td>\n<td class=\"pf-p-12 pf-text-gray-900\">66<\/td>\n<td class=\"pf-p-12 pf-text-gray-900\">83<\/td>\n<\/tr>\n<tr>\n<td class=\"pf-p-12 pf-text-gray-900\">16<\/td>\n<td class=\"pf-p-12 pf-text-gray-900\">158<\/td>\n<td class=\"pf-p-12 pf-text-gray-900\">67<\/td>\n<td class=\"pf-p-12 pf-text-gray-900\">86<\/td>\n<\/tr>\n<tr>\n<td class=\"pf-p-12 pf-text-gray-900\">18<\/td>\n<td class=\"pf-p-12 pf-text-gray-900\">164<\/td>\n<td class=\"pf-p-12 pf-text-gray-900\">68<\/td>\n<td class=\"pf-p-12 pf-text-gray-900\">88<\/td>\n<\/tr>\n<tr>\n<td class=\"pf-p-12 pf-text-gray-900\">20<\/td>\n<td class=\"pf-p-12 pf-text-gray-900\">170<\/td>\n<td class=\"pf-p-12 pf-text-gray-900\">69<\/td>\n<td class=\"pf-p-12 pf-text-gray-900\">90<\/td>\n<\/tr>\n<\/tbody>\n<\/table>\n<p>Alle m\u00e5l er i centimeter<\/p>\n<p>Pro-tip! M\u00e5l et af dine produkter derhjemme og sammenlign med m\u00e5lene, du ser i denne vejledning.<\/p>\n<h4>Leveringstid<\/h4>\n<p>Da dette er et print on demand produkt kan leveringstiden variere. Typisk er leveringstiden en til to uger. Vi pr\u00f8ver altid at finde leverand\u00f8rer s\u00e5 geografisk t\u00e6t p\u00e5 som muligt for at minimere leveringstid og transportomkostninger.<\/p>\n","protected":false},"excerpt":{"rendered":"<p>Tag din stil til det n\u00e6ste niveau med Ungdoms PlayFlex Leggings &#8211; Dristig Pink Camo! Disse leggings kombinerer mode og funktionalitet, perfekt til unge, der elsker<span class=\"excerpt-hellip\"> [\u2026]<\/span><\/p>\n","protected":false},"featured_media":48233,"comment_status":"open","ping_status":"closed","template":"","meta":[],"product_cat":[353],"product_tag":[],"_links":{"self":[{"href":"https:\/\/ukraineboost.com\/dk\/wp-json\/wp\/v2\/product\/48225"}],"collection":[{"href":"https:\/\/ukraineboost.com\/dk\/wp-json\/wp\/v2\/product"}],"about":[{"href":"https:\/\/ukraineboost.com\/dk\/wp-json\/wp\/v2\/types\/product"}],"replies":[{"embeddable":true,"href":"https:\/\/ukraineboost.com\/dk\/wp-json\/wp\/v2\/comments?post=48225"}],"wp:featuredmedia":[{"embeddable":true,"href":"https:\/\/ukraineboost.com\/dk\/wp-json\/wp\/v2\/media\/48233"}],"wp:attachment":[{"href":"https:\/\/ukraineboost.com\/dk\/wp-json\/wp\/v2\/media?parent=48225"}],"wp:term":[{"taxonomy":"product_cat","embeddable":true,"href":"https:\/\/ukraineboost.com\/dk\/wp-json\/wp\/v2\/product_cat?post=48225"},{"taxonomy":"product_tag","embeddable":true,"href":"https:\/\/ukraineboost.com\/dk\/wp-json\/wp\/v2\/product_tag?post=48225"}],"curies":[{"name":"wp","href":"https:\/\/api.w.org\/{rel}","templated":true}]}}