{"id":4821,"date":"2023-06-06T16:48:08","date_gmt":"2023-06-06T16:48:08","guid":{"rendered":"https:\/\/ukraineboost.com\/dk\/product\/unisex-heavy-cotton-tee-russian-warship-fuck-yourself-set-1\/"},"modified":"2023-06-24T17:41:55","modified_gmt":"2023-06-24T17:41:55","slug":"unisex-heavy-cotton-tee-russian-warship-fuck-yourself-set-1","status":"publish","type":"product","link":"https:\/\/ukraineboost.com\/dk\/product\/unisex-heavy-cotton-tee-russian-warship-fuck-yourself-set-1\/","title":{"rendered":"Unisex Heavy Cotton Tee &#8211; Russian Warship &#8211; Go fuck yourself &#8211; set 1"},"content":{"rendered":"<div class=\"flex flex-grow flex-col gap-3\">\n<div class=\"min-h-[20px] flex flex-col items-start gap-4 whitespace-pre-wrap break-words\">\n<div class=\"markdown prose w-full break-words dark:prose-invert light\">\n<p>Den unisex kraftige bomuld T-shirt er det grundl\u00e6ggende fundament i enhver garderobe. Det er fundamentet, hvorp\u00e5 afslappet mode vokser. Alt hvad den beh\u00f8ver er et personligt design for at h\u00e6ve tingene til profitabilitet. De specielt spunne fibre giver en glat overflade til f\u00f8rsteklasses tryk med levende farver og skarphed. Uden sides\u00f8mme betyder, at der ikke er irriterende afbrydelser under armene. Skuldrene har b\u00e5nd for forbedret holdbarhed.<\/p>\n<ul>\n<li>100% bomuld (fiberindhold kan variere for forskellige farver)<\/li>\n<li>Medium stof (5.3 oz\/yd\u00b2 (180 g\/m\u00b2))<\/li>\n<li>Klassisk pasform<\/li>\n<li>Aftageligt label<\/li>\n<li>Holder pasformen<\/li>\n<\/ul>\n<h4>M\u00e5leskema<\/h4>\n<p>Vi opfordrer dig til v\u00e6re omhyggelig med at v\u00e6lge den rigtige st\u00f8rrelse, da vi gerne vil undg\u00e5 s\u00e5 mange returvarer som muligt. M\u00e5let er at st\u00f8tte Ukraine s\u00e5 derfor vil vi gerne holde alle omkostninger s\u00e5 lave som muligt. Vi vedl\u00e6gger m\u00e5lskemaer ved alle varer, da de kommer fra forskellige leverand\u00f8rer, s\u00e5 derfor kan st\u00f8rrelserne variere. Vi takker for din forst\u00e5else.<\/p>\n<\/div>\n<\/div>\n<\/div>\n<table id=\"size-guide\" style=\"min-width: 360px;\">\n<thead>\n<tr>\n<th style=\"padding: 10px;\"><\/th>\n<th style=\"color: #000000; font-weight: 500; text-align: left; font-size: 15px; padding: 10px;\">S<\/th>\n<th style=\"color: #000000; font-weight: 500; text-align: left; font-size: 15px; padding: 10px;\">M<\/th>\n<th style=\"color: #000000; font-weight: 500; text-align: left; font-size: 15px; padding: 10px;\">L<\/th>\n<th style=\"color: #000000; font-weight: 500; text-align: left; font-size: 15px; padding: 10px;\">XL<\/th>\n<th style=\"color: #000000; font-weight: 500; text-align: left; font-size: 15px; padding: 10px;\">2XL<\/th>\n<th style=\"color: #000000; font-weight: 500; text-align: left; font-size: 15px; padding: 10px;\">3XL<\/th>\n<th style=\"color: #000000; font-weight: 500; text-align: left; font-size: 15px; padding: 10px;\">4XL<\/th>\n<th style=\"color: #000000; font-weight: 500; text-align: left; font-size: 15px; padding: 10px;\">5XL<\/th>\n<\/tr>\n<\/thead>\n<tbody>\n<tr>\n<td style=\"padding: 10px; color: #525252; font-size: 15px; border-top: 1px solid #ededed;\">Bredde, cm<\/td>\n<td style=\"padding: 10px; color: #525252; font-size: 15px; border-top: 1px solid #ededed;\">45.70<\/td>\n<td style=\"padding: 10px; color: #525252; font-size: 15px; border-top: 1px solid #ededed;\">50.80<\/td>\n<td style=\"padding: 10px; color: #525252; font-size: 15px; border-top: 1px solid #ededed;\">55.80<\/td>\n<td style=\"padding: 10px; color: #525252; font-size: 15px; border-top: 1px solid #ededed;\">60.90<\/td>\n<td style=\"padding: 10px; color: #525252; font-size: 15px; border-top: 1px solid #ededed;\">66.00<\/td>\n<td style=\"padding: 10px; color: #525252; font-size: 15px; border-top: 1px solid #ededed;\">71.10<\/td>\n<td style=\"padding: 10px; color: #525252; font-size: 15px; border-top: 1px solid #ededed;\">76.30<\/td>\n<td style=\"padding: 10px; color: #525252; font-size: 15px; border-top: 1px solid #ededed;\">81.20<\/td>\n<\/tr>\n<tr>\n<td style=\"padding: 10px; color: #525252; font-size: 15px; border-top: 1px solid #ededed;\">L\u00e6ngde, cm<\/td>\n<td style=\"padding: 10px; color: #525252; font-size: 15px; border-top: 1px solid #ededed;\">71.12<\/td>\n<td style=\"padding: 10px; color: #525252; font-size: 15px; border-top: 1px solid #ededed;\">73.66<\/td>\n<td style=\"padding: 10px; color: #525252; font-size: 15px; border-top: 1px solid #ededed;\">76.20<\/td>\n<td style=\"padding: 10px; color: #525252; font-size: 15px; border-top: 1px solid #ededed;\">78.74<\/td>\n<td style=\"padding: 10px; color: #525252; font-size: 15px; border-top: 1px solid #ededed;\">81.28<\/td>\n<td style=\"padding: 10px; color: #525252; font-size: 15px; border-top: 1px solid #ededed;\">83.82<\/td>\n<td style=\"padding: 10px; color: #525252; font-size: 15px; border-top: 1px solid #ededed;\">86.36<\/td>\n<td style=\"padding: 10px; color: #525252; font-size: 15px; border-top: 1px solid #ededed;\">88.90<\/td>\n<\/tr>\n<tr>\n<td style=\"padding: 10px; color: #525252; font-size: 15px; border-top: 1px solid #ededed;\">\u00c6rmel\u00e6ngde, cm<\/td>\n<td style=\"padding: 10px; color: #525252; font-size: 15px; border-top: 1px solid #ededed;\">18.40<\/td>\n<td style=\"padding: 10px; color: #525252; font-size: 15px; border-top: 1px solid #ededed;\">19.70<\/td>\n<td style=\"padding: 10px; color: #525252; font-size: 15px; border-top: 1px solid #ededed;\">20.90<\/td>\n<td style=\"padding: 10px; color: #525252; font-size: 15px; border-top: 1px solid #ededed;\">22.20<\/td>\n<td style=\"padding: 10px; color: #525252; font-size: 15px; border-top: 1px solid #ededed;\">23.50<\/td>\n<td style=\"padding: 10px; color: #525252; font-size: 15px; border-top: 1px solid #ededed;\">24.80<\/td>\n<td style=\"padding: 10px; color: #525252; font-size: 15px; border-top: 1px solid #ededed;\">26.00<\/td>\n<td style=\"padding: 10px; color: #525252; font-size: 15px; border-top: 1px solid #ededed;\">27.30<\/td>\n<\/tr>\n<\/tbody>\n<\/table>\n<h4>Leveringstid<\/h4>\n<p>Da dette er et print on demand tid kan leveringstiden variere. Typisk er leveringstiden en til to uger. Vi pr\u00f8ver at finde en leverand\u00f8r s\u00e5 geografisk t\u00e6t p\u00e5 som muligt for at minimere leveringstid og transportomkostninger.<\/p>\n<h4>Egenskaber<\/h4>\n<p><a href=\"https:\/\/ukraineboost.com\/dk\/wp-content\/uploads\/sites\/12\/2023\/05\/icons_v4_outlined_39_collar_seam.svg\"><img decoding=\"async\" class=\"alignleft wp-image-6255\" src=\"https:\/\/ukraineboost.com\/dk\/wp-content\/uploads\/sites\/12\/2023\/05\/icons_v4_outlined_37_shoulder_tape.svg\" alt=\"\" width=\"50\" \/><\/a><strong>Skulderb\u00e5nd<\/strong><\/p>\n<p>Tvill-b\u00e5nd d\u00e6kker skulders\u00f8mmene for at stabilisere bagsiden af bekl\u00e6dningsstykket og forhindre str\u00e6kning.<\/p>\n<p><img decoding=\"async\" class=\"alignleft wp-image-6902\" src=\"https:\/\/ukraineboost.com\/dk\/wp-content\/uploads\/sites\/12\/2023\/05\/icons_v4_outlined_34_without_side_seams.svg\" alt=\"\" width=\"50\" \/><\/p>\n<p><strong>Uden sides\u00f8mme<\/strong><\/p>\n<p>Strikket i \u00e9t stykke ved hj\u00e6lp af r\u00f8rformet strikning, reducerer det stofaffald og g\u00f8r bekl\u00e6dningsstykket mere attraktivt.<\/p>\n<p><a href=\"https:\/\/ukraineboost.com\/dk\/wp-content\/uploads\/sites\/12\/2023\/05\/icons_v4_outlined_39_collar_seam.svg\"><img decoding=\"async\" class=\"alignleft wp-image-6282\" src=\"https:\/\/ukraineboost.com\/dk\/wp-content\/uploads\/sites\/12\/2023\/05\/icons_v4_outlined_39_collar_seam.svg\" alt=\"\" width=\"50\" \/><\/a><strong>Ribstrikket krave uden s\u00f8m<\/strong><\/p>\n<p>Ribstrik g\u00f8r kraven meget elastisk og hj\u00e6lper med at bevare dens form.<\/p>\n<p><img decoding=\"async\" class=\"alignleft wp-image-6253\" src=\"https:\/\/ukraineboost.com\/dk\/wp-content\/uploads\/sites\/12\/2023\/05\/icons_v4_outlined_1_cotton.svg\" alt=\"\" width=\"50\" \/><\/p>\n<p><strong>Fiber sammens\u00e6tning<\/strong><\/p>\n<p>Ensfarvede farver er 100% bomuld; Melange farver er 50% bomuld, 50% polyester (Sport Grey og Antique farver er 90% bomuld, 10% polyester. Ash er 99% bomuld, 1% polyester).<\/p>\n<p><img decoding=\"async\" class=\"alignleft wp-image-6826\" src=\"https:\/\/ukraineboost.com\/dk\/wp-content\/uploads\/sites\/12\/2023\/05\/icons_v4_outlined_21_cover.svg\" alt=\"\" width=\"50\" \/><\/p>\n<p><strong>Stof<\/strong><\/p>\n<p>Fremstillet af s\u00e6rligt spunne fibre, der skaber et meget st\u00e6rkt og glat stof, der er perfekt til trykning. Farven &#8220;Natural&#8221; er lavet af uforarbejdet bomuld, hvilket resulterer i sm\u00e5 sorte pletter over hele stoffet.<\/p>\n<h4>Vedligeholdelse<\/h4>\n<p><a href=\"https:\/\/ukraineboost.com\/dk\/wp-content\/uploads\/sites\/12\/2023\/05\/main_59e0f7bdb8e7e31747148874.svg\"><img decoding=\"async\" class=\"alignnone size-full wp-image-6308\" src=\"https:\/\/ukraineboost.com\/dk\/wp-content\/uploads\/sites\/12\/2023\/05\/main_59e0f7bdb8e7e31747148874.svg\" alt=\"\" \/><\/a><img decoding=\"async\" class=\"alignnone size-medium wp-image-6312\" src=\"https:\/\/ukraineboost.com\/dk\/wp-content\/uploads\/sites\/12\/2023\/05\/main_59e71038b8e7e3497d1b51f3.svg\" alt=\"\" width=\"1\" height=\"1\" \/><img decoding=\"async\" class=\"alignnone size-full wp-image-6309\" src=\"https:\/\/ukraineboost.com\/dk\/wp-content\/uploads\/sites\/12\/2023\/05\/main_59e0f7fbb8e7e36e4f604bef.svg\" alt=\"\" \/><a href=\"https:\/\/ukraineboost.com\/dk\/wp-content\/uploads\/sites\/12\/2023\/06\/5a182c02b8e7e37c90280109.svg\"><img decoding=\"async\" class=\"alignnone size-full wp-image-7261\" src=\"https:\/\/ukraineboost.com\/dk\/wp-content\/uploads\/sites\/12\/2023\/06\/5a182c02b8e7e37c90280109.svg\" alt=\"\" \/><\/a><img decoding=\"async\" class=\"alignnone size-full wp-image-6311\" src=\"https:\/\/ukraineboost.com\/dk\/wp-content\/uploads\/sites\/12\/2023\/05\/main_59e0f996b8e7e30aa75167b2.svg\" alt=\"\" \/><img decoding=\"async\" class=\"alignnone size-full wp-image-6312\" src=\"https:\/\/ukraineboost.com\/dk\/wp-content\/uploads\/sites\/12\/2023\/05\/main_59e71038b8e7e3497d1b51f3.svg\" alt=\"\" \/><\/p>\n<p>Maskinvask: varm (maks. 40\u00b0C eller 105\u00b0F); Ikke-klorholdigt: blegemiddel efter behov; T\u00f8rretumbling: medium; M\u00e5 ikke stryges; M\u00e5 ikke renses kemisk.<\/p>\n","protected":false},"excerpt":{"rendered":"<p>Den unisex kraftige bomuld T-shirt er det grundl\u00e6ggende fundament i enhver garderobe. Det er fundamentet, hvorp\u00e5 afslappet mode vokser. Alt hvad den beh\u00f8ver er et personligt<span class=\"excerpt-hellip\"> [\u2026]<\/span><\/p>\n","protected":false},"featured_media":4869,"comment_status":"open","ping_status":"closed","template":"","meta":[],"product_cat":[194,165,182],"product_tag":[],"_links":{"self":[{"href":"https:\/\/ukraineboost.com\/dk\/wp-json\/wp\/v2\/product\/4821"}],"collection":[{"href":"https:\/\/ukraineboost.com\/dk\/wp-json\/wp\/v2\/product"}],"about":[{"href":"https:\/\/ukraineboost.com\/dk\/wp-json\/wp\/v2\/types\/product"}],"replies":[{"embeddable":true,"href":"https:\/\/ukraineboost.com\/dk\/wp-json\/wp\/v2\/comments?post=4821"}],"wp:featuredmedia":[{"embeddable":true,"href":"https:\/\/ukraineboost.com\/dk\/wp-json\/wp\/v2\/media\/4869"}],"wp:attachment":[{"href":"https:\/\/ukraineboost.com\/dk\/wp-json\/wp\/v2\/media?parent=4821"}],"wp:term":[{"taxonomy":"product_cat","embeddable":true,"href":"https:\/\/ukraineboost.com\/dk\/wp-json\/wp\/v2\/product_cat?post=4821"},{"taxonomy":"product_tag","embeddable":true,"href":"https:\/\/ukraineboost.com\/dk\/wp-json\/wp\/v2\/product_tag?post=4821"}],"curies":[{"name":"wp","href":"https:\/\/api.w.org\/{rel}","templated":true}]}}