{"id":48209,"date":"2025-01-28T20:11:06","date_gmt":"2025-01-28T20:11:06","guid":{"rendered":"https:\/\/ukraineboost.com\/dk\/product\/kids-leggings\/"},"modified":"2025-02-26T10:46:47","modified_gmt":"2025-02-26T10:46:47","slug":"kids-leggings","status":"publish","type":"product","link":"https:\/\/ukraineboost.com\/dk\/product\/kids-leggings\/","title":{"rendered":"PlayFlex Leggings &#8211; Dristig Pink Camo"},"content":{"rendered":"<p data-start=\"45\" data-end=\"88\"><strong data-start=\"45\" data-end=\"86\">Leggings til aktive b\u00f8rn med attitude<\/strong><\/p>\n<p data-start=\"90\" data-end=\"347\">Giv dit barn den perfekte kombination af stil, komfort og bev\u00e6gelsesfrihed med <em data-start=\"169\" data-end=\"208\">PlayFlex Leggings &#8211; Dristig Pink Camo<\/em>! Disse leggings er skabt til b\u00f8rn, der elsker at lege, l\u00f8be og udforske verden \u2013 alt sammen i en i\u00f8jnefaldende og modig pink camouflage.<\/p>\n<p data-start=\"349\" data-end=\"604\">Med en blanding af dyb bordeaux, intens magenta, blid blush og levende fuchsia skiller dette m\u00f8nster sig ud og viser personlighed. Det organiske og dynamiske design skaber en unik visuel tekstur, perfekt til b\u00f8rn, der ikke er bange for at skille sig ud.<\/p>\n<h3 data-start=\"606\" data-end=\"638\"><strong data-start=\"610\" data-end=\"636\">Funktioner og fordele:<\/strong><\/h3>\n<p data-start=\"639\" data-end=\"1131\">\u2714 <strong data-start=\"641\" data-end=\"669\">Superbl\u00f8de og behagelige<\/strong> \u2013 Fremstillet af et elastisk mikrofibergarn, der f\u00f8les fantastisk mod huden.<br data-start=\"746\" data-end=\"749\" \/>\u2714 <strong data-start=\"751\" data-end=\"777\">Holdbare og slidst\u00e6rke<\/strong> \u2013 Perfekte til leg, uden at farverne falmer.<br data-start=\"822\" data-end=\"825\" \/>\u2714 <strong data-start=\"827\" data-end=\"848\">Fleksibel pasform<\/strong> \u2013 Elastisk linning giver optimal komfort og bev\u00e6gelsesfrihed.<br data-start=\"910\" data-end=\"913\" \/>\u2714 <strong data-start=\"915\" data-end=\"941\">Kvalitetsforarbejdning<\/strong> \u2013 Syet med overlock- og coverstitch-s\u00f8mme for ekstra holdbarhed.<br data-start=\"1006\" data-end=\"1009\" data-is-only-node=\"\" \/>\u2714 <strong data-start=\"1011\" data-end=\"1043\">Perfekt til alle aktiviteter<\/strong> \u2013 Uanset om det er til sport, skole eller afslapning, er disse leggings et must-have!<\/p>\n<p data-start=\"1133\" data-end=\"1168\"><strong data-start=\"1133\" data-end=\"1166\">Materiale og specifikationer:<\/strong><\/p>\n<ul data-start=\"1169\" data-end=\"1318\">\n<li data-start=\"1169\" data-end=\"1199\">82% polyester, 18% spandex<\/li>\n<li data-start=\"1200\" data-end=\"1243\">Stofv\u00e6gt: 230 g\/m\u00b2 (kan variere med 5%)<\/li>\n<li data-start=\"1244\" data-end=\"1291\">Firevejsstr\u00e6k for maksimal bev\u00e6gelsesfrihed<\/li>\n<li data-start=\"1292\" data-end=\"1318\">H\u00e5ndsyet for pr\u00e6cision<\/li>\n<\/ul>\n<p data-start=\"1320\" data-end=\"1543\"><strong data-start=\"1323\" data-end=\"1351\">St\u00f8t Ukraine med dit k\u00f8b<\/strong><br data-start=\"1351\" data-end=\"1354\" \/>UkraineBoost s\u00e6lger produkter i st\u00f8tte for Ukraines kamp for frihed, fred og sikkerhed. N\u00e5r du k\u00f8ber disse leggings, viser du din st\u00f8tte og hj\u00e6lper med at sprede budskabet om solidaritet.<\/p>\n<p data-start=\"1545\" data-end=\"1912\" data-is-last-node=\"\" data-is-only-node=\"\"><strong data-start=\"1548\" data-end=\"1592\">Bestil nu og v\u00e6r en del af forandringen!<\/strong><br data-start=\"1592\" data-end=\"1595\" \/>Del produktet med dine venner og familie \u2013 m\u00e5ske vil de ogs\u00e5 st\u00f8tte sagen. Husk, at produktet er specielt fremstillet til dig ved bestilling, hvilket betyder, at levering tager lidt l\u00e6ngere tid. Ved at undg\u00e5 masseproduktion hj\u00e6lper vi med at reducere overproduktion. <strong data-start=\"1862\" data-end=\"1907\">Tak, fordi du tr\u00e6ffer et ansvarligt valg!<\/strong> \ud83d\udc99\ud83d\udc9b<\/p>\n<h4>M\u00e5lskema<\/h4>\n<p>Vi opfordrer dig til v\u00e6re omhyggelig med at v\u00e6lge den rigtige st\u00f8rrelse, da vi gerne vil undg\u00e5 s\u00e5 mange returvarer som muligt. M\u00e5let er at st\u00f8tte Ukraine s\u00e5 derfor vil vi gerne holde alle omkostninger s\u00e5 lave som muligt. Vi vedl\u00e6gger m\u00e5lskemaer ved alle varer, da de kommer fra forskellige leverand\u00f8rer, s\u00e5 derfor kan st\u00f8rrelserne variere. Vi takker for din forst\u00e5else.<\/p>\n<p data-start=\"0\" data-end=\"16\"><strong data-start=\"0\" data-end=\"14\">Produktm\u00e5l<\/strong><\/p>\n<p data-start=\"18\" data-end=\"205\" data-is-last-node=\"\" data-is-only-node=\"\"><img decoding=\"async\" class=\"size-medium wp-image-48312 alignleft\" src=\"https:\/\/ukraineboost.com\/dk\/wp-content\/uploads\/sites\/12\/2025\/02\/00131_All-Over-Print-Kids-Leggings-300x300.png\" alt=\"\" width=\"300\" height=\"300\" srcset=\"https:\/\/ukraineboost.com\/dk\/wp-content\/uploads\/sites\/12\/2025\/02\/00131_All-Over-Print-Kids-Leggings-300x300.png 300w, https:\/\/ukraineboost.com\/dk\/wp-content\/uploads\/sites\/12\/2025\/02\/00131_All-Over-Print-Kids-Leggings-150x150.png 150w, https:\/\/ukraineboost.com\/dk\/wp-content\/uploads\/sites\/12\/2025\/02\/00131_All-Over-Print-Kids-Leggings-75x75.png 75w, https:\/\/ukraineboost.com\/dk\/wp-content\/uploads\/sites\/12\/2025\/02\/00131_All-Over-Print-Kids-Leggings-24x24.png 24w, https:\/\/ukraineboost.com\/dk\/wp-content\/uploads\/sites\/12\/2025\/02\/00131_All-Over-Print-Kids-Leggings-36x36.png 36w, https:\/\/ukraineboost.com\/dk\/wp-content\/uploads\/sites\/12\/2025\/02\/00131_All-Over-Print-Kids-Leggings-48x48.png 48w, https:\/\/ukraineboost.com\/dk\/wp-content\/uploads\/sites\/12\/2025\/02\/00131_All-Over-Print-Kids-Leggings-50x50.png 50w, https:\/\/ukraineboost.com\/dk\/wp-content\/uploads\/sites\/12\/2025\/02\/00131_All-Over-Print-Kids-Leggings-100x100.png 100w, https:\/\/ukraineboost.com\/dk\/wp-content\/uploads\/sites\/12\/2025\/02\/00131_All-Over-Print-Kids-Leggings.png 343w\" sizes=\"(max-width:767px) 300px, 300px\" \/>Denne st\u00f8rrelsesguide viser produktm\u00e5l, der er taget, n\u00e5r produktet ligger fladt. De faktiske m\u00e5l kan variere med op til 2,54 cm, da hvert produkt er h\u00e5ndlavet og specialfremstillet.<\/p>\n<table class=\"size-guide__table size-guide__new\">\n<thead>\n<tr>\n<td class=\"pf-p-12 pf-text-gray-900\">St\u00f8rrelse<\/td>\n<td class=\"pf-p-12 pf-text-gray-900\">A<\/td>\n<td class=\"pf-p-12 pf-text-gray-900\">B<\/td>\n<td class=\"pf-p-12 pf-text-gray-900\">C<\/td>\n<\/tr>\n<\/thead>\n<tbody>\n<tr>\n<td class=\"pf-p-12 pf-text-gray-900\">2T<\/td>\n<td class=\"pf-p-12 pf-text-gray-900\">20.5<\/td>\n<td class=\"pf-p-12 pf-text-gray-900\">32<\/td>\n<td class=\"pf-p-12 pf-text-gray-900\">16.5<\/td>\n<\/tr>\n<tr>\n<td class=\"pf-p-12 pf-text-gray-900\">3T<\/td>\n<td class=\"pf-p-12 pf-text-gray-900\">21.5<\/td>\n<td class=\"pf-p-12 pf-text-gray-900\">35<\/td>\n<td class=\"pf-p-12 pf-text-gray-900\">17<\/td>\n<\/tr>\n<tr>\n<td class=\"pf-p-12 pf-text-gray-900\">4T<\/td>\n<td class=\"pf-p-12 pf-text-gray-900\">22<\/td>\n<td class=\"pf-p-12 pf-text-gray-900\">38<\/td>\n<td class=\"pf-p-12 pf-text-gray-900\">17.5<\/td>\n<\/tr>\n<tr>\n<td class=\"pf-p-12 pf-text-gray-900\">5T<\/td>\n<td class=\"pf-p-12 pf-text-gray-900\">23<\/td>\n<td class=\"pf-p-12 pf-text-gray-900\">41<\/td>\n<td class=\"pf-p-12 pf-text-gray-900\">18<\/td>\n<\/tr>\n<tr>\n<td class=\"pf-p-12 pf-text-gray-900\">6<\/td>\n<td class=\"pf-p-12 pf-text-gray-900\">23.5<\/td>\n<td class=\"pf-p-12 pf-text-gray-900\">44<\/td>\n<td class=\"pf-p-12 pf-text-gray-900\">18.5<\/td>\n<\/tr>\n<tr>\n<td class=\"pf-p-12 pf-text-gray-900\">6X<\/td>\n<td class=\"pf-p-12 pf-text-gray-900\">24<\/td>\n<td class=\"pf-p-12 pf-text-gray-900\">47<\/td>\n<td class=\"pf-p-12 pf-text-gray-900\">19<\/td>\n<\/tr>\n<tr>\n<td class=\"pf-p-12 pf-text-gray-900\">7<\/td>\n<td class=\"pf-p-12 pf-text-gray-900\">24.5<\/td>\n<td class=\"pf-p-12 pf-text-gray-900\">50<\/td>\n<td class=\"pf-p-12 pf-text-gray-900\">19.5<\/td>\n<\/tr>\n<\/tbody>\n<\/table>\n<p>\u00a0<\/p>\n<p data-start=\"0\" data-end=\"24\"><strong data-start=\"0\" data-end=\"22\">Guide til kropsm\u00e5l<\/strong><\/p>\n<p data-start=\"26\" data-end=\"154\"><img decoding=\"async\" class=\"size-medium wp-image-48313 alignleft\" src=\"https:\/\/ukraineboost.com\/dk\/wp-content\/uploads\/sites\/12\/2025\/02\/00131_body_All-Over-Print-Kids-Leggings-238x300.png\" alt=\"\" width=\"238\" height=\"300\" srcset=\"https:\/\/ukraineboost.com\/dk\/wp-content\/uploads\/sites\/12\/2025\/02\/00131_body_All-Over-Print-Kids-Leggings-238x300.png 238w, https:\/\/ukraineboost.com\/dk\/wp-content\/uploads\/sites\/12\/2025\/02\/00131_body_All-Over-Print-Kids-Leggings-59x75.png 59w, https:\/\/ukraineboost.com\/dk\/wp-content\/uploads\/sites\/12\/2025\/02\/00131_body_All-Over-Print-Kids-Leggings-19x24.png 19w, https:\/\/ukraineboost.com\/dk\/wp-content\/uploads\/sites\/12\/2025\/02\/00131_body_All-Over-Print-Kids-Leggings-29x36.png 29w, https:\/\/ukraineboost.com\/dk\/wp-content\/uploads\/sites\/12\/2025\/02\/00131_body_All-Over-Print-Kids-Leggings-38x48.png 38w, https:\/\/ukraineboost.com\/dk\/wp-content\/uploads\/sites\/12\/2025\/02\/00131_body_All-Over-Print-Kids-Leggings.png 249w\" sizes=\"(max-width:767px) 238px, 238px\" \/>Denne st\u00f8rrelsesguide viser kropsm\u00e5l. Vi anbefaler at bestille en st\u00f8rrelse mindre, hvis dine m\u00e5l ligger mellem to st\u00f8rrelser.<\/p>\n<p data-start=\"156\" data-end=\"174\"><strong data-start=\"156\" data-end=\"172\">M\u00e5l dig selv<\/strong><\/p>\n<p data-start=\"176\" data-end=\"250\">For alle vandrette m\u00e5linger skal m\u00e5leb\u00e5ndet holdes parallelt med gulvet.<\/p>\n<p data-start=\"252\" data-end=\"518\"><strong data-start=\"252\" data-end=\"263\">A H\u00f8jde<\/strong><br data-start=\"263\" data-end=\"266\" \/>Lad barnet st\u00e5 p\u00e5 et fast gulv med en flad overflade bag sig. F\u00f8dderne skal v\u00e6re samlet, armene langs siden, og hele kroppen skal r\u00f8re overfladen. Mark\u00e9r det punkt, hvor toppen af hovedet rammer overfladen. M\u00e5l afstanden mellem gulvet og markeringen.<\/p>\n<p data-start=\"520\" data-end=\"601\"><strong data-start=\"520\" data-end=\"531\">B Talje<\/strong><br data-start=\"531\" data-end=\"534\" \/>Placer m\u00e5leb\u00e5ndet p\u00e5 den smalleste del af taljen og m\u00e5l rundt om.<\/p>\n<p data-start=\"603\" data-end=\"740\" data-is-last-node=\"\" data-is-only-node=\"\"><strong data-start=\"603\" data-end=\"615\">C Hofter<\/strong><br data-start=\"615\" data-end=\"618\" \/>Plac\u00e9r m\u00e5leb\u00e5ndets startpunkt p\u00e5 den ene hofte, og f\u00f8r det hen over den bredeste del af hofterne tilbage til startpunktet.<\/p>\n<table class=\"size-guide__table size-guide__new\">\n<thead>\n<tr>\n<td class=\"pf-p-12 pf-text-gray-900\">St\u00f8rrelse<\/td>\n<td class=\"pf-p-12 pf-text-gray-900\">H\u00f8jde<\/td>\n<td class=\"pf-p-12 pf-text-gray-900\">Talje<\/td>\n<td class=\"pf-p-12 pf-text-gray-900\">Hofter<\/td>\n<\/tr>\n<\/thead>\n<tbody>\n<tr>\n<td class=\"pf-p-12 pf-text-gray-900\">2T<\/td>\n<td class=\"pf-p-12 pf-text-gray-900\">92<\/td>\n<td class=\"pf-p-12 pf-text-gray-900\">51<\/td>\n<td class=\"pf-p-12 pf-text-gray-900\">53<\/td>\n<\/tr>\n<tr>\n<td class=\"pf-p-12 pf-text-gray-900\">3T<\/td>\n<td class=\"pf-p-12 pf-text-gray-900\">98<\/td>\n<td class=\"pf-p-12 pf-text-gray-900\">52.5<\/td>\n<td class=\"pf-p-12 pf-text-gray-900\">56.5<\/td>\n<\/tr>\n<tr>\n<td class=\"pf-p-12 pf-text-gray-900\">4T<\/td>\n<td class=\"pf-p-12 pf-text-gray-900\">104<\/td>\n<td class=\"pf-p-12 pf-text-gray-900\">54<\/td>\n<td class=\"pf-p-12 pf-text-gray-900\">60<\/td>\n<\/tr>\n<tr>\n<td class=\"pf-p-12 pf-text-gray-900\">5T<\/td>\n<td class=\"pf-p-12 pf-text-gray-900\">110<\/td>\n<td class=\"pf-p-12 pf-text-gray-900\">55<\/td>\n<td class=\"pf-p-12 pf-text-gray-900\">62<\/td>\n<\/tr>\n<tr>\n<td class=\"pf-p-12 pf-text-gray-900\">6<\/td>\n<td class=\"pf-p-12 pf-text-gray-900\">116<\/td>\n<td class=\"pf-p-12 pf-text-gray-900\">56<\/td>\n<td class=\"pf-p-12 pf-text-gray-900\">64<\/td>\n<\/tr>\n<tr>\n<td class=\"pf-p-12 pf-text-gray-900\">6X<\/td>\n<td class=\"pf-p-12 pf-text-gray-900\">122<\/td>\n<td class=\"pf-p-12 pf-text-gray-900\">57<\/td>\n<td class=\"pf-p-12 pf-text-gray-900\">66<\/td>\n<\/tr>\n<tr>\n<td class=\"pf-p-12 pf-text-gray-900\">7<\/td>\n<td class=\"pf-p-12 pf-text-gray-900\">128<\/td>\n<td class=\"pf-p-12 pf-text-gray-900\">58<\/td>\n<td class=\"pf-p-12 pf-text-gray-900\">69<\/td>\n<\/tr>\n<\/tbody>\n<\/table>\n<p>Alle m\u00e5l er i centimeter<\/p>\n<p>Pro-tip! M\u00e5l et af dine produkter derhjemme og sammenlign med m\u00e5lene, du ser i denne vejledning.<\/p>\n<h4>Leveringstid<\/h4>\n<p>Da dette er et print on demand produkt kan leveringstiden variere. Typisk er leveringstiden en til to uger. Vi pr\u00f8ver altid at finde leverand\u00f8rer s\u00e5 geografisk t\u00e6t p\u00e5 som muligt for at minimere leveringstid og transportomkostninger.<\/p>\n","protected":false},"excerpt":{"rendered":"<p>Leggings til aktive b\u00f8rn med attitude Giv dit barn den perfekte kombination af stil, komfort og bev\u00e6gelsesfrihed med PlayFlex Leggings &#8211; Dristig Pink Camo! Disse leggings<span class=\"excerpt-hellip\"> [\u2026]<\/span><\/p>\n","protected":false},"featured_media":48217,"comment_status":"open","ping_status":"closed","template":"","meta":[],"product_cat":[353],"product_tag":[],"_links":{"self":[{"href":"https:\/\/ukraineboost.com\/dk\/wp-json\/wp\/v2\/product\/48209"}],"collection":[{"href":"https:\/\/ukraineboost.com\/dk\/wp-json\/wp\/v2\/product"}],"about":[{"href":"https:\/\/ukraineboost.com\/dk\/wp-json\/wp\/v2\/types\/product"}],"replies":[{"embeddable":true,"href":"https:\/\/ukraineboost.com\/dk\/wp-json\/wp\/v2\/comments?post=48209"}],"wp:featuredmedia":[{"embeddable":true,"href":"https:\/\/ukraineboost.com\/dk\/wp-json\/wp\/v2\/media\/48217"}],"wp:attachment":[{"href":"https:\/\/ukraineboost.com\/dk\/wp-json\/wp\/v2\/media?parent=48209"}],"wp:term":[{"taxonomy":"product_cat","embeddable":true,"href":"https:\/\/ukraineboost.com\/dk\/wp-json\/wp\/v2\/product_cat?post=48209"},{"taxonomy":"product_tag","embeddable":true,"href":"https:\/\/ukraineboost.com\/dk\/wp-json\/wp\/v2\/product_tag?post=48209"}],"curies":[{"name":"wp","href":"https:\/\/api.w.org\/{rel}","templated":true}]}}