{"id":48195,"date":"2025-01-28T20:08:23","date_gmt":"2025-01-28T20:08:23","guid":{"rendered":"https:\/\/ukraineboost.com\/dk\/product\/youth-crew-neck-t-shirt-17\/"},"modified":"2025-02-25T19:19:14","modified_gmt":"2025-02-25T19:19:14","slug":"youth-crew-neck-t-shirt-17","status":"publish","type":"product","link":"https:\/\/ukraineboost.com\/dk\/product\/youth-crew-neck-t-shirt-17\/","title":{"rendered":"Rundhalset ungdoms t-shirt &#8211; Dristig Pink Camo"},"content":{"rendered":"<p data-start=\"54\" data-end=\"498\"><strong data-start=\"57\" data-end=\"98\">G\u00f8r et statement med stil og komfort!<\/strong><br data-start=\"98\" data-end=\"101\" \/>Denne rundhalsede ungdoms t-shirt kombinerer komfort med et i\u00f8jnefaldende design, der f\u00e5r enhver teenager til at skille sig ud. Det unikke pink camouflage-m\u00f8nster er en dristig fusion af stil og attitude, perfekt til b\u00e5de hverdagsbrug og s\u00e6rlige lejligheder. Den bl\u00f8de, str\u00e6kbare stofkvalitet sikrer en behagelig pasform hele dagen, mens det farverige design bevarer sin glans \u2013 vask efter vask!<\/p>\n<p data-start=\"500\" data-end=\"519\"><strong data-start=\"502\" data-end=\"517\">Funktioner:<\/strong><\/p>\n<ul data-start=\"520\" data-end=\"861\">\n<li data-start=\"520\" data-end=\"602\">Fremstillet af 96% polyester og 4% spandex for en bl\u00f8d og str\u00e6kbar fornemmelse<\/li>\n<li data-start=\"603\" data-end=\"673\">Stoftykkelse: 6.34 oz.\/yd.\u00b2 (215 g\/m\u00b2) \u2013 perfekt til alle \u00e5rstider<\/li>\n<li data-start=\"674\" data-end=\"740\">Premium strikket mid-weight jersey, der f\u00f8les let og behagelig<\/li>\n<li data-start=\"741\" data-end=\"812\">2-vejs stretchstof, der str\u00e6kker sig og vender tilbage til sin form<\/li>\n<li data-start=\"813\" data-end=\"861\">Regular fit, der passer til enhver kropsform<\/li>\n<\/ul>\n<p data-start=\"863\" data-end=\"1124\"><strong data-start=\"866\" data-end=\"892\">B\u00e6redygtighed i fokus:<\/strong><br data-start=\"892\" data-end=\"895\" \/>Dette produkt fremstilles specielt til dig, s\u00e5 snart du afgiver din ordre. Ved at producere p\u00e5 bestilling i stedet for i store m\u00e6ngder hj\u00e6lper vi med at reducere overproduktion. Tak, fordi du st\u00f8tter en mere b\u00e6redygtig fremtid!<\/p>\n<p data-start=\"1126\" data-end=\"1399\"><strong data-start=\"1129\" data-end=\"1158\">St\u00f8t Ukraine med dit k\u00f8b:<\/strong><br data-start=\"1158\" data-end=\"1161\" \/>N\u00e5r du k\u00f8ber denne t-shirt, bidrager du ikke kun til en stilfuld garderobe \u2013 du viser ogs\u00e5 din st\u00f8tte til Ukraines kamp for frihed, fred og sikkerhed. Del gerne produktet med venner og familie, som vil elske designet og det gode form\u00e5l!<\/p>\n<p data-start=\"1401\" data-end=\"1447\" data-is-last-node=\"\" data-is-only-node=\"\"><strong data-start=\"1404\" data-end=\"1447\" data-is-last-node=\"\">Bestil nu og bliv en del af bev\u00e6gelsen!<\/strong><\/p>\n<h4>M\u00e5leskema<\/h4>\n<p>Vi opfordrer dig til v\u00e6re omhyggelig med at v\u00e6lge den rigtige st\u00f8rrelse, da vi gerne vil undg\u00e5 s\u00e5 mange returvarer som muligt. M\u00e5let er at st\u00f8tte Ukraine s\u00e5 derfor vil vi gerne holde alle omkostninger s\u00e5 lave som muligt. Vi vedl\u00e6gger m\u00e5lskemaer ved alle varer, da de kommer fra forskellige leverand\u00f8rer, s\u00e5 derfor kan st\u00f8rrelserne variere. Vi takker for din forst\u00e5else.<\/p>\n<h5>Produktm\u00e5linger<\/h5>\n<p><img decoding=\"async\" class=\"size-medium wp-image-27747 alignleft\" src=\"https:\/\/ukraineboost.com\/dk\/wp-content\/uploads\/sites\/12\/2023\/09\/00061-Youth-Crew-Neck-T-shirt-300x300.png\" alt=\"\" width=\"300\" height=\"300\" srcset=\"https:\/\/ukraineboost.com\/dk\/wp-content\/uploads\/sites\/12\/2023\/09\/00061-Youth-Crew-Neck-T-shirt-300x300.png 300w, https:\/\/ukraineboost.com\/dk\/wp-content\/uploads\/sites\/12\/2023\/09\/00061-Youth-Crew-Neck-T-shirt-150x150.png 150w, https:\/\/ukraineboost.com\/dk\/wp-content\/uploads\/sites\/12\/2023\/09\/00061-Youth-Crew-Neck-T-shirt-75x75.png 75w, https:\/\/ukraineboost.com\/dk\/wp-content\/uploads\/sites\/12\/2023\/09\/00061-Youth-Crew-Neck-T-shirt-24x24.png 24w, https:\/\/ukraineboost.com\/dk\/wp-content\/uploads\/sites\/12\/2023\/09\/00061-Youth-Crew-Neck-T-shirt-36x36.png 36w, https:\/\/ukraineboost.com\/dk\/wp-content\/uploads\/sites\/12\/2023\/09\/00061-Youth-Crew-Neck-T-shirt-48x48.png 48w, https:\/\/ukraineboost.com\/dk\/wp-content\/uploads\/sites\/12\/2023\/09\/00061-Youth-Crew-Neck-T-shirt-50x50.png 50w, https:\/\/ukraineboost.com\/dk\/wp-content\/uploads\/sites\/12\/2023\/09\/00061-Youth-Crew-Neck-T-shirt-100x100.png 100w, https:\/\/ukraineboost.com\/dk\/wp-content\/uploads\/sites\/12\/2023\/09\/00061-Youth-Crew-Neck-T-shirt.png 344w\" sizes=\"(max-width:767px) 300px, 300px\" \/>Denne st\u00f8rrelsesguide viser produktm\u00e5linger taget, n\u00e5r produkterne er lagt fladt. Faktiske produktm\u00e5linger kan variere med op til 1\u2033, fordi de er h\u00e5ndlavet efter individuelle bestillinger.<br \/>produkt-m\u00e5linger<\/p>\n<p>A 1\/2 brystbredde<\/p>\n<p>B l\u00e6ngde<\/p>\n<p>C \u00e6rmel\u00e6ngde<\/p>\n<table class=\"size-guide__table size-guide__new\">\n<thead>\n<tr>\n<td>St\u00f8rrelse<\/td>\n<td>A<\/td>\n<td>B<\/td>\n<td>C<\/td>\n<\/tr>\n<\/thead>\n<tbody>\n<tr>\n<td>8<\/td>\n<td>39<\/td>\n<td>54<\/td>\n<td>14.5<\/td>\n<\/tr>\n<tr>\n<td>10<\/td>\n<td>40.5<\/td>\n<td>55<\/td>\n<td>15<\/td>\n<\/tr>\n<tr>\n<td>12<\/td>\n<td>42<\/td>\n<td>56<\/td>\n<td>15.5<\/td>\n<\/tr>\n<tr>\n<td>14<\/td>\n<td>43.5<\/td>\n<td>57<\/td>\n<td>16<\/td>\n<\/tr>\n<tr>\n<td>16<\/td>\n<td>45<\/td>\n<td>58<\/td>\n<td>16.5<\/td>\n<\/tr>\n<tr>\n<td>18<\/td>\n<td>46.5<\/td>\n<td>59<\/td>\n<td>17<\/td>\n<\/tr>\n<tr>\n<td>20<\/td>\n<td>48<\/td>\n<td>60<\/td>\n<td>17.5<\/td>\n<\/tr>\n<\/tbody>\n<\/table>\n<p>Alle m\u00e5l er i centimeter<\/p>\n<h5>Guide til kropsm\u00e5ling<\/h5>\n<p><img decoding=\"async\" class=\"size-medium wp-image-27748 alignleft\" src=\"https:\/\/ukraineboost.com\/dk\/wp-content\/uploads\/sites\/12\/2023\/09\/00061-Youth-Crew-Neck-T-shirt-body-230x300.png\" alt=\"\" width=\"230\" height=\"300\" srcset=\"https:\/\/ukraineboost.com\/dk\/wp-content\/uploads\/sites\/12\/2023\/09\/00061-Youth-Crew-Neck-T-shirt-body-230x300.png 230w, https:\/\/ukraineboost.com\/dk\/wp-content\/uploads\/sites\/12\/2023\/09\/00061-Youth-Crew-Neck-T-shirt-body-58x75.png 58w, https:\/\/ukraineboost.com\/dk\/wp-content\/uploads\/sites\/12\/2023\/09\/00061-Youth-Crew-Neck-T-shirt-body-18x24.png 18w, https:\/\/ukraineboost.com\/dk\/wp-content\/uploads\/sites\/12\/2023\/09\/00061-Youth-Crew-Neck-T-shirt-body-28x36.png 28w, https:\/\/ukraineboost.com\/dk\/wp-content\/uploads\/sites\/12\/2023\/09\/00061-Youth-Crew-Neck-T-shirt-body-37x48.png 37w, https:\/\/ukraineboost.com\/dk\/wp-content\/uploads\/sites\/12\/2023\/09\/00061-Youth-Crew-Neck-T-shirt-body.png 245w\" sizes=\"(max-width:767px) 230px, 230px\" \/>Denne st\u00f8rrelsesguide viser kropsm\u00e5linger. Vi anbefaler at bestille en st\u00f8rrelse st\u00f8rre, n\u00e5r dine m\u00e5linger er mellem st\u00f8rrelser.<br \/>m\u00e5l-dig-selv<\/p>\n<p>For alle vandrette m\u00e5linger, skal du s\u00f8rge for, at m\u00e5leb\u00e5ndet holdes parallelt med jorden.<\/p>\n<p>A H\u00f8jde<\/p>\n<p>Stil den unge person p\u00e5 et fast underlag med en flad overflade bagved. Med f\u00f8dderne sammen og armene ned langs siderne, skal hele kroppen r\u00f8re overfladen. Marker overfladen, hvor toppen af hovedet er. M\u00e5l afstanden mellem gulvet og m\u00e6rket.<\/p>\n<p>B Bryst<\/p>\n<p>Plac\u00e9r den ene ende af m\u00e5leb\u00e5ndet p\u00e5 det fyldigste sted p\u00e5 brystet og f\u00f8r m\u00e5leb\u00e5ndet rundt om ryggen (under armhulerne, over skulderbladene) tilbage til, hvor du startede.<\/p>\n<p>C Talje<\/p>\n<p>Plac\u00e9r m\u00e5leb\u00e5ndet p\u00e5 det smalleste sted omkring taljen og m\u00e5l hele vejen rundt.<\/p>\n<p>D Hofter<\/p>\n<p>Plac\u00e9r begyndelsen af m\u00e5leb\u00e5ndet p\u00e5 den ene hofte og f\u00f8r det tv\u00e6rs over den fyldigste del af hofterne tilbage til, hvor du startede m\u00e5lingen.<\/p>\n<table class=\"size-guide__table size-guide__new\">\n<thead>\n<tr>\n<td>St\u00f8rrelse<\/td>\n<td>H\u00f8jde<\/td>\n<td>Bryst<\/td>\n<td>Talje<\/td>\n<td>Hofter<\/td>\n<\/tr>\n<\/thead>\n<tbody>\n<tr>\n<td>8<\/td>\n<td>134<\/td>\n<td>69<\/td>\n<td>60<\/td>\n<td>73<\/td>\n<\/tr>\n<tr>\n<td>10<\/td>\n<td>140<\/td>\n<td>72<\/td>\n<td>62<\/td>\n<td>77<\/td>\n<\/tr>\n<tr>\n<td>12<\/td>\n<td>146<\/td>\n<td>75<\/td>\n<td>64<\/td>\n<td>80<\/td>\n<\/tr>\n<tr>\n<td>14<\/td>\n<td>152<\/td>\n<td>78<\/td>\n<td>66<\/td>\n<td>83<\/td>\n<\/tr>\n<tr>\n<td>16<\/td>\n<td>158<\/td>\n<td>81<\/td>\n<td>67<\/td>\n<td>86<\/td>\n<\/tr>\n<tr>\n<td>18<\/td>\n<td>164<\/td>\n<td>84<\/td>\n<td>68<\/td>\n<td>88<\/td>\n<\/tr>\n<tr>\n<td>20<\/td>\n<td>170<\/td>\n<td>87<\/td>\n<td>69<\/td>\n<td>90<\/td>\n<\/tr>\n<\/tbody>\n<\/table>\n<p>Alle m\u00e5l er i centimeter<\/p>\n<p>Pro-tip! M\u00e5l et af dine produkter derhjemme og sammenlign med m\u00e5lene, du ser i denne vejledning.<\/p>\n<h4>Leveringstid<\/h4>\n<p>Da dette er et print on demand produkt kan leveringstiden variere. Typisk er leveringstiden en til to uger. Vi pr\u00f8ver altid at finde leverand\u00f8rer s\u00e5 geografisk t\u00e6t p\u00e5 som muligt for at minimere leveringstid og transportomkostninger.<\/p>\n","protected":false},"excerpt":{"rendered":"<p>G\u00f8r et statement med stil og komfort!Denne rundhalsede ungdoms t-shirt kombinerer komfort med et i\u00f8jnefaldende design, der f\u00e5r enhver teenager til at skille sig ud. Det<span class=\"excerpt-hellip\"> [\u2026]<\/span><\/p>\n","protected":false},"featured_media":48203,"comment_status":"open","ping_status":"closed","template":"","meta":[],"product_cat":[160],"product_tag":[],"_links":{"self":[{"href":"https:\/\/ukraineboost.com\/dk\/wp-json\/wp\/v2\/product\/48195"}],"collection":[{"href":"https:\/\/ukraineboost.com\/dk\/wp-json\/wp\/v2\/product"}],"about":[{"href":"https:\/\/ukraineboost.com\/dk\/wp-json\/wp\/v2\/types\/product"}],"replies":[{"embeddable":true,"href":"https:\/\/ukraineboost.com\/dk\/wp-json\/wp\/v2\/comments?post=48195"}],"wp:featuredmedia":[{"embeddable":true,"href":"https:\/\/ukraineboost.com\/dk\/wp-json\/wp\/v2\/media\/48203"}],"wp:attachment":[{"href":"https:\/\/ukraineboost.com\/dk\/wp-json\/wp\/v2\/media?parent=48195"}],"wp:term":[{"taxonomy":"product_cat","embeddable":true,"href":"https:\/\/ukraineboost.com\/dk\/wp-json\/wp\/v2\/product_cat?post=48195"},{"taxonomy":"product_tag","embeddable":true,"href":"https:\/\/ukraineboost.com\/dk\/wp-json\/wp\/v2\/product_tag?post=48195"}],"curies":[{"name":"wp","href":"https:\/\/api.w.org\/{rel}","templated":true}]}}