{"id":48183,"date":"2025-01-28T20:04:44","date_gmt":"2025-01-28T20:04:44","guid":{"rendered":"https:\/\/ukraineboost.com\/dk\/product\/youth-rash-guard-23\/"},"modified":"2025-02-25T19:10:10","modified_gmt":"2025-02-25T19:10:10","slug":"youth-rash-guard-23","status":"publish","type":"product","link":"https:\/\/ukraineboost.com\/dk\/product\/youth-rash-guard-23\/","title":{"rendered":"Ungdoms Rash Guard &#8211; Dristig Pink Camo"},"content":{"rendered":"<p data-start=\"46\" data-end=\"467\"><strong data-start=\"49\" data-end=\"99\">Beskyttelse, komfort og et dristigt look i \u00e9t!<\/strong><br data-start=\"99\" data-end=\"102\" \/>Denne ungdoms rash guard er designet til aktive teenagere, der elsker vandaktiviteter og kontaktsport. Med sin t\u00e6tsiddende pasform og l\u00e6ngere kropsl\u00e6ngde og \u00e6rmer beskytter den huden uden at begr\u00e6nse bev\u00e6gelsesfriheden \u2013 perfekt til b\u00e5de strand, pool og sport. Det unikke pink camouflage-design udstr\u00e5ler selvtillid og energi, s\u00e5 du kan skille dig ud fra m\u00e6ngden!<\/p>\n<p data-start=\"469\" data-end=\"488\"><strong data-start=\"471\" data-end=\"486\">Funktioner:<\/strong><\/p>\n<ul data-start=\"489\" data-end=\"913\">\n<li data-start=\"489\" data-end=\"583\">Fremstillet af 82% polyester og 18% spandex for en bl\u00f8d, str\u00e6kbar og behagelig fornemmelse<\/li>\n<li data-start=\"584\" data-end=\"637\">UPF 50+ beskytter mod solens skadelige UV-str\u00e5ler<\/li>\n<li data-start=\"638\" data-end=\"725\">Fire-vejs stretchstof, der str\u00e6kker sig p\u00e5 b\u00e5de tv\u00e6rs og langs uden at miste formen<\/li>\n<li data-start=\"726\" data-end=\"775\">T\u00e6tsiddende design, der ikke h\u00e6mmer bev\u00e6gelse<\/li>\n<li data-start=\"776\" data-end=\"831\">L\u00e6ngere kropsl\u00e6ngde og \u00e6rmer for ekstra beskyttelse<\/li>\n<li data-start=\"832\" data-end=\"913\">Overlock-, flads\u00f8m- og coverstitch-syninger, der sikrer holdbarhed og komfort<\/li>\n<\/ul>\n<p data-start=\"915\" data-end=\"1176\"><strong data-start=\"918\" data-end=\"944\">B\u00e6redygtighed i fokus:<\/strong><br data-start=\"944\" data-end=\"947\" \/>Dette produkt fremstilles specielt til dig, s\u00e5 snart du afgiver din ordre. Ved at producere p\u00e5 bestilling i stedet for i store m\u00e6ngder hj\u00e6lper vi med at reducere overproduktion. Tak, fordi du st\u00f8tter en mere b\u00e6redygtig fremtid!<\/p>\n<p data-start=\"1178\" data-end=\"1458\"><strong data-start=\"1181\" data-end=\"1210\">St\u00f8t Ukraine med dit k\u00f8b:<\/strong><br data-start=\"1210\" data-end=\"1213\" \/>Ved at k\u00f8be denne rash guard viser du ikke kun din st\u00f8tte til en mere b\u00e6redygtig livsstil \u2013 du bidrager ogs\u00e5 til Ukraines kamp for frihed, fred og sikkerhed. Del gerne produktet med venner og familie, der vil elske designet og det gode form\u00e5l!<\/p>\n<p data-start=\"1460\" data-end=\"1495\" data-is-last-node=\"\" data-is-only-node=\"\"><strong data-start=\"1463\" data-end=\"1495\" data-is-last-node=\"\">Bestil nu og g\u00f8r en forskel!<\/strong><\/p>\n<h4>M\u00e5leskema<\/h4>\n<p>Vi opfordrer dig til v\u00e6re omhyggelig med at v\u00e6lge den rigtige st\u00f8rrelse, da vi gerne vil undg\u00e5 s\u00e5 mange returvarer som muligt. M\u00e5let er at st\u00f8tte Ukraine s\u00e5 derfor vil vi gerne holde alle omkostninger s\u00e5 lave som muligt. Vi vedl\u00e6gger m\u00e5lskemaer ved alle varer, da de kommer fra forskellige leverand\u00f8rer, s\u00e5 derfor kan st\u00f8rrelserne variere. Vi takker for din forst\u00e5else.<\/p>\n<h5>Produktm\u00e5linger<\/h5>\n<p><img decoding=\"async\" class=\"size-medium wp-image-27790 alignleft\" src=\"https:\/\/ukraineboost.com\/dk\/wp-content\/uploads\/sites\/12\/2023\/09\/00062-Youth-Rash-Guard-300x300.png\" alt=\"\" width=\"300\" height=\"300\" srcset=\"https:\/\/ukraineboost.com\/dk\/wp-content\/uploads\/sites\/12\/2023\/09\/00062-Youth-Rash-Guard-300x300.png 300w, https:\/\/ukraineboost.com\/dk\/wp-content\/uploads\/sites\/12\/2023\/09\/00062-Youth-Rash-Guard-150x150.png 150w, https:\/\/ukraineboost.com\/dk\/wp-content\/uploads\/sites\/12\/2023\/09\/00062-Youth-Rash-Guard-75x75.png 75w, https:\/\/ukraineboost.com\/dk\/wp-content\/uploads\/sites\/12\/2023\/09\/00062-Youth-Rash-Guard-24x24.png 24w, https:\/\/ukraineboost.com\/dk\/wp-content\/uploads\/sites\/12\/2023\/09\/00062-Youth-Rash-Guard-36x36.png 36w, https:\/\/ukraineboost.com\/dk\/wp-content\/uploads\/sites\/12\/2023\/09\/00062-Youth-Rash-Guard-48x48.png 48w, https:\/\/ukraineboost.com\/dk\/wp-content\/uploads\/sites\/12\/2023\/09\/00062-Youth-Rash-Guard-50x50.png 50w, https:\/\/ukraineboost.com\/dk\/wp-content\/uploads\/sites\/12\/2023\/09\/00062-Youth-Rash-Guard-100x100.png 100w, https:\/\/ukraineboost.com\/dk\/wp-content\/uploads\/sites\/12\/2023\/09\/00062-Youth-Rash-Guard.png 344w\" sizes=\"(max-width:767px) 300px, 300px\" \/><\/p>\n<p>Denne st\u00f8rrelsesguide viser produktm\u00e5linger, der er taget, n\u00e5r produkterne ligger fladt. Faktiske produktm\u00e5linger kan variere med op til 1\u2033, fordi de er h\u00e5ndlavet efter m\u00e5l.<br \/>produktm\u00e5linger<\/p>\n<p>A 1\/2 brystbredde<\/p>\n<p>B \u00e6rmel\u00e6ngde<\/p>\n<p>C l\u00e6ngde<\/p>\n<table class=\"size-guide__table size-guide__new\">\n<thead>\n<tr>\n<td>St\u00f8rrelse<\/td>\n<td>A<\/td>\n<td>B<\/td>\n<td>C<\/td>\n<\/tr>\n<\/thead>\n<tbody>\n<tr>\n<td>8<\/td>\n<td>31.5<\/td>\n<td>56<\/td>\n<td>52<\/td>\n<\/tr>\n<tr>\n<td>10<\/td>\n<td>33<\/td>\n<td>58<\/td>\n<td>53<\/td>\n<\/tr>\n<tr>\n<td>12<\/td>\n<td>34.5<\/td>\n<td>60<\/td>\n<td>54<\/td>\n<\/tr>\n<tr>\n<td>14<\/td>\n<td>36<\/td>\n<td>62<\/td>\n<td>55<\/td>\n<\/tr>\n<tr>\n<td>16<\/td>\n<td>37.5<\/td>\n<td>63.5<\/td>\n<td>56.5<\/td>\n<\/tr>\n<tr>\n<td>18<\/td>\n<td>39<\/td>\n<td>65<\/td>\n<td>60.5<\/td>\n<\/tr>\n<tr>\n<td>20<\/td>\n<td>43<\/td>\n<td>66.5<\/td>\n<td>59.5<\/td>\n<\/tr>\n<\/tbody>\n<\/table>\n<p>Alle m\u00e5l er i centimeter<\/p>\n<h5>Guide til kropsm\u00e5ling<\/h5>\n<p><img decoding=\"async\" class=\"size-medium wp-image-27791 alignleft\" src=\"https:\/\/ukraineboost.com\/dk\/wp-content\/uploads\/sites\/12\/2023\/09\/00062-Youth-Rash-Guard-body-223x300.png\" alt=\"\" width=\"223\" height=\"300\" srcset=\"https:\/\/ukraineboost.com\/dk\/wp-content\/uploads\/sites\/12\/2023\/09\/00062-Youth-Rash-Guard-body-223x300.png 223w, https:\/\/ukraineboost.com\/dk\/wp-content\/uploads\/sites\/12\/2023\/09\/00062-Youth-Rash-Guard-body-56x75.png 56w, https:\/\/ukraineboost.com\/dk\/wp-content\/uploads\/sites\/12\/2023\/09\/00062-Youth-Rash-Guard-body-18x24.png 18w, https:\/\/ukraineboost.com\/dk\/wp-content\/uploads\/sites\/12\/2023\/09\/00062-Youth-Rash-Guard-body-27x36.png 27w, https:\/\/ukraineboost.com\/dk\/wp-content\/uploads\/sites\/12\/2023\/09\/00062-Youth-Rash-Guard-body-36x48.png 36w, https:\/\/ukraineboost.com\/dk\/wp-content\/uploads\/sites\/12\/2023\/09\/00062-Youth-Rash-Guard-body.png 247w\" sizes=\"(max-width:767px) 223px, 223px\" \/><\/p>\n<p>Denne st\u00f8rrelsesguide viser kropsm\u00e5linger. Vi anbefaler at bestille en st\u00f8rrelse mindre, n\u00e5r dine m\u00e5linger er mellem st\u00f8rrelser.<br \/>m\u00e5l-dig-selv<\/p>\n<p>For alle vandrette m\u00e5linger, skal du s\u00f8rge for at holde m\u00e5leb\u00e5ndet parallelt med jorden.<\/p>\n<p>A H\u00f8jde<\/p>\n<p>Stil den unge p\u00e5 et fast underlag med en flad overflade bag dem. Med f\u00f8dderne samlet og armene placeret langs siden skal hele deres krop r\u00f8re ved overfladen. Mark\u00e9r overfladen, hvor toppen af deres hoved er. M\u00e5l afstanden mellem gulvet og markeringen.<\/p>\n<p>B Bryst<\/p>\n<p>Placer den ene ende af m\u00e5leb\u00e5ndet p\u00e5 den fyldigste del af brystet og f\u00f8r m\u00e5leb\u00e5ndet rundt om ryggen (under armhulerne, over skulderbladene) tilbage til, hvor du startede.<\/p>\n<p>C Talje<\/p>\n<p>Placer m\u00e5leb\u00e5ndet p\u00e5 den smalleste del af taljen og m\u00e5l rundt.<\/p>\n<p>D Hofter<\/p>\n<p>S\u00e6t begyndelsen af m\u00e5leb\u00e5ndet p\u00e5 den ene hofte og f\u00f8r m\u00e5leb\u00e5ndet over den fyldigste del af hofterne tilbage til, hvor du startede m\u00e5lingen<\/p>\n<table class=\"size-guide__table size-guide__new\">\n<thead>\n<tr>\n<td>St\u00f8rrelse<\/td>\n<td>H\u00f8jde<\/td>\n<td>Bryst<\/td>\n<td>Talje<\/td>\n<td>Hofter<\/td>\n<\/tr>\n<\/thead>\n<tbody>\n<tr>\n<td>8<\/td>\n<td>134<\/td>\n<td>69<\/td>\n<td>60<\/td>\n<td>73<\/td>\n<\/tr>\n<tr>\n<td>10<\/td>\n<td>140<\/td>\n<td>72<\/td>\n<td>62<\/td>\n<td>77<\/td>\n<\/tr>\n<tr>\n<td>12<\/td>\n<td>146<\/td>\n<td>75<\/td>\n<td>64<\/td>\n<td>80<\/td>\n<\/tr>\n<tr>\n<td>14<\/td>\n<td>152<\/td>\n<td>78<\/td>\n<td>66<\/td>\n<td>83<\/td>\n<\/tr>\n<tr>\n<td>16<\/td>\n<td>158<\/td>\n<td>81<\/td>\n<td>67<\/td>\n<td>86<\/td>\n<\/tr>\n<tr>\n<td>18<\/td>\n<td>164<\/td>\n<td>84<\/td>\n<td>68<\/td>\n<td>88<\/td>\n<\/tr>\n<tr>\n<td>20<\/td>\n<td>170<\/td>\n<td>87<\/td>\n<td>69<\/td>\n<td>90<\/td>\n<\/tr>\n<\/tbody>\n<\/table>\n<p>Alle m\u00e5l er i centimeter<\/p>\n<p>Pro-tip! M\u00e5l et af dine produkter derhjemme og sammenlign med m\u00e5lene, du ser i denne vejledning.<\/p>\n<h4>Leveringstid<\/h4>\n<p>Da dette er et print on demand produkt kan leveringstiden variere. Typisk er leveringstiden en til to uger. Vi pr\u00f8ver altid at finde leverand\u00f8rer s\u00e5 geografisk t\u00e6t p\u00e5 som muligt for at minimere leveringstid og transportomkostninger.<\/p>\n","protected":false},"excerpt":{"rendered":"<p>Beskyttelse, komfort og et dristigt look i \u00e9t!Denne ungdoms rash guard er designet til aktive teenagere, der elsker vandaktiviteter og kontaktsport. Med sin t\u00e6tsiddende pasform og<span class=\"excerpt-hellip\"> [\u2026]<\/span><\/p>\n","protected":false},"featured_media":48191,"comment_status":"open","ping_status":"closed","template":"","meta":[],"product_cat":[158],"product_tag":[],"_links":{"self":[{"href":"https:\/\/ukraineboost.com\/dk\/wp-json\/wp\/v2\/product\/48183"}],"collection":[{"href":"https:\/\/ukraineboost.com\/dk\/wp-json\/wp\/v2\/product"}],"about":[{"href":"https:\/\/ukraineboost.com\/dk\/wp-json\/wp\/v2\/types\/product"}],"replies":[{"embeddable":true,"href":"https:\/\/ukraineboost.com\/dk\/wp-json\/wp\/v2\/comments?post=48183"}],"wp:featuredmedia":[{"embeddable":true,"href":"https:\/\/ukraineboost.com\/dk\/wp-json\/wp\/v2\/media\/48191"}],"wp:attachment":[{"href":"https:\/\/ukraineboost.com\/dk\/wp-json\/wp\/v2\/media?parent=48183"}],"wp:term":[{"taxonomy":"product_cat","embeddable":true,"href":"https:\/\/ukraineboost.com\/dk\/wp-json\/wp\/v2\/product_cat?post=48183"},{"taxonomy":"product_tag","embeddable":true,"href":"https:\/\/ukraineboost.com\/dk\/wp-json\/wp\/v2\/product_tag?post=48183"}],"curies":[{"name":"wp","href":"https:\/\/api.w.org\/{rel}","templated":true}]}}