{"id":48171,"date":"2025-01-28T20:02:14","date_gmt":"2025-01-28T20:02:14","guid":{"rendered":"https:\/\/ukraineboost.com\/dk\/product\/kids-rash-guard-23\/"},"modified":"2025-02-25T18:58:38","modified_gmt":"2025-02-25T18:58:38","slug":"kids-rash-guard-23","status":"publish","type":"product","link":"https:\/\/ukraineboost.com\/dk\/product\/kids-rash-guard-23\/","title":{"rendered":"B\u00f8rne Rash Guard &#8211; Dristig Pink Camo"},"content":{"rendered":"<p data-start=\"44\" data-end=\"377\"><strong data-start=\"47\" data-end=\"97\">Beskyt dit barn mod solens str\u00e5ler \u2013 med stil!<\/strong> Denne farverige rash guard kombinerer et dristigt pink camouflage-design med komfort og funktionalitet. Perfekt til aktive dage p\u00e5 stranden, ved poolen eller til leg udend\u00f8rs. Med sit t\u00e6tsiddende design og solbeskyttende stof kan dit barn bev\u00e6ge sig frit og sikkert hele dagen.<\/p>\n<p data-start=\"379\" data-end=\"398\"><strong data-start=\"381\" data-end=\"396\">Funktioner:<\/strong><\/p>\n<ul data-start=\"399\" data-end=\"786\">\n<li data-start=\"399\" data-end=\"482\">Fremstillet af 82% polyester og 18% spandex for en bl\u00f8d og str\u00e6kbar fornemmelse<\/li>\n<li data-start=\"483\" data-end=\"536\">UPF 50+ beskytter mod solens skadelige UV-str\u00e5ler<\/li>\n<li data-start=\"537\" data-end=\"634\">Fire-vejs stretchstof, der str\u00e6kker sig og vender tilbage til sin form p\u00e5 b\u00e5de tv\u00e6rs og langs<\/li>\n<li data-start=\"635\" data-end=\"712\">T\u00e6tsiddende design med en l\u00e6ngere kropsl\u00e6ngde og \u00e6rmer for ekstra d\u00e6kning<\/li>\n<li data-start=\"713\" data-end=\"786\">Flade s\u00f8mme og coverstitch-syninger for optimal komfort og slidstyrke<\/li>\n<\/ul>\n<p data-start=\"788\" data-end=\"1048\"><strong data-start=\"791\" data-end=\"817\">B\u00e6redygtighed i fokus:<\/strong><br data-start=\"817\" data-end=\"820\" \/>Dette produkt produceres specielt til dig, s\u00e5 snart du afgiver din ordre. Ved at producere p\u00e5 bestilling i stedet for i store m\u00e6ngder hj\u00e6lper vi med at reducere overproduktion. Tak, fordi du st\u00f8tter en mere b\u00e6redygtig fremtid!<\/p>\n<p data-start=\"1050\" data-end=\"1330\"><strong data-start=\"1053\" data-end=\"1082\">St\u00f8t Ukraine med dit k\u00f8b:<\/strong><br data-start=\"1082\" data-end=\"1085\" \/>Ved at k\u00f8be denne rash guard viser du ikke kun din st\u00f8tte til en mere b\u00e6redygtig livsstil \u2013 du bidrager ogs\u00e5 til Ukraines kamp for frihed, fred og sikkerhed. Del gerne produktet med venner og familie, der vil elske designet og det gode form\u00e5l!<\/p>\n<p data-start=\"1332\" data-end=\"1367\" data-is-last-node=\"\" data-is-only-node=\"\"><strong data-start=\"1335\" data-end=\"1367\" data-is-last-node=\"\">Bestil nu og g\u00f8r en forskel!<\/strong><\/p>\n<h4>M\u00e5leskema<\/h4>\n<p>Vi opfordrer dig til v\u00e6re omhyggelig med at v\u00e6lge den rigtige st\u00f8rrelse, da vi gerne vil undg\u00e5 s\u00e5 mange returvarer som muligt. M\u00e5let er at st\u00f8tte Ukraine s\u00e5 derfor vil vi gerne holde alle omkostninger s\u00e5 lave som muligt. Vi vedl\u00e6gger m\u00e5lskemaer ved alle varer, da de kommer fra forskellige leverand\u00f8rer, s\u00e5 derfor kan st\u00f8rrelserne variere. Vi takker for din forst\u00e5else.<\/p>\n<h5>Produktm\u00e5linger<\/h5>\n<p><img decoding=\"async\" class=\"size-medium wp-image-27729 alignleft\" src=\"https:\/\/ukraineboost.com\/dk\/wp-content\/uploads\/sites\/12\/2023\/09\/Kids-Rash-Guard-300x300.png\" alt=\"\" width=\"300\" height=\"300\" srcset=\"https:\/\/ukraineboost.com\/dk\/wp-content\/uploads\/sites\/12\/2023\/09\/Kids-Rash-Guard-300x300.png 300w, https:\/\/ukraineboost.com\/dk\/wp-content\/uploads\/sites\/12\/2023\/09\/Kids-Rash-Guard-150x150.png 150w, https:\/\/ukraineboost.com\/dk\/wp-content\/uploads\/sites\/12\/2023\/09\/Kids-Rash-Guard-75x75.png 75w, https:\/\/ukraineboost.com\/dk\/wp-content\/uploads\/sites\/12\/2023\/09\/Kids-Rash-Guard-24x24.png 24w, https:\/\/ukraineboost.com\/dk\/wp-content\/uploads\/sites\/12\/2023\/09\/Kids-Rash-Guard-36x36.png 36w, https:\/\/ukraineboost.com\/dk\/wp-content\/uploads\/sites\/12\/2023\/09\/Kids-Rash-Guard-48x48.png 48w, https:\/\/ukraineboost.com\/dk\/wp-content\/uploads\/sites\/12\/2023\/09\/Kids-Rash-Guard-50x50.png 50w, https:\/\/ukraineboost.com\/dk\/wp-content\/uploads\/sites\/12\/2023\/09\/Kids-Rash-Guard-100x100.png 100w, https:\/\/ukraineboost.com\/dk\/wp-content\/uploads\/sites\/12\/2023\/09\/Kids-Rash-Guard.png 344w\" sizes=\"(max-width:767px) 300px, 300px\" \/>Denne st\u00f8rrelsesguide viser produktm\u00e5linger, der er taget, n\u00e5r produkterne er lagt fladt. Faktiske produktm\u00e5linger kan variere med op til 1\u2033, da de er h\u00e5ndlavet efter individuelle bestillinger.<br \/>produktm\u00e5linger<\/p>\n<p>A Halv brystbredde<\/p>\n<p>B \u00c6rmel\u00e6ngde<\/p>\n<p>C L\u00e6ngde<\/p>\n<table class=\"size-guide__table size-guide__new\">\n<thead>\n<tr>\n<td>St\u00f8rrelse<\/td>\n<td>A<\/td>\n<td>B<\/td>\n<td>C<\/td>\n<\/tr>\n<\/thead>\n<tbody>\n<tr>\n<td>2T<\/td>\n<td>24.5<\/td>\n<td>41<\/td>\n<td>39.5<\/td>\n<\/tr>\n<tr>\n<td>3T<\/td>\n<td>25.5<\/td>\n<td>43<\/td>\n<td>41.5<\/td>\n<\/tr>\n<tr>\n<td>4T<\/td>\n<td>26.5<\/td>\n<td>45<\/td>\n<td>43.5<\/td>\n<\/tr>\n<tr>\n<td>5T<\/td>\n<td>27.5<\/td>\n<td>47<\/td>\n<td>45.5<\/td>\n<\/tr>\n<tr>\n<td>6<\/td>\n<td>28.5<\/td>\n<td>49<\/td>\n<td>46.5<\/td>\n<\/tr>\n<tr>\n<td>6X<\/td>\n<td>30<\/td>\n<td>51<\/td>\n<td>47.5<\/td>\n<\/tr>\n<tr>\n<td>7<\/td>\n<td>31.5<\/td>\n<td>53<\/td>\n<td>48.5<\/td>\n<\/tr>\n<\/tbody>\n<\/table>\n<p>Alle m\u00e5l er i centimeter<\/p>\n<h5>Guide til kropsm\u00e5linger<\/h5>\n<p><img decoding=\"async\" class=\"size-medium wp-image-27730 alignleft\" src=\"https:\/\/ukraineboost.com\/dk\/wp-content\/uploads\/sites\/12\/2023\/09\/Kids-Rash-Guard-body-225x300.png\" alt=\"\" width=\"225\" height=\"300\" srcset=\"https:\/\/ukraineboost.com\/dk\/wp-content\/uploads\/sites\/12\/2023\/09\/Kids-Rash-Guard-body-225x300.png 225w, https:\/\/ukraineboost.com\/dk\/wp-content\/uploads\/sites\/12\/2023\/09\/Kids-Rash-Guard-body-56x75.png 56w, https:\/\/ukraineboost.com\/dk\/wp-content\/uploads\/sites\/12\/2023\/09\/Kids-Rash-Guard-body-18x24.png 18w, https:\/\/ukraineboost.com\/dk\/wp-content\/uploads\/sites\/12\/2023\/09\/Kids-Rash-Guard-body-27x36.png 27w, https:\/\/ukraineboost.com\/dk\/wp-content\/uploads\/sites\/12\/2023\/09\/Kids-Rash-Guard-body-36x48.png 36w, https:\/\/ukraineboost.com\/dk\/wp-content\/uploads\/sites\/12\/2023\/09\/Kids-Rash-Guard-body.png 246w\" sizes=\"(max-width:767px) 225px, 225px\" \/>Denne st\u00f8rrelsesguide viser kropsm\u00e5linger. Vi foresl\u00e5r at bestille en st\u00f8rrelse mindre, hvis dine m\u00e5linger befinder sig mellem to st\u00f8rrelser.<br \/>m\u00e5l-dig-selv<\/p>\n<p>For alle vandrette m\u00e5linger, skal du holde m\u00e5leb\u00e5ndet parallelt med underlaget.<\/p>\n<p>A H\u00f8jde<\/p>\n<p>Stil barnet p\u00e5 en fast flade med en plan overflade bag dem. Med f\u00f8dderne samlet og armene ned langs siden, skal hele deres krop ber\u00f8re overfladen. Mark\u00e9r overfladen, hvor toppen af deres hoved er. M\u00e5l afstanden mellem gulvet og markeringen.<\/p>\n<p>B Bryst<\/p>\n<p>Placer den ene ende af m\u00e5leb\u00e5ndet p\u00e5 den fyldigste del af brystet og f\u00f8r m\u00e5leb\u00e5ndet om bagp\u00e5 (under armhulerne, over skulderbladene) tilbage til udgangspunktet.<\/p>\n<p>C Talje<\/p>\n<p>Placer m\u00e5leb\u00e5ndet p\u00e5 den smalleste del af taljen og m\u00e5l omkring.<\/p>\n<p>D Hofter<\/p>\n<p>Placer begyndelsen af m\u00e5leb\u00e5ndet p\u00e5 det ene hofte og f\u00f8r m\u00e5leb\u00e5ndet over den fyldigste del af hofterne tilbage til udgangspunktet.<\/p>\n<table class=\"size-guide__table size-guide__new\">\n<thead>\n<tr>\n<td>St\u00f8rrelse<\/td>\n<td>H\u00f8jde<\/td>\n<td>Bryst<\/td>\n<td>Talje<\/td>\n<td>Hofte<\/td>\n<\/tr>\n<\/thead>\n<tbody>\n<tr>\n<td>2T<\/td>\n<td>92<\/td>\n<td>52<\/td>\n<td>51<\/td>\n<td>53<\/td>\n<\/tr>\n<tr>\n<td>3T<\/td>\n<td>98<\/td>\n<td>54<\/td>\n<td>52.5<\/td>\n<td>56.5<\/td>\n<\/tr>\n<tr>\n<td>4T<\/td>\n<td>104<\/td>\n<td>56<\/td>\n<td>54<\/td>\n<td>60<\/td>\n<\/tr>\n<tr>\n<td>5T<\/td>\n<td>110<\/td>\n<td>58<\/td>\n<td>55<\/td>\n<td>62<\/td>\n<\/tr>\n<tr>\n<td>6<\/td>\n<td>116<\/td>\n<td>60<\/td>\n<td>56<\/td>\n<td>64<\/td>\n<\/tr>\n<tr>\n<td>6X<\/td>\n<td>122<\/td>\n<td>63<\/td>\n<td>57<\/td>\n<td>66<\/td>\n<\/tr>\n<tr>\n<td>7<\/td>\n<td>128<\/td>\n<td>66<\/td>\n<td>58<\/td>\n<td>69<\/td>\n<\/tr>\n<\/tbody>\n<\/table>\n<p>Alle m\u00e5l er i centimeter<\/p>\n<h4>Leveringstid<\/h4>\n<p>Da dette er et print on demand produkt kan leveringstiden variere. Typisk er leveringstiden en til to uger. Vi pr\u00f8ver altid at finde leverand\u00f8rer s\u00e5 geografisk t\u00e6t p\u00e5 som muligt for at minimere leveringstid og transportomkostninger.<\/p>\n<p>Pro-tip! M\u00e5l et af dine produkter derhjemme og sammenlign med m\u00e5lene, du ser i denne vejledning.<\/p>\n","protected":false},"excerpt":{"rendered":"<p>Beskyt dit barn mod solens str\u00e5ler \u2013 med stil! Denne farverige rash guard kombinerer et dristigt pink camouflage-design med komfort og funktionalitet. Perfekt til aktive dage<span class=\"excerpt-hellip\"> [\u2026]<\/span><\/p>\n","protected":false},"featured_media":48179,"comment_status":"open","ping_status":"closed","template":"","meta":[],"product_cat":[158],"product_tag":[],"_links":{"self":[{"href":"https:\/\/ukraineboost.com\/dk\/wp-json\/wp\/v2\/product\/48171"}],"collection":[{"href":"https:\/\/ukraineboost.com\/dk\/wp-json\/wp\/v2\/product"}],"about":[{"href":"https:\/\/ukraineboost.com\/dk\/wp-json\/wp\/v2\/types\/product"}],"replies":[{"embeddable":true,"href":"https:\/\/ukraineboost.com\/dk\/wp-json\/wp\/v2\/comments?post=48171"}],"wp:featuredmedia":[{"embeddable":true,"href":"https:\/\/ukraineboost.com\/dk\/wp-json\/wp\/v2\/media\/48179"}],"wp:attachment":[{"href":"https:\/\/ukraineboost.com\/dk\/wp-json\/wp\/v2\/media?parent=48171"}],"wp:term":[{"taxonomy":"product_cat","embeddable":true,"href":"https:\/\/ukraineboost.com\/dk\/wp-json\/wp\/v2\/product_cat?post=48171"},{"taxonomy":"product_tag","embeddable":true,"href":"https:\/\/ukraineboost.com\/dk\/wp-json\/wp\/v2\/product_tag?post=48171"}],"curies":[{"name":"wp","href":"https:\/\/api.w.org\/{rel}","templated":true}]}}