{"id":48158,"date":"2025-01-28T20:00:00","date_gmt":"2025-01-28T20:00:00","guid":{"rendered":"https:\/\/ukraineboost.com\/dk\/product\/kids-crew-neck-t-shirt-17\/"},"modified":"2025-02-25T18:45:27","modified_gmt":"2025-02-25T18:45:27","slug":"kids-crew-neck-t-shirt-17","status":"publish","type":"product","link":"https:\/\/ukraineboost.com\/dk\/product\/kids-crew-neck-t-shirt-17\/","title":{"rendered":"Rundhalset b\u00f8rne t-shirt &#8211; Dristig Pink Camo"},"content":{"rendered":"<p data-start=\"52\" data-end=\"353\"><strong data-start=\"55\" data-end=\"128\">Lad dit barn skille sig ud med denne stilfulde og behagelige t-shirt!<\/strong> Den i\u00f8jnefaldende pink camouflage kombinerer legende farver med et dristigt design, der udstr\u00e5ler energi og selvtillid. Perfekt til alt fra leg i skoleg\u00e5rden til familieudflugter \u2013 denne t-shirt er b\u00e5de trendy og praktisk.<\/p>\n<p data-start=\"355\" data-end=\"374\"><strong data-start=\"357\" data-end=\"372\">Funktioner:<\/strong><\/p>\n<ul data-start=\"375\" data-end=\"736\">\n<li data-start=\"375\" data-end=\"458\">Fremstillet af 96% polyester og 4% spandex for en bl\u00f8d og behagelig fornemmelse<\/li>\n<li data-start=\"459\" data-end=\"523\">Premium strikket mid-weight jersey, der f\u00f8les glat mod huden<\/li>\n<li data-start=\"524\" data-end=\"591\">2-vejs stretchstof, der giver fri bev\u00e6gelighed i alle retninger<\/li>\n<li data-start=\"592\" data-end=\"680\">Klassisk rund halsudsk\u00e6ring og en afslappet pasform, der passer til alle aktiviteter<\/li>\n<li data-start=\"681\" data-end=\"736\">Slidst\u00e6rkt materiale, der holder til leg og eventyr<\/li>\n<\/ul>\n<p data-start=\"738\" data-end=\"980\"><strong data-start=\"741\" data-end=\"767\">B\u00e6redygtighed i fokus:<\/strong><br data-start=\"767\" data-end=\"770\" \/>Denne t-shirt fremstilles specielt til dig, s\u00e5 snart du bestiller den. Ved at producere p\u00e5 bestilling i stedet for i store m\u00e6ngder bidrager vi til at reducere overproduktion. Tak, fordi du v\u00e6lger b\u00e6redygtigt!<\/p>\n<p data-start=\"982\" data-end=\"1207\"><strong data-start=\"985\" data-end=\"1014\">St\u00f8t Ukraine med dit k\u00f8b:<\/strong><br data-start=\"1014\" data-end=\"1017\" \/>N\u00e5r du k\u00f8ber denne t-shirt, viser du ikke kun din stil \u2013 du st\u00f8tter ogs\u00e5 Ukraines kamp for frihed, fred og sikkerhed. Del gerne produktet med andre, der vil elske designet og form\u00e5let bag!<\/p>\n<p data-start=\"1209\" data-end=\"1244\" data-is-last-node=\"\" data-is-only-node=\"\"><strong data-start=\"1212\" data-end=\"1244\" data-is-last-node=\"\">Bestil nu og g\u00f8r en forskel!<\/strong><\/p>\n<h4>M\u00e5leskema<\/h4>\n<p>Vi opfordrer dig til v\u00e6re omhyggelig med at v\u00e6lge den rigtige st\u00f8rrelse, da vi gerne vil undg\u00e5 s\u00e5 mange returvarer som muligt. M\u00e5let er at st\u00f8tte Ukraine s\u00e5 derfor vil vi gerne holde alle omkostninger s\u00e5 lave som muligt. Vi vedl\u00e6gger m\u00e5lskemaer ved alle varer, da de kommer fra forskellige leverand\u00f8rer, s\u00e5 derfor kan st\u00f8rrelserne variere. Vi takker for din forst\u00e5else.<\/p>\n<h5>Produktm\u00e5linger<\/h5>\n<p><img decoding=\"async\" class=\"size-medium wp-image-27744 alignleft\" src=\"https:\/\/ukraineboost.com\/dk\/wp-content\/uploads\/sites\/12\/2023\/09\/Kids-Crew-Neck-T-Shirt-300x300.png\" alt=\"\" width=\"300\" height=\"300\" srcset=\"https:\/\/ukraineboost.com\/dk\/wp-content\/uploads\/sites\/12\/2023\/09\/Kids-Crew-Neck-T-Shirt-300x300.png 300w, https:\/\/ukraineboost.com\/dk\/wp-content\/uploads\/sites\/12\/2023\/09\/Kids-Crew-Neck-T-Shirt-150x150.png 150w, https:\/\/ukraineboost.com\/dk\/wp-content\/uploads\/sites\/12\/2023\/09\/Kids-Crew-Neck-T-Shirt-75x75.png 75w, https:\/\/ukraineboost.com\/dk\/wp-content\/uploads\/sites\/12\/2023\/09\/Kids-Crew-Neck-T-Shirt-24x24.png 24w, https:\/\/ukraineboost.com\/dk\/wp-content\/uploads\/sites\/12\/2023\/09\/Kids-Crew-Neck-T-Shirt-36x36.png 36w, https:\/\/ukraineboost.com\/dk\/wp-content\/uploads\/sites\/12\/2023\/09\/Kids-Crew-Neck-T-Shirt-48x48.png 48w, https:\/\/ukraineboost.com\/dk\/wp-content\/uploads\/sites\/12\/2023\/09\/Kids-Crew-Neck-T-Shirt-50x50.png 50w, https:\/\/ukraineboost.com\/dk\/wp-content\/uploads\/sites\/12\/2023\/09\/Kids-Crew-Neck-T-Shirt-100x100.png 100w, https:\/\/ukraineboost.com\/dk\/wp-content\/uploads\/sites\/12\/2023\/09\/Kids-Crew-Neck-T-Shirt.png 344w\" sizes=\"(max-width:767px) 300px, 300px\" \/>Denne st\u00f8rrelsesguide viser produktm\u00e5linger, der er taget, n\u00e5r produkterne er lagt fladt. Faktiske produktm\u00e5linger kan variere med op til 1\u2033, da de er h\u00e5ndlavede og specialfremstillet.<br \/>produktm\u00e5linger<\/p>\n<p>A 1\/2 brystbredde<\/p>\n<p>B l\u00e6ngde<\/p>\n<p>C \u00e6rmel\u00e6ngde<\/p>\n<table class=\"size-guide__table size-guide__new\">\n<thead>\n<tr>\n<td>St\u00f8rrelse<\/td>\n<td>A<\/td>\n<td>B<\/td>\n<td>C<\/td>\n<\/tr>\n<\/thead>\n<tbody>\n<tr>\n<td>2T<\/td>\n<td>29.5<\/td>\n<td>40<\/td>\n<td>11<\/td>\n<\/tr>\n<tr>\n<td>3T<\/td>\n<td>30.5<\/td>\n<td>41<\/td>\n<td>11.5<\/td>\n<\/tr>\n<tr>\n<td>4T<\/td>\n<td>31.5<\/td>\n<td>42<\/td>\n<td>12<\/td>\n<\/tr>\n<tr>\n<td>5T<\/td>\n<td>32.5<\/td>\n<td>43<\/td>\n<td>12.5<\/td>\n<\/tr>\n<tr>\n<td>6<\/td>\n<td>33.5<\/td>\n<td>44<\/td>\n<td>13<\/td>\n<\/tr>\n<tr>\n<td>6X<\/td>\n<td>35<\/td>\n<td>45<\/td>\n<td>13.5<\/td>\n<\/tr>\n<tr>\n<td>7<\/td>\n<td>36.5<\/td>\n<td>46<\/td>\n<td>14<\/td>\n<\/tr>\n<\/tbody>\n<\/table>\n<p>Alle m\u00e5l er i centimeter<\/p>\n<h5>Vejledning til Kropsm\u00e5ling<\/h5>\n<p><img decoding=\"async\" class=\"size-medium wp-image-27745 alignleft\" src=\"https:\/\/ukraineboost.com\/dk\/wp-content\/uploads\/sites\/12\/2023\/09\/Kids-Crew-Neck-T-Shirt-body-236x300.png\" alt=\"\" width=\"236\" height=\"300\" srcset=\"https:\/\/ukraineboost.com\/dk\/wp-content\/uploads\/sites\/12\/2023\/09\/Kids-Crew-Neck-T-Shirt-body-236x300.png 236w, https:\/\/ukraineboost.com\/dk\/wp-content\/uploads\/sites\/12\/2023\/09\/Kids-Crew-Neck-T-Shirt-body-59x75.png 59w, https:\/\/ukraineboost.com\/dk\/wp-content\/uploads\/sites\/12\/2023\/09\/Kids-Crew-Neck-T-Shirt-body-19x24.png 19w, https:\/\/ukraineboost.com\/dk\/wp-content\/uploads\/sites\/12\/2023\/09\/Kids-Crew-Neck-T-Shirt-body-28x36.png 28w, https:\/\/ukraineboost.com\/dk\/wp-content\/uploads\/sites\/12\/2023\/09\/Kids-Crew-Neck-T-Shirt-body-38x48.png 38w, https:\/\/ukraineboost.com\/dk\/wp-content\/uploads\/sites\/12\/2023\/09\/Kids-Crew-Neck-T-Shirt-body.png 250w\" sizes=\"(max-width:767px) 236px, 236px\" \/>Denne st\u00f8rrelsesguide viser kropsm\u00e5linger. Vi foresl\u00e5r at bestille en st\u00f8rrelse st\u00f8rre, n\u00e5r dine m\u00e5linger er mellem st\u00f8rrelser.<br \/>m\u00e5l-dig-selv<\/p>\n<p>For alle vandrette m\u00e5linger, skal du s\u00f8rge for, at m\u00e5leb\u00e5ndet holdes parallelt med jorden.<\/p>\n<p>A H\u00f8jde<\/p>\n<p>Stil barnet p\u00e5 en fast overflade med en flad baggrund. Med f\u00f8dderne sammen og armene placeret langs siderne, skal hele kroppen ber\u00f8re overfladen. Mark\u00e9r overfladen, hvor toppen af deres hoved er. M\u00e5l afstanden mellem gulvet og markeringen.<\/p>\n<p>B Bryst<\/p>\n<p>Placer den ene ende af m\u00e5leb\u00e5ndet p\u00e5 det fyldigste sted p\u00e5 brystet og f\u00f8r m\u00e5leb\u00e5ndet rundt om ryggen (under armhulerne, over skulderbladene) tilbage til, hvor du startede.<\/p>\n<p>C Talje<\/p>\n<p>Placer m\u00e5leb\u00e5ndet p\u00e5 det smalleste sted omkring taljen og m\u00e5l rundt.<\/p>\n<p>D Hofter<\/p>\n<p>Placer begyndelsen af m\u00e5leb\u00e5ndet p\u00e5 den ene hofte og f\u00f8r m\u00e5leb\u00e5ndet over det fyldigste sted p\u00e5 hofterne tilbage til, hvor du startede m\u00e5lingen.<\/p>\n<table class=\"size-guide__table size-guide__new\">\n<thead>\n<tr>\n<td>St\u00f8rrelse<\/td>\n<td>H\u00f8jgde<\/td>\n<td>Bryst<\/td>\n<td>Talje<\/td>\n<td>Hofter<\/td>\n<\/tr>\n<\/thead>\n<tbody>\n<tr>\n<td>2T<\/td>\n<td>92<\/td>\n<td>52<\/td>\n<td>51<\/td>\n<td>53<\/td>\n<\/tr>\n<tr>\n<td>3T<\/td>\n<td>98<\/td>\n<td>54<\/td>\n<td>52.5<\/td>\n<td>56.5<\/td>\n<\/tr>\n<tr>\n<td>4T<\/td>\n<td>104<\/td>\n<td>56<\/td>\n<td>54<\/td>\n<td>60<\/td>\n<\/tr>\n<tr>\n<td>5T<\/td>\n<td>110<\/td>\n<td>58<\/td>\n<td>55<\/td>\n<td>62<\/td>\n<\/tr>\n<tr>\n<td>6<\/td>\n<td>116<\/td>\n<td>60<\/td>\n<td>56<\/td>\n<td>64<\/td>\n<\/tr>\n<tr>\n<td>6X<\/td>\n<td>122<\/td>\n<td>63<\/td>\n<td>57<\/td>\n<td>66<\/td>\n<\/tr>\n<tr>\n<td>7<\/td>\n<td>128<\/td>\n<td>66<\/td>\n<td>58<\/td>\n<td>69<\/td>\n<\/tr>\n<\/tbody>\n<\/table>\n<p>Alle m\u00e5l er i centimeter<\/p>\n<p>Pro-tip! M\u00e5l et af dine produkter derhjemme og sammenlign med m\u00e5lene, du ser i denne vejledning.<\/p>\n<h4>Leveringstid<\/h4>\n<p>Da dette er et print on demand produkt kan leveringstiden variere. Typisk er leveringstiden en til to uger. Vi pr\u00f8ver altid at finde leverand\u00f8rer s\u00e5 geografisk t\u00e6t p\u00e5 som muligt for at minimere leveringstid og transportomkostninger.<\/p>\n","protected":false},"excerpt":{"rendered":"<p>Lad dit barn skille sig ud med denne stilfulde og behagelige t-shirt! Den i\u00f8jnefaldende pink camouflage kombinerer legende farver med et dristigt design, der udstr\u00e5ler energi<span class=\"excerpt-hellip\"> [\u2026]<\/span><\/p>\n","protected":false},"featured_media":48166,"comment_status":"open","ping_status":"closed","template":"","meta":[],"product_cat":[160],"product_tag":[],"_links":{"self":[{"href":"https:\/\/ukraineboost.com\/dk\/wp-json\/wp\/v2\/product\/48158"}],"collection":[{"href":"https:\/\/ukraineboost.com\/dk\/wp-json\/wp\/v2\/product"}],"about":[{"href":"https:\/\/ukraineboost.com\/dk\/wp-json\/wp\/v2\/types\/product"}],"replies":[{"embeddable":true,"href":"https:\/\/ukraineboost.com\/dk\/wp-json\/wp\/v2\/comments?post=48158"}],"wp:featuredmedia":[{"embeddable":true,"href":"https:\/\/ukraineboost.com\/dk\/wp-json\/wp\/v2\/media\/48166"}],"wp:attachment":[{"href":"https:\/\/ukraineboost.com\/dk\/wp-json\/wp\/v2\/media?parent=48158"}],"wp:term":[{"taxonomy":"product_cat","embeddable":true,"href":"https:\/\/ukraineboost.com\/dk\/wp-json\/wp\/v2\/product_cat?post=48158"},{"taxonomy":"product_tag","embeddable":true,"href":"https:\/\/ukraineboost.com\/dk\/wp-json\/wp\/v2\/product_tag?post=48158"}],"curies":[{"name":"wp","href":"https:\/\/api.w.org\/{rel}","templated":true}]}}