{"id":48140,"date":"2025-01-28T19:55:17","date_gmt":"2025-01-28T19:55:17","guid":{"rendered":"https:\/\/ukraineboost.com\/dk\/product\/all-over-print-recycled-string-bikini-bottom-7\/"},"modified":"2025-02-25T10:45:31","modified_gmt":"2025-02-25T10:45:31","slug":"all-over-print-recycled-string-bikini-bottom-7","status":"publish","type":"product","link":"https:\/\/ukraineboost.com\/dk\/product\/all-over-print-recycled-string-bikini-bottom-7\/","title":{"rendered":"String Bikinitrusse &#8211; Dristig Pink Camo"},"content":{"rendered":"<p data-start=\"47\" data-end=\"398\"><strong data-start=\"50\" data-end=\"121\">G\u00f8r dig klar til solrige dage med denne trendy string bikinitrusse!<\/strong> Denne bikiniunderdel kombinerer et dristigt pink camouflage-m\u00f8nster med en elegant og minimalistisk pasform, der fremh\u00e6ver dine former. Med justerbare snore kan du tilpasse pasformen, s\u00e5 den sidder perfekt \u2013 uanset om du nyder en dag ved poolen eller slapper af p\u00e5 stranden.<\/p>\n<p data-start=\"400\" data-end=\"419\"><strong data-start=\"402\" data-end=\"417\">Funktioner:<\/strong><\/p>\n<ul data-start=\"420\" data-end=\"647\">\n<li data-start=\"420\" data-end=\"470\">Fleksible bikinisnore for en tilpasset pasform<\/li>\n<li data-start=\"471\" data-end=\"530\">Bl\u00f8dt og str\u00e6kbart materiale med UPF 50+ solbeskyttelse<\/li>\n<li data-start=\"531\" data-end=\"596\">F\u00e5s i st\u00f8rrelser op til 6XL, s\u00e5 alle kan f\u00f8le sig godt tilpas<\/li>\n<li data-start=\"597\" data-end=\"647\">Mulighed for forskellige farvedesigns p\u00e5 foret<\/li>\n<\/ul>\n<p data-start=\"649\" data-end=\"678\"><strong data-start=\"652\" data-end=\"676\">Vigtige oplysninger:<\/strong><\/p>\n<ul data-start=\"679\" data-end=\"1029\">\n<li data-start=\"679\" data-end=\"887\">P\u00e5 grund af den 2-lags konstruktion og indvendige syninger kan en synlig syning forekomme ved trussens skridt. Dette er en naturlig del af produktionsprocessen og p\u00e5virker ikke kvaliteten eller komforten.<\/li>\n<li data-start=\"888\" data-end=\"1029\">For at bevare bikinitrussens kvalitet i l\u00e6ngere tid anbefales det at skylle den grundigt efter brug for at fjerne klor- eller saltrester.<\/li>\n<\/ul>\n<p data-start=\"1031\" data-end=\"1284\"><strong data-start=\"1034\" data-end=\"1060\">B\u00e6redygtighed i fokus:<\/strong><br data-start=\"1060\" data-end=\"1063\" \/>Denne bikinitrusse fremstilles specielt til dig, s\u00e5 snart du bestiller den. Ved at producere p\u00e5 bestilling i stedet for i store m\u00e6ngder bidrager vi til at reducere overproduktion. Tak, fordi du st\u00f8tter b\u00e6redygtige valg!<\/p>\n<p data-start=\"1286\" data-end=\"1439\" data-is-last-node=\"\" data-is-only-node=\"\"><strong data-start=\"1289\" data-end=\"1357\">Bestil din string bikinitrusse nu og vis din st\u00f8tte til Ukraine!<\/strong><br data-start=\"1357\" data-end=\"1360\" \/>Hvis du kender nogen, der vil elske dette produkt, s\u00e5 del det gerne med dem. \u2764\ufe0f<\/p>\n<h4>M\u00e5lskema<\/h4>\n<p>Vi opfordrer dig til v\u00e6re omhyggelig med at v\u00e6lge den rigtige st\u00f8rrelse, da vi gerne vil undg\u00e5 s\u00e5 mange returvarer som muligt. M\u00e5let er at st\u00f8tte Ukraine s\u00e5 derfor vil vi gerne holde alle omkostninger s\u00e5 lave som muligt. Vi vedl\u00e6gger m\u00e5lskemaer ved alle varer, da de kommer fra forskellige leverand\u00f8rer, s\u00e5 derfor kan st\u00f8rrelserne variere. Vi takker for din forst\u00e5else.<\/p>\n<h3>Produktm\u00e5l<\/h3>\n<p><img decoding=\"async\" class=\"size-medium wp-image-38978 alignleft\" src=\"https:\/\/ukraineboost.com\/dk\/wp-content\/uploads\/sites\/12\/2024\/06\/00094_Product_All-Over-Print-Recycled-Padded-String-Bikini-Top-300x300.png\" alt=\"\" width=\"300\" height=\"300\" srcset=\"https:\/\/ukraineboost.com\/dk\/wp-content\/uploads\/sites\/12\/2024\/06\/00094_Product_All-Over-Print-Recycled-Padded-String-Bikini-Top-300x300.png 300w, https:\/\/ukraineboost.com\/dk\/wp-content\/uploads\/sites\/12\/2024\/06\/00094_Product_All-Over-Print-Recycled-Padded-String-Bikini-Top-150x150.png 150w, https:\/\/ukraineboost.com\/dk\/wp-content\/uploads\/sites\/12\/2024\/06\/00094_Product_All-Over-Print-Recycled-Padded-String-Bikini-Top-75x75.png 75w, https:\/\/ukraineboost.com\/dk\/wp-content\/uploads\/sites\/12\/2024\/06\/00094_Product_All-Over-Print-Recycled-Padded-String-Bikini-Top-24x24.png 24w, https:\/\/ukraineboost.com\/dk\/wp-content\/uploads\/sites\/12\/2024\/06\/00094_Product_All-Over-Print-Recycled-Padded-String-Bikini-Top-36x36.png 36w, https:\/\/ukraineboost.com\/dk\/wp-content\/uploads\/sites\/12\/2024\/06\/00094_Product_All-Over-Print-Recycled-Padded-String-Bikini-Top-48x48.png 48w, https:\/\/ukraineboost.com\/dk\/wp-content\/uploads\/sites\/12\/2024\/06\/00094_Product_All-Over-Print-Recycled-Padded-String-Bikini-Top-50x50.png 50w, https:\/\/ukraineboost.com\/dk\/wp-content\/uploads\/sites\/12\/2024\/06\/00094_Product_All-Over-Print-Recycled-Padded-String-Bikini-Top-100x100.png 100w, https:\/\/ukraineboost.com\/dk\/wp-content\/uploads\/sites\/12\/2024\/06\/00094_Product_All-Over-Print-Recycled-Padded-String-Bikini-Top.png 344w\" sizes=\"(max-width:767px) 300px, 300px\" \/>Denne st\u00f8rrelsesguide viser produktm\u00e5l taget, n\u00e5r produkterne er lagt fladt. Faktiske produktm\u00e5l kan variere med op til 2,5 cm, da de er h\u00e5ndlavede og skr\u00e6ddersyede. Den nederste kant af bh-sk\u00e5l linjen m\u00e5les, n\u00e5r den er lagt fladt og f\u00f8lger den buede linje.<\/p>\n<h4>Produktm\u00e5l<\/h4>\n<p>A \u2013 Bh-sk\u00e5l l\u00e6ngde<\/p>\n<p>B \u2013 Bh-sk\u00e5l bredde<\/p>\n<table class=\"size-guide__table size-guide__new\">\n<thead>\n<tr>\n<td>St\u00f8rrelse<\/td>\n<td>A<\/td>\n<td>B<\/td>\n<\/tr>\n<\/thead>\n<tbody>\n<tr>\n<td>2XS<\/td>\n<td>16.5<\/td>\n<td>18<\/td>\n<\/tr>\n<tr>\n<td>XS<\/td>\n<td>17<\/td>\n<td>19<\/td>\n<\/tr>\n<tr>\n<td>S<\/td>\n<td>18<\/td>\n<td>20<\/td>\n<\/tr>\n<tr>\n<td>M<\/td>\n<td>18.5<\/td>\n<td>21<\/td>\n<\/tr>\n<tr>\n<td>L<\/td>\n<td>20<\/td>\n<td>23<\/td>\n<\/tr>\n<tr>\n<td>XL<\/td>\n<td>21.6<\/td>\n<td>25<\/td>\n<\/tr>\n<tr>\n<td>2XL<\/td>\n<td>23<\/td>\n<td>27<\/td>\n<\/tr>\n<tr>\n<td>3XL<\/td>\n<td>24.4<\/td>\n<td>29<\/td>\n<\/tr>\n<tr>\n<td>4XL<\/td>\n<td>26<\/td>\n<td>31<\/td>\n<\/tr>\n<tr>\n<td>5XL<\/td>\n<td>27.4<\/td>\n<td>33<\/td>\n<\/tr>\n<tr>\n<td>6XL<\/td>\n<td>29<\/td>\n<td>35<\/td>\n<\/tr>\n<\/tbody>\n<\/table>\n<h3>Guide til kropsm\u00e5l<\/h3>\n<p><img decoding=\"async\" class=\"size-medium wp-image-38979 alignleft\" src=\"https:\/\/ukraineboost.com\/dk\/wp-content\/uploads\/sites\/12\/2024\/06\/00094_body_All-Over-Print-Recycled-Padded-String-Bikini-Top-300x300.png\" alt=\"\" width=\"300\" height=\"300\" srcset=\"https:\/\/ukraineboost.com\/dk\/wp-content\/uploads\/sites\/12\/2024\/06\/00094_body_All-Over-Print-Recycled-Padded-String-Bikini-Top-300x300.png 300w, https:\/\/ukraineboost.com\/dk\/wp-content\/uploads\/sites\/12\/2024\/06\/00094_body_All-Over-Print-Recycled-Padded-String-Bikini-Top-150x150.png 150w, https:\/\/ukraineboost.com\/dk\/wp-content\/uploads\/sites\/12\/2024\/06\/00094_body_All-Over-Print-Recycled-Padded-String-Bikini-Top-75x75.png 75w, https:\/\/ukraineboost.com\/dk\/wp-content\/uploads\/sites\/12\/2024\/06\/00094_body_All-Over-Print-Recycled-Padded-String-Bikini-Top-24x24.png 24w, https:\/\/ukraineboost.com\/dk\/wp-content\/uploads\/sites\/12\/2024\/06\/00094_body_All-Over-Print-Recycled-Padded-String-Bikini-Top-36x36.png 36w, https:\/\/ukraineboost.com\/dk\/wp-content\/uploads\/sites\/12\/2024\/06\/00094_body_All-Over-Print-Recycled-Padded-String-Bikini-Top-48x48.png 48w, https:\/\/ukraineboost.com\/dk\/wp-content\/uploads\/sites\/12\/2024\/06\/00094_body_All-Over-Print-Recycled-Padded-String-Bikini-Top-50x50.png 50w, https:\/\/ukraineboost.com\/dk\/wp-content\/uploads\/sites\/12\/2024\/06\/00094_body_All-Over-Print-Recycled-Padded-String-Bikini-Top-100x100.png 100w, https:\/\/ukraineboost.com\/dk\/wp-content\/uploads\/sites\/12\/2024\/06\/00094_body_All-Over-Print-Recycled-Padded-String-Bikini-Top.png 344w\" sizes=\"(max-width:767px) 300px, 300px\" \/>Denne st\u00f8rrelsesguide viser kropsm\u00e5l. Vi foresl\u00e5r at bestille en st\u00f8rrelse st\u00f8rre, n\u00e5r dine m\u00e5l er mellem to st\u00f8rrelser. m\u00e5l-dig-selv<\/p>\n<h4>A Bryst<\/h4>\n<p>Placer den ene ende af m\u00e5leb\u00e5ndet p\u00e5 den fyldigste del af brystet og f\u00f8r m\u00e5leb\u00e5ndet rundt om ryggen (under armhulerne, over skulderbladene) tilbage til udgangspunktet.<\/p>\n<table class=\"size-guide__table size-guide__new\">\n<thead>\n<tr>\n<td>St\u00f8rrelse<\/td>\n<td>Bryst<\/td>\n<\/tr>\n<\/thead>\n<tbody>\n<tr>\n<td>2XS<\/td>\n<td>80<\/td>\n<\/tr>\n<tr>\n<td>XS<\/td>\n<td>84<\/td>\n<\/tr>\n<tr>\n<td>S<\/td>\n<td>88<\/td>\n<\/tr>\n<tr>\n<td>M<\/td>\n<td>92<\/td>\n<\/tr>\n<tr>\n<td>L<\/td>\n<td>100<\/td>\n<\/tr>\n<tr>\n<td>XL<\/td>\n<td>108<\/td>\n<\/tr>\n<tr>\n<td>2XL<\/td>\n<td>116<\/td>\n<\/tr>\n<tr>\n<td>3XL<\/td>\n<td>124<\/td>\n<\/tr>\n<tr>\n<td>4XL<\/td>\n<td>132<\/td>\n<\/tr>\n<tr>\n<td>5XL<\/td>\n<td>140<\/td>\n<\/tr>\n<tr>\n<td>6XL<\/td>\n<td>148<\/td>\n<\/tr>\n<\/tbody>\n<\/table>\n<p>Alle m\u00e5l er i centimeter<\/p>\n<p>Pro-tip! M\u00e5l et af dine produkter derhjemme og sammenlign med m\u00e5lene, du ser i denne vejledning.<\/p>\n<h4>Leveringstid<\/h4>\n<p>Da dette er et print on demand produkt kan leveringstiden variere. Typisk er leveringstiden en til to uger. Vi pr\u00f8ver altid at finde leverand\u00f8rer s\u00e5 geografisk t\u00e6t p\u00e5 som muligt for at minimere leveringstid og transportomkostninger.<\/p>\n","protected":false},"excerpt":{"rendered":"<p>G\u00f8r dig klar til solrige dage med denne trendy string bikinitrusse! Denne bikiniunderdel kombinerer et dristigt pink camouflage-m\u00f8nster med en elegant og minimalistisk pasform, der fremh\u00e6ver<span class=\"excerpt-hellip\"> [\u2026]<\/span><\/p>\n","protected":false},"featured_media":48152,"comment_status":"open","ping_status":"closed","template":"","meta":[],"product_cat":[180],"product_tag":[],"_links":{"self":[{"href":"https:\/\/ukraineboost.com\/dk\/wp-json\/wp\/v2\/product\/48140"}],"collection":[{"href":"https:\/\/ukraineboost.com\/dk\/wp-json\/wp\/v2\/product"}],"about":[{"href":"https:\/\/ukraineboost.com\/dk\/wp-json\/wp\/v2\/types\/product"}],"replies":[{"embeddable":true,"href":"https:\/\/ukraineboost.com\/dk\/wp-json\/wp\/v2\/comments?post=48140"}],"wp:featuredmedia":[{"embeddable":true,"href":"https:\/\/ukraineboost.com\/dk\/wp-json\/wp\/v2\/media\/48152"}],"wp:attachment":[{"href":"https:\/\/ukraineboost.com\/dk\/wp-json\/wp\/v2\/media?parent=48140"}],"wp:term":[{"taxonomy":"product_cat","embeddable":true,"href":"https:\/\/ukraineboost.com\/dk\/wp-json\/wp\/v2\/product_cat?post=48140"},{"taxonomy":"product_tag","embeddable":true,"href":"https:\/\/ukraineboost.com\/dk\/wp-json\/wp\/v2\/product_tag?post=48140"}],"curies":[{"name":"wp","href":"https:\/\/api.w.org\/{rel}","templated":true}]}}