{"id":48064,"date":"2025-01-28T19:37:02","date_gmt":"2025-01-28T19:37:02","guid":{"rendered":"https:\/\/ukraineboost.com\/dk\/product\/recycled-high-waisted-bikini-11\/"},"modified":"2025-02-23T19:25:20","modified_gmt":"2025-02-23T19:25:20","slug":"recycled-high-waisted-bikini-11","status":"publish","type":"product","link":"https:\/\/ukraineboost.com\/dk\/product\/recycled-high-waisted-bikini-11\/","title":{"rendered":"H\u00f8jtaljet bikini &#8211; Dristig Pink Camo"},"content":{"rendered":"<div class=\"flex max-w-full flex-col flex-grow\">\n<div class=\"min-h-8 text-message flex w-full flex-col items-end gap-2 whitespace-normal break-words text-start [.text-message+&amp;]:mt-5\" dir=\"auto\" data-message-author-role=\"assistant\" data-message-id=\"0c576371-baed-46c6-9508-b9d991e96331\" data-message-model-slug=\"gpt-4o\">\n<div class=\"flex w-full flex-col gap-1 empty:hidden first:pt-[3px]\">\n<div class=\"markdown prose w-full break-words dark:prose-invert light\">\n<p data-start=\"44\" data-end=\"525\">G\u00f8r dig klar til at skille dig ud ved poolen eller p\u00e5 stranden med denne smukke h\u00f8jtaljede bikini i det unikke <em data-start=\"155\" data-end=\"174\">Dristig Pink Camo<\/em>-design! Den i\u00f8jnefaldende lyser\u00f8de camouflage kombinerer nuancer af dyb bordeaux, levende magenta, blid blush og str\u00e5lende fuchsia, hvilket skaber en stilfuld og selvsikker udstr\u00e5ling. M\u00f8nstrets flydende, organiske former giver et moderne twist p\u00e5 det klassiske milit\u00e6rlook, hvilket g\u00f8r denne bikini til et must-have for dig, der t\u00f8r skille dig ud.<\/p>\n<p data-start=\"527\" data-end=\"862\">Denne bikini er designet med b\u00e5de stil og komfort for \u00f8je. Den h\u00f8jtaljede pasform fremh\u00e6ver dine former og giver en flatterende silhuet, mens det dobbelte lag stof og de aftagelige indl\u00e6g sikrer optimal st\u00f8tte og komfort hele dagen. Uanset om du slapper af p\u00e5 stranden eller tager en sv\u00f8mmetur, vil denne bikini v\u00e6re din nye favorit!<\/p>\n<h3 data-start=\"864\" data-end=\"890\"><strong data-start=\"868\" data-end=\"888\">Produktdetaljer:<\/strong><\/h3>\n<ul data-start=\"891\" data-end=\"1338\">\n<li data-start=\"891\" data-end=\"985\"><strong data-start=\"896\" data-end=\"915\">Materiale (EU):<\/strong> 88% genanvendt polyester, 12% elastan \u2013 b\u00e6redygtigt og milj\u00f8venligt<\/li>\n<li data-start=\"986\" data-end=\"1074\"><strong data-start=\"991\" data-end=\"1008\">Stoftykkelse:<\/strong> 6.78 oz\/yd\u00b2 (230 g\/m\u00b2) \u2013 let, men holdbart (kan variere med 5%)<\/li>\n<li data-start=\"1075\" data-end=\"1138\"><strong data-start=\"1080\" data-end=\"1103\">Dobbeltsidet design<\/strong> \u2013 giver ekstra st\u00f8tte og komfort<\/li>\n<li data-start=\"1139\" data-end=\"1203\"><strong data-start=\"1144\" data-end=\"1165\">Aftagelige indl\u00e6g<\/strong> \u2013 tilpas pasformen efter dine behov<\/li>\n<li data-start=\"1204\" data-end=\"1275\"><strong data-start=\"1209\" data-end=\"1229\">Zig-zag syninger<\/strong> \u2013 giver et elegant finish og god holdbarhed<\/li>\n<li data-start=\"1276\" data-end=\"1338\"><strong data-start=\"1282\" data-end=\"1307\">Aftageligt vaskem\u00e6rke<\/strong> \u2013 ingen irritation mod huden<\/li>\n<\/ul>\n<h5 data-start=\"1340\" data-end=\"1376\"><strong data-start=\"1344\" data-end=\"1374\">Unikt fremstillet til dig:<\/strong><\/h5>\n<p data-start=\"1377\" data-end=\"1599\">Denne bikini produceres specielt til dig, s\u00e5 snart du placerer din ordre. Ved at producere p\u00e5 bestilling undg\u00e5r vi overproduktion og bidrager til en mere b\u00e6redygtig fremtid. Tak, fordi du tr\u00e6ffer en ansvarlig beslutning!<\/p>\n<h5 data-start=\"1601\" data-end=\"1637\"><strong data-start=\"1605\" data-end=\"1635\">St\u00f8t Ukraine med din stil:<\/strong><\/h5>\n<p data-start=\"1638\" data-end=\"1827\">N\u00e5r du k\u00f8ber denne bikini fra <em data-start=\"1668\" data-end=\"1682\">UkraineBoost<\/em>, viser du din st\u00f8tte til Ukraines kamp for frihed, fred og sikkerhed. Din st\u00f8tte hj\u00e6lper med at skabe en bedre fremtid for det ukrainske folk.<\/p>\n<p data-start=\"1829\" data-end=\"1972\" data-is-last-node=\"\" data-is-only-node=\"\"><strong data-start=\"1832\" data-end=\"1861\">K\u00f8b nu og vis din st\u00f8tte!<\/strong><br data-start=\"1861\" data-end=\"1864\" \/>Synes du, at andre vil elske denne bikini? Del den med dine venner og hj\u00e6lp os med at sprede budskabet! \ud83d\udc99\ud83d\udc9b<\/p>\n<p><\/p>\n<div class=\"flex flex-grow flex-col max-w-full\">\n<div class=\"min-h-[20px] text-message flex flex-col items-start whitespace-pre-wrap break-words [.text-message+&amp;]:mt-5 juice:w-full juice:items-end overflow-x-auto gap-2\" dir=\"auto\" data-message-author-role=\"assistant\" data-message-id=\"60158a8c-b82e-4e66-832e-5dcbefd27204\">\n<div class=\"flex w-full flex-col gap-1 juice:empty:hidden juice:first:pt-[3px]\">\n<div class=\"markdown prose w-full break-words dark:prose-invert light\">\n<div class=\"flex flex-grow flex-col gap-3\">\n<div class=\"min-h-[20px] flex items-start overflow-x-auto whitespace-pre-wrap break-words flex-col gap-4\">\n<div class=\"markdown prose w-full break-words dark:prose-invert light\">\n<h3>M\u00e5lskema<\/h3>\n<p>Vi opfordrer dig til v\u00e6re omhyggelig med at v\u00e6lge den rigtige st\u00f8rrelse, da vi gerne vil undg\u00e5 s\u00e5 mange returvarer som muligt. M\u00e5let er at st\u00f8tte Ukraine s\u00e5 derfor vil vi gerne holde alle omkostninger s\u00e5 lave som muligt. Vi vedl\u00e6gger m\u00e5lskemaer ved alle varer, da de kommer fra forskellige leverand\u00f8rer, s\u00e5 derfor kan st\u00f8rrelserne variere. Vi takker for din forst\u00e5else.<\/p>\n<\/div>\n<\/div>\n<div>\u00a0<\/div>\n<\/div>\n<\/div>\n<\/div>\n<\/div>\n<\/div>\n<h4>Guide til kropsm\u00e5linger<\/h4>\n<div class=\"flex flex-grow flex-col max-w-full\">\n<div class=\"min-h-[20px] text-message flex flex-col items-start whitespace-pre-wrap break-words [.text-message+&amp;]:mt-5 juice:w-full juice:items-end overflow-x-auto gap-2\" dir=\"auto\" data-message-author-role=\"assistant\" data-message-id=\"60158a8c-b82e-4e66-832e-5dcbefd27204\">\n<div class=\"flex w-full flex-col gap-1 juice:empty:hidden juice:first:pt-[3px]\">\n<div class=\"markdown prose w-full break-words dark:prose-invert light\">\n<div class=\"flex flex-grow flex-col gap-3\">\n<div class=\"min-h-[20px] flex items-start overflow-x-auto whitespace-pre-wrap break-words flex-col gap-4\">\n<div>\u00a0<\/div>\n<div class=\"markdown prose w-full break-words dark:prose-invert light\">\n<div class=\"flex flex-grow flex-col gap-3\">\n<div class=\"min-h-[20px] flex items-start overflow-x-auto whitespace-pre-wrap break-words flex-col gap-4\">\n<div>\u00a0<\/div>\n<div class=\"markdown prose w-full break-words dark:prose-invert light\">\u00a0Denne st\u00f8rrelsesguide viser kropsm\u00e5linger. Vi anbefaler at bestille en st\u00f8rrelse st\u00f8rre, n\u00e5r dine m\u00e5linger er mellem to st\u00f8rrelser. m\u00e5l-dig-selv <img decoding=\"async\" class=\"size-medium wp-image-3216 alignleft\" src=\"https:\/\/ukraineboost.com\/dk\/wp-content\/uploads\/sites\/12\/2023\/05\/3215_model_size_guide-300x300.png\" alt=\"\" width=\"300\" height=\"300\" srcset=\"https:\/\/ukraineboost.com\/dk\/wp-content\/uploads\/sites\/12\/2023\/05\/3215_model_size_guide-300x300.png 300w, https:\/\/ukraineboost.com\/dk\/wp-content\/uploads\/sites\/12\/2023\/05\/3215_model_size_guide-150x150.png 150w, https:\/\/ukraineboost.com\/dk\/wp-content\/uploads\/sites\/12\/2023\/05\/3215_model_size_guide-146x146.png 146w, https:\/\/ukraineboost.com\/dk\/wp-content\/uploads\/sites\/12\/2023\/05\/3215_model_size_guide-50x50.png 50w, https:\/\/ukraineboost.com\/dk\/wp-content\/uploads\/sites\/12\/2023\/05\/3215_model_size_guide-75x75.png 75w, https:\/\/ukraineboost.com\/dk\/wp-content\/uploads\/sites\/12\/2023\/05\/3215_model_size_guide-85x85.png 85w, https:\/\/ukraineboost.com\/dk\/wp-content\/uploads\/sites\/12\/2023\/05\/3215_model_size_guide-80x80.png 80w, https:\/\/ukraineboost.com\/dk\/wp-content\/uploads\/sites\/12\/2023\/05\/3215_model_size_guide-24x24.png 24w, https:\/\/ukraineboost.com\/dk\/wp-content\/uploads\/sites\/12\/2023\/05\/3215_model_size_guide-36x36.png 36w, https:\/\/ukraineboost.com\/dk\/wp-content\/uploads\/sites\/12\/2023\/05\/3215_model_size_guide-48x48.png 48w, https:\/\/ukraineboost.com\/dk\/wp-content\/uploads\/sites\/12\/2023\/05\/3215_model_size_guide-100x100.png 100w, https:\/\/ukraineboost.com\/dk\/wp-content\/uploads\/sites\/12\/2023\/05\/3215_model_size_guide.png 344w\" sizes=\"(max-width:767px) 300px, 300px\" \/>Ved alle vandrette m\u00e5linger skal du holde m\u00e5leb\u00e5ndet parallelt med jorden.<\/div>\n<div>\u00a0<\/div>\n<div class=\"markdown prose w-full break-words dark:prose-invert light\">A Bryst Placer den ene ende af m\u00e5leb\u00e5ndet p\u00e5 den fuldeste del af brystet og f\u00f8r b\u00e5ndet rundt om ryggen (under armhulerne, over skulderbladene) tilbage til udgangspunktet.<\/div>\n<div>\u00a0<\/div>\n<div class=\"markdown prose w-full break-words dark:prose-invert light\">B Talje Placer m\u00e5leb\u00e5ndet p\u00e5 det smalleste sted omkring taljen og m\u00e5l rundt.<\/div>\n<div>\u00a0<\/div>\n<div class=\"markdown prose w-full break-words dark:prose-invert light\">C Hofter Start m\u00e5leb\u00e5ndet p\u00e5 den ene hofte og f\u00f8r b\u00e5ndet hen over den fuldeste del af hofterne tilbage til udgangspunktet, hvor du begyndte at m\u00e5le.<\/div>\n<div>\u00a0<\/div>\n<\/div>\n<\/div>\n<div>\n<table class=\"size-guide__table size-guide__new\">\n<thead>\n<tr>\n<td>St\u00f8rrelse<\/td>\n<td>Bryst<\/td>\n<td>Talje<\/td>\n<td>Hofter<\/td>\n<\/tr>\n<\/thead>\n<tbody>\n<tr>\n<td>XS<\/td>\n<td>84<\/td>\n<td>64<\/td>\n<td>90<\/td>\n<\/tr>\n<tr>\n<td>S<\/td>\n<td>88<\/td>\n<td>68<\/td>\n<td>94<\/td>\n<\/tr>\n<tr>\n<td>M<\/td>\n<td>92<\/td>\n<td>72<\/td>\n<td>98<\/td>\n<\/tr>\n<tr>\n<td>L<\/td>\n<td>100<\/td>\n<td>80<\/td>\n<td>106<\/td>\n<\/tr>\n<tr>\n<td>XL<\/td>\n<td>108<\/td>\n<td>88<\/td>\n<td>114<\/td>\n<\/tr>\n<tr>\n<td>2XL<\/td>\n<td>116<\/td>\n<td>96<\/td>\n<td>122<\/td>\n<\/tr>\n<tr>\n<td>3XL<\/td>\n<td>124<\/td>\n<td>104<\/td>\n<td>130<\/td>\n<\/tr>\n<\/tbody>\n<\/table>\n<\/div>\n<div class=\"flex flex-grow flex-col gap-3\">\n<div class=\"min-h-[20px] flex items-start overflow-x-auto whitespace-pre-wrap break-words flex-col gap-4\">\n<div>\u00a0<\/div>\n<\/div>\n<\/div>\n<\/div>\n<\/div>\n<\/div>\n<p>\u00a0 <strong>Produktm\u00e5linger<\/strong> <img decoding=\"async\" class=\"size-medium wp-image-8863 alignleft\" src=\"https:\/\/ukraineboost.com\/dk\/wp-content\/uploads\/sites\/12\/2023\/07\/9dd8453eb9dda6c8ff3ae59dcacc40fe_l-300x300.png\" alt=\"\" width=\"300\" height=\"300\" srcset=\"https:\/\/ukraineboost.com\/dk\/wp-content\/uploads\/sites\/12\/2023\/07\/9dd8453eb9dda6c8ff3ae59dcacc40fe_l-300x300.png 300w, https:\/\/ukraineboost.com\/dk\/wp-content\/uploads\/sites\/12\/2023\/07\/9dd8453eb9dda6c8ff3ae59dcacc40fe_l-150x150.png 150w, https:\/\/ukraineboost.com\/dk\/wp-content\/uploads\/sites\/12\/2023\/07\/9dd8453eb9dda6c8ff3ae59dcacc40fe_l-75x75.png 75w, https:\/\/ukraineboost.com\/dk\/wp-content\/uploads\/sites\/12\/2023\/07\/9dd8453eb9dda6c8ff3ae59dcacc40fe_l-24x24.png 24w, https:\/\/ukraineboost.com\/dk\/wp-content\/uploads\/sites\/12\/2023\/07\/9dd8453eb9dda6c8ff3ae59dcacc40fe_l-36x36.png 36w, https:\/\/ukraineboost.com\/dk\/wp-content\/uploads\/sites\/12\/2023\/07\/9dd8453eb9dda6c8ff3ae59dcacc40fe_l-48x48.png 48w, https:\/\/ukraineboost.com\/dk\/wp-content\/uploads\/sites\/12\/2023\/07\/9dd8453eb9dda6c8ff3ae59dcacc40fe_l-50x50.png 50w, https:\/\/ukraineboost.com\/dk\/wp-content\/uploads\/sites\/12\/2023\/07\/9dd8453eb9dda6c8ff3ae59dcacc40fe_l-100x100.png 100w, https:\/\/ukraineboost.com\/dk\/wp-content\/uploads\/sites\/12\/2023\/07\/9dd8453eb9dda6c8ff3ae59dcacc40fe_l.png 343w\" sizes=\"(max-width:767px) 300px, 300px\" \/><\/p>\n<div class=\"flex flex-grow flex-col gap-3\">\n<div class=\"min-h-[20px] flex items-start overflow-x-auto whitespace-pre-wrap break-words flex-col gap-4\">\n<div class=\"markdown prose w-full break-words dark:prose-invert light\">Denne st\u00f8rrelsesguide viser produktm\u00e5linger, der er taget, n\u00e5r produkterne ligger fladt. Faktiske produktm\u00e5linger kan variere med op til 1\u2033, da de er h\u00e5ndlavede efter m\u00e5l. produktm\u00e5linger A \u2013 L\u00e6ngde p\u00e5 toppens forside B \u2013 1\/2 bredde p\u00e5 toppen C \u2013 1\/2 taljebredde D \u2013 H\u00f8jde p\u00e5 bunden<\/div>\n<\/div>\n<\/div>\n<p>\u00a0<\/p>\n<table class=\"size-guide__table size-guide__new\">\n<thead>\n<tr>\n<td>St\u00f8rrelse<\/td>\n<td>A<\/td>\n<td>B<\/td>\n<td>C<\/td>\n<td>D<\/td>\n<\/tr>\n<\/thead>\n<tbody>\n<tr>\n<td>XS<\/td>\n<td>26<\/td>\n<td>30<\/td>\n<td>31<\/td>\n<td>29<\/td>\n<\/tr>\n<tr>\n<td>S<\/td>\n<td>27<\/td>\n<td>32<\/td>\n<td>33<\/td>\n<td>29.5<\/td>\n<\/tr>\n<tr>\n<td>M<\/td>\n<td>28<\/td>\n<td>34<\/td>\n<td>35<\/td>\n<td>30<\/td>\n<\/tr>\n<tr>\n<td>L<\/td>\n<td>29<\/td>\n<td>38<\/td>\n<td>39<\/td>\n<td>30.5<\/td>\n<\/tr>\n<tr>\n<td>XL<\/td>\n<td>30<\/td>\n<td>42<\/td>\n<td>43<\/td>\n<td>31<\/td>\n<\/tr>\n<tr>\n<td>2XL<\/td>\n<td>32<\/td>\n<td>46<\/td>\n<td>47<\/td>\n<td>32<\/td>\n<\/tr>\n<tr>\n<td>3XL<\/td>\n<td>34<\/td>\n<td>50<\/td>\n<td>51<\/td>\n<td>33<\/td>\n<\/tr>\n<\/tbody>\n<\/table>\n<p>Alle m\u00e5l er i centimer<\/p>\n<p>Pro-tip! M\u00e5l et af dine produkter derhjemme og sammenlign med m\u00e5lene, du ser i denne vejledning.<\/p>\n<\/div>\n<\/div>\n<\/div>\n<\/div>\n<\/div>\n<\/div>\n<\/div>\n<\/div>\n<div class=\"mb-2 flex gap-3 empty:hidden -ml-2\">\n<div class=\"items-center justify-start rounded-xl p-1 flex\">\n<div class=\"flex items-center\">\u00a0<\/div>\n<\/div>\n<\/div>\n","protected":false},"excerpt":{"rendered":"<p>G\u00f8r dig klar til at skille dig ud ved poolen eller p\u00e5 stranden med denne smukke h\u00f8jtaljede bikini i det unikke Dristig Pink Camo-design! Den i\u00f8jnefaldende<span class=\"excerpt-hellip\"> [\u2026]<\/span><\/p>\n","protected":false},"featured_media":48072,"comment_status":"open","ping_status":"closed","template":"","meta":[],"product_cat":[180],"product_tag":[],"_links":{"self":[{"href":"https:\/\/ukraineboost.com\/dk\/wp-json\/wp\/v2\/product\/48064"}],"collection":[{"href":"https:\/\/ukraineboost.com\/dk\/wp-json\/wp\/v2\/product"}],"about":[{"href":"https:\/\/ukraineboost.com\/dk\/wp-json\/wp\/v2\/types\/product"}],"replies":[{"embeddable":true,"href":"https:\/\/ukraineboost.com\/dk\/wp-json\/wp\/v2\/comments?post=48064"}],"wp:featuredmedia":[{"embeddable":true,"href":"https:\/\/ukraineboost.com\/dk\/wp-json\/wp\/v2\/media\/48072"}],"wp:attachment":[{"href":"https:\/\/ukraineboost.com\/dk\/wp-json\/wp\/v2\/media?parent=48064"}],"wp:term":[{"taxonomy":"product_cat","embeddable":true,"href":"https:\/\/ukraineboost.com\/dk\/wp-json\/wp\/v2\/product_cat?post=48064"},{"taxonomy":"product_tag","embeddable":true,"href":"https:\/\/ukraineboost.com\/dk\/wp-json\/wp\/v2\/product_tag?post=48064"}],"curies":[{"name":"wp","href":"https:\/\/api.w.org\/{rel}","templated":true}]}}