{"id":48031,"date":"2025-01-28T19:20:09","date_gmt":"2025-01-28T19:20:09","guid":{"rendered":"https:\/\/ukraineboost.com\/dk\/product\/all-over-print-recycled-longline-sports-bra\/"},"modified":"2025-02-23T19:04:11","modified_gmt":"2025-02-23T19:04:11","slug":"all-over-print-recycled-longline-sports-bra","status":"publish","type":"product","link":"https:\/\/ukraineboost.com\/dk\/product\/all-over-print-recycled-longline-sports-bra\/","title":{"rendered":"Longline Sports BH &#8211; Dristig Pink Camo"},"content":{"rendered":"<p data-start=\"46\" data-end=\"483\">Slip din indre trends\u00e6tter l\u00f8s med denne stilfulde longline sports-bh i det dristige pink camouflage-design \u2013 en moderne fortolkning af klassisk milit\u00e6r\u00e6stetik. Med en kunstnerisk blanding af dyb bordeaux, rig magenta, bl\u00f8d rosa og livlig fuchsia udstr\u00e5ler designet selvtillid, energi og individualitet. De organiske, flydende former skaber en visuelt f\u00e6ngende tekstur, der g\u00f8r denne sports-bh perfekt til b\u00e5de tr\u00e6ning og hverdagsbrug.<\/p>\n<p data-start=\"485\" data-end=\"821\">Denne sports-bh kombinerer h\u00f8j ydeevne og modebevidst stil. Det komprimerende stof, den dobbelte forside og de brede skulderstropper giver fremragende st\u00f8tte, uanset om du l\u00f8ber, hopper eller l\u00f8fter v\u00e6gte. Longline-designet giver ekstra d\u00e6kning og kan b\u00e6res b\u00e5de som tr\u00e6ningstop eller som et trendy streetwear-element p\u00e5 solrige dage.<\/p>\n<h3 data-start=\"823\" data-end=\"849\"><strong data-start=\"827\" data-end=\"847\">Produktdetaljer:<\/strong><\/h3>\n<ul data-start=\"850\" data-end=\"1319\">\n<li data-start=\"850\" data-end=\"906\"><strong data-start=\"852\" data-end=\"866\">Materiale:<\/strong> 74% genanvendt polyester, 26% elastan<\/li>\n<li data-start=\"907\" data-end=\"956\"><strong data-start=\"909\" data-end=\"926\">Stoftykkelse:<\/strong> 250 g\/m\u00b2 (kompressionsstof)<\/li>\n<li data-start=\"957\" data-end=\"1013\"><strong data-start=\"959\" data-end=\"980\">Ikke gennemsigtig<\/strong> \u2013 perfekt til alle aktiviteter<\/li>\n<li data-start=\"1014\" data-end=\"1077\"><strong data-start=\"1016\" data-end=\"1050\">\u00c5bninger til aftagelige indl\u00e6g<\/strong> for en tilpasset pasform<\/li>\n<li data-start=\"1078\" data-end=\"1103\"><strong data-start=\"1080\" data-end=\"1101\">Indl\u00e6g inkluderet<\/strong><\/li>\n<li data-start=\"1104\" data-end=\"1150\"><strong data-start=\"1106\" data-end=\"1130\">Dobbeltsidet forside<\/strong> for ekstra st\u00f8tte<\/li>\n<li data-start=\"1151\" data-end=\"1180\"><strong data-start=\"1153\" data-end=\"1164\">Meshfor<\/strong> for \u00e5ndbarhed<\/li>\n<li data-start=\"1181\" data-end=\"1245\"><strong data-start=\"1183\" data-end=\"1203\">Longline-silhuet<\/strong> giver ekstra d\u00e6kning og et moderne look<\/li>\n<li data-start=\"1246\" data-end=\"1319\"><strong data-start=\"1248\" data-end=\"1295\">Global Recycled Standard (GRS) certificeret<\/strong> \u2013 et b\u00e6redygtigt valg<\/li>\n<\/ul>\n<h3 data-start=\"1321\" data-end=\"1352\"><strong data-start=\"1325\" data-end=\"1350\">Vigtige bem\u00e6rkninger:<\/strong><\/h3>\n<ul data-start=\"1353\" data-end=\"1577\">\n<li data-start=\"1353\" data-end=\"1477\">I omr\u00e5der med dobbelt lag (som ved lommer) kan detaljer fra det indvendige stof vise sig svagt, is\u00e6r ved lysere designs.<\/li>\n<li data-start=\"1478\" data-end=\"1577\">Undg\u00e5 kontakt med ru overflader, da de kan tr\u00e6kke hvide fibre ud af stoffet og beskadige bh&#8217;en.<\/li>\n<\/ul>\n<p data-start=\"1579\" data-end=\"1812\"><strong data-start=\"1582\" data-end=\"1603\">B\u00e6redygtigt valg:<\/strong><br data-start=\"1603\" data-end=\"1606\" \/>Denne sports-bh produceres specielt til dig, n\u00e5r du l\u00e6gger din ordre. Det betyder, at vi undg\u00e5r masseproduktion og bidrager til at reducere overproduktion. Tak, fordi du tr\u00e6ffer en bevidst k\u00f8bsbeslutning!<\/p>\n<p data-start=\"1814\" data-end=\"1979\"><strong data-start=\"1817\" data-end=\"1834\">St\u00f8t Ukraine:<\/strong><br data-start=\"1834\" data-end=\"1837\" \/>N\u00e5r du handler hos UkraineBoost, st\u00f8tter du ikke kun din aktive livsstil \u2013 du bidrager ogs\u00e5 til Ukraines kamp for frihed, fred og sikkerhed.<\/p>\n<p data-start=\"1981\" data-end=\"2126\" data-is-last-node=\"\" data-is-only-node=\"\"><strong data-start=\"1984\" data-end=\"2012\">G\u00f8r en forskel \u2013 K\u00f8b nu!<\/strong><br data-start=\"2012\" data-end=\"2015\" \/>Synes du, at andre ville elske denne sports-bh? Del den med dine venner og hj\u00e6lp os med at sprede budskabet! <\/p>\n<h4>M\u00e5leskema<\/h4>\n<p>Vi opfordrer dig til v\u00e6re omhyggelig med at v\u00e6lge den rigtige st\u00f8rrelse, da vi gerne vil undg\u00e5 s\u00e5 mange returvarer som muligt. M\u00e5let er at st\u00f8tte Ukraine s\u00e5 derfor vil vi gerne holde alle omkostninger s\u00e5 lave som muligt. Vi vedl\u00e6gger m\u00e5lskemaer ved alle varer, da de kommer fra forskellige leverand\u00f8rer, s\u00e5 derfor kan st\u00f8rrelserne variere. Vi takker for din forst\u00e5else.<\/p>\n<h5>Produktm\u00e5linger<\/h5>\n<p><img decoding=\"async\" class=\"size-medium wp-image-27726 alignleft\" src=\"https:\/\/ukraineboost.com\/dk\/wp-content\/uploads\/sites\/12\/2023\/09\/Longline-sports-bra-product-300x300.png\" alt=\"\" width=\"300\" height=\"300\" srcset=\"https:\/\/ukraineboost.com\/dk\/wp-content\/uploads\/sites\/12\/2023\/09\/Longline-sports-bra-product-300x300.png 300w, https:\/\/ukraineboost.com\/dk\/wp-content\/uploads\/sites\/12\/2023\/09\/Longline-sports-bra-product-150x150.png 150w, https:\/\/ukraineboost.com\/dk\/wp-content\/uploads\/sites\/12\/2023\/09\/Longline-sports-bra-product-75x75.png 75w, https:\/\/ukraineboost.com\/dk\/wp-content\/uploads\/sites\/12\/2023\/09\/Longline-sports-bra-product-24x24.png 24w, https:\/\/ukraineboost.com\/dk\/wp-content\/uploads\/sites\/12\/2023\/09\/Longline-sports-bra-product-36x36.png 36w, https:\/\/ukraineboost.com\/dk\/wp-content\/uploads\/sites\/12\/2023\/09\/Longline-sports-bra-product-48x48.png 48w, https:\/\/ukraineboost.com\/dk\/wp-content\/uploads\/sites\/12\/2023\/09\/Longline-sports-bra-product-50x50.png 50w, https:\/\/ukraineboost.com\/dk\/wp-content\/uploads\/sites\/12\/2023\/09\/Longline-sports-bra-product-100x100.png 100w, https:\/\/ukraineboost.com\/dk\/wp-content\/uploads\/sites\/12\/2023\/09\/Longline-sports-bra-product.png 344w\" sizes=\"(max-width:767px) 300px, 300px\" \/>\u00a0Denne st\u00f8rrelsesguide viser produktm\u00e5linger, der er taget, n\u00e5r produkterne ligger fladt. Faktiske produktm\u00e5linger kan variere med op til 1 tomme, da de er h\u00e5ndlavet efter m\u00e5l.<br \/>produktm\u00e5linger<\/p>\n<p>A 1\/2 brystbredde<\/p>\n<p>B 1\/2 b\u00e5ndbredde<\/p>\n<p>C foran l\u00e6ngde<\/p>\n<p>D b\u00e5ndh\u00f8jde<\/p>\n<table class=\"size-guide__table size-guide__new\">\n<thead>\n<tr>\n<td>St\u00f8rrelse<\/td>\n<td>A<\/td>\n<td>B<\/td>\n<td>C<\/td>\n<td>D<\/td>\n<\/tr>\n<\/thead>\n<tbody>\n<tr>\n<td>XS<\/td>\n<td>31<\/td>\n<td>29<\/td>\n<td>25<\/td>\n<td>6.5<\/td>\n<\/tr>\n<tr>\n<td>S<\/td>\n<td>33<\/td>\n<td>31<\/td>\n<td>26<\/td>\n<td>6.5<\/td>\n<\/tr>\n<tr>\n<td>M<\/td>\n<td>35<\/td>\n<td>33<\/td>\n<td>27<\/td>\n<td>6.5<\/td>\n<\/tr>\n<tr>\n<td>L<\/td>\n<td>39<\/td>\n<td>37<\/td>\n<td>28.5<\/td>\n<td>6.5<\/td>\n<\/tr>\n<tr>\n<td>XL<\/td>\n<td>43<\/td>\n<td>41<\/td>\n<td>30<\/td>\n<td>6.5<\/td>\n<\/tr>\n<tr>\n<td>2XL<\/td>\n<td>47<\/td>\n<td>45<\/td>\n<td>31.5<\/td>\n<td>6.5<\/td>\n<\/tr>\n<tr>\n<td>3XL<\/td>\n<td>51<\/td>\n<td>49<\/td>\n<td>33<\/td>\n<td>6.5<\/td>\n<\/tr>\n<\/tbody>\n<\/table>\n<p>Alle m\u00e5l er i centimeter<\/p>\n<h5>Guide til kropsm\u00e5linger<\/h5>\n<p><img decoding=\"async\" class=\"size-medium wp-image-27727 alignleft\" src=\"https:\/\/ukraineboost.com\/dk\/wp-content\/uploads\/sites\/12\/2023\/09\/Longline-Sports-Bra-172x300.png\" alt=\"\" width=\"172\" height=\"300\" srcset=\"https:\/\/ukraineboost.com\/dk\/wp-content\/uploads\/sites\/12\/2023\/09\/Longline-Sports-Bra-172x300.png 172w, https:\/\/ukraineboost.com\/dk\/wp-content\/uploads\/sites\/12\/2023\/09\/Longline-Sports-Bra-43x75.png 43w, https:\/\/ukraineboost.com\/dk\/wp-content\/uploads\/sites\/12\/2023\/09\/Longline-Sports-Bra-14x24.png 14w, https:\/\/ukraineboost.com\/dk\/wp-content\/uploads\/sites\/12\/2023\/09\/Longline-Sports-Bra-21x36.png 21w, https:\/\/ukraineboost.com\/dk\/wp-content\/uploads\/sites\/12\/2023\/09\/Longline-Sports-Bra-28x48.png 28w, https:\/\/ukraineboost.com\/dk\/wp-content\/uploads\/sites\/12\/2023\/09\/Longline-Sports-Bra.png 191w\" sizes=\"(max-width:767px) 172px, 172px\" \/>Denne st\u00f8rrelsesguide viser kropsm\u00e5linger. Vi foresl\u00e5r at bestille en st\u00f8rrelse st\u00f8rre, n\u00e5r dine m\u00e5linger er mellem st\u00f8rrelser.<br \/>m\u00e5l-dig-selv<\/p>\n<p>For alle horisontale m\u00e5linger, skal du holde m\u00e5leb\u00e5ndet parallelt med jorden.<\/p>\n<p>A Bryst<\/p>\n<p>Placer den ene ende af m\u00e5leb\u00e5ndet p\u00e5 det fyldigste punkt af brystet og f\u00f8r m\u00e5leb\u00e5ndet rundt om ryggen (under armhulerne, over skulderbladene) tilbage til, hvor du startede.<\/p>\n<p>B Underbrystomkreds<\/p>\n<p>Placer m\u00e5leb\u00e5ndet omkring din krop lige under dine bryster, hvor bh\u2019en sidder.<\/p>\n<table class=\"size-guide__table size-guide__new\">\n<thead>\n<tr>\n<td>St\u00f8rrelse<\/td>\n<td>Bryst<\/td>\n<td>Under brystet<\/td>\n<\/tr>\n<\/thead>\n<tbody>\n<tr>\n<td>XS<\/td>\n<td>84<\/td>\n<td>70<\/td>\n<\/tr>\n<tr>\n<td>S<\/td>\n<td>88<\/td>\n<td>74<\/td>\n<\/tr>\n<tr>\n<td>M<\/td>\n<td>92<\/td>\n<td>78<\/td>\n<\/tr>\n<tr>\n<td>L<\/td>\n<td>100<\/td>\n<td>85<\/td>\n<\/tr>\n<tr>\n<td>XL<\/td>\n<td>108<\/td>\n<td>92<\/td>\n<\/tr>\n<tr>\n<td>2XL<\/td>\n<td>116<\/td>\n<td>99<\/td>\n<\/tr>\n<tr>\n<td>3XL<\/td>\n<td>124<\/td>\n<td>106<\/td>\n<\/tr>\n<\/tbody>\n<\/table>\n<p>Alle m\u00e5l er i centimeter<\/p>\n<p>Pro-tip! M\u00e5l et af dine produkter derhjemme og sammenlign med m\u00e5lene, du ser i denne vejledning.<\/p>\n<h4>Leveringstid<\/h4>\n<p>Da dette er et print on demand produkt kan leveringstiden variere. Typisk er leveringstiden en til to uger. Vi pr\u00f8ver altid at finde leverand\u00f8rer s\u00e5 geografisk t\u00e6t p\u00e5 som muligt for at minimere leveringstid og transportomkostninger.<\/p>\n","protected":false},"excerpt":{"rendered":"<p>Slip din indre trends\u00e6tter l\u00f8s med denne stilfulde longline sports-bh i det dristige pink camouflage-design \u2013 en moderne fortolkning af klassisk milit\u00e6r\u00e6stetik. Med en kunstnerisk blanding<span class=\"excerpt-hellip\"> [\u2026]<\/span><\/p>\n","protected":false},"featured_media":48039,"comment_status":"open","ping_status":"closed","template":"","meta":[],"product_cat":[178,173],"product_tag":[],"_links":{"self":[{"href":"https:\/\/ukraineboost.com\/dk\/wp-json\/wp\/v2\/product\/48031"}],"collection":[{"href":"https:\/\/ukraineboost.com\/dk\/wp-json\/wp\/v2\/product"}],"about":[{"href":"https:\/\/ukraineboost.com\/dk\/wp-json\/wp\/v2\/types\/product"}],"replies":[{"embeddable":true,"href":"https:\/\/ukraineboost.com\/dk\/wp-json\/wp\/v2\/comments?post=48031"}],"wp:featuredmedia":[{"embeddable":true,"href":"https:\/\/ukraineboost.com\/dk\/wp-json\/wp\/v2\/media\/48039"}],"wp:attachment":[{"href":"https:\/\/ukraineboost.com\/dk\/wp-json\/wp\/v2\/media?parent=48031"}],"wp:term":[{"taxonomy":"product_cat","embeddable":true,"href":"https:\/\/ukraineboost.com\/dk\/wp-json\/wp\/v2\/product_cat?post=48031"},{"taxonomy":"product_tag","embeddable":true,"href":"https:\/\/ukraineboost.com\/dk\/wp-json\/wp\/v2\/product_tag?post=48031"}],"curies":[{"name":"wp","href":"https:\/\/api.w.org\/{rel}","templated":true}]}}