{"id":47986,"date":"2025-01-28T19:11:43","date_gmt":"2025-01-28T19:11:43","guid":{"rendered":"https:\/\/ukraineboost.com\/dk\/product\/sports-bra-20\/"},"modified":"2025-02-23T18:44:32","modified_gmt":"2025-02-23T18:44:32","slug":"sports-bra-20","status":"publish","type":"product","link":"https:\/\/ukraineboost.com\/dk\/product\/sports-bra-20\/","title":{"rendered":"Sports BH &#8211; Dristig Pink Camo"},"content":{"rendered":"<p data-start=\"37\" data-end=\"521\">Slip din indre trends\u00e6tter l\u00f8s med denne fantastiske sports-bh i et dristigt pink camouflage-design \u2013 en moderne fortolkning af klassisk milit\u00e6r\u00e6stetik. Med en kunstnerisk blanding af dyb bordeaux, rig magenta, bl\u00f8d rosa og livlig fuchsia udstr\u00e5ler designet selvtillid, energi og individualitet. De organiske, flydende former skaber en visuelt f\u00e6ngende tekstur, der g\u00f8r denne sports-bh til det perfekte valg for modebevidste kvinder, uanset om du tr\u00e6ner eller \u00f8nsker et sporty look.<\/p>\n<p data-start=\"523\" data-end=\"814\">Denne sports-bh kombinerer stil og funktionalitet med sit fugttransporterende materiale, der holder dig t\u00f8r under tr\u00e6ningen. Med st\u00f8tte i skulderstropperne, dobbeltlagsfront og en bred elastik under brystet giver den fremragende st\u00f8tte \u2013 perfekt til lav- og mediumintensive tr\u00e6ningsformer.<\/p>\n<h3 data-start=\"816\" data-end=\"842\"><strong data-start=\"820\" data-end=\"840\">Produktdetaljer:<\/strong><\/h3>\n<ul data-start=\"843\" data-end=\"1313\">\n<li data-start=\"843\" data-end=\"888\"><strong data-start=\"845\" data-end=\"859\">Materiale:<\/strong> 82% polyester, 18% spandex<\/li>\n<li data-start=\"889\" data-end=\"940\"><strong data-start=\"891\" data-end=\"908\">Stoftykkelse:<\/strong> 230 g\/m\u00b2 (kan variere med 5%)<\/li>\n<li data-start=\"941\" data-end=\"992\"><strong data-start=\"943\" data-end=\"971\">Fugttransporterende stof<\/strong> der holder dig t\u00f8r<\/li>\n<li data-start=\"993\" data-end=\"1044\"><strong data-start=\"995\" data-end=\"1012\">Firevejsstr\u00e6k<\/strong> for maksimal bev\u00e6gelsesfrihed<\/li>\n<li data-start=\"1045\" data-end=\"1104\"><strong data-start=\"1047\" data-end=\"1083\">Scoop halsudsk\u00e6ring og bryderryg<\/strong> for et sporty look<\/li>\n<li data-start=\"1105\" data-end=\"1155\"><strong data-start=\"1107\" data-end=\"1134\">Flade s\u00f8mme og kantb\u00e5nd<\/strong> minimerer gnidning<\/li>\n<li data-start=\"1156\" data-end=\"1192\"><strong data-start=\"1158\" data-end=\"1190\">Optimal st\u00f8tte til A\u2013C sk\u00e5le<\/strong><\/li>\n<li data-start=\"1193\" data-end=\"1313\"><strong data-start=\"1195\" data-end=\"1234\">St\u00f8ttemateriale i skulderstropperne<\/strong>, dobbeltlagsfront og bred elastik under brystet for ekstra komfort og st\u00f8tte<\/li>\n<\/ul>\n<p data-start=\"1315\" data-end=\"1548\"><strong data-start=\"1318\" data-end=\"1339\">B\u00e6redygtigt valg:<\/strong><br data-start=\"1339\" data-end=\"1342\" \/>Denne sports-bh produceres specielt til dig, n\u00e5r du l\u00e6gger din ordre. Det betyder, at vi undg\u00e5r masseproduktion og bidrager til at reducere overproduktion. Tak, fordi du tr\u00e6ffer en bevidst k\u00f8bsbeslutning!<\/p>\n<p data-start=\"1550\" data-end=\"1713\"><strong data-start=\"1553\" data-end=\"1570\">St\u00f8t Ukraine:<\/strong><br data-start=\"1570\" data-end=\"1573\" \/>N\u00e5r du k\u00f8ber fra UkraineBoost, st\u00f8tter du ikke kun din aktive livsstil \u2013 du bidrager ogs\u00e5 til Ukraines kamp for frihed, fred og sikkerhed.<\/p>\n<p data-start=\"1715\" data-end=\"1860\" data-is-last-node=\"\" data-is-only-node=\"\"><strong data-start=\"1718\" data-end=\"1746\">G\u00f8r en forskel \u2013 K\u00f8b nu!<\/strong><br data-start=\"1746\" data-end=\"1749\" \/>Synes du, at andre ville elske denne sports-bh? Del den med dine venner og hj\u00e6lp os med at sprede budskabet!<\/p>\n<h4>M\u00e5leskema<\/h4>\n<p>Vi opfordrer dig til v\u00e6re omhyggelig med at v\u00e6lge den rigtige st\u00f8rrelse, da vi gerne vil undg\u00e5 s\u00e5 mange returvarer som muligt. M\u00e5let er at st\u00f8tte Ukraine s\u00e5 derfor vil vi gerne holde alle omkostninger s\u00e5 lave som muligt. Vi vedl\u00e6gger m\u00e5lskemaer ved alle varer, da de kommer fra forskellige leverand\u00f8rer, s\u00e5 derfor kan st\u00f8rrelserne variere. Vi takker for din forst\u00e5else.<\/p>\n<h5>Produktm\u00e5linger<\/h5>\n<p><img decoding=\"async\" class=\"size-medium wp-image-27665 alignleft\" src=\"https:\/\/ukraineboost.com\/dk\/wp-content\/uploads\/sites\/12\/2023\/09\/sports-bra-300x300.png\" alt=\"\" width=\"300\" height=\"300\" srcset=\"https:\/\/ukraineboost.com\/dk\/wp-content\/uploads\/sites\/12\/2023\/09\/sports-bra-300x300.png 300w, https:\/\/ukraineboost.com\/dk\/wp-content\/uploads\/sites\/12\/2023\/09\/sports-bra-150x150.png 150w, https:\/\/ukraineboost.com\/dk\/wp-content\/uploads\/sites\/12\/2023\/09\/sports-bra-75x75.png 75w, https:\/\/ukraineboost.com\/dk\/wp-content\/uploads\/sites\/12\/2023\/09\/sports-bra-24x24.png 24w, https:\/\/ukraineboost.com\/dk\/wp-content\/uploads\/sites\/12\/2023\/09\/sports-bra-36x36.png 36w, https:\/\/ukraineboost.com\/dk\/wp-content\/uploads\/sites\/12\/2023\/09\/sports-bra-48x48.png 48w, https:\/\/ukraineboost.com\/dk\/wp-content\/uploads\/sites\/12\/2023\/09\/sports-bra-50x50.png 50w, https:\/\/ukraineboost.com\/dk\/wp-content\/uploads\/sites\/12\/2023\/09\/sports-bra-100x100.png 100w, https:\/\/ukraineboost.com\/dk\/wp-content\/uploads\/sites\/12\/2023\/09\/sports-bra.png 343w\" sizes=\"(max-width:767px) 300px, 300px\" \/>Denne st\u00f8rrelsesguide viser produktm\u00e5linger, der er taget, n\u00e5r produkterne ligger fladt. Faktiske produktm\u00e5linger kan variere med op til 1\u2033, da de er h\u00e5ndlavet efter m\u00e5l.<br \/>produkt-m\u00e5linger<\/p>\n<p>A \u2013 1\/2 brystbredde<\/p>\n<p>B \u2013 1\/2 b\u00e5ndbredde<\/p>\n<p>C \u2013 L\u00e6ngde foran<\/p>\n<p>D \u2013 Side l\u00e6ngde<\/p>\n<table class=\"size-guide__table size-guide__new\">\n<thead>\n<tr>\n<td>St\u00f8rrelse<\/td>\n<td>A<\/td>\n<td>B<\/td>\n<td>C<\/td>\n<td>D<\/td>\n<\/tr>\n<\/thead>\n<tbody>\n<tr>\n<td>XS<\/td>\n<td>32<\/td>\n<td>31<\/td>\n<td>26<\/td>\n<td>12<\/td>\n<\/tr>\n<tr>\n<td>S<\/td>\n<td>34<\/td>\n<td>33<\/td>\n<td>28<\/td>\n<td>13<\/td>\n<\/tr>\n<tr>\n<td>M<\/td>\n<td>36<\/td>\n<td>35<\/td>\n<td>30<\/td>\n<td>14<\/td>\n<\/tr>\n<tr>\n<td>L<\/td>\n<td>40<\/td>\n<td>39<\/td>\n<td>32<\/td>\n<td>16<\/td>\n<\/tr>\n<tr>\n<td>XL<\/td>\n<td>44<\/td>\n<td>43<\/td>\n<td>34<\/td>\n<td>18<\/td>\n<\/tr>\n<tr>\n<td>2XL<\/td>\n<td>48<\/td>\n<td>47<\/td>\n<td>36<\/td>\n<td>20<\/td>\n<\/tr>\n<\/tbody>\n<\/table>\n<p>Alle m\u00e5 er i centimeter<\/p>\n<h5>M\u00e5leguide for kropsm\u00e5l<\/h5>\n<p><img decoding=\"async\" class=\"size-medium wp-image-27666 alignleft\" src=\"https:\/\/ukraineboost.com\/dk\/wp-content\/uploads\/sites\/12\/2023\/09\/sports-bra-body-165x300.png\" alt=\"\" width=\"165\" height=\"300\" srcset=\"https:\/\/ukraineboost.com\/dk\/wp-content\/uploads\/sites\/12\/2023\/09\/sports-bra-body-165x300.png 165w, https:\/\/ukraineboost.com\/dk\/wp-content\/uploads\/sites\/12\/2023\/09\/sports-bra-body-41x75.png 41w, https:\/\/ukraineboost.com\/dk\/wp-content\/uploads\/sites\/12\/2023\/09\/sports-bra-body-13x24.png 13w, https:\/\/ukraineboost.com\/dk\/wp-content\/uploads\/sites\/12\/2023\/09\/sports-bra-body-20x36.png 20w, https:\/\/ukraineboost.com\/dk\/wp-content\/uploads\/sites\/12\/2023\/09\/sports-bra-body-26x48.png 26w, https:\/\/ukraineboost.com\/dk\/wp-content\/uploads\/sites\/12\/2023\/09\/sports-bra-body.png 188w\" sizes=\"(max-width:767px) 165px, 165px\" \/>Denne st\u00f8rrelsesguide viser kropsm\u00e5linger. Vi anbefaler at bestille en st\u00f8rrelse st\u00f8rre, n\u00e5r dine m\u00e5linger er mellem st\u00f8rrelser.<br \/>m\u00e5l-dig-selv<\/p>\n<p>For alle vandrette m\u00e5linger, skal du s\u00f8rge for, at m\u00e5leb\u00e5ndet er parallel med jorden.<\/p>\n<p>A Bryst<\/p>\n<p>Placer den ene ende af m\u00e5leb\u00e5ndet p\u00e5 det fyldigste sted p\u00e5 brystet og f\u00f8r b\u00e5ndet rundt om ryggen (under armhulerne, over skulderbladene) tilbage til, hvor du startede.<\/p>\n<p>B M\u00e5l lige under brystet<\/p>\n<p>Placer m\u00e5leb\u00e5ndet rundt om din krop lige under brysterne, hvor bh\u2019en sidder.<\/p>\n<table class=\"size-guide__table size-guide__new\">\n<thead>\n<tr>\n<td>St\u00f8rrelse<\/td>\n<td>Bryst<\/td>\n<td>Under bryst<\/td>\n<\/tr>\n<\/thead>\n<tbody>\n<tr>\n<td>XS<\/td>\n<td>84<\/td>\n<td>73<\/td>\n<\/tr>\n<tr>\n<td>S<\/td>\n<td>88<\/td>\n<td>75<\/td>\n<\/tr>\n<tr>\n<td>M<\/td>\n<td>92<\/td>\n<td>77<\/td>\n<\/tr>\n<tr>\n<td>L<\/td>\n<td>100<\/td>\n<td>81<\/td>\n<\/tr>\n<tr>\n<td>XL<\/td>\n<td>108<\/td>\n<td>85<\/td>\n<\/tr>\n<tr>\n<td>2XL<\/td>\n<td>116<\/td>\n<td>89<\/td>\n<\/tr>\n<\/tbody>\n<\/table>\n<p>Alle m\u00e5l er i centimeter<\/p>\n<p>Pro-tip! M\u00e5l et af dine produkter derhjemme og sammenlign med m\u00e5lene, du ser i denne vejledning.<\/p>\n<h4>Leveringstid<\/h4>\n<p>Da dette er et print on demand produkt kan leveringstiden variere. Typisk er leveringstiden en til to uger. Vi pr\u00f8ver altid at finde leverand\u00f8rer s\u00e5 geografisk t\u00e6t p\u00e5 som muligt for at minimere leveringstid og transportomkostninger.<\/p>\n<p>\u00a0<\/p>\n","protected":false},"excerpt":{"rendered":"<p>Slip din indre trends\u00e6tter l\u00f8s med denne fantastiske sports-bh i et dristigt pink camouflage-design \u2013 en moderne fortolkning af klassisk milit\u00e6r\u00e6stetik. Med en kunstnerisk blanding af<span class=\"excerpt-hellip\"> [\u2026]<\/span><\/p>\n","protected":false},"featured_media":47999,"comment_status":"open","ping_status":"closed","template":"","meta":[],"product_cat":[178,173],"product_tag":[],"_links":{"self":[{"href":"https:\/\/ukraineboost.com\/dk\/wp-json\/wp\/v2\/product\/47986"}],"collection":[{"href":"https:\/\/ukraineboost.com\/dk\/wp-json\/wp\/v2\/product"}],"about":[{"href":"https:\/\/ukraineboost.com\/dk\/wp-json\/wp\/v2\/types\/product"}],"replies":[{"embeddable":true,"href":"https:\/\/ukraineboost.com\/dk\/wp-json\/wp\/v2\/comments?post=47986"}],"wp:featuredmedia":[{"embeddable":true,"href":"https:\/\/ukraineboost.com\/dk\/wp-json\/wp\/v2\/media\/47999"}],"wp:attachment":[{"href":"https:\/\/ukraineboost.com\/dk\/wp-json\/wp\/v2\/media?parent=47986"}],"wp:term":[{"taxonomy":"product_cat","embeddable":true,"href":"https:\/\/ukraineboost.com\/dk\/wp-json\/wp\/v2\/product_cat?post=47986"},{"taxonomy":"product_tag","embeddable":true,"href":"https:\/\/ukraineboost.com\/dk\/wp-json\/wp\/v2\/product_tag?post=47986"}],"curies":[{"name":"wp","href":"https:\/\/api.w.org\/{rel}","templated":true}]}}