{"id":47963,"date":"2025-01-28T19:08:09","date_gmt":"2025-01-28T19:08:09","guid":{"rendered":"https:\/\/ukraineboost.com\/dk\/product\/unisex-track-pants\/"},"modified":"2025-02-23T18:08:54","modified_gmt":"2025-02-23T18:08:54","slug":"unisex-track-pants","status":"publish","type":"product","link":"https:\/\/ukraineboost.com\/dk\/product\/unisex-track-pants\/","title":{"rendered":"PulseFlex Track Pants &#8211; Dristig Pink Camo"},"content":{"rendered":"<p data-start=\"49\" data-end=\"451\">Unleash din indre trendsetter med disse i\u00f8jnefaldende track pants i et moderne pink camouflage-m\u00f8nster. Med en kunstnerisk blanding af dyb bordeaux, rig magenta, bl\u00f8d blush og levende fuchsia udstr\u00e5ler designet selvtillid, energi og individualitet. De organiske, flydende former skaber en visuelt f\u00e6ngslende tekstur, der er perfekt til modebevidste outfits, statement accessories og urban streetwear.<\/p>\n<p data-start=\"453\" data-end=\"695\">Uanset om du skal tr\u00e6ne, l\u00f8be \u00e6rinder eller bare \u00f8nsker at skille dig ud med et selvsikkert look, er disse track pants det oplagte valg. De er alsidige, stilfulde og utroligt komfortable \u2013 t\u00f8r at v\u00e6re anderledes med dette elektriske design!<\/p>\n<h3 data-start=\"697\" data-end=\"725\"><strong data-start=\"701\" data-end=\"723\">Produktbeskrivelse<\/strong><\/h3>\n<p data-start=\"726\" data-end=\"1011\">Disse unisex track pants er din nye favorit til b\u00e5de tr\u00e6ning og streetwear. Det lette, vandafvisende stof og det \u00e5ndbare meshfor sikrer maksimal komfort, mens de elastiske ankler g\u00f8r det nemt at vise dine sneakers frem. Kombin\u00e9r dem med en windbreaker for et komplet og moderne look.<\/p>\n<ul data-start=\"1013\" data-end=\"1264\">\n<li data-start=\"1013\" data-end=\"1031\">100% polyester<\/li>\n<li data-start=\"1032\" data-end=\"1072\">Stoffets v\u00e6gt: 2.21 oz\/yd\u00b2 (75 g\/m\u00b2)<\/li>\n<li data-start=\"1073\" data-end=\"1107\">Let og vandafvisende materiale<\/li>\n<li data-start=\"1108\" data-end=\"1135\">Fuldt foret med meshfor<\/li>\n<li data-start=\"1136\" data-end=\"1157\">Afslappet pasform<\/li>\n<li data-start=\"1158\" data-end=\"1186\">Elastisk talje og ankler<\/li>\n<li data-start=\"1187\" data-end=\"1215\">Justerbar sn\u00f8re i taljen<\/li>\n<li data-start=\"1216\" data-end=\"1242\">Praktiske lynl\u00e5slommer<\/li>\n<li data-start=\"1243\" data-end=\"1264\">Sidder ved hoften<\/li>\n<\/ul>\n<p data-start=\"1266\" data-end=\"1524\"><em data-start=\"1266\" data-end=\"1522\">Dette produkt fremstilles specielt til dig, s\u00e5 snart du afgiver din ordre. Derfor tager det lidt l\u00e6ngere tid at levere. Produktion p\u00e5 bestilling i stedet for masseproduktion hj\u00e6lper med at reducere overproduktion \u2013 tak, fordi du tr\u00e6ffer b\u00e6redygtige valg!<\/em><\/p>\n<p data-start=\"1526\" data-end=\"1703\" data-is-last-node=\"\" data-is-only-node=\"\"><strong data-start=\"1529\" data-end=\"1703\" data-is-last-node=\"\">Synes du, at dine venner ogs\u00e5 vil elske dette produkt? Del det med dem! Bestil nu og v\u00e6r med til at st\u00f8tte Ukraine og dets befolkning i kampen for en fri og tryg fremtid.<\/strong><\/p>\n<h4>M\u00e5leskema<\/h4>\n<p>Vi opfordrer dig til v\u00e6re omhyggelig med at v\u00e6lge den rigtige st\u00f8rrelse, da vi gerne vil undg\u00e5 s\u00e5 mange returvarer som muligt. M\u00e5let er at st\u00f8tte Ukraine s\u00e5 derfor vil vi gerne holde alle omkostninger s\u00e5 lave som muligt. Vi vedl\u00e6gger m\u00e5lskemaer ved alle varer, da de kommer fra forskellige leverand\u00f8rer, s\u00e5 derfor kan st\u00f8rrelserne variere. Vi takker for din forst\u00e5else.<\/p>\n<p data-start=\"0\" data-end=\"16\"><strong data-start=\"0\" data-end=\"14\">Produktm\u00e5l<\/strong><\/p>\n<p data-start=\"18\" data-end=\"105\"><img decoding=\"async\" class=\"size-medium wp-image-48309 alignleft\" src=\"https:\/\/ukraineboost.com\/dk\/wp-content\/uploads\/sites\/12\/2025\/02\/00129_All-Over-Print-Unisex-Track-Pants-300x300.png\" alt=\"\" width=\"300\" height=\"300\" srcset=\"https:\/\/ukraineboost.com\/dk\/wp-content\/uploads\/sites\/12\/2025\/02\/00129_All-Over-Print-Unisex-Track-Pants-300x300.png 300w, https:\/\/ukraineboost.com\/dk\/wp-content\/uploads\/sites\/12\/2025\/02\/00129_All-Over-Print-Unisex-Track-Pants-150x150.png 150w, https:\/\/ukraineboost.com\/dk\/wp-content\/uploads\/sites\/12\/2025\/02\/00129_All-Over-Print-Unisex-Track-Pants-75x75.png 75w, https:\/\/ukraineboost.com\/dk\/wp-content\/uploads\/sites\/12\/2025\/02\/00129_All-Over-Print-Unisex-Track-Pants-24x24.png 24w, https:\/\/ukraineboost.com\/dk\/wp-content\/uploads\/sites\/12\/2025\/02\/00129_All-Over-Print-Unisex-Track-Pants-36x36.png 36w, https:\/\/ukraineboost.com\/dk\/wp-content\/uploads\/sites\/12\/2025\/02\/00129_All-Over-Print-Unisex-Track-Pants-48x48.png 48w, https:\/\/ukraineboost.com\/dk\/wp-content\/uploads\/sites\/12\/2025\/02\/00129_All-Over-Print-Unisex-Track-Pants-50x50.png 50w, https:\/\/ukraineboost.com\/dk\/wp-content\/uploads\/sites\/12\/2025\/02\/00129_All-Over-Print-Unisex-Track-Pants-100x100.png 100w, https:\/\/ukraineboost.com\/dk\/wp-content\/uploads\/sites\/12\/2025\/02\/00129_All-Over-Print-Unisex-Track-Pants.png 344w\" sizes=\"(max-width:767px) 300px, 300px\" \/>M\u00e5lingerne leveres af leverand\u00f8rerne. Produktm\u00e5lene kan variere med op til 2&#8243; (5 cm).<\/p>\n<p data-start=\"107\" data-end=\"201\">\ud83d\udca1 <strong data-start=\"110\" data-end=\"118\">Tip!<\/strong> M\u00e5l et af dine egne produkter derhjemme, og sammenlign med m\u00e5lene i denne guide.<\/p>\n<h5 data-start=\"203\" data-end=\"224\"><strong data-start=\"207\" data-end=\"222\">M\u00e5lepunkter<\/strong><\/h5>\n<p data-start=\"226\" data-end=\"312\"><strong data-start=\"226\" data-end=\"242\">A. Taljeb\u00e5nd<\/strong><br data-start=\"242\" data-end=\"245\" \/>Placer m\u00e5leb\u00e5ndet lige over hoftebenene, og m\u00e5l rundt om kroppen.<\/p>\n<p data-start=\"314\" data-end=\"460\" data-is-last-node=\"\" data-is-only-node=\"\"><strong data-start=\"314\" data-end=\"336\">B. Inders\u00f8msl\u00e6ngde<\/strong><br data-start=\"336\" data-end=\"339\" \/>For at m\u00e5le inders\u00f8mmen skal du tage et m\u00e5leb\u00e5nd og m\u00e5le afstanden fra skridtet p\u00e5 bukserne ned til kanten af buksebenet.<\/p>\n<table class=\"size-guide__table size-guide__new\">\n<thead>\n<tr>\n<td class=\"pf-p-12 pf-text-gray-900\">St\u00f8rrelse<\/td>\n<td class=\"pf-p-12 pf-text-gray-900\">Taljeb\u00e5nd<\/td>\n<td class=\"pf-p-12 pf-text-gray-900\">Inders\u00f8msl\u00e6ngde<\/td>\n<\/tr>\n<\/thead>\n<tbody>\n<tr>\n<td class=\"pf-p-12 pf-text-gray-900\">XS<\/td>\n<td class=\"pf-p-12 pf-text-gray-900\">63.5<\/td>\n<td class=\"pf-p-12 pf-text-gray-900\">71<\/td>\n<\/tr>\n<tr>\n<td class=\"pf-p-12 pf-text-gray-900\">S<\/td>\n<td class=\"pf-p-12 pf-text-gray-900\">68.6<\/td>\n<td class=\"pf-p-12 pf-text-gray-900\">72.4<\/td>\n<\/tr>\n<tr>\n<td class=\"pf-p-12 pf-text-gray-900\">M<\/td>\n<td class=\"pf-p-12 pf-text-gray-900\">75<\/td>\n<td class=\"pf-p-12 pf-text-gray-900\">73<\/td>\n<\/tr>\n<tr>\n<td class=\"pf-p-12 pf-text-gray-900\">L<\/td>\n<td class=\"pf-p-12 pf-text-gray-900\">81.3<\/td>\n<td class=\"pf-p-12 pf-text-gray-900\">74.3<\/td>\n<\/tr>\n<tr>\n<td class=\"pf-p-12 pf-text-gray-900\">XL<\/td>\n<td class=\"pf-p-12 pf-text-gray-900\">89<\/td>\n<td class=\"pf-p-12 pf-text-gray-900\">75<\/td>\n<\/tr>\n<tr>\n<td class=\"pf-p-12 pf-text-gray-900\">2XL<\/td>\n<td class=\"pf-p-12 pf-text-gray-900\">92.7<\/td>\n<td class=\"pf-p-12 pf-text-gray-900\">76.2<\/td>\n<\/tr>\n<tr>\n<td class=\"pf-p-12 pf-text-gray-900\">3XL<\/td>\n<td class=\"pf-p-12 pf-text-gray-900\">99<\/td>\n<td class=\"pf-p-12 pf-text-gray-900\">76.8<\/td>\n<\/tr>\n<\/tbody>\n<\/table>\n<p>Alle m\u00e5l er i centimeter<\/p>\n<p>Pro-tip! M\u00e5l et af dine produkter derhjemme og sammenlign med m\u00e5lene, du ser i denne vejledning.<\/p>\n<h4>Leveringstid<\/h4>\n<p>Da dette er et print on demand produkt kan leveringstiden variere. Typisk er leveringstiden en til to uger. Vi pr\u00f8ver altid at finde leverand\u00f8rer s\u00e5 geografisk t\u00e6t p\u00e5 som muligt for at minimere leveringstid og transportomkostninger.<\/p>\n<p data-start=\"1526\" data-end=\"1703\" data-is-last-node=\"\" data-is-only-node=\"\">\u00a0<\/p>\n","protected":false},"excerpt":{"rendered":"<p>Unleash din indre trendsetter med disse i\u00f8jnefaldende track pants i et moderne pink camouflage-m\u00f8nster. Med en kunstnerisk blanding af dyb bordeaux, rig magenta, bl\u00f8d blush og<span class=\"excerpt-hellip\"> [\u2026]<\/span><\/p>\n","protected":false},"featured_media":47978,"comment_status":"open","ping_status":"closed","template":"","meta":[],"product_cat":[352],"product_tag":[],"_links":{"self":[{"href":"https:\/\/ukraineboost.com\/dk\/wp-json\/wp\/v2\/product\/47963"}],"collection":[{"href":"https:\/\/ukraineboost.com\/dk\/wp-json\/wp\/v2\/product"}],"about":[{"href":"https:\/\/ukraineboost.com\/dk\/wp-json\/wp\/v2\/types\/product"}],"replies":[{"embeddable":true,"href":"https:\/\/ukraineboost.com\/dk\/wp-json\/wp\/v2\/comments?post=47963"}],"wp:featuredmedia":[{"embeddable":true,"href":"https:\/\/ukraineboost.com\/dk\/wp-json\/wp\/v2\/media\/47978"}],"wp:attachment":[{"href":"https:\/\/ukraineboost.com\/dk\/wp-json\/wp\/v2\/media?parent=47963"}],"wp:term":[{"taxonomy":"product_cat","embeddable":true,"href":"https:\/\/ukraineboost.com\/dk\/wp-json\/wp\/v2\/product_cat?post=47963"},{"taxonomy":"product_tag","embeddable":true,"href":"https:\/\/ukraineboost.com\/dk\/wp-json\/wp\/v2\/product_tag?post=47963"}],"curies":[{"name":"wp","href":"https:\/\/api.w.org\/{rel}","templated":true}]}}