{"id":47946,"date":"2025-01-28T19:05:24","date_gmt":"2025-01-28T19:05:24","guid":{"rendered":"https:\/\/ukraineboost.com\/dk\/product\/all-over-print-unisex-wide-leg-pants\/"},"modified":"2025-02-23T17:30:59","modified_gmt":"2025-02-23T17:30:59","slug":"all-over-print-unisex-wide-leg-pants","status":"publish","type":"product","link":"https:\/\/ukraineboost.com\/dk\/product\/all-over-print-unisex-wide-leg-pants\/","title":{"rendered":"UrbanEase Wide-Leg Pants &#8211; Dristig Pink Camo"},"content":{"rendered":"<p data-start=\"52\" data-end=\"500\">Unleash din indre trendsetter med disse fantastiske pink camouflage-bukser \u2013 en moderne fortolkning af det klassiske milit\u00e6rlook. Med en kunstnerisk blanding af dyb bordeaux, intens magenta, bl\u00f8d blush og levende fuchsia udstr\u00e5ler designet selvtillid, energi og individualitet. De organiske, flydende former skaber en visuelt f\u00e6ngslende tekstur, der g\u00f8r dem perfekte til modebevidste outfits, i\u00f8jnefaldende accessories og unikke digitale designs.<\/p>\n<p data-start=\"502\" data-end=\"811\">Uanset om du vil skabe et dristigt fashion statement, tilf\u00f8je et strejf af rebelsk charme til din stil eller skille dig ud med et legende, men kraftfuldt look, er disse pink camo-bukser dit go-to valg. Alsidige, stilfulde og ubestrideligt i\u00f8jnefaldende \u2013 t\u00f8r at v\u00e6re anderledes med dette elektriske m\u00f8nster!<\/p>\n<h3 data-start=\"813\" data-end=\"841\"><strong data-start=\"817\" data-end=\"839\">Produktbeskrivelse<\/strong><\/h3>\n<p data-start=\"842\" data-end=\"1025\">F\u00e5 komforten fra pyjamas kombineret med stilfuldt design med disse brede bukser. Med en justerbar talje og bl\u00f8dt, elastisk stof f\u00f8les de som dine yndlingsjoggingbukser \u2013 bare bedre!<\/p>\n<ul data-start=\"1027\" data-end=\"1341\">\n<li data-start=\"1027\" data-end=\"1089\"><strong data-start=\"1029\" data-end=\"1061\">Materialesammens\u00e6tning i EU:<\/strong> 96% polyester, 4% spandex<\/li>\n<li data-start=\"1090\" data-end=\"1142\"><strong data-start=\"1092\" data-end=\"1115\">Materialev\u00e6gt i EU:<\/strong> 6.34 oz.\/yd.\u00b2 (215 g\/m\u00b2)<\/li>\n<li data-start=\"1143\" data-end=\"1175\"><strong data-start=\"1145\" data-end=\"1173\">Afslappet unisex pasform<\/strong><\/li>\n<li data-start=\"1176\" data-end=\"1204\"><strong data-start=\"1178\" data-end=\"1202\">Praktiske sidelommer<\/strong><\/li>\n<li data-start=\"1205\" data-end=\"1246\"><strong data-start=\"1207\" data-end=\"1244\">Elastisk taljeb\u00e5nd med hvid sn\u00f8re<\/strong><\/li>\n<li data-start=\"1247\" data-end=\"1293\"><strong data-start=\"1249\" data-end=\"1291\">Kan b\u00e6res b\u00e5de i taljen og p\u00e5 hofterne<\/strong><\/li>\n<li data-start=\"1294\" data-end=\"1341\"><strong data-start=\"1296\" data-end=\"1339\">Premium strikket mellemv\u00e6gt jersey-stof<\/strong><\/li>\n<\/ul>\n<p data-start=\"1343\" data-end=\"1481\"><em data-start=\"1346\" data-end=\"1355\">Bem\u00e6rk:<\/em> I omr\u00e5der med dobbelt lag stof (som lommerne) kan detaljer fra det inderste stoflag muligvis anes, is\u00e6r ved lysere designs.<\/p>\n<p data-start=\"1483\" data-end=\"1762\"><strong data-start=\"1486\" data-end=\"1504\">B\u00e6redygtighed:<\/strong><br data-start=\"1504\" data-end=\"1507\" \/>Dette produkt laves specielt til dig, s\u00e5 snart du afgiver en ordre. Derfor tager leveringen lidt l\u00e6ngere tid. Ved at producere p\u00e5 bestilling i stedet for masseproduktion hj\u00e6lper vi med at reducere overproduktion \u2013 tak, fordi du tr\u00e6ffer b\u00e6redygtige valg!<\/p>\n<p data-start=\"1764\" data-end=\"1864\"><strong data-start=\"1766\" data-end=\"1862\">G\u00f8r en forskel med din stil \u2013 k\u00f8b nu og st\u00f8t Ukrainernes kamp for frihed, fred og sikkerhed!<\/strong><\/p>\n<p data-start=\"1866\" data-end=\"1950\" data-is-last-node=\"\" data-is-only-node=\"\"><strong data-start=\"1869\" data-end=\"1950\" data-is-last-node=\"\">Synes du om produktet? Del det med dine venner, som m\u00e5ske ogs\u00e5 vil elske det!<\/strong><\/p>\n<h4>M\u00e5leskema<\/h4>\n<p>Vi opfordrer dig til v\u00e6re omhyggelig med at v\u00e6lge den rigtige st\u00f8rrelse, da vi gerne vil undg\u00e5 s\u00e5 mange returvarer som muligt. M\u00e5let er at st\u00f8tte Ukraine s\u00e5 derfor vil vi gerne holde alle omkostninger s\u00e5 lave som muligt. Vi vedl\u00e6gger m\u00e5lskemaer ved alle varer, da de kommer fra forskellige leverand\u00f8rer, s\u00e5 derfor kan st\u00f8rrelserne variere. Vi takker for din forst\u00e5else.<\/p>\n<p data-start=\"0\" data-end=\"16\"><strong data-start=\"0\" data-end=\"14\">Produktm\u00e5l<\/strong><\/p>\n<p data-start=\"18\" data-end=\"180\" data-is-last-node=\"\" data-is-only-node=\"\"><img decoding=\"async\" class=\"size-medium wp-image-48307 alignleft\" src=\"https:\/\/ukraineboost.com\/dk\/wp-content\/uploads\/sites\/12\/2025\/02\/00128_All-Over-Print-Unisex-Wide-Leg-Pants-300x300.png\" alt=\"\" width=\"300\" height=\"300\" srcset=\"https:\/\/ukraineboost.com\/dk\/wp-content\/uploads\/sites\/12\/2025\/02\/00128_All-Over-Print-Unisex-Wide-Leg-Pants-300x300.png 300w, https:\/\/ukraineboost.com\/dk\/wp-content\/uploads\/sites\/12\/2025\/02\/00128_All-Over-Print-Unisex-Wide-Leg-Pants-150x150.png 150w, https:\/\/ukraineboost.com\/dk\/wp-content\/uploads\/sites\/12\/2025\/02\/00128_All-Over-Print-Unisex-Wide-Leg-Pants-75x75.png 75w, https:\/\/ukraineboost.com\/dk\/wp-content\/uploads\/sites\/12\/2025\/02\/00128_All-Over-Print-Unisex-Wide-Leg-Pants-24x24.png 24w, https:\/\/ukraineboost.com\/dk\/wp-content\/uploads\/sites\/12\/2025\/02\/00128_All-Over-Print-Unisex-Wide-Leg-Pants-36x36.png 36w, https:\/\/ukraineboost.com\/dk\/wp-content\/uploads\/sites\/12\/2025\/02\/00128_All-Over-Print-Unisex-Wide-Leg-Pants-48x48.png 48w, https:\/\/ukraineboost.com\/dk\/wp-content\/uploads\/sites\/12\/2025\/02\/00128_All-Over-Print-Unisex-Wide-Leg-Pants-50x50.png 50w, https:\/\/ukraineboost.com\/dk\/wp-content\/uploads\/sites\/12\/2025\/02\/00128_All-Over-Print-Unisex-Wide-Leg-Pants-100x100.png 100w, https:\/\/ukraineboost.com\/dk\/wp-content\/uploads\/sites\/12\/2025\/02\/00128_All-Over-Print-Unisex-Wide-Leg-Pants.png 344w\" sizes=\"(max-width:767px) 300px, 300px\" \/>Denne st\u00f8rrelsesguide viser produktm\u00e5l taget, n\u00e5r produkterne ligger fladt. De faktiske produktm\u00e5l kan variere med op til 1&#8243;, da de er h\u00e5ndlavet efter bestilling.<\/p>\n<table class=\"size-guide__table size-guide__new\">\n<thead>\n<tr>\n<td class=\"pf-p-12 pf-text-gray-900\">St\u00f8rrelse<\/td>\n<td class=\"pf-p-12 pf-text-gray-900\">A<\/td>\n<td class=\"pf-p-12 pf-text-gray-900\">B<\/td>\n<td class=\"pf-p-12 pf-text-gray-900\">C<\/td>\n<td class=\"pf-p-12 pf-text-gray-900\">D<\/td>\n<td class=\"pf-p-12 pf-text-gray-900\">E<\/td>\n<\/tr>\n<\/thead>\n<tbody>\n<tr>\n<td class=\"pf-p-12 pf-text-gray-900\">2XS<\/td>\n<td class=\"pf-p-12 pf-text-gray-900\">27<\/td>\n<td class=\"pf-p-12 pf-text-gray-900\">75<\/td>\n<td class=\"pf-p-12 pf-text-gray-900\">30<\/td>\n<td class=\"pf-p-12 pf-text-gray-900\">23<\/td>\n<td class=\"pf-p-12 pf-text-gray-900\">103<\/td>\n<\/tr>\n<tr>\n<td class=\"pf-p-12 pf-text-gray-900\">XS<\/td>\n<td class=\"pf-p-12 pf-text-gray-900\">29<\/td>\n<td class=\"pf-p-12 pf-text-gray-900\">75<\/td>\n<td class=\"pf-p-12 pf-text-gray-900\">30<\/td>\n<td class=\"pf-p-12 pf-text-gray-900\">24<\/td>\n<td class=\"pf-p-12 pf-text-gray-900\">103<\/td>\n<\/tr>\n<tr>\n<td class=\"pf-p-12 pf-text-gray-900\">S<\/td>\n<td class=\"pf-p-12 pf-text-gray-900\">31<\/td>\n<td class=\"pf-p-12 pf-text-gray-900\">75<\/td>\n<td class=\"pf-p-12 pf-text-gray-900\">30<\/td>\n<td class=\"pf-p-12 pf-text-gray-900\">25<\/td>\n<td class=\"pf-p-12 pf-text-gray-900\">104<\/td>\n<\/tr>\n<tr>\n<td class=\"pf-p-12 pf-text-gray-900\">M<\/td>\n<td class=\"pf-p-12 pf-text-gray-900\">33<\/td>\n<td class=\"pf-p-12 pf-text-gray-900\">75<\/td>\n<td class=\"pf-p-12 pf-text-gray-900\">31<\/td>\n<td class=\"pf-p-12 pf-text-gray-900\">26<\/td>\n<td class=\"pf-p-12 pf-text-gray-900\">104<\/td>\n<\/tr>\n<tr>\n<td class=\"pf-p-12 pf-text-gray-900\">L<\/td>\n<td class=\"pf-p-12 pf-text-gray-900\">37<\/td>\n<td class=\"pf-p-12 pf-text-gray-900\">74<\/td>\n<td class=\"pf-p-12 pf-text-gray-900\">32<\/td>\n<td class=\"pf-p-12 pf-text-gray-900\">27<\/td>\n<td class=\"pf-p-12 pf-text-gray-900\">105<\/td>\n<\/tr>\n<tr>\n<td class=\"pf-p-12 pf-text-gray-900\">XL<\/td>\n<td class=\"pf-p-12 pf-text-gray-900\">41<\/td>\n<td class=\"pf-p-12 pf-text-gray-900\">74<\/td>\n<td class=\"pf-p-12 pf-text-gray-900\">34<\/td>\n<td class=\"pf-p-12 pf-text-gray-900\">29<\/td>\n<td class=\"pf-p-12 pf-text-gray-900\">106<\/td>\n<\/tr>\n<tr>\n<td class=\"pf-p-12 pf-text-gray-900\">2XL<\/td>\n<td class=\"pf-p-12 pf-text-gray-900\">45<\/td>\n<td class=\"pf-p-12 pf-text-gray-900\">74<\/td>\n<td class=\"pf-p-12 pf-text-gray-900\">35<\/td>\n<td class=\"pf-p-12 pf-text-gray-900\">30<\/td>\n<td class=\"pf-p-12 pf-text-gray-900\">107<\/td>\n<\/tr>\n<tr>\n<td class=\"pf-p-12 pf-text-gray-900\">3XL<\/td>\n<td class=\"pf-p-12 pf-text-gray-900\">49<\/td>\n<td class=\"pf-p-12 pf-text-gray-900\">74<\/td>\n<td class=\"pf-p-12 pf-text-gray-900\">36<\/td>\n<td class=\"pf-p-12 pf-text-gray-900\">32<\/td>\n<td class=\"pf-p-12 pf-text-gray-900\">108<\/td>\n<\/tr>\n<tr>\n<td class=\"pf-p-12 pf-text-gray-900\">4XL<\/td>\n<td class=\"pf-p-12 pf-text-gray-900\">53<\/td>\n<td class=\"pf-p-12 pf-text-gray-900\">74<\/td>\n<td class=\"pf-p-12 pf-text-gray-900\">37<\/td>\n<td class=\"pf-p-12 pf-text-gray-900\">34<\/td>\n<td class=\"pf-p-12 pf-text-gray-900\">108<\/td>\n<\/tr>\n<tr>\n<td class=\"pf-p-12 pf-text-gray-900\">5XL<\/td>\n<td class=\"pf-p-12 pf-text-gray-900\">57<\/td>\n<td class=\"pf-p-12 pf-text-gray-900\">74<\/td>\n<td class=\"pf-p-12 pf-text-gray-900\">38<\/td>\n<td class=\"pf-p-12 pf-text-gray-900\">35<\/td>\n<td class=\"pf-p-12 pf-text-gray-900\">109<\/td>\n<\/tr>\n<tr>\n<td class=\"pf-p-12 pf-text-gray-900\">6XL<\/td>\n<td class=\"pf-p-12 pf-text-gray-900\">61<\/td>\n<td class=\"pf-p-12 pf-text-gray-900\">74<\/td>\n<td class=\"pf-p-12 pf-text-gray-900\">39<\/td>\n<td class=\"pf-p-12 pf-text-gray-900\">36<\/td>\n<td class=\"pf-p-12 pf-text-gray-900\">109<\/td>\n<\/tr>\n<\/tbody>\n<\/table>\n<p data-start=\"0\" data-end=\"24\"><strong data-start=\"0\" data-end=\"22\">Guide til kropsm\u00e5l<\/strong><\/p>\n<p data-start=\"26\" data-end=\"175\"><img decoding=\"async\" class=\"size-medium wp-image-48308 alignleft\" src=\"https:\/\/ukraineboost.com\/dk\/wp-content\/uploads\/sites\/12\/2025\/02\/00128_body_All-Over-Print-Unisex-Wide-Leg-Pants-189x300.png\" alt=\"\" width=\"189\" height=\"300\" srcset=\"https:\/\/ukraineboost.com\/dk\/wp-content\/uploads\/sites\/12\/2025\/02\/00128_body_All-Over-Print-Unisex-Wide-Leg-Pants-189x300.png 189w, https:\/\/ukraineboost.com\/dk\/wp-content\/uploads\/sites\/12\/2025\/02\/00128_body_All-Over-Print-Unisex-Wide-Leg-Pants-47x75.png 47w, https:\/\/ukraineboost.com\/dk\/wp-content\/uploads\/sites\/12\/2025\/02\/00128_body_All-Over-Print-Unisex-Wide-Leg-Pants-15x24.png 15w, https:\/\/ukraineboost.com\/dk\/wp-content\/uploads\/sites\/12\/2025\/02\/00128_body_All-Over-Print-Unisex-Wide-Leg-Pants-23x36.png 23w, https:\/\/ukraineboost.com\/dk\/wp-content\/uploads\/sites\/12\/2025\/02\/00128_body_All-Over-Print-Unisex-Wide-Leg-Pants-30x48.png 30w, https:\/\/ukraineboost.com\/dk\/wp-content\/uploads\/sites\/12\/2025\/02\/00128_body_All-Over-Print-Unisex-Wide-Leg-Pants.png 210w\" sizes=\"(max-width:767px) 189px, 189px\" \/>Denne st\u00f8rrelsesguide viser kropsm\u00e5l. Vi anbefaler at bestille en st\u00f8rrelse st\u00f8rre, hvis dine m\u00e5l ligger mellem to st\u00f8rrelser.<br data-start=\"152\" data-end=\"155\" \/><em data-start=\"155\" data-end=\"173\">measure-yourself<\/em><\/p>\n<p data-start=\"177\" data-end=\"251\">For alle vandrette m\u00e5linger skal m\u00e5leb\u00e5ndet holdes parallelt med jorden.<\/p>\n<p data-start=\"253\" data-end=\"334\"><strong data-start=\"253\" data-end=\"264\">A Talje<\/strong><br data-start=\"264\" data-end=\"267\" \/>Placer m\u00e5leb\u00e5ndet p\u00e5 den smalleste del af taljen og m\u00e5l rundt om.<\/p>\n<p data-start=\"336\" data-end=\"481\" data-is-last-node=\"\" data-is-only-node=\"\"><strong data-start=\"336\" data-end=\"348\">B Hofter<\/strong><br data-start=\"348\" data-end=\"351\" \/>Placer starten af m\u00e5leb\u00e5ndet p\u00e5 den ene hofte, og f\u00f8r m\u00e5leb\u00e5ndet hen over den bredeste del af hofterne tilbage til udgangspunktet.<\/p>\n<table class=\"size-guide__table size-guide__new\">\n<thead>\n<tr>\n<td class=\"pf-p-12 pf-text-gray-900\">St\u00f8rrelse<\/td>\n<td class=\"pf-p-12 pf-text-gray-900\">Talje<\/td>\n<td class=\"pf-p-12 pf-text-gray-900\">Hofter<\/td>\n<\/tr>\n<\/thead>\n<tbody>\n<tr>\n<td class=\"pf-p-12 pf-text-gray-900\">2XS<\/td>\n<td class=\"pf-p-12 pf-text-gray-900\">72<\/td>\n<td class=\"pf-p-12 pf-text-gray-900\">90<\/td>\n<\/tr>\n<tr>\n<td class=\"pf-p-12 pf-text-gray-900\">XS<\/td>\n<td class=\"pf-p-12 pf-text-gray-900\">76<\/td>\n<td class=\"pf-p-12 pf-text-gray-900\">94<\/td>\n<\/tr>\n<tr>\n<td class=\"pf-p-12 pf-text-gray-900\">S<\/td>\n<td class=\"pf-p-12 pf-text-gray-900\">80<\/td>\n<td class=\"pf-p-12 pf-text-gray-900\">98<\/td>\n<\/tr>\n<tr>\n<td class=\"pf-p-12 pf-text-gray-900\">M<\/td>\n<td class=\"pf-p-12 pf-text-gray-900\">84<\/td>\n<td class=\"pf-p-12 pf-text-gray-900\">102<\/td>\n<\/tr>\n<tr>\n<td class=\"pf-p-12 pf-text-gray-900\">L<\/td>\n<td class=\"pf-p-12 pf-text-gray-900\">92<\/td>\n<td class=\"pf-p-12 pf-text-gray-900\">110<\/td>\n<\/tr>\n<tr>\n<td class=\"pf-p-12 pf-text-gray-900\">XL<\/td>\n<td class=\"pf-p-12 pf-text-gray-900\">100<\/td>\n<td class=\"pf-p-12 pf-text-gray-900\">118<\/td>\n<\/tr>\n<tr>\n<td class=\"pf-p-12 pf-text-gray-900\">2XL<\/td>\n<td class=\"pf-p-12 pf-text-gray-900\">108<\/td>\n<td class=\"pf-p-12 pf-text-gray-900\">126<\/td>\n<\/tr>\n<tr>\n<td class=\"pf-p-12 pf-text-gray-900\">3XL<\/td>\n<td class=\"pf-p-12 pf-text-gray-900\">116<\/td>\n<td class=\"pf-p-12 pf-text-gray-900\">134<\/td>\n<\/tr>\n<tr>\n<td class=\"pf-p-12 pf-text-gray-900\">4XL<\/td>\n<td class=\"pf-p-12 pf-text-gray-900\">124<\/td>\n<td class=\"pf-p-12 pf-text-gray-900\">142<\/td>\n<\/tr>\n<tr>\n<td class=\"pf-p-12 pf-text-gray-900\">5XL<\/td>\n<td class=\"pf-p-12 pf-text-gray-900\">132<\/td>\n<td class=\"pf-p-12 pf-text-gray-900\">150<\/td>\n<\/tr>\n<tr>\n<td class=\"pf-p-12 pf-text-gray-900\">6XL<\/td>\n<td class=\"pf-p-12 pf-text-gray-900\">140<\/td>\n<td class=\"pf-p-12 pf-text-gray-900\">158<\/td>\n<\/tr>\n<\/tbody>\n<\/table>\n<p>Alle m\u00e5l er i centimeter<\/p>\n<p>Pro-tip! M\u00e5l et af dine produkter derhjemme og sammenlign med m\u00e5lene, du ser i denne vejledning.<\/p>\n<h4>Leveringstid<\/h4>\n<p>Da dette er et print on demand produkt kan leveringstiden variere. Typisk er leveringstiden en til to uger. Vi pr\u00f8ver altid at finde leverand\u00f8rer s\u00e5 geografisk t\u00e6t p\u00e5 som muligt for at minimere leveringstid og transportomkostninger.<\/p>\n","protected":false},"excerpt":{"rendered":"<p>Unleash din indre trendsetter med disse fantastiske pink camouflage-bukser \u2013 en moderne fortolkning af det klassiske milit\u00e6rlook. Med en kunstnerisk blanding af dyb bordeaux, intens magenta,<span class=\"excerpt-hellip\"> [\u2026]<\/span><\/p>\n","protected":false},"featured_media":47958,"comment_status":"open","ping_status":"closed","template":"","meta":[],"product_cat":[352],"product_tag":[],"_links":{"self":[{"href":"https:\/\/ukraineboost.com\/dk\/wp-json\/wp\/v2\/product\/47946"}],"collection":[{"href":"https:\/\/ukraineboost.com\/dk\/wp-json\/wp\/v2\/product"}],"about":[{"href":"https:\/\/ukraineboost.com\/dk\/wp-json\/wp\/v2\/types\/product"}],"replies":[{"embeddable":true,"href":"https:\/\/ukraineboost.com\/dk\/wp-json\/wp\/v2\/comments?post=47946"}],"wp:featuredmedia":[{"embeddable":true,"href":"https:\/\/ukraineboost.com\/dk\/wp-json\/wp\/v2\/media\/47958"}],"wp:attachment":[{"href":"https:\/\/ukraineboost.com\/dk\/wp-json\/wp\/v2\/media?parent=47946"}],"wp:term":[{"taxonomy":"product_cat","embeddable":true,"href":"https:\/\/ukraineboost.com\/dk\/wp-json\/wp\/v2\/product_cat?post=47946"},{"taxonomy":"product_tag","embeddable":true,"href":"https:\/\/ukraineboost.com\/dk\/wp-json\/wp\/v2\/product_tag?post=47946"}],"curies":[{"name":"wp","href":"https:\/\/api.w.org\/{rel}","templated":true}]}}