{"id":47906,"date":"2025-01-28T18:57:21","date_gmt":"2025-01-28T18:57:21","guid":{"rendered":"https:\/\/ukraineboost.com\/dk\/product\/all-over-print-unisex-athletic-long-shorts\/"},"modified":"2025-02-23T15:43:12","modified_gmt":"2025-02-23T15:43:12","slug":"all-over-print-unisex-athletic-long-shorts","status":"publish","type":"product","link":"https:\/\/ukraineboost.com\/dk\/product\/all-over-print-unisex-athletic-long-shorts\/","title":{"rendered":"SwiftFlow lange shorts &#8211; Dristig Pink Camo"},"content":{"rendered":"<p data-start=\"50\" data-end=\"524\">Slip din indre trendsetter l\u00f8s med dette fantastiske pink camouflage-m\u00f8nster \u2013 en moderne fortolkning af den klassiske milit\u00e6r\u00e6stetik. Med en kunstnerisk blanding af dyb bordeaux, rig magenta, bl\u00f8d rosa og levende fuchsia udstr\u00e5ler dette design selvtillid, energi og individualitet. De organiske, flydende former skaber en visuelt f\u00e6ngslende tekstur, der g\u00f8r m\u00f8nsteret perfekt til moderigtigt t\u00f8j, statement-tilbeh\u00f8r, i\u00f8jnefaldende dekorationer og unikke digitale designs.<\/p>\n<p data-start=\"526\" data-end=\"827\">Uanset om du vil lave et modigt modeudtryk, tilf\u00f8je et strejf af rebelsk charme til dine projekter eller skille dig ud med en legende, men kraftfuld \u00e6stetik, er dette pink camo-m\u00f8nster det oplagte valg. Alsidigt, stilfuldt og uden tvivl dristigt \u2013 t\u00f8r at v\u00e6re anderledes med dette elektriske design!<\/p>\n<p data-start=\"829\" data-end=\"1035\"><strong data-start=\"829\" data-end=\"852\">Produktbeskrivelse:<\/strong><br data-start=\"852\" data-end=\"855\" \/>Du g\u00e5r aldrig galt i byen med shorts, der sidder perfekt uanset, hvad du laver. Og n\u00e5r det bliver h\u00e5rdt, vil de livlige m\u00f8nstre give dig det ekstra energiboost, du har ventet p\u00e5.<\/p>\n<ul data-start=\"1037\" data-end=\"1272\">\n<li data-start=\"1037\" data-end=\"1069\">82 % polyester, 18 % spandex<\/li>\n<li data-start=\"1070\" data-end=\"1157\">Firevejsstr\u00e6kstof, der str\u00e6kker sig og genvinder sin form b\u00e5de p\u00e5 tv\u00e6rs og p\u00e5 langs<\/li>\n<li data-start=\"1158\" data-end=\"1213\">Fremstillet af et glat og behageligt mikrofibergarn<\/li>\n<li data-start=\"1214\" data-end=\"1239\">Overlock- og covers\u00f8m<\/li>\n<li data-start=\"1240\" data-end=\"1272\">Komfortabel elastisk linning<\/li>\n<\/ul>\n<p data-start=\"1274\" data-end=\"1548\">Dette produkt bliver lavet specielt til dig, s\u00e5 snart du afgiver en ordre, og derfor tager det lidt l\u00e6ngere tid at levere det. Ved at producere p\u00e5 bestilling i stedet for i masseproduktion hj\u00e6lper vi med at reducere overproduktion \u2013 tak, fordi du tr\u00e6ffer b\u00e6redygtige valg!<\/p>\n<p data-start=\"1550\" data-end=\"1726\" data-is-last-node=\"\" data-is-only-node=\"\">\ud83d\udc49 <strong data-start=\"1553\" data-end=\"1726\" data-is-last-node=\"\">Del gerne dette produkt, hvis du tror, at andre vil kunne lide det, og bestil dit par i dag for at st\u00f8tte Ukraine og dets folk i deres kamp for en fri og sikker fremtid!<\/strong><\/p>\n<h4>M\u00e5leskema<\/h4>\n<p>Vi opfordrer dig til v\u00e6re omhyggelig med at v\u00e6lge den rigtige st\u00f8rrelse, da vi gerne vil undg\u00e5 s\u00e5 mange returvarer som muligt. M\u00e5let er at st\u00f8tte Ukraine s\u00e5 derfor vil vi gerne holde alle omkostninger s\u00e5 lave som muligt. Vi vedl\u00e6gger m\u00e5lskemaer ved alle varer, da de kommer fra forskellige leverand\u00f8rer, s\u00e5 derfor kan st\u00f8rrelserne variere. Vi takker for din forst\u00e5else.<\/p>\n<p data-start=\"0\" data-end=\"16\"><strong data-start=\"0\" data-end=\"14\">Produktm\u00e5l<\/strong><\/p>\n<p data-start=\"18\" data-end=\"174\" data-is-last-node=\"\" data-is-only-node=\"\"><img decoding=\"async\" class=\"size-medium wp-image-48303 alignleft\" src=\"https:\/\/ukraineboost.com\/dk\/wp-content\/uploads\/sites\/12\/2025\/02\/00126_All-Over-Print-Unisex-Athletic-Shorts-300x300.png\" alt=\"\" width=\"300\" height=\"300\" srcset=\"https:\/\/ukraineboost.com\/dk\/wp-content\/uploads\/sites\/12\/2025\/02\/00126_All-Over-Print-Unisex-Athletic-Shorts-300x300.png 300w, https:\/\/ukraineboost.com\/dk\/wp-content\/uploads\/sites\/12\/2025\/02\/00126_All-Over-Print-Unisex-Athletic-Shorts-150x150.png 150w, https:\/\/ukraineboost.com\/dk\/wp-content\/uploads\/sites\/12\/2025\/02\/00126_All-Over-Print-Unisex-Athletic-Shorts-75x75.png 75w, https:\/\/ukraineboost.com\/dk\/wp-content\/uploads\/sites\/12\/2025\/02\/00126_All-Over-Print-Unisex-Athletic-Shorts-24x24.png 24w, https:\/\/ukraineboost.com\/dk\/wp-content\/uploads\/sites\/12\/2025\/02\/00126_All-Over-Print-Unisex-Athletic-Shorts-36x36.png 36w, https:\/\/ukraineboost.com\/dk\/wp-content\/uploads\/sites\/12\/2025\/02\/00126_All-Over-Print-Unisex-Athletic-Shorts-48x48.png 48w, https:\/\/ukraineboost.com\/dk\/wp-content\/uploads\/sites\/12\/2025\/02\/00126_All-Over-Print-Unisex-Athletic-Shorts-50x50.png 50w, https:\/\/ukraineboost.com\/dk\/wp-content\/uploads\/sites\/12\/2025\/02\/00126_All-Over-Print-Unisex-Athletic-Shorts-100x100.png 100w, https:\/\/ukraineboost.com\/dk\/wp-content\/uploads\/sites\/12\/2025\/02\/00126_All-Over-Print-Unisex-Athletic-Shorts.png 344w\" sizes=\"(max-width:767px) 300px, 300px\" \/>Denne st\u00f8rrelsesguide viser produktm\u00e5l taget, n\u00e5r produkterne ligger fladt. De faktiske produktm\u00e5l kan variere med op til 2,54 cm, da de er h\u00e5ndlavede.<\/p>\n<table class=\"size-guide__table size-guide__new\">\n<thead>\n<tr>\n<td class=\"pf-p-12 pf-text-gray-900\">St\u00f8rrelse<\/td>\n<td class=\"pf-p-12 pf-text-gray-900\">A<\/td>\n<td class=\"pf-p-12 pf-text-gray-900\">B<\/td>\n<td class=\"pf-p-12 pf-text-gray-900\">C<\/td>\n<\/tr>\n<\/thead>\n<tbody>\n<tr>\n<td class=\"pf-p-12 pf-text-gray-900\">2XS<\/td>\n<td class=\"pf-p-12 pf-text-gray-900\">28<\/td>\n<td class=\"pf-p-12 pf-text-gray-900\">15.5<\/td>\n<td class=\"pf-p-12 pf-text-gray-900\">28.5<\/td>\n<\/tr>\n<tr>\n<td class=\"pf-p-12 pf-text-gray-900\">XS<\/td>\n<td class=\"pf-p-12 pf-text-gray-900\">30<\/td>\n<td class=\"pf-p-12 pf-text-gray-900\">16<\/td>\n<td class=\"pf-p-12 pf-text-gray-900\">29<\/td>\n<\/tr>\n<tr>\n<td class=\"pf-p-12 pf-text-gray-900\">S<\/td>\n<td class=\"pf-p-12 pf-text-gray-900\">32<\/td>\n<td class=\"pf-p-12 pf-text-gray-900\">16<\/td>\n<td class=\"pf-p-12 pf-text-gray-900\">31<\/td>\n<\/tr>\n<tr>\n<td class=\"pf-p-12 pf-text-gray-900\">M<\/td>\n<td class=\"pf-p-12 pf-text-gray-900\">34<\/td>\n<td class=\"pf-p-12 pf-text-gray-900\">16<\/td>\n<td class=\"pf-p-12 pf-text-gray-900\">33<\/td>\n<\/tr>\n<tr>\n<td class=\"pf-p-12 pf-text-gray-900\">L<\/td>\n<td class=\"pf-p-12 pf-text-gray-900\">38<\/td>\n<td class=\"pf-p-12 pf-text-gray-900\">16<\/td>\n<td class=\"pf-p-12 pf-text-gray-900\">34.5<\/td>\n<\/tr>\n<tr>\n<td class=\"pf-p-12 pf-text-gray-900\">XL<\/td>\n<td class=\"pf-p-12 pf-text-gray-900\">42<\/td>\n<td class=\"pf-p-12 pf-text-gray-900\">16<\/td>\n<td class=\"pf-p-12 pf-text-gray-900\">35.5<\/td>\n<\/tr>\n<tr>\n<td class=\"pf-p-12 pf-text-gray-900\">2XL<\/td>\n<td class=\"pf-p-12 pf-text-gray-900\">46<\/td>\n<td class=\"pf-p-12 pf-text-gray-900\">16<\/td>\n<td class=\"pf-p-12 pf-text-gray-900\">36.5<\/td>\n<\/tr>\n<tr>\n<td class=\"pf-p-12 pf-text-gray-900\">3XL<\/td>\n<td class=\"pf-p-12 pf-text-gray-900\">50<\/td>\n<td class=\"pf-p-12 pf-text-gray-900\">16<\/td>\n<td class=\"pf-p-12 pf-text-gray-900\">38<\/td>\n<\/tr>\n<tr>\n<td class=\"pf-p-12 pf-text-gray-900\">4XL<\/td>\n<td class=\"pf-p-12 pf-text-gray-900\">54<\/td>\n<td class=\"pf-p-12 pf-text-gray-900\">16<\/td>\n<td class=\"pf-p-12 pf-text-gray-900\">39<\/td>\n<\/tr>\n<tr>\n<td class=\"pf-p-12 pf-text-gray-900\">5XL<\/td>\n<td class=\"pf-p-12 pf-text-gray-900\">58<\/td>\n<td class=\"pf-p-12 pf-text-gray-900\">16<\/td>\n<td class=\"pf-p-12 pf-text-gray-900\">40<\/td>\n<\/tr>\n<tr>\n<td class=\"pf-p-12 pf-text-gray-900\">6XL<\/td>\n<td class=\"pf-p-12 pf-text-gray-900\">62<\/td>\n<td class=\"pf-p-12 pf-text-gray-900\">16<\/td>\n<td class=\"pf-p-12 pf-text-gray-900\">41<\/td>\n<\/tr>\n<\/tbody>\n<\/table>\n<p data-start=\"0\" data-end=\"24\"><strong data-start=\"0\" data-end=\"22\">Guide til kropsm\u00e5l<\/strong><\/p>\n<p data-start=\"26\" data-end=\"154\"><img decoding=\"async\" class=\"size-medium wp-image-48304 alignleft\" src=\"https:\/\/ukraineboost.com\/dk\/wp-content\/uploads\/sites\/12\/2025\/02\/00126_body_All-Over-Print-Unisex-Athletic-Shorts-184x300.png\" alt=\"\" width=\"184\" height=\"300\" srcset=\"https:\/\/ukraineboost.com\/dk\/wp-content\/uploads\/sites\/12\/2025\/02\/00126_body_All-Over-Print-Unisex-Athletic-Shorts-184x300.png 184w, https:\/\/ukraineboost.com\/dk\/wp-content\/uploads\/sites\/12\/2025\/02\/00126_body_All-Over-Print-Unisex-Athletic-Shorts-46x75.png 46w, https:\/\/ukraineboost.com\/dk\/wp-content\/uploads\/sites\/12\/2025\/02\/00126_body_All-Over-Print-Unisex-Athletic-Shorts-15x24.png 15w, https:\/\/ukraineboost.com\/dk\/wp-content\/uploads\/sites\/12\/2025\/02\/00126_body_All-Over-Print-Unisex-Athletic-Shorts-22x36.png 22w, https:\/\/ukraineboost.com\/dk\/wp-content\/uploads\/sites\/12\/2025\/02\/00126_body_All-Over-Print-Unisex-Athletic-Shorts-29x48.png 29w, https:\/\/ukraineboost.com\/dk\/wp-content\/uploads\/sites\/12\/2025\/02\/00126_body_All-Over-Print-Unisex-Athletic-Shorts.png 206w\" sizes=\"(max-width:767px) 184px, 184px\" \/>Denne st\u00f8rrelsesguide viser kropsm\u00e5l. Vi anbefaler at bestille en st\u00f8rrelse st\u00f8rre, hvis dine m\u00e5l ligger mellem to st\u00f8rrelser.<\/p>\n<p data-start=\"156\" data-end=\"185\"><strong data-start=\"156\" data-end=\"183\">S\u00e5dan m\u00e5ler du dig selv<\/strong><\/p>\n<p data-start=\"187\" data-end=\"261\">For alle vandrette m\u00e5linger skal m\u00e5leb\u00e5ndet holdes parallelt med gulvet.<\/p>\n<p data-start=\"263\" data-end=\"344\"><strong data-start=\"263\" data-end=\"274\">A Talje<\/strong><br data-start=\"274\" data-end=\"277\" \/>Placer m\u00e5leb\u00e5ndet p\u00e5 den smalleste del af taljen og m\u00e5l rundt om.<\/p>\n<p data-start=\"346\" data-end=\"489\" data-is-last-node=\"\" data-is-only-node=\"\"><strong data-start=\"346\" data-end=\"358\">B Hofter<\/strong><br data-start=\"358\" data-end=\"361\" \/>S\u00e6t m\u00e5leb\u00e5ndets begyndelse p\u00e5 den ene hofte, og f\u00f8r m\u00e5leb\u00e5ndet hen over den bredeste del af hofterne tilbage til udgangspunktet.<\/p>\n<table class=\"size-guide__table size-guide__new\">\n<thead>\n<tr>\n<td class=\"pf-p-12 pf-text-gray-900\">St\u00f8rrelse<\/td>\n<td class=\"pf-p-12 pf-text-gray-900\">Talje<\/td>\n<td class=\"pf-p-12 pf-text-gray-900\">Hofter<\/td>\n<\/tr>\n<\/thead>\n<tbody>\n<tr>\n<td class=\"pf-p-12 pf-text-gray-900\">2XS<\/td>\n<td class=\"pf-p-12 pf-text-gray-900\">72<\/td>\n<td class=\"pf-p-12 pf-text-gray-900\">90<\/td>\n<\/tr>\n<tr>\n<td class=\"pf-p-12 pf-text-gray-900\">XS<\/td>\n<td class=\"pf-p-12 pf-text-gray-900\">76<\/td>\n<td class=\"pf-p-12 pf-text-gray-900\">94<\/td>\n<\/tr>\n<tr>\n<td class=\"pf-p-12 pf-text-gray-900\">S<\/td>\n<td class=\"pf-p-12 pf-text-gray-900\">80<\/td>\n<td class=\"pf-p-12 pf-text-gray-900\">98<\/td>\n<\/tr>\n<tr>\n<td class=\"pf-p-12 pf-text-gray-900\">M<\/td>\n<td class=\"pf-p-12 pf-text-gray-900\">84<\/td>\n<td class=\"pf-p-12 pf-text-gray-900\">102<\/td>\n<\/tr>\n<tr>\n<td class=\"pf-p-12 pf-text-gray-900\">L<\/td>\n<td class=\"pf-p-12 pf-text-gray-900\">92<\/td>\n<td class=\"pf-p-12 pf-text-gray-900\">110<\/td>\n<\/tr>\n<tr>\n<td class=\"pf-p-12 pf-text-gray-900\">XL<\/td>\n<td class=\"pf-p-12 pf-text-gray-900\">100<\/td>\n<td class=\"pf-p-12 pf-text-gray-900\">118<\/td>\n<\/tr>\n<tr>\n<td class=\"pf-p-12 pf-text-gray-900\">2XL<\/td>\n<td class=\"pf-p-12 pf-text-gray-900\">108<\/td>\n<td class=\"pf-p-12 pf-text-gray-900\">126<\/td>\n<\/tr>\n<tr>\n<td class=\"pf-p-12 pf-text-gray-900\">3XL<\/td>\n<td class=\"pf-p-12 pf-text-gray-900\">116<\/td>\n<td class=\"pf-p-12 pf-text-gray-900\">134<\/td>\n<\/tr>\n<tr>\n<td class=\"pf-p-12 pf-text-gray-900\">4XL<\/td>\n<td class=\"pf-p-12 pf-text-gray-900\">124<\/td>\n<td class=\"pf-p-12 pf-text-gray-900\">142<\/td>\n<\/tr>\n<tr>\n<td class=\"pf-p-12 pf-text-gray-900\">5XL<\/td>\n<td class=\"pf-p-12 pf-text-gray-900\">132<\/td>\n<td class=\"pf-p-12 pf-text-gray-900\">150<\/td>\n<\/tr>\n<tr>\n<td class=\"pf-p-12 pf-text-gray-900\">6XL<\/td>\n<td class=\"pf-p-12 pf-text-gray-900\">140<\/td>\n<td class=\"pf-p-12 pf-text-gray-900\">158<\/td>\n<\/tr>\n<\/tbody>\n<\/table>\n<p>Alle m\u00e5l er i centimeter<\/p>\n<p>Pro-tip! M\u00e5l et af dine produkter derhjemme og sammenlign med m\u00e5lene, du ser i denne vejledning.<\/p>\n<h4>Leveringstid<\/h4>\n<p>Da dette er et print on demand produkt kan leveringstiden variere. Typisk er leveringstiden en til to uger. Vi pr\u00f8ver altid at finde leverand\u00f8rer s\u00e5 geografisk t\u00e6t p\u00e5 som muligt for at minimere leveringstid og transportomkostninger.<\/p>\n","protected":false},"excerpt":{"rendered":"<p>Slip din indre trendsetter l\u00f8s med dette fantastiske pink camouflage-m\u00f8nster \u2013 en moderne fortolkning af den klassiske milit\u00e6r\u00e6stetik. Med en kunstnerisk blanding af dyb bordeaux, rig<span class=\"excerpt-hellip\"> [\u2026]<\/span><\/p>\n","protected":false},"featured_media":47918,"comment_status":"open","ping_status":"closed","template":"","meta":[],"product_cat":[178],"product_tag":[],"_links":{"self":[{"href":"https:\/\/ukraineboost.com\/dk\/wp-json\/wp\/v2\/product\/47906"}],"collection":[{"href":"https:\/\/ukraineboost.com\/dk\/wp-json\/wp\/v2\/product"}],"about":[{"href":"https:\/\/ukraineboost.com\/dk\/wp-json\/wp\/v2\/types\/product"}],"replies":[{"embeddable":true,"href":"https:\/\/ukraineboost.com\/dk\/wp-json\/wp\/v2\/comments?post=47906"}],"wp:featuredmedia":[{"embeddable":true,"href":"https:\/\/ukraineboost.com\/dk\/wp-json\/wp\/v2\/media\/47918"}],"wp:attachment":[{"href":"https:\/\/ukraineboost.com\/dk\/wp-json\/wp\/v2\/media?parent=47906"}],"wp:term":[{"taxonomy":"product_cat","embeddable":true,"href":"https:\/\/ukraineboost.com\/dk\/wp-json\/wp\/v2\/product_cat?post=47906"},{"taxonomy":"product_tag","embeddable":true,"href":"https:\/\/ukraineboost.com\/dk\/wp-json\/wp\/v2\/product_tag?post=47906"}],"curies":[{"name":"wp","href":"https:\/\/api.w.org\/{rel}","templated":true}]}}