{"id":47890,"date":"2025-01-28T18:49:27","date_gmt":"2025-01-28T18:49:27","guid":{"rendered":"https:\/\/ukraineboost.com\/dk\/product\/skater-skirt-7\/"},"modified":"2025-02-14T17:39:16","modified_gmt":"2025-02-14T17:39:16","slug":"skater-skirt-7","status":"publish","type":"product","link":"https:\/\/ukraineboost.com\/dk\/product\/skater-skirt-7\/","title":{"rendered":"Skaternederdel &#8211; Dristig Pink Camo"},"content":{"rendered":"<p data-start=\"42\" data-end=\"430\">Slip din indre trendsetter l\u00f8s med denne unikke skaternederdel i <em data-start=\"107\" data-end=\"126\">Dristig Pink Camo<\/em>! En moderne fortolkning af klassisk camouflage, hvor dybe bordeauxnuancer, rig magenta, bl\u00f8de rosa toner og livlig fuchsia smelter sammen i et st\u00e6rkt og energisk design. Dette m\u00f8nster emmer af selvtillid, power og individualitet, hvilket g\u00f8r nederdelen perfekt til dig, der vil skille dig ud med stil.<\/p>\n<h3 data-start=\"432\" data-end=\"471\"><strong data-start=\"436\" data-end=\"469\">Bl\u00f8d, flatterende og stilfuld<\/strong><\/h3>\n<p data-start=\"472\" data-end=\"882\">Denne skaternederdel er designet til at give dig den ultimative kombination af komfort og stil. Den bl\u00f8de, elastiske kvalitet omfavner kroppen og sikrer en flatterende pasform til alle kropstyper. Den svingende, kn\u00e6lange silhuet skaber en legende og feminin fornemmelse, mens det brede elastikb\u00e5nd i taljen s\u00f8rger for en behagelig og fleksibel pasform \u2013 perfekt til b\u00e5de hverdagsbrug og festlige anledninger.<\/p>\n<h3 data-start=\"884\" data-end=\"903\"><strong data-start=\"888\" data-end=\"901\">Detaljer:<\/strong><\/h3>\n<p data-start=\"904\" data-end=\"1272\">\u2714 <strong data-start=\"906\" data-end=\"927\">Ultimativ komfort<\/strong> \u2013 Bl\u00f8d, elastisk og \u00e5ndbar stofkvalitet<br data-start=\"967\" data-end=\"970\" \/>\u2714 <strong data-start=\"972\" data-end=\"995\">Flatterende pasform<\/strong> \u2013 Fremh\u00e6ver dine naturlige former<br data-start=\"1029\" data-end=\"1032\" \/>\u2714 <strong data-start=\"1034\" data-end=\"1053\">Alsidig styling<\/strong> \u2013 Brug den til hverdag eller style den op til en aften i byen<br data-start=\"1115\" data-end=\"1118\" \/>\u2714 <strong data-start=\"1120\" data-end=\"1140\">Holdbar kvalitet<\/strong> \u2013 Overlockede s\u00f8mme og coverstitch-afslutning<br data-start=\"1186\" data-end=\"1189\" \/>\u2714 <strong data-start=\"1191\" data-end=\"1212\">Milj\u00f8venligt valg<\/strong> \u2013 Fremstillet p\u00e5 bestilling for at mindske overproduktion<\/p>\n<p data-start=\"1274\" data-end=\"1446\"><strong data-start=\"1274\" data-end=\"1289\">Materialer:<\/strong><br data-start=\"1289\" data-end=\"1292\" \/>\u2022 82% polyester, 18% spandex<br data-start=\"1320\" data-end=\"1323\" \/>\u2022 V\u00e6gt: 230 g\/m\u00b2 (kan variere med 5%)<br data-start=\"1360\" data-end=\"1363\" \/>\u2022 Smidigt og glat stof<br data-start=\"1385\" data-end=\"1388\" \/>\u2022 Mellemlang l\u00e6ngde (midt p\u00e5 l\u00e5ret)<br data-start=\"1423\" data-end=\"1426\" \/>\u2022 Elastisk linning<\/p>\n<p data-start=\"1448\" data-end=\"1698\">Denne nederdel produceres specielt til dig, s\u00e5 snart du afgiver din ordre, hvilket betyder, at leveringstiden kan v\u00e6re en smule l\u00e6ngere. Ved at producere p\u00e5 bestilling reducerer vi spild og overproduktion \u2013 tak fordi du tr\u00e6ffer et b\u00e6redygtigt valg!<\/p>\n<p data-start=\"1700\" data-end=\"1832\" data-is-last-node=\"\"><strong data-start=\"1703\" data-end=\"1764\">K\u00f8b den nu og st\u00f8t Ukraines kamp for frihed og sikkerhed!<\/strong><br data-start=\"1764\" data-end=\"1767\" \/>Del produktet, hvis du kender nogen, der ogs\u00e5 ville elske det! \ud83d\udc9b<\/p>\n<h4>M\u00e5lskema<\/h4>\n<p>Vi opfordrer dig til v\u00e6re omhyggelig med at v\u00e6lge den rigtige st\u00f8rrelse, da vi gerne vil undg\u00e5 s\u00e5 mange returvarer som muligt. M\u00e5let er at st\u00f8tte Ukraine s\u00e5 derfor vil vi gerne holde alle omkostninger s\u00e5 lave som muligt. Vi vedl\u00e6gger m\u00e5lskemaer ved alle varer, da de kommer fra forskellige leverand\u00f8rer, s\u00e5 derfor kan st\u00f8rrelserne variere. Vi takker for din forst\u00e5else.<\/p>\n<h3>Produktm\u00e5l<\/h3>\n<p>Denne st\u00f8rrelsesguide viser produktm\u00e5l taget, n\u00e5r produkterne er lagt fladt. Faktiske produktm\u00e5l kan variere med op til 2,5 cm, da de er h\u00e5ndlavede og skr\u00e6ddersyede.<\/p>\n<p><img decoding=\"async\" class=\"size-medium wp-image-38986 alignleft\" src=\"https:\/\/ukraineboost.com\/dk\/wp-content\/uploads\/sites\/12\/2024\/06\/00091_product_All-Over-Print-Skater-Skirt-1-300x300.png\" alt=\"\" width=\"300\" height=\"300\" srcset=\"https:\/\/ukraineboost.com\/dk\/wp-content\/uploads\/sites\/12\/2024\/06\/00091_product_All-Over-Print-Skater-Skirt-1-300x300.png 300w, https:\/\/ukraineboost.com\/dk\/wp-content\/uploads\/sites\/12\/2024\/06\/00091_product_All-Over-Print-Skater-Skirt-1-150x150.png 150w, https:\/\/ukraineboost.com\/dk\/wp-content\/uploads\/sites\/12\/2024\/06\/00091_product_All-Over-Print-Skater-Skirt-1-75x75.png 75w, https:\/\/ukraineboost.com\/dk\/wp-content\/uploads\/sites\/12\/2024\/06\/00091_product_All-Over-Print-Skater-Skirt-1-24x24.png 24w, https:\/\/ukraineboost.com\/dk\/wp-content\/uploads\/sites\/12\/2024\/06\/00091_product_All-Over-Print-Skater-Skirt-1-36x36.png 36w, https:\/\/ukraineboost.com\/dk\/wp-content\/uploads\/sites\/12\/2024\/06\/00091_product_All-Over-Print-Skater-Skirt-1-48x48.png 48w, https:\/\/ukraineboost.com\/dk\/wp-content\/uploads\/sites\/12\/2024\/06\/00091_product_All-Over-Print-Skater-Skirt-1-50x50.png 50w, https:\/\/ukraineboost.com\/dk\/wp-content\/uploads\/sites\/12\/2024\/06\/00091_product_All-Over-Print-Skater-Skirt-1-100x100.png 100w, https:\/\/ukraineboost.com\/dk\/wp-content\/uploads\/sites\/12\/2024\/06\/00091_product_All-Over-Print-Skater-Skirt-1.png 344w\" sizes=\"(max-width:767px) 300px, 300px\" \/>Bagsiden af nederdelen er cirka 5 cm l\u00e6ngere end forsiden.<\/p>\n<h4>Produktm\u00e5l<\/h4>\n<p>A \u2013 1\/2 taljevidde<\/p>\n<p>B \u2013 L\u00e6ngde<\/p>\n<table class=\"size-guide__table size-guide__new\">\n<thead>\n<tr>\n<td>St\u00f8rrlse<\/td>\n<td>A<\/td>\n<td>B<\/td>\n<\/tr>\n<\/thead>\n<tbody>\n<tr>\n<td>XS<\/td>\n<td>28<\/td>\n<td>45<\/td>\n<\/tr>\n<tr>\n<td>S<\/td>\n<td>30<\/td>\n<td>46<\/td>\n<\/tr>\n<tr>\n<td>M<\/td>\n<td>32<\/td>\n<td>47<\/td>\n<\/tr>\n<tr>\n<td>L<\/td>\n<td>36<\/td>\n<td>48<\/td>\n<\/tr>\n<tr>\n<td>XL<\/td>\n<td>40<\/td>\n<td>49<\/td>\n<\/tr>\n<tr>\n<td>2XL<\/td>\n<td>44<\/td>\n<td>50<\/td>\n<\/tr>\n<tr>\n<td>3XL<\/td>\n<td>48<\/td>\n<td>51<\/td>\n<\/tr>\n<\/tbody>\n<\/table>\n<h3>Guide til kropsm\u00e5l<\/h3>\n<p>Denne st\u00f8rrelsesguide viser kropsm\u00e5l. Vi foresl\u00e5r at bestille en st\u00f8rrelse st\u00f8rre, n\u00e5r dine m\u00e5l er mellem to st\u00f8rrelser.<\/p>\n<p>For alle vandrette m\u00e5linger, hold venligst m\u00e5leb\u00e5ndet parallelt med jorden.<\/p>\n<h4><img decoding=\"async\" class=\"size-medium wp-image-38987 alignleft\" src=\"https:\/\/ukraineboost.com\/dk\/wp-content\/uploads\/sites\/12\/2024\/06\/00091_body_All-Over-Print-Skater-Skirt-1-300x300.png\" alt=\"\" width=\"300\" height=\"300\" srcset=\"https:\/\/ukraineboost.com\/dk\/wp-content\/uploads\/sites\/12\/2024\/06\/00091_body_All-Over-Print-Skater-Skirt-1-300x300.png 300w, https:\/\/ukraineboost.com\/dk\/wp-content\/uploads\/sites\/12\/2024\/06\/00091_body_All-Over-Print-Skater-Skirt-1-150x150.png 150w, https:\/\/ukraineboost.com\/dk\/wp-content\/uploads\/sites\/12\/2024\/06\/00091_body_All-Over-Print-Skater-Skirt-1-75x75.png 75w, https:\/\/ukraineboost.com\/dk\/wp-content\/uploads\/sites\/12\/2024\/06\/00091_body_All-Over-Print-Skater-Skirt-1-24x24.png 24w, https:\/\/ukraineboost.com\/dk\/wp-content\/uploads\/sites\/12\/2024\/06\/00091_body_All-Over-Print-Skater-Skirt-1-36x36.png 36w, https:\/\/ukraineboost.com\/dk\/wp-content\/uploads\/sites\/12\/2024\/06\/00091_body_All-Over-Print-Skater-Skirt-1-48x48.png 48w, https:\/\/ukraineboost.com\/dk\/wp-content\/uploads\/sites\/12\/2024\/06\/00091_body_All-Over-Print-Skater-Skirt-1-50x50.png 50w, https:\/\/ukraineboost.com\/dk\/wp-content\/uploads\/sites\/12\/2024\/06\/00091_body_All-Over-Print-Skater-Skirt-1-100x100.png 100w, https:\/\/ukraineboost.com\/dk\/wp-content\/uploads\/sites\/12\/2024\/06\/00091_body_All-Over-Print-Skater-Skirt-1.png 344w\" sizes=\"(max-width:767px) 300px, 300px\" \/>A Talje<\/h4>\n<p>Placer m\u00e5leb\u00e5ndet p\u00e5 den smalleste del af taljen og m\u00e5l rundt.<\/p>\n<h4>B Hofter<\/h4>\n<p>Placer begyndelsen af m\u00e5leb\u00e5ndet p\u00e5 den ene hofte og f\u00f8r m\u00e5leb\u00e5ndet hen over den fyldigste del af hofterne tilbage til udgangspunktet.<\/p>\n<table class=\"size-guide__table size-guide__new\">\n<thead>\n<tr>\n<td>St\u00f8rrelse<\/td>\n<td>Talje<\/td>\n<td>Hofter<\/td>\n<\/tr>\n<\/thead>\n<tbody>\n<tr>\n<td>XS<\/td>\n<td>64<\/td>\n<td>90<\/td>\n<\/tr>\n<tr>\n<td>S<\/td>\n<td>68<\/td>\n<td>94<\/td>\n<\/tr>\n<tr>\n<td>M<\/td>\n<td>72<\/td>\n<td>98<\/td>\n<\/tr>\n<tr>\n<td>L<\/td>\n<td>80<\/td>\n<td>106<\/td>\n<\/tr>\n<tr>\n<td>XL<\/td>\n<td>88<\/td>\n<td>114<\/td>\n<\/tr>\n<tr>\n<td>2XL<\/td>\n<td>96<\/td>\n<td>122<\/td>\n<\/tr>\n<tr>\n<td>3XL<\/td>\n<td>104<\/td>\n<td>130<\/td>\n<\/tr>\n<\/tbody>\n<\/table>\n<p>Alle m\u00e5l er i centimeter<\/p>\n<p>Pro-tip! M\u00e5l et af dine produkter derhjemme og sammenlign med m\u00e5lene, du ser i denne vejledning.<\/p>\n","protected":false},"excerpt":{"rendered":"<p>Slip din indre trendsetter l\u00f8s med denne unikke skaternederdel i Dristig Pink Camo! En moderne fortolkning af klassisk camouflage, hvor dybe bordeauxnuancer, rig magenta, bl\u00f8de rosa<span class=\"excerpt-hellip\"> [\u2026]<\/span><\/p>\n","protected":false},"featured_media":47898,"comment_status":"open","ping_status":"closed","template":"","meta":[],"product_cat":[177],"product_tag":[],"_links":{"self":[{"href":"https:\/\/ukraineboost.com\/dk\/wp-json\/wp\/v2\/product\/47890"}],"collection":[{"href":"https:\/\/ukraineboost.com\/dk\/wp-json\/wp\/v2\/product"}],"about":[{"href":"https:\/\/ukraineboost.com\/dk\/wp-json\/wp\/v2\/types\/product"}],"replies":[{"embeddable":true,"href":"https:\/\/ukraineboost.com\/dk\/wp-json\/wp\/v2\/comments?post=47890"}],"wp:featuredmedia":[{"embeddable":true,"href":"https:\/\/ukraineboost.com\/dk\/wp-json\/wp\/v2\/media\/47898"}],"wp:attachment":[{"href":"https:\/\/ukraineboost.com\/dk\/wp-json\/wp\/v2\/media?parent=47890"}],"wp:term":[{"taxonomy":"product_cat","embeddable":true,"href":"https:\/\/ukraineboost.com\/dk\/wp-json\/wp\/v2\/product_cat?post=47890"},{"taxonomy":"product_tag","embeddable":true,"href":"https:\/\/ukraineboost.com\/dk\/wp-json\/wp\/v2\/product_tag?post=47890"}],"curies":[{"name":"wp","href":"https:\/\/api.w.org\/{rel}","templated":true}]}}