{"id":47876,"date":"2025-01-28T18:47:04","date_gmt":"2025-01-28T18:47:04","guid":{"rendered":"https:\/\/ukraineboost.com\/dk\/product\/shorts\/"},"modified":"2025-02-14T17:14:22","modified_gmt":"2025-02-14T17:14:22","slug":"shorts","status":"publish","type":"product","link":"https:\/\/ukraineboost.com\/dk\/product\/shorts\/","title":{"rendered":"MotionFit Shorts &#8211; Dristig Pink Camo"},"content":{"rendered":"<p data-start=\"138\" data-end=\"426\">Tag din tr\u00e6ning og hverdagskomfort til n\u00e6ste niveau med <strong data-start=\"194\" data-end=\"234\">MotionFit Shorts \u2013 Dristig Pink Camo<\/strong>! Disse alsidige shorts kombinerer en flatterende pasform med maksimal bev\u00e6gelsesfrihed, s\u00e5 du kan pr\u00e6stere dit bedste, uanset om du er i fitnesscentret, p\u00e5 en l\u00f8betur eller bare slapper af.<\/p>\n<p data-start=\"428\" data-end=\"669\">Den livlige <strong data-start=\"440\" data-end=\"461\">Dristig Pink Camo<\/strong>-print tilf\u00f8jer et strejf af attitude og energi, s\u00e5 du kan skille dig ud med stil. <strong data-start=\"544\" data-end=\"573\">Det bl\u00f8de, fleksible stof<\/strong> sikrer en behagelig f\u00f8lelse, mens den elastiske linning holder shortsene p\u00e5 plads hele dagen.<\/p>\n<h4 data-start=\"671\" data-end=\"709\"><strong>Der<\/strong><strong data-start=\"678\" data-end=\"707\">for vil du elske dem:<\/strong><\/h4>\n<p data-start=\"710\" data-end=\"1181\">\u2705 <strong data-start=\"712\" data-end=\"735\">Fire-vejs str\u00e6kstof<\/strong> \u2013 Str\u00e6kker og tilpasser sig din krop for en perfekt pasform.<br data-start=\"796\" data-end=\"799\" \/>\u2705 <strong data-start=\"801\" data-end=\"841\">Bl\u00f8dt og komfortabelt mikrofiberstof<\/strong> \u2013 F\u00f8les glat mod huden og giver optimal komfort.<br data-start=\"890\" data-end=\"893\" \/>\u2705 <strong data-start=\"895\" data-end=\"915\">Elastisk linning<\/strong> \u2013 Giver en behagelig og sikker pasform under alle aktiviteter.<br data-start=\"978\" data-end=\"981\" \/>\u2705 <strong data-start=\"983\" data-end=\"1001\">Holdbar syning<\/strong> \u2013 Overlock- og coverstitch-s\u00f8mme for langvarig kvalitet.<br data-start=\"1058\" data-end=\"1061\" \/>\u2705 <strong data-start=\"1063\" data-end=\"1096\">Perfekte til enhver lejlighed<\/strong> \u2013 Brug dem til tr\u00e6ning, afslapning eller som en trendy del af dit streetwear-look.<\/p>\n<p data-start=\"1183\" data-end=\"1369\"><strong data-start=\"1186\" data-end=\"1214\">St\u00f8t Ukraine med dit k\u00f8b<\/strong><br data-start=\"1214\" data-end=\"1217\" \/>UkraineBoost st\u00e5r bag Ukraines kamp for frihed, fred og sikkerhed. N\u00e5r du k\u00f8ber disse shorts, bidrager du til en bedre fremtid for det ukrainske folk.<\/p>\n<p data-start=\"1371\" data-end=\"1641\"><strong data-start=\"1374\" data-end=\"1413\">B\u00e6redygtig produktion p\u00e5 bestilling<\/strong><br data-start=\"1413\" data-end=\"1416\" \/>Dette produkt bliver fremstillet specielt til dig, s\u00e5 snart du bestiller det. Derfor tager leveringen lidt l\u00e6ngere tid, men det hj\u00e6lper os med at reducere overproduktion og spild. <strong data-start=\"1596\" data-end=\"1639\">Tak, fordi du tr\u00e6ffer b\u00e6redygtige valg!<\/strong><\/p>\n<p data-start=\"1643\" data-end=\"1731\"><strong data-start=\"1647\" data-end=\"1689\">K\u00f8b nu og bliv en del af forandringen!<\/strong> Del med venner, der ogs\u00e5 vil elske dem!<\/p>\n<h4>M\u00e5leskema<\/h4>\n<p>Vi opfordrer dig til v\u00e6re omhyggelig med at v\u00e6lge den rigtige st\u00f8rrelse, da vi gerne vil undg\u00e5 s\u00e5 mange returvarer som muligt. M\u00e5let er at st\u00f8tte Ukraine s\u00e5 derfor vil vi gerne holde alle omkostninger s\u00e5 lave som muligt. Vi vedl\u00e6gger m\u00e5lskemaer ved alle varer, da de kommer fra forskellige leverand\u00f8rer, s\u00e5 derfor kan st\u00f8rrelserne variere. Vi takker for din forst\u00e5else.<\/p>\n<p data-start=\"0\" data-end=\"16\"><strong data-start=\"0\" data-end=\"14\">Produktm\u00e5l<\/strong><\/p>\n<p data-start=\"18\" data-end=\"188\" data-is-last-node=\"\"><img decoding=\"async\" class=\"size-medium wp-image-48301 alignleft\" src=\"https:\/\/ukraineboost.com\/dk\/wp-content\/uploads\/sites\/12\/2025\/02\/00125_All-Over-Print-Shorts-300x300.png\" alt=\"\" width=\"300\" height=\"300\" srcset=\"https:\/\/ukraineboost.com\/dk\/wp-content\/uploads\/sites\/12\/2025\/02\/00125_All-Over-Print-Shorts-300x300.png 300w, https:\/\/ukraineboost.com\/dk\/wp-content\/uploads\/sites\/12\/2025\/02\/00125_All-Over-Print-Shorts-150x150.png 150w, https:\/\/ukraineboost.com\/dk\/wp-content\/uploads\/sites\/12\/2025\/02\/00125_All-Over-Print-Shorts-75x75.png 75w, https:\/\/ukraineboost.com\/dk\/wp-content\/uploads\/sites\/12\/2025\/02\/00125_All-Over-Print-Shorts-24x24.png 24w, https:\/\/ukraineboost.com\/dk\/wp-content\/uploads\/sites\/12\/2025\/02\/00125_All-Over-Print-Shorts-36x36.png 36w, https:\/\/ukraineboost.com\/dk\/wp-content\/uploads\/sites\/12\/2025\/02\/00125_All-Over-Print-Shorts-48x48.png 48w, https:\/\/ukraineboost.com\/dk\/wp-content\/uploads\/sites\/12\/2025\/02\/00125_All-Over-Print-Shorts-50x50.png 50w, https:\/\/ukraineboost.com\/dk\/wp-content\/uploads\/sites\/12\/2025\/02\/00125_All-Over-Print-Shorts-100x100.png 100w, https:\/\/ukraineboost.com\/dk\/wp-content\/uploads\/sites\/12\/2025\/02\/00125_All-Over-Print-Shorts.png 343w\" sizes=\"(max-width:767px) 300px, 300px\" \/>Denne st\u00f8rrelsesguide viser produktm\u00e5l taget, n\u00e5r produktet ligger fladt. De faktiske produktm\u00e5l kan variere med op til 2,54 cm, da de er h\u00e5ndlavet efter bestilling.<\/p>\n<table class=\"size-guide__table size-guide__new\">\n<thead>\n<tr>\n<td class=\"pf-p-12 pf-text-gray-900\">St\u00f8rrelse<\/td>\n<td class=\"pf-p-12 pf-text-gray-900\">A<\/td>\n<td class=\"pf-p-12 pf-text-gray-900\">B<\/td>\n<td class=\"pf-p-12 pf-text-gray-900\">C<\/td>\n<\/tr>\n<\/thead>\n<tbody>\n<tr>\n<td class=\"pf-p-12 pf-text-gray-900\">XS<\/td>\n<td class=\"pf-p-12 pf-text-gray-900\">30<\/td>\n<td class=\"pf-p-12 pf-text-gray-900\">10<\/td>\n<td class=\"pf-p-12 pf-text-gray-900\">20<\/td>\n<\/tr>\n<tr>\n<td class=\"pf-p-12 pf-text-gray-900\">S<\/td>\n<td class=\"pf-p-12 pf-text-gray-900\">32<\/td>\n<td class=\"pf-p-12 pf-text-gray-900\">11<\/td>\n<td class=\"pf-p-12 pf-text-gray-900\">21<\/td>\n<\/tr>\n<tr>\n<td class=\"pf-p-12 pf-text-gray-900\">M<\/td>\n<td class=\"pf-p-12 pf-text-gray-900\">34<\/td>\n<td class=\"pf-p-12 pf-text-gray-900\">12<\/td>\n<td class=\"pf-p-12 pf-text-gray-900\">22<\/td>\n<\/tr>\n<tr>\n<td class=\"pf-p-12 pf-text-gray-900\">L<\/td>\n<td class=\"pf-p-12 pf-text-gray-900\">38<\/td>\n<td class=\"pf-p-12 pf-text-gray-900\">14<\/td>\n<td class=\"pf-p-12 pf-text-gray-900\">23<\/td>\n<\/tr>\n<tr>\n<td class=\"pf-p-12 pf-text-gray-900\">XL<\/td>\n<td class=\"pf-p-12 pf-text-gray-900\">42<\/td>\n<td class=\"pf-p-12 pf-text-gray-900\">16<\/td>\n<td class=\"pf-p-12 pf-text-gray-900\">24<\/td>\n<\/tr>\n<tr>\n<td class=\"pf-p-12 pf-text-gray-900\">2XL<\/td>\n<td class=\"pf-p-12 pf-text-gray-900\">46<\/td>\n<td class=\"pf-p-12 pf-text-gray-900\">18<\/td>\n<td class=\"pf-p-12 pf-text-gray-900\">25<\/td>\n<\/tr>\n<tr>\n<td class=\"pf-p-12 pf-text-gray-900\">3XL<\/td>\n<td class=\"pf-p-12 pf-text-gray-900\">50<\/td>\n<td class=\"pf-p-12 pf-text-gray-900\">20<\/td>\n<td class=\"pf-p-12 pf-text-gray-900\">26<\/td>\n<\/tr>\n<\/tbody>\n<\/table>\n<p>\u00a0<\/p>\n<p data-start=\"0\" data-end=\"24\"><strong data-start=\"0\" data-end=\"22\">Guide til kropsm\u00e5l<\/strong><\/p>\n<p data-start=\"26\" data-end=\"154\"><img decoding=\"async\" class=\"size-medium wp-image-48302 alignleft\" src=\"https:\/\/ukraineboost.com\/dk\/wp-content\/uploads\/sites\/12\/2025\/02\/00125_body_All-Over-Print-Shorts-190x300.png\" alt=\"\" width=\"190\" height=\"300\" srcset=\"https:\/\/ukraineboost.com\/dk\/wp-content\/uploads\/sites\/12\/2025\/02\/00125_body_All-Over-Print-Shorts-190x300.png 190w, https:\/\/ukraineboost.com\/dk\/wp-content\/uploads\/sites\/12\/2025\/02\/00125_body_All-Over-Print-Shorts-48x75.png 48w, https:\/\/ukraineboost.com\/dk\/wp-content\/uploads\/sites\/12\/2025\/02\/00125_body_All-Over-Print-Shorts-15x24.png 15w, https:\/\/ukraineboost.com\/dk\/wp-content\/uploads\/sites\/12\/2025\/02\/00125_body_All-Over-Print-Shorts-23x36.png 23w, https:\/\/ukraineboost.com\/dk\/wp-content\/uploads\/sites\/12\/2025\/02\/00125_body_All-Over-Print-Shorts-30x48.png 30w, https:\/\/ukraineboost.com\/dk\/wp-content\/uploads\/sites\/12\/2025\/02\/00125_body_All-Over-Print-Shorts.png 213w\" sizes=\"(max-width:767px) 190px, 190px\" \/>Denne st\u00f8rrelsesguide viser kropsm\u00e5l. Vi anbefaler at bestille en st\u00f8rrelse st\u00f8rre, hvis dine m\u00e5l ligger mellem to st\u00f8rrelser.<\/p>\n<p data-start=\"156\" data-end=\"174\"><strong data-start=\"156\" data-end=\"172\">M\u00e5l dig selv<\/strong><\/p>\n<p data-start=\"176\" data-end=\"250\">For alle vandrette m\u00e5linger skal m\u00e5leb\u00e5ndet holdes parallelt med jorden.<\/p>\n<p data-start=\"252\" data-end=\"333\"><strong data-start=\"252\" data-end=\"263\">A Talje<\/strong><br data-start=\"263\" data-end=\"266\" \/>Placer m\u00e5leb\u00e5ndet p\u00e5 den smalleste del af taljen og m\u00e5l rundt om.<\/p>\n<p data-start=\"335\" data-end=\"474\" data-is-last-node=\"\"><strong data-start=\"335\" data-end=\"347\">B Hofter<\/strong><br data-start=\"347\" data-end=\"350\" \/>Plac\u00e9r m\u00e5leb\u00e5ndets startpunkt p\u00e5 den ene hofte, og f\u00f8r det hen over den bredeste del af hofterne tilbage til udgangspunktet.<\/p>\n<table class=\"size-guide__table size-guide__new\">\n<thead>\n<tr>\n<td class=\"pf-p-12 pf-text-gray-900\">St\u00f8rrelse<\/td>\n<td class=\"pf-p-12 pf-text-gray-900\">Talje<\/td>\n<td class=\"pf-p-12 pf-text-gray-900\">Hofter<\/td>\n<\/tr>\n<\/thead>\n<tbody>\n<tr>\n<td class=\"pf-p-12 pf-text-gray-900\">XS<\/td>\n<td class=\"pf-p-12 pf-text-gray-900\">64<\/td>\n<td class=\"pf-p-12 pf-text-gray-900\">90<\/td>\n<\/tr>\n<tr>\n<td class=\"pf-p-12 pf-text-gray-900\">S<\/td>\n<td class=\"pf-p-12 pf-text-gray-900\">68<\/td>\n<td class=\"pf-p-12 pf-text-gray-900\">94<\/td>\n<\/tr>\n<tr>\n<td class=\"pf-p-12 pf-text-gray-900\">M<\/td>\n<td class=\"pf-p-12 pf-text-gray-900\">72<\/td>\n<td class=\"pf-p-12 pf-text-gray-900\">98<\/td>\n<\/tr>\n<tr>\n<td class=\"pf-p-12 pf-text-gray-900\">L<\/td>\n<td class=\"pf-p-12 pf-text-gray-900\">80<\/td>\n<td class=\"pf-p-12 pf-text-gray-900\">106<\/td>\n<\/tr>\n<tr>\n<td class=\"pf-p-12 pf-text-gray-900\">XL<\/td>\n<td class=\"pf-p-12 pf-text-gray-900\">88<\/td>\n<td class=\"pf-p-12 pf-text-gray-900\">114<\/td>\n<\/tr>\n<tr>\n<td class=\"pf-p-12 pf-text-gray-900\">2XL<\/td>\n<td class=\"pf-p-12 pf-text-gray-900\">96<\/td>\n<td class=\"pf-p-12 pf-text-gray-900\">122<\/td>\n<\/tr>\n<tr>\n<td class=\"pf-p-12 pf-text-gray-900\">3XL<\/td>\n<td class=\"pf-p-12 pf-text-gray-900\">104<\/td>\n<td class=\"pf-p-12 pf-text-gray-900\">130<\/td>\n<\/tr>\n<\/tbody>\n<\/table>\n<p>Alle m\u00e5l er i centimeter<\/p>\n<p>Pro-tip! M\u00e5l et af dine produkter derhjemme og sammenlign med m\u00e5lene, du ser i denne vejledning.<\/p>\n<h4>Leveringstid<\/h4>\n<p>Da dette er et print on demand produkt kan leveringstiden variere. Typisk er leveringstiden en til to uger. Vi pr\u00f8ver altid at finde leverand\u00f8rer s\u00e5 geografisk t\u00e6t p\u00e5 som muligt for at minimere leveringstid og transportomkostninger.<\/p>\n","protected":false},"excerpt":{"rendered":"<p>Tag din tr\u00e6ning og hverdagskomfort til n\u00e6ste niveau med MotionFit Shorts \u2013 Dristig Pink Camo! Disse alsidige shorts kombinerer en flatterende pasform med maksimal bev\u00e6gelsesfrihed, s\u00e5<span class=\"excerpt-hellip\"> [\u2026]<\/span><\/p>\n","protected":false},"featured_media":47884,"comment_status":"open","ping_status":"closed","template":"","meta":[],"product_cat":[262],"product_tag":[],"_links":{"self":[{"href":"https:\/\/ukraineboost.com\/dk\/wp-json\/wp\/v2\/product\/47876"}],"collection":[{"href":"https:\/\/ukraineboost.com\/dk\/wp-json\/wp\/v2\/product"}],"about":[{"href":"https:\/\/ukraineboost.com\/dk\/wp-json\/wp\/v2\/types\/product"}],"replies":[{"embeddable":true,"href":"https:\/\/ukraineboost.com\/dk\/wp-json\/wp\/v2\/comments?post=47876"}],"wp:featuredmedia":[{"embeddable":true,"href":"https:\/\/ukraineboost.com\/dk\/wp-json\/wp\/v2\/media\/47884"}],"wp:attachment":[{"href":"https:\/\/ukraineboost.com\/dk\/wp-json\/wp\/v2\/media?parent=47876"}],"wp:term":[{"taxonomy":"product_cat","embeddable":true,"href":"https:\/\/ukraineboost.com\/dk\/wp-json\/wp\/v2\/product_cat?post=47876"},{"taxonomy":"product_tag","embeddable":true,"href":"https:\/\/ukraineboost.com\/dk\/wp-json\/wp\/v2\/product_tag?post=47876"}],"curies":[{"name":"wp","href":"https:\/\/api.w.org\/{rel}","templated":true}]}}