{"id":47858,"date":"2025-01-28T18:35:13","date_gmt":"2025-01-28T18:35:13","guid":{"rendered":"https:\/\/ukraineboost.com\/dk\/product\/sports-leggings-44\/"},"modified":"2025-02-14T12:16:27","modified_gmt":"2025-02-14T12:16:27","slug":"sports-leggings-44","status":"publish","type":"product","link":"https:\/\/ukraineboost.com\/dk\/product\/sports-leggings-44\/","title":{"rendered":"PowerFlex Sports Leggings  &#8211; Dristig Pink Camo"},"content":{"rendered":"<p data-start=\"118\" data-end=\"529\">Slip din indre trendsetter l\u00f8s med disse <strong data-start=\"159\" data-end=\"188\">PowerFlex Sports Leggings<\/strong> i et dristigt pink camouflagedesign! Denne moderne fortolkning af klassisk milit\u00e6r\u00e6stetik kombinerer nuancer af dyb bordeaux, intens magenta, bl\u00f8d blush og levende fuchsia. De organiske, flydende former skaber en visuelt f\u00e6ngende tekstur, der g\u00f8r disse leggings til det perfekte valg for b\u00e5de modebevidste outfits og h\u00f8jintense tr\u00e6ninger.<\/p>\n<p data-start=\"531\" data-end=\"736\">Uanset om du vil g\u00f8re et markant fashion statement, tilf\u00f8je en rebelsk kant til din tr\u00e6ningsgarderobe eller skille dig ud med en kraftfuld, legende stil \u2013 <strong data-start=\"686\" data-end=\"715\">PowerFlex Sports Leggings<\/strong> er dit go-to valg!<\/p>\n<h3 data-start=\"531\" data-end=\"736\"><strong data-start=\"747\" data-end=\"772\">Funktioner &amp; fordele:<\/strong><\/h3>\n<p data-start=\"775\" data-end=\"1159\">\u2714 <strong data-start=\"777\" data-end=\"800\">Kompressionspasform<\/strong> \u2013 Perfekt til medium til h\u00f8jintense tr\u00e6ninger.<br data-start=\"847\" data-end=\"850\" \/>\u2714 <strong data-start=\"852\" data-end=\"880\">Bl\u00f8d &amp; elastisk kvalitet<\/strong> \u2013 Giver optimal bev\u00e6gelsesfrihed og komfort.<br data-start=\"925\" data-end=\"928\" \/>\u2714 <strong data-start=\"930\" data-end=\"965\">Squat-proof &amp; ikke-gennemsigtig<\/strong> \u2013 Tr\u00e6n trygt uden gennemsigtighed.<br data-start=\"1000\" data-end=\"1003\" \/>\u2714 <strong data-start=\"1005\" data-end=\"1035\">H\u00f8j talje &amp; shaping-effekt<\/strong> \u2013 Flatterende snit, der fremh\u00e6ver dine kurver.<br data-start=\"1082\" data-end=\"1085\" \/>\u2714 <strong data-start=\"1087\" data-end=\"1114\">Baglomme til opbevaring<\/strong> \u2013 Perfekt til din smartphone eller n\u00f8gler.<\/p>\n<h3 data-start=\"775\" data-end=\"1159\"><strong data-start=\"1170\" data-end=\"1205\">Materialer &amp; tekniske detaljer:<\/strong><\/h3>\n<p data-start=\"1208\" data-end=\"1651\">\u2022 <strong data-start=\"1210\" data-end=\"1221\">Mexico:<\/strong> 75% polyester, 25% lycra (\u00f8verste del) | 75% polyester, 25% spandex (nederste del)<br data-start=\"1304\" data-end=\"1307\" \/>\u2022 <strong data-start=\"1309\" data-end=\"1320\">Europa:<\/strong> 57% polyamid, 43% spandex (\u00f8verste del) | 78% polyester, 22% spandex (nederste del)<br data-start=\"1404\" data-end=\"1407\" \/>\u2022 Stoftykkelse: <strong data-start=\"1423\" data-end=\"1475\">\u00d8verste del \u2013 185 g\/m\u00b2 | Nederste del \u2013 280 g\/m\u00b2<\/strong><br data-start=\"1475\" data-end=\"1478\" \/>\u2022 <strong data-start=\"1480\" data-end=\"1491\">L\u00e6ngde:<\/strong> \u215e fit<br data-start=\"1497\" data-end=\"1500\" \/>\u2022 <strong data-start=\"1502\" data-end=\"1543\">Dobbeltlag i taljen for ekstra st\u00f8tte<\/strong><br data-start=\"1543\" data-end=\"1546\" \/>\u2022 <strong data-start=\"1548\" data-end=\"1571\">UPF 50+ beskyttelse<\/strong> \u2013 Ideel til udend\u00f8rs tr\u00e6ning<br data-start=\"1600\" data-end=\"1603\" \/>\u2022 <strong data-start=\"1605\" data-end=\"1649\">Produkter indk\u00f8bt fra Italien og Spanien<\/strong><\/p>\n<h3 data-start=\"1658\" data-end=\"1716\"><strong data-start=\"1662\" data-end=\"1714\">B\u00e6redygtigt produceret \u2013 lavet specielt til dig!<\/strong><\/h3>\n<p data-start=\"1717\" data-end=\"1913\"><strong data-start=\"1720\" data-end=\"1749\">PowerFlex Sports Leggings<\/strong> produceres <strong data-start=\"1761\" data-end=\"1774\">on demand<\/strong>, hvilket betyder, at de bliver lavet specielt til dig, n\u00e5r du bestiller. Dette hj\u00e6lper med at reducere overproduktion og sk\u00e5ner milj\u00f8et.<\/p>\n<p data-start=\"1915\" data-end=\"2059\">N\u00e5r du k\u00f8ber dette produkt, st\u00f8tter du ikke kun en b\u00e6redygtig fremtid \u2013 du <strong data-start=\"1993\" data-end=\"2057\">st\u00f8tter ogs\u00e5 Ukraine i kampen for frihed, fred og sikkerhed!<\/strong><\/p>\n<p data-start=\"2061\" data-end=\"2147\"><strong data-start=\"2064\" data-end=\"2145\">Bestil dine PowerFlex Sports Leggings nu og tag din tr\u00e6ning til n\u00e6ste niveau!<\/strong><\/p>\n<p data-start=\"2149\" data-end=\"2226\" data-is-last-node=\"\">\ud83d\udc99\ud83d\udc9b <strong data-start=\"2154\" data-end=\"2226\" data-is-last-node=\"\">Del produktet med dine venner, hvis du synes, de ogs\u00e5 vil elske det!<\/strong><\/p>\n<h4>M\u00e5leskema<\/h4>\n<p>Vi opfordrer dig til v\u00e6re omhyggelig med at v\u00e6lge den rigtige st\u00f8rrelse, da vi gerne vil undg\u00e5 s\u00e5 mange returvarer som muligt. M\u00e5let er at st\u00f8tte Ukraine s\u00e5 derfor vil vi gerne holde alle omkostninger s\u00e5 lave som muligt. Vi vedl\u00e6gger m\u00e5lskemaer ved alle varer, da de kommer fra forskellige leverand\u00f8rer, s\u00e5 derfor kan st\u00f8rrelserne variere. Vi takker for din forst\u00e5else.<\/p>\n<div class=\"flex flex-grow flex-col max-w-full gap-3 gizmo:gap-0\">\n<div class=\"min-h-[20px] flex flex-col items-start gap-3 whitespace-pre-wrap break-words overflow-x-auto\" data-message-author-role=\"assistant\" data-message-id=\"536f8001-f8cf-44ab-8fb1-da086fd221ed\">\n<div class=\"markdown prose w-full break-words dark:prose-invert light\">\n<h5>Produktm\u00e5linger<\/h5>\n<p><img decoding=\"async\" class=\"size-medium wp-image-31254 alignleft\" src=\"https:\/\/ukraineboost.com\/dk\/wp-content\/uploads\/sites\/12\/2023\/10\/00083-sportsleggings-300x300.png\" alt=\"\" width=\"300\" height=\"300\" srcset=\"https:\/\/ukraineboost.com\/dk\/wp-content\/uploads\/sites\/12\/2023\/10\/00083-sportsleggings-300x300.png 300w, https:\/\/ukraineboost.com\/dk\/wp-content\/uploads\/sites\/12\/2023\/10\/00083-sportsleggings-150x150.png 150w, https:\/\/ukraineboost.com\/dk\/wp-content\/uploads\/sites\/12\/2023\/10\/00083-sportsleggings-75x75.png 75w, https:\/\/ukraineboost.com\/dk\/wp-content\/uploads\/sites\/12\/2023\/10\/00083-sportsleggings-24x24.png 24w, https:\/\/ukraineboost.com\/dk\/wp-content\/uploads\/sites\/12\/2023\/10\/00083-sportsleggings-36x36.png 36w, https:\/\/ukraineboost.com\/dk\/wp-content\/uploads\/sites\/12\/2023\/10\/00083-sportsleggings-48x48.png 48w, https:\/\/ukraineboost.com\/dk\/wp-content\/uploads\/sites\/12\/2023\/10\/00083-sportsleggings-50x50.png 50w, https:\/\/ukraineboost.com\/dk\/wp-content\/uploads\/sites\/12\/2023\/10\/00083-sportsleggings-100x100.png 100w, https:\/\/ukraineboost.com\/dk\/wp-content\/uploads\/sites\/12\/2023\/10\/00083-sportsleggings.png 344w\" sizes=\"(max-width:767px) 300px, 300px\" \/>Denne st\u00f8rrelsesguide viser produktm\u00e5linger, der er taget, n\u00e5r produkterne ligger fladt. Faktiske produktm\u00e5linger kan variere med op til 1\u2033, da de er h\u00e5ndlavede efter specialbestilling. Produktm\u00e5linger<\/p>\n<p>A Halv taljebredde<\/p>\n<p>B Indvendig s\u00f8ml\u00e6ngde<\/p>\n<p>C Frontstigning<\/p>\n<table class=\"size-guide__table size-guide__new\">\n<thead>\n<tr>\n<td>St\u00f8rrelse<\/td>\n<td>A<\/td>\n<td>B<\/td>\n<td>C<\/td>\n<\/tr>\n<\/thead>\n<tbody>\n<tr>\n<td>2XS<\/td>\n<td>24<\/td>\n<td>66<\/td>\n<td>22.5<\/td>\n<\/tr>\n<tr>\n<td>XS<\/td>\n<td>25<\/td>\n<td>66<\/td>\n<td>23.5<\/td>\n<\/tr>\n<tr>\n<td>S<\/td>\n<td>26<\/td>\n<td>66<\/td>\n<td>24.5<\/td>\n<\/tr>\n<tr>\n<td>M<\/td>\n<td>28<\/td>\n<td>66<\/td>\n<td>25.5<\/td>\n<\/tr>\n<tr>\n<td>L<\/td>\n<td>30<\/td>\n<td>66<\/td>\n<td>26<\/td>\n<\/tr>\n<tr>\n<td>XL<\/td>\n<td>34<\/td>\n<td>66<\/td>\n<td>27.5<\/td>\n<\/tr>\n<tr>\n<td>2XL<\/td>\n<td>38<\/td>\n<td>66<\/td>\n<td>29<\/td>\n<\/tr>\n<tr>\n<td>3XL<\/td>\n<td>42<\/td>\n<td>66<\/td>\n<td>30.5<\/td>\n<\/tr>\n<\/tbody>\n<\/table>\n<p>Alle m\u00e5l er i centimeter<\/p>\n<div class=\"flex flex-grow flex-col max-w-full gap-3 gizmo:gap-0\">\n<div class=\"min-h-[20px] flex flex-col items-start gap-3 whitespace-pre-wrap break-words overflow-x-auto\" data-message-author-role=\"assistant\" data-message-id=\"04ecdfeb-ae7e-4f24-8d9b-5f277e71e87d\">\n<div class=\"markdown prose w-full break-words dark:prose-invert light\">\n<h5>Guide til kropsm\u00e5ling<\/h5>\n<p><img decoding=\"async\" class=\"size-medium wp-image-31255 alignleft\" src=\"https:\/\/ukraineboost.com\/dk\/wp-content\/uploads\/sites\/12\/2023\/10\/00083-sportsleggnings-body-149x300.png\" alt=\"\" width=\"149\" height=\"300\" srcset=\"https:\/\/ukraineboost.com\/dk\/wp-content\/uploads\/sites\/12\/2023\/10\/00083-sportsleggnings-body-149x300.png 149w, https:\/\/ukraineboost.com\/dk\/wp-content\/uploads\/sites\/12\/2023\/10\/00083-sportsleggnings-body-37x75.png 37w, https:\/\/ukraineboost.com\/dk\/wp-content\/uploads\/sites\/12\/2023\/10\/00083-sportsleggnings-body-12x24.png 12w, https:\/\/ukraineboost.com\/dk\/wp-content\/uploads\/sites\/12\/2023\/10\/00083-sportsleggnings-body-18x36.png 18w, https:\/\/ukraineboost.com\/dk\/wp-content\/uploads\/sites\/12\/2023\/10\/00083-sportsleggnings-body-24x48.png 24w, https:\/\/ukraineboost.com\/dk\/wp-content\/uploads\/sites\/12\/2023\/10\/00083-sportsleggnings-body.png 166w\" sizes=\"(max-width:767px) 149px, 149px\" \/>Denne st\u00f8rrelsesguide viser kropsm\u00e5linger. Vi foresl\u00e5r at bestille en st\u00f8rrelse st\u00f8rre, n\u00e5r dine m\u00e5linger er mellem st\u00f8rrelser. m\u00e5l-dig-selv<\/p>\n<p>For alle vandrette m\u00e5linger, skal du s\u00f8rge for, at m\u00e5leb\u00e5ndet er parallelt med jorden.<\/p>\n<p>A Talje<\/p>\n<p>Placer m\u00e5leb\u00e5ndet omkring den smalleste del af taljen og m\u00e5l.<\/p>\n<p>B Hofter<\/p>\n<p>Start m\u00e5leb\u00e5ndet p\u00e5 den ene hofte og f\u00f8r det over den fyldigste del af hofterne tilbage til, hvor du begyndte at m\u00e5le.<\/p>\n<table class=\"size-guide__table size-guide__new\">\n<thead>\n<tr>\n<td>St\u00f8rrelse<\/td>\n<td>Talje<\/td>\n<td>Hofte<\/td>\n<\/tr>\n<\/thead>\n<tbody>\n<tr>\n<td>2XS<\/td>\n<td>60<\/td>\n<td>86<\/td>\n<\/tr>\n<tr>\n<td>XS<\/td>\n<td>64<\/td>\n<td>90<\/td>\n<\/tr>\n<tr>\n<td>S<\/td>\n<td>68<\/td>\n<td>94<\/td>\n<\/tr>\n<tr>\n<td>M<\/td>\n<td>72<\/td>\n<td>98<\/td>\n<\/tr>\n<tr>\n<td>L<\/td>\n<td>80<\/td>\n<td>106<\/td>\n<\/tr>\n<tr>\n<td>XL<\/td>\n<td>88<\/td>\n<td>114<\/td>\n<\/tr>\n<tr>\n<td>2XL<\/td>\n<td>96<\/td>\n<td>122<\/td>\n<\/tr>\n<tr>\n<td>3XL<\/td>\n<td>104<\/td>\n<td>130<\/td>\n<\/tr>\n<\/tbody>\n<\/table>\n<p>Alle m\u00e5l er i centimeter<\/p>\n<p>Pro-tip! M\u00e5l et af dine produkter derhjemme og sammenlign med m\u00e5lene, du ser i denne vejledning.<\/p>\n<h4>Leveringstid<\/h4>\n<p>Da dette er et print on demand produkt kan leveringstiden variere. Typisk er leveringstiden en til to uger. Vi pr\u00f8ver altid at finde leverand\u00f8rer s\u00e5 geografisk t\u00e6t p\u00e5 som muligt for at minimere leveringstid og transportomkostninger.<\/p>\n<\/div>\n<\/div>\n<\/div>\n<\/div>\n<\/div>\n<\/div>\n<p data-start=\"2149\" data-end=\"2226\" data-is-last-node=\"\">\u00a0<\/p>\n","protected":false},"excerpt":{"rendered":"<p>Slip din indre trendsetter l\u00f8s med disse PowerFlex Sports Leggings i et dristigt pink camouflagedesign! Denne moderne fortolkning af klassisk milit\u00e6r\u00e6stetik kombinerer nuancer af dyb bordeaux,<span class=\"excerpt-hellip\"> [\u2026]<\/span><\/p>\n","protected":false},"featured_media":47867,"comment_status":"open","ping_status":"closed","template":"","meta":[],"product_cat":[262],"product_tag":[],"_links":{"self":[{"href":"https:\/\/ukraineboost.com\/dk\/wp-json\/wp\/v2\/product\/47858"}],"collection":[{"href":"https:\/\/ukraineboost.com\/dk\/wp-json\/wp\/v2\/product"}],"about":[{"href":"https:\/\/ukraineboost.com\/dk\/wp-json\/wp\/v2\/types\/product"}],"replies":[{"embeddable":true,"href":"https:\/\/ukraineboost.com\/dk\/wp-json\/wp\/v2\/comments?post=47858"}],"wp:featuredmedia":[{"embeddable":true,"href":"https:\/\/ukraineboost.com\/dk\/wp-json\/wp\/v2\/media\/47867"}],"wp:attachment":[{"href":"https:\/\/ukraineboost.com\/dk\/wp-json\/wp\/v2\/media?parent=47858"}],"wp:term":[{"taxonomy":"product_cat","embeddable":true,"href":"https:\/\/ukraineboost.com\/dk\/wp-json\/wp\/v2\/product_cat?post=47858"},{"taxonomy":"product_tag","embeddable":true,"href":"https:\/\/ukraineboost.com\/dk\/wp-json\/wp\/v2\/product_tag?post=47858"}],"curies":[{"name":"wp","href":"https:\/\/api.w.org\/{rel}","templated":true}]}}