{"id":47699,"date":"2025-01-28T12:51:15","date_gmt":"2025-01-28T12:51:15","guid":{"rendered":"https:\/\/ukraineboost.com\/dk\/product\/leggings\/"},"modified":"2025-02-08T17:56:54","modified_gmt":"2025-02-08T17:56:54","slug":"leggings","status":"publish","type":"product","link":"https:\/\/ukraineboost.com\/dk\/product\/leggings\/","title":{"rendered":"Leggings &#8211; Dristig Pink Camo"},"content":{"rendered":"<p>\ud83d\udc96 <strong>Modige. Stilfulde. Komfortable.<\/strong> \ud83d\udc96<\/p>\n<p>Tr\u00e6d ind i hverdagen med selvtillid og stil med disse <strong>Dristig Pink Camo<\/strong> leggings! Med et i\u00f8jnefaldende camouflagem\u00f8nster i intense nuancer af bordeaux, magenta, blush og fuchsia skaber de en st\u00e6rk og unik look. Perfekte til b\u00e5de tr\u00e6ning, afslapning og streetwear \u2013 <strong>disse leggings er for dem, der t\u00f8r skille sig ud!<\/strong><\/p>\n<h3><strong>Ultimativ komfort &amp; holdbarhed<\/strong><\/h3>\n<p>Disse leggings er lavet af en bl\u00f8d og elastisk <strong>mikrofiberblanding<\/strong>, der sikrer en behagelig pasform hele dagen. Den firevejsstr\u00e6kbare kvalitet betyder, at stoffet f\u00f8lger dine bev\u00e6gelser, hvad enten du tr\u00e6ner, er p\u00e5 farten eller bare slapper af.<\/p>\n<h3><strong>Produktdetaljer:<\/strong><\/h3>\n<p>\u2714 <strong>82% polyester, 18% spandex<\/strong> \u2013 bl\u00f8d, \u00e5ndbar og komfortabel<br \/>\u2714 <strong>UPF 50+<\/strong> \u2013 beskytter mod skadelige UV-str\u00e5ler<br \/>\u2714 <strong>Firevejsstr\u00e6k<\/strong> \u2013 fleksibel og formbestandig i alle retninger<br \/>\u2714 <strong>Elastisk linning<\/strong> \u2013 giver en flatterende pasform<br \/>\u2714 <strong>Overlock- og coverstitch-syninger<\/strong> \u2013 for ekstra holdbarhed<\/p>\n<p>\u26a0 <strong>Bem\u00e6rk:<\/strong> Undg\u00e5 kontakt med ru overflader, da stoffet kan beskadiges.<\/p>\n<p>\ud83c\udf3f <strong>B\u00e6redygtig produktion<\/strong><br \/>Denne vare <strong>laves specielt til dig<\/strong>, s\u00e5 snart du bestiller. Derfor tager leveringen lidt l\u00e6ngere tid, men det betyder samtidig, at vi <strong>undg\u00e5r masseproduktion og reducerer spild<\/strong>. <strong>Tak fordi du v\u00e6lger en mere ansvarlig og milj\u00f8venlig l\u00f8sning!<\/strong><\/p>\n<p>\ud83d\udc99 <strong>St\u00f8t Ukraine \u2013 G\u00f8r en forskel!<\/strong><br \/>N\u00e5r du k\u00f8ber dette produkt, viser du ikke kun din unikke stil, men st\u00f8tter ogs\u00e5 Ukraines kamp for frihed, fred og sikkerhed. <strong>Del produktet med dine venner, og lad dem ogs\u00e5 v\u00e6re med til at st\u00f8tte en vigtig sag!<\/strong><\/p>\n<p>\ud83d\udecd <strong>Bestil dine nye yndlingsleggings i dag!<\/strong><\/p>\n<h4>M\u00e5leskema<\/h4>\n<p>Vi opfordrer dig til v\u00e6re omhyggelig med at v\u00e6lge den rigtige st\u00f8rrelse, da vi gerne vil undg\u00e5 s\u00e5 mange returvarer som muligt. M\u00e5let er at st\u00f8tte Ukraine s\u00e5 derfor vil vi gerne holde alle omkostninger s\u00e5 lave som muligt. Vi vedl\u00e6gger m\u00e5lskemaer ved alle varer, da de kommer fra forskellige leverand\u00f8rer, s\u00e5 derfor kan st\u00f8rrelserne variere. Vi takker for din forst\u00e5else.<\/p>\n<p><strong>Produktm\u00e5l<\/strong><\/p>\n<p><img decoding=\"async\" class=\"size-medium wp-image-48285 alignleft\" src=\"https:\/\/ukraineboost.com\/dk\/wp-content\/uploads\/sites\/12\/2025\/02\/00117_All-Over-Print-Leggings-female-300x300.png\" alt=\"\" width=\"300\" height=\"300\" srcset=\"https:\/\/ukraineboost.com\/dk\/wp-content\/uploads\/sites\/12\/2025\/02\/00117_All-Over-Print-Leggings-female-300x300.png 300w, https:\/\/ukraineboost.com\/dk\/wp-content\/uploads\/sites\/12\/2025\/02\/00117_All-Over-Print-Leggings-female-150x150.png 150w, https:\/\/ukraineboost.com\/dk\/wp-content\/uploads\/sites\/12\/2025\/02\/00117_All-Over-Print-Leggings-female-75x75.png 75w, https:\/\/ukraineboost.com\/dk\/wp-content\/uploads\/sites\/12\/2025\/02\/00117_All-Over-Print-Leggings-female-24x24.png 24w, https:\/\/ukraineboost.com\/dk\/wp-content\/uploads\/sites\/12\/2025\/02\/00117_All-Over-Print-Leggings-female-36x36.png 36w, https:\/\/ukraineboost.com\/dk\/wp-content\/uploads\/sites\/12\/2025\/02\/00117_All-Over-Print-Leggings-female-48x48.png 48w, https:\/\/ukraineboost.com\/dk\/wp-content\/uploads\/sites\/12\/2025\/02\/00117_All-Over-Print-Leggings-female-50x50.png 50w, https:\/\/ukraineboost.com\/dk\/wp-content\/uploads\/sites\/12\/2025\/02\/00117_All-Over-Print-Leggings-female-100x100.png 100w, https:\/\/ukraineboost.com\/dk\/wp-content\/uploads\/sites\/12\/2025\/02\/00117_All-Over-Print-Leggings-female.png 343w\" sizes=\"(max-width:767px) 300px, 300px\" \/>Denne st\u00f8rrelsesguide viser produktm\u00e5l taget, n\u00e5r produkterne ligger fladt. De faktiske m\u00e5l kan variere med op til 2,54 cm, da de er h\u00e5ndlavede efter bestilling.<\/p>\n<table class=\"size-guide__table size-guide__new\">\n<thead>\n<tr>\n<td class=\"pf-p-12 pf-text-gray-900\">St\u00f8rrelse<\/td>\n<td class=\"pf-p-12 pf-text-gray-900\">A<\/td>\n<td class=\"pf-p-12 pf-text-gray-900\">B<\/td>\n<td class=\"pf-p-12 pf-text-gray-900\">C<\/td>\n<\/tr>\n<\/thead>\n<tbody>\n<tr>\n<td class=\"pf-p-12 pf-text-gray-900\">XS<\/td>\n<td class=\"pf-p-12 pf-text-gray-900\">30<\/td>\n<td class=\"pf-p-12 pf-text-gray-900\">69<\/td>\n<td class=\"pf-p-12 pf-text-gray-900\">20<\/td>\n<\/tr>\n<tr>\n<td class=\"pf-p-12 pf-text-gray-900\">S<\/td>\n<td class=\"pf-p-12 pf-text-gray-900\">32<\/td>\n<td class=\"pf-p-12 pf-text-gray-900\">70<\/td>\n<td class=\"pf-p-12 pf-text-gray-900\">21<\/td>\n<\/tr>\n<tr>\n<td class=\"pf-p-12 pf-text-gray-900\">M<\/td>\n<td class=\"pf-p-12 pf-text-gray-900\">34<\/td>\n<td class=\"pf-p-12 pf-text-gray-900\">71<\/td>\n<td class=\"pf-p-12 pf-text-gray-900\">22<\/td>\n<\/tr>\n<tr>\n<td class=\"pf-p-12 pf-text-gray-900\">L<\/td>\n<td class=\"pf-p-12 pf-text-gray-900\">38<\/td>\n<td class=\"pf-p-12 pf-text-gray-900\">72<\/td>\n<td class=\"pf-p-12 pf-text-gray-900\">23<\/td>\n<\/tr>\n<tr>\n<td class=\"pf-p-12 pf-text-gray-900\">XL<\/td>\n<td class=\"pf-p-12 pf-text-gray-900\">42<\/td>\n<td class=\"pf-p-12 pf-text-gray-900\">73<\/td>\n<td class=\"pf-p-12 pf-text-gray-900\">24<\/td>\n<\/tr>\n<\/tbody>\n<\/table>\n<p><strong>Guide til kropsm\u00e5l<\/strong><\/p>\n<p>Denne st\u00f8rrelsesguide viser kropsm\u00e5l. Vi anbefaler at bestille en st\u00f8rrelse mindre, hvis dine m\u00e5l ligger mellem to st\u00f8rrelser.<\/p>\n<p><strong>S\u00e5dan m\u00e5ler du dig selv<\/strong><\/p>\n<p><img decoding=\"async\" class=\"size-medium wp-image-48286 alignleft\" src=\"https:\/\/ukraineboost.com\/dk\/wp-content\/uploads\/sites\/12\/2025\/02\/00117_body_All-Over-Print-Leggings-female-193x300.png\" alt=\"\" width=\"193\" height=\"300\" srcset=\"https:\/\/ukraineboost.com\/dk\/wp-content\/uploads\/sites\/12\/2025\/02\/00117_body_All-Over-Print-Leggings-female-193x300.png 193w, https:\/\/ukraineboost.com\/dk\/wp-content\/uploads\/sites\/12\/2025\/02\/00117_body_All-Over-Print-Leggings-female-48x75.png 48w, https:\/\/ukraineboost.com\/dk\/wp-content\/uploads\/sites\/12\/2025\/02\/00117_body_All-Over-Print-Leggings-female-15x24.png 15w, https:\/\/ukraineboost.com\/dk\/wp-content\/uploads\/sites\/12\/2025\/02\/00117_body_All-Over-Print-Leggings-female-23x36.png 23w, https:\/\/ukraineboost.com\/dk\/wp-content\/uploads\/sites\/12\/2025\/02\/00117_body_All-Over-Print-Leggings-female-31x48.png 31w, https:\/\/ukraineboost.com\/dk\/wp-content\/uploads\/sites\/12\/2025\/02\/00117_body_All-Over-Print-Leggings-female.png 226w\" sizes=\"(max-width:767px) 193px, 193px\" \/>For alle vandrette m\u00e5linger skal du holde m\u00e5leb\u00e5ndet parallelt med jorden.<\/p>\n<p><strong>A Talje<\/strong><br \/>Placer m\u00e5leb\u00e5ndet p\u00e5 den smalleste del af taljen, og m\u00e5l rundt.<\/p>\n<p><strong>B Hofter<\/strong><br \/>Placer starten af m\u00e5leb\u00e5ndet p\u00e5 den ene hofte, og f\u00f8r det over den bredeste del af hofterne tilbage til udgangspunktet.<\/p>\n<table class=\"size-guide__table size-guide__new\">\n<thead>\n<tr>\n<td class=\"pf-p-12 pf-text-gray-900\">St\u00f8rrelse<\/td>\n<td class=\"pf-p-12 pf-text-gray-900\">Talje<\/td>\n<td class=\"pf-p-12 pf-text-gray-900\">Hofter<\/td>\n<\/tr>\n<\/thead>\n<tbody>\n<tr>\n<td class=\"pf-p-12 pf-text-gray-900\">XS<\/td>\n<td class=\"pf-p-12 pf-text-gray-900\">64<\/td>\n<td class=\"pf-p-12 pf-text-gray-900\">90<\/td>\n<\/tr>\n<tr>\n<td class=\"pf-p-12 pf-text-gray-900\">S<\/td>\n<td class=\"pf-p-12 pf-text-gray-900\">68<\/td>\n<td class=\"pf-p-12 pf-text-gray-900\">94<\/td>\n<\/tr>\n<tr>\n<td class=\"pf-p-12 pf-text-gray-900\">M<\/td>\n<td class=\"pf-p-12 pf-text-gray-900\">72<\/td>\n<td class=\"pf-p-12 pf-text-gray-900\">98<\/td>\n<\/tr>\n<tr>\n<td class=\"pf-p-12 pf-text-gray-900\">L<\/td>\n<td class=\"pf-p-12 pf-text-gray-900\">80<\/td>\n<td class=\"pf-p-12 pf-text-gray-900\">106<\/td>\n<\/tr>\n<tr>\n<td class=\"pf-p-12 pf-text-gray-900\">XL<\/td>\n<td class=\"pf-p-12 pf-text-gray-900\">88<\/td>\n<td class=\"pf-p-12 pf-text-gray-900\">114<\/td>\n<\/tr>\n<\/tbody>\n<\/table>\n<p>Alle m\u00e5l er i centimeter<\/p>\n<p>Pro-tip! M\u00e5l et af dine produkter derhjemme og sammenlign med m\u00e5lene, du ser i denne vejledning.<\/p>\n<p>\u00a0<\/p>\n","protected":false},"excerpt":{"rendered":"<p>\ud83d\udc96 Modige. Stilfulde. Komfortable. \ud83d\udc96 Tr\u00e6d ind i hverdagen med selvtillid og stil med disse Dristig Pink Camo leggings! Med et i\u00f8jnefaldende camouflagem\u00f8nster i intense nuancer<span class=\"excerpt-hellip\"> [\u2026]<\/span><\/p>\n","protected":false},"featured_media":47705,"comment_status":"open","ping_status":"closed","template":"","meta":[],"product_cat":[262],"product_tag":[],"_links":{"self":[{"href":"https:\/\/ukraineboost.com\/dk\/wp-json\/wp\/v2\/product\/47699"}],"collection":[{"href":"https:\/\/ukraineboost.com\/dk\/wp-json\/wp\/v2\/product"}],"about":[{"href":"https:\/\/ukraineboost.com\/dk\/wp-json\/wp\/v2\/types\/product"}],"replies":[{"embeddable":true,"href":"https:\/\/ukraineboost.com\/dk\/wp-json\/wp\/v2\/comments?post=47699"}],"wp:featuredmedia":[{"embeddable":true,"href":"https:\/\/ukraineboost.com\/dk\/wp-json\/wp\/v2\/media\/47705"}],"wp:attachment":[{"href":"https:\/\/ukraineboost.com\/dk\/wp-json\/wp\/v2\/media?parent=47699"}],"wp:term":[{"taxonomy":"product_cat","embeddable":true,"href":"https:\/\/ukraineboost.com\/dk\/wp-json\/wp\/v2\/product_cat?post=47699"},{"taxonomy":"product_tag","embeddable":true,"href":"https:\/\/ukraineboost.com\/dk\/wp-json\/wp\/v2\/product_tag?post=47699"}],"curies":[{"name":"wp","href":"https:\/\/api.w.org\/{rel}","templated":true}]}}