{"id":47667,"date":"2025-01-28T12:42:17","date_gmt":"2025-01-28T12:42:17","guid":{"rendered":"https:\/\/ukraineboost.com\/dk\/product\/womens-joggers\/"},"modified":"2025-02-08T16:27:30","modified_gmt":"2025-02-08T16:27:30","slug":"womens-joggers","status":"publish","type":"product","link":"https:\/\/ukraineboost.com\/dk\/product\/womens-joggers\/","title":{"rendered":"Joggers af genbrugsstof &#8211; Dristig Pink Camo"},"content":{"rendered":"<p>G\u00f8r dig klar til at kombinere komfort med et st\u00e6rkt signal! Disse <em>Joggers af genbrugsstof &#8211; Dristig Pink Camo<\/em> er det ultimative statement-piece til dig, der \u00f8nsker b\u00e5de stil og b\u00e6redygtighed. Det dristige pink camouflageprint er en moderne fortolkning af det klassiske milit\u00e6rlook og udstr\u00e5ler selvtillid, energi og attitude. Perfekt til dig, der vil skille dig ud, uanset om du er p\u00e5 farten eller slapper af derhjemme.<\/p>\n<h3><strong>Stilfuld komfort med et b\u00e6redygtigt twist<\/strong><\/h3>\n<p>Disse joggers er fremstillet af genanvendt polyester og spandex, hvilket g\u00f8r dem b\u00e5de milj\u00f8venlige og superbehagelige at have p\u00e5. Det bl\u00f8de bomuldsagtige stof p\u00e5 ydersiden kombineret med b\u00f8rstet fleece p\u00e5 indersiden sikrer maksimal komfort, mens det t\u00e6tsiddende snit og elastiske manchetter giver et moderne look.<\/p>\n<p><strong>Detaljer:<\/strong><br \/>\u2714 <strong>95% genanvendt polyester, 5% spandex<\/strong> \u2013 b\u00e6redygtig og holdbar<br \/>\u2714 <strong>Bl\u00f8dt stof med bomuldsf\u00f8lelse<\/strong> \u2013 behagelig hele dagen<br \/>\u2714 <strong>B\u00f8rstet fleece indvendigt<\/strong> \u2013 ekstra varme og komfort<br \/>\u2714 <strong>Elastisk linning med hvid sn\u00f8re<\/strong> \u2013 perfekt pasform<br \/>\u2714 <strong>Praktiske lommer<\/strong> \u2013 opbevar dine essentials p\u00e5 farten<br \/>\u2714 <strong>Slim fit &amp; manchetter ved anklerne<\/strong> \u2013 moderne og stilrent look<\/p>\n<p>\ud83d\udca1 <em>Bem\u00e6rk:<\/em> P\u00e5 omr\u00e5der med dobbelt lag stof (fx lommer) kan detaljer fra det inderste lag muligvis v\u00e6re svagt synlige, is\u00e6r ved lysere designs.<\/p>\n<h3><strong>St\u00f8t Ukraine \u2013 og se godt ud imens!<\/strong><\/h3>\n<p>Ved at k\u00f8be dette produkt st\u00f8tter du Ukraines kamp for frihed, fred og sikkerhed. UkraineBoost donerer en del af overskuddet til initiativer, der hj\u00e6lper det ukrainske folk i deres frihedskamp.<\/p>\n<p>\ud83d\udc49 <strong>Bestil dine joggers nu og vis din st\u00f8tte til Ukraine \u2013 samtidig med at du skruer op for din stil!<\/strong><\/p>\n<p>\ud83d\udd39 <em>Bem\u00e6rk:<\/em> Dette produkt bliver lavet specielt til dig, s\u00e5 snart du bestiller. Det betyder, at leveringstiden kan v\u00e6re lidt l\u00e6ngere, men det hj\u00e6lper os med at undg\u00e5 overproduktion og reducere spild. Tak for din ansvarlige k\u00f8bsbeslutning!<\/p>\n<h4>M\u00e5leskema<\/h4>\n<p>Vi opfordrer dig til v\u00e6re omhyggelig med at v\u00e6lge den rigtige st\u00f8rrelse, da vi gerne vil undg\u00e5 s\u00e5 mange returvarer som muligt. M\u00e5let er at st\u00f8tte Ukraine s\u00e5 derfor vil vi gerne holde alle omkostninger s\u00e5 lave som muligt. Vi vedl\u00e6gger m\u00e5lskemaer ved alle varer, da de kommer fra forskellige leverand\u00f8rer, s\u00e5 derfor kan st\u00f8rrelserne variere. Vi takker for din forst\u00e5else.<\/p>\n<p><strong>Produktm\u00e5l<\/strong><\/p>\n<p><img decoding=\"async\" class=\"size-medium wp-image-48283 alignleft\" src=\"https:\/\/ukraineboost.com\/dk\/wp-content\/uploads\/sites\/12\/2025\/02\/00116_All-Over-Print-Recycled-Womens-Joggers-300x300.png\" alt=\"\" width=\"300\" height=\"300\" srcset=\"https:\/\/ukraineboost.com\/dk\/wp-content\/uploads\/sites\/12\/2025\/02\/00116_All-Over-Print-Recycled-Womens-Joggers-300x300.png 300w, https:\/\/ukraineboost.com\/dk\/wp-content\/uploads\/sites\/12\/2025\/02\/00116_All-Over-Print-Recycled-Womens-Joggers-150x150.png 150w, https:\/\/ukraineboost.com\/dk\/wp-content\/uploads\/sites\/12\/2025\/02\/00116_All-Over-Print-Recycled-Womens-Joggers-75x75.png 75w, https:\/\/ukraineboost.com\/dk\/wp-content\/uploads\/sites\/12\/2025\/02\/00116_All-Over-Print-Recycled-Womens-Joggers-24x24.png 24w, https:\/\/ukraineboost.com\/dk\/wp-content\/uploads\/sites\/12\/2025\/02\/00116_All-Over-Print-Recycled-Womens-Joggers-36x36.png 36w, https:\/\/ukraineboost.com\/dk\/wp-content\/uploads\/sites\/12\/2025\/02\/00116_All-Over-Print-Recycled-Womens-Joggers-48x48.png 48w, https:\/\/ukraineboost.com\/dk\/wp-content\/uploads\/sites\/12\/2025\/02\/00116_All-Over-Print-Recycled-Womens-Joggers-50x50.png 50w, https:\/\/ukraineboost.com\/dk\/wp-content\/uploads\/sites\/12\/2025\/02\/00116_All-Over-Print-Recycled-Womens-Joggers-100x100.png 100w, https:\/\/ukraineboost.com\/dk\/wp-content\/uploads\/sites\/12\/2025\/02\/00116_All-Over-Print-Recycled-Womens-Joggers.png 343w\" sizes=\"(max-width:767px) 300px, 300px\" \/>Denne st\u00f8rrelsesguide viser produktm\u00e5l taget, n\u00e5r produkterne ligger fladt. De faktiske produktm\u00e5l kan variere med op til 2,5 cm, da de er h\u00e5ndlavede efter bestilling.<\/p>\n<table class=\"size-guide__table size-guide__new\">\n<thead>\n<tr>\n<td class=\"pf-p-12 pf-text-gray-900\">St\u00f8rrelse<\/td>\n<td class=\"pf-p-12 pf-text-gray-900\">A<\/td>\n<td class=\"pf-p-12 pf-text-gray-900\">B<\/td>\n<td class=\"pf-p-12 pf-text-gray-900\">C<\/td>\n<td class=\"pf-p-12 pf-text-gray-900\">D<\/td>\n<\/tr>\n<\/thead>\n<tbody>\n<tr>\n<td class=\"pf-p-12 pf-text-gray-900\">XS<\/td>\n<td class=\"pf-p-12 pf-text-gray-900\">33<\/td>\n<td class=\"pf-p-12 pf-text-gray-900\">30<\/td>\n<td class=\"pf-p-12 pf-text-gray-900\">96<\/td>\n<td class=\"pf-p-12 pf-text-gray-900\">12.5<\/td>\n<\/tr>\n<tr>\n<td class=\"pf-p-12 pf-text-gray-900\">S<\/td>\n<td class=\"pf-p-12 pf-text-gray-900\">35<\/td>\n<td class=\"pf-p-12 pf-text-gray-900\">31<\/td>\n<td class=\"pf-p-12 pf-text-gray-900\">97<\/td>\n<td class=\"pf-p-12 pf-text-gray-900\">13<\/td>\n<\/tr>\n<tr>\n<td class=\"pf-p-12 pf-text-gray-900\">M<\/td>\n<td class=\"pf-p-12 pf-text-gray-900\">37<\/td>\n<td class=\"pf-p-12 pf-text-gray-900\">32<\/td>\n<td class=\"pf-p-12 pf-text-gray-900\">98<\/td>\n<td class=\"pf-p-12 pf-text-gray-900\">13.5<\/td>\n<\/tr>\n<tr>\n<td class=\"pf-p-12 pf-text-gray-900\">L<\/td>\n<td class=\"pf-p-12 pf-text-gray-900\">41<\/td>\n<td class=\"pf-p-12 pf-text-gray-900\">33<\/td>\n<td class=\"pf-p-12 pf-text-gray-900\">99<\/td>\n<td class=\"pf-p-12 pf-text-gray-900\">14<\/td>\n<\/tr>\n<tr>\n<td class=\"pf-p-12 pf-text-gray-900\">XL<\/td>\n<td class=\"pf-p-12 pf-text-gray-900\">45<\/td>\n<td class=\"pf-p-12 pf-text-gray-900\">34<\/td>\n<td class=\"pf-p-12 pf-text-gray-900\">100<\/td>\n<td class=\"pf-p-12 pf-text-gray-900\">14<\/td>\n<\/tr>\n<tr>\n<td class=\"pf-p-12 pf-text-gray-900\">2XL<\/td>\n<td class=\"pf-p-12 pf-text-gray-900\">49<\/td>\n<td class=\"pf-p-12 pf-text-gray-900\">35<\/td>\n<td class=\"pf-p-12 pf-text-gray-900\">101<\/td>\n<td class=\"pf-p-12 pf-text-gray-900\">14.5<\/td>\n<\/tr>\n<tr>\n<td class=\"pf-p-12 pf-text-gray-900\">3XL<\/td>\n<td class=\"pf-p-12 pf-text-gray-900\">53<\/td>\n<td class=\"pf-p-12 pf-text-gray-900\">36<\/td>\n<td class=\"pf-p-12 pf-text-gray-900\">102<\/td>\n<td class=\"pf-p-12 pf-text-gray-900\">15<\/td>\n<\/tr>\n<\/tbody>\n<\/table>\n<p>\u00a0<\/p>\n<p><strong>Guide til kropsm\u00e5l<\/strong><\/p>\n<p><img decoding=\"async\" class=\"size-medium wp-image-48284 alignleft\" src=\"https:\/\/ukraineboost.com\/dk\/wp-content\/uploads\/sites\/12\/2025\/02\/00116_body_All-Over-Print-Recycled-Womens-Joggers-197x300.png\" alt=\"\" width=\"197\" height=\"300\" srcset=\"https:\/\/ukraineboost.com\/dk\/wp-content\/uploads\/sites\/12\/2025\/02\/00116_body_All-Over-Print-Recycled-Womens-Joggers-197x300.png 197w, https:\/\/ukraineboost.com\/dk\/wp-content\/uploads\/sites\/12\/2025\/02\/00116_body_All-Over-Print-Recycled-Womens-Joggers-49x75.png 49w, https:\/\/ukraineboost.com\/dk\/wp-content\/uploads\/sites\/12\/2025\/02\/00116_body_All-Over-Print-Recycled-Womens-Joggers-16x24.png 16w, https:\/\/ukraineboost.com\/dk\/wp-content\/uploads\/sites\/12\/2025\/02\/00116_body_All-Over-Print-Recycled-Womens-Joggers-24x36.png 24w, https:\/\/ukraineboost.com\/dk\/wp-content\/uploads\/sites\/12\/2025\/02\/00116_body_All-Over-Print-Recycled-Womens-Joggers-31x48.png 31w, https:\/\/ukraineboost.com\/dk\/wp-content\/uploads\/sites\/12\/2025\/02\/00116_body_All-Over-Print-Recycled-Womens-Joggers.png 211w\" sizes=\"(max-width:767px) 197px, 197px\" \/>Denne st\u00f8rrelsesguide viser kropsm\u00e5l. Vi anbefaler at bestille en st\u00f8rrelse st\u00f8rre, hvis dine m\u00e5l ligger mellem to st\u00f8rrelser.<\/p>\n<p><strong>M\u00e5l dig selv<\/strong><\/p>\n<p>For alle vandrette m\u00e5linger skal m\u00e5leb\u00e5ndet holdes parallelt med jorden.<\/p>\n<p><strong>A Talje<\/strong><br \/>Placer m\u00e5leb\u00e5ndet omkring den smalleste del af taljen, og m\u00e5l rundt om.<\/p>\n<p><strong>B Hofter<\/strong><br \/>Placer m\u00e5leb\u00e5ndets begyndelse p\u00e5 den ene hofte, og f\u00f8r det over den bredeste del af hofterne tilbage til udgangspunktet.<\/p>\n<table class=\"size-guide__table size-guide__new\">\n<thead>\n<tr>\n<td class=\"pf-p-12 pf-text-gray-900\">St\u00f8rrelse<\/td>\n<td class=\"pf-p-12 pf-text-gray-900\">Talje<\/td>\n<td class=\"pf-p-12 pf-text-gray-900\">Hofte<\/td>\n<\/tr>\n<\/thead>\n<tbody>\n<tr>\n<td class=\"pf-p-12 pf-text-gray-900\">XS<\/td>\n<td class=\"pf-p-12 pf-text-gray-900\">64<\/td>\n<td class=\"pf-p-12 pf-text-gray-900\">90<\/td>\n<\/tr>\n<tr>\n<td class=\"pf-p-12 pf-text-gray-900\">S<\/td>\n<td class=\"pf-p-12 pf-text-gray-900\">68<\/td>\n<td class=\"pf-p-12 pf-text-gray-900\">94<\/td>\n<\/tr>\n<tr>\n<td class=\"pf-p-12 pf-text-gray-900\">M<\/td>\n<td class=\"pf-p-12 pf-text-gray-900\">72<\/td>\n<td class=\"pf-p-12 pf-text-gray-900\">98<\/td>\n<\/tr>\n<tr>\n<td class=\"pf-p-12 pf-text-gray-900\">L<\/td>\n<td class=\"pf-p-12 pf-text-gray-900\">80<\/td>\n<td class=\"pf-p-12 pf-text-gray-900\">106<\/td>\n<\/tr>\n<tr>\n<td class=\"pf-p-12 pf-text-gray-900\">XL<\/td>\n<td class=\"pf-p-12 pf-text-gray-900\">88<\/td>\n<td class=\"pf-p-12 pf-text-gray-900\">114<\/td>\n<\/tr>\n<tr>\n<td class=\"pf-p-12 pf-text-gray-900\">2XL<\/td>\n<td class=\"pf-p-12 pf-text-gray-900\">96<\/td>\n<td class=\"pf-p-12 pf-text-gray-900\">122<\/td>\n<\/tr>\n<tr>\n<td class=\"pf-p-12 pf-text-gray-900\">3XL<\/td>\n<td class=\"pf-p-12 pf-text-gray-900\">104<\/td>\n<td class=\"pf-p-12 pf-text-gray-900\">130<\/td>\n<\/tr>\n<\/tbody>\n<\/table>\n<p>Alle m\u00e5l er i centimeter<\/p>\n<p>Pro-tip! M\u00e5l et af dine produkter derhjemme og sammenlign med m\u00e5lene, du ser i denne vejledning.<\/p>\n<p>\u00a0<\/p>\n","protected":false},"excerpt":{"rendered":"<p>G\u00f8r dig klar til at kombinere komfort med et st\u00e6rkt signal! Disse Joggers af genbrugsstof &#8211; Dristig Pink Camo er det ultimative statement-piece til dig, der<span class=\"excerpt-hellip\"> [\u2026]<\/span><\/p>\n","protected":false},"featured_media":47675,"comment_status":"open","ping_status":"closed","template":"","meta":[],"product_cat":[262],"product_tag":[],"_links":{"self":[{"href":"https:\/\/ukraineboost.com\/dk\/wp-json\/wp\/v2\/product\/47667"}],"collection":[{"href":"https:\/\/ukraineboost.com\/dk\/wp-json\/wp\/v2\/product"}],"about":[{"href":"https:\/\/ukraineboost.com\/dk\/wp-json\/wp\/v2\/types\/product"}],"replies":[{"embeddable":true,"href":"https:\/\/ukraineboost.com\/dk\/wp-json\/wp\/v2\/comments?post=47667"}],"wp:featuredmedia":[{"embeddable":true,"href":"https:\/\/ukraineboost.com\/dk\/wp-json\/wp\/v2\/media\/47675"}],"wp:attachment":[{"href":"https:\/\/ukraineboost.com\/dk\/wp-json\/wp\/v2\/media?parent=47667"}],"wp:term":[{"taxonomy":"product_cat","embeddable":true,"href":"https:\/\/ukraineboost.com\/dk\/wp-json\/wp\/v2\/product_cat?post=47667"},{"taxonomy":"product_tag","embeddable":true,"href":"https:\/\/ukraineboost.com\/dk\/wp-json\/wp\/v2\/product_tag?post=47667"}],"curies":[{"name":"wp","href":"https:\/\/api.w.org\/{rel}","templated":true}]}}