{"id":47557,"date":"2025-01-28T11:12:13","date_gmt":"2025-01-28T11:12:13","guid":{"rendered":"https:\/\/ukraineboost.com\/dk\/product\/unisex-bomber-jacket-17\/"},"modified":"2025-02-04T19:49:42","modified_gmt":"2025-02-04T19:49:42","slug":"unisex-bomber-jacket-17","status":"publish","type":"product","link":"https:\/\/ukraineboost.com\/dk\/product\/unisex-bomber-jacket-17\/","title":{"rendered":"Bomber Jacket &#8211; Ukrainske symboler &#8211; gr\u00e5"},"content":{"rendered":"<p>\ud83d\udc99\ud83d\udc9b <strong>Et st\u00e6rkt signal for frihed &amp; mod!<\/strong> \ud83d\udc99\ud83d\udc9b<\/p>\n<p>B\u00e6r <strong>Ukraines stolthed &amp; symboler<\/strong> med denne eksklusive <strong>Bomber Jacket<\/strong> i elegant gr\u00e5. Med en <strong>klassisk unisex pasform<\/strong> og et bl\u00f8dt, b\u00f8rstet fleecefor, kombinerer denne jakke <strong>komfort, stil &amp; en st\u00e6rk holdning<\/strong>. Perfekt til b\u00e5de hverdagsbrug og s\u00e6rlige anledninger \u2013 et must-have for enhver, der \u00f8nsker at vise sin st\u00f8tte til Ukraine!<\/p>\n<p>\ud83d\udd25 <strong>Stil, kvalitet &amp; komfort i \u00e9t<\/strong><br \/>\u2714 <strong>100% polyester<\/strong> \u2013 slidst\u00e6rkt &amp; let materiale<br \/>\u2714 <strong>Indvendigt fleecefor<\/strong> \u2013 bl\u00f8dt &amp; behageligt p\u00e5 k\u00f8lige dage<br \/>\u2714 <strong>Unisex pasform<\/strong> \u2013 perfekt til alle k\u00f8n &amp; kropstyper<br \/>\u2714 <strong>S\u00f8lv YKK lynl\u00e5s<\/strong> \u2013 holdbar &amp; stilren lukning<br \/>\u2714 <strong>To rummelige lommer<\/strong> \u2013 praktisk &amp; funktionelt design<br \/>\u2714 <strong>Overlock-s\u00f8mme &amp; st\u00e6rk halskant<\/strong> \u2013 ekstra holdbarhed<\/p>\n<p>\ud83d\udc99\ud83d\udc9b <strong>Mere end bare mode \u2013 en erkl\u00e6ring om solidaritet<\/strong><br \/>N\u00e5r du k\u00f8ber denne jakke, viser du ikke kun din <strong>k\u00e6rlighed til Ukraine<\/strong>, men bidrager ogs\u00e5 til <strong>en vigtig sag<\/strong>. UkraineBoost st\u00f8tter <strong>frihed, fred &amp; sikkerhed<\/strong>, og med denne jakke <strong>bliver du en del af kampen for en bedre fremtid<\/strong>.<\/p>\n<p>\ud83d\udce6 <strong>B\u00e6redygtigt produceret \u2013 fremstillet kun til dig<\/strong><br \/>For at mindske overproduktion produceres hver jakke <strong>efter bestilling<\/strong>. Dette kan betyde en lidt l\u00e6ngere leveringstid, men sikrer en <strong>ansvarlig &amp; milj\u00f8venlig handel<\/strong>.<\/p>\n<p>\ud83d\udca5 <strong>K\u00f8b din jakke nu &amp; vis din st\u00f8tte til Ukraine!<\/strong> \ud83d\udca5<br \/>Kan du lide designet? <strong>Del det med dine venner &amp; inspir\u00e9r andre til at st\u00e5 sammen for frihed!<\/strong> \ud83d\udc99\ud83d\udc9b<\/p>\n<h4>M\u00e5leskema<\/h4>\n<p>Vi opfordrer dig til v\u00e6re omhyggelig med at v\u00e6lge den rigtige st\u00f8rrelse, da vi gerne vil undg\u00e5 s\u00e5 mange returvarer som muligt. M\u00e5let er at st\u00f8tte Ukraine s\u00e5 derfor vil vi gerne holde alle omkostninger s\u00e5 lave som muligt. Vi vedl\u00e6gger m\u00e5lskemaer ved alle varer, da de kommer fra forskellige leverand\u00f8rer, s\u00e5 derfor kan st\u00f8rrelserne variere. Vi takker for din forst\u00e5else.<\/p>\n<div class=\"flex flex-grow flex-col gap-3\">\n<div class=\"min-h-[20px] flex flex-col items-start gap-3 overflow-x-auto whitespace-pre-wrap break-words\">\n<div class=\"markdown prose w-full break-words dark:prose-invert light\">\n<p>Produktm\u00e5linger <img decoding=\"async\" class=\"size-medium wp-image-12834 alignleft\" src=\"https:\/\/ukraineboost.com\/dk\/wp-content\/uploads\/sites\/12\/2023\/08\/f7aa2b61434f003aa980f06d48534c5e_l-300x300.png\" alt=\"\" width=\"300\" height=\"300\" srcset=\"https:\/\/ukraineboost.com\/dk\/wp-content\/uploads\/sites\/12\/2023\/08\/f7aa2b61434f003aa980f06d48534c5e_l-300x300.png 300w, https:\/\/ukraineboost.com\/dk\/wp-content\/uploads\/sites\/12\/2023\/08\/f7aa2b61434f003aa980f06d48534c5e_l-150x150.png 150w, https:\/\/ukraineboost.com\/dk\/wp-content\/uploads\/sites\/12\/2023\/08\/f7aa2b61434f003aa980f06d48534c5e_l-75x75.png 75w, https:\/\/ukraineboost.com\/dk\/wp-content\/uploads\/sites\/12\/2023\/08\/f7aa2b61434f003aa980f06d48534c5e_l-24x24.png 24w, https:\/\/ukraineboost.com\/dk\/wp-content\/uploads\/sites\/12\/2023\/08\/f7aa2b61434f003aa980f06d48534c5e_l-36x36.png 36w, https:\/\/ukraineboost.com\/dk\/wp-content\/uploads\/sites\/12\/2023\/08\/f7aa2b61434f003aa980f06d48534c5e_l-48x48.png 48w, https:\/\/ukraineboost.com\/dk\/wp-content\/uploads\/sites\/12\/2023\/08\/f7aa2b61434f003aa980f06d48534c5e_l-50x50.png 50w, https:\/\/ukraineboost.com\/dk\/wp-content\/uploads\/sites\/12\/2023\/08\/f7aa2b61434f003aa980f06d48534c5e_l-100x100.png 100w, https:\/\/ukraineboost.com\/dk\/wp-content\/uploads\/sites\/12\/2023\/08\/f7aa2b61434f003aa980f06d48534c5e_l.png 344w\" sizes=\"(max-width:767px) 300px, 300px\" \/>Denne st\u00f8rrelsesguide viser produktm\u00e5linger taget, n\u00e5r produkterne er lagt fladt. Faktiske produktm\u00e5linger kan variere med op til 1\u2033, da de er h\u00e5ndlavet efter m\u00e5l. produkt-m\u00e5linger A 1\/2 brystbredde B l\u00e6ngde C \u00e6rmel\u00e6ngde<\/p>\n<table class=\"size-guide__table size-guide__new\">\n<thead>\n<tr>\n<td class=\"pf-p-12 pf-text-gray-900\">St\u00f8rrelse<\/td>\n<td class=\"pf-p-12 pf-text-gray-900\">A<\/td>\n<td class=\"pf-p-12 pf-text-gray-900\">B<\/td>\n<td class=\"pf-p-12 pf-text-gray-900\">C<\/td>\n<\/tr>\n<\/thead>\n<tbody>\n<tr>\n<td class=\"pf-p-12 pf-text-gray-900\">XS<\/td>\n<td class=\"pf-p-12 pf-text-gray-900\">50<\/td>\n<td class=\"pf-p-12 pf-text-gray-900\">65<\/td>\n<td class=\"pf-p-12 pf-text-gray-900\">55.5<\/td>\n<\/tr>\n<tr>\n<td class=\"pf-p-12 pf-text-gray-900\">S<\/td>\n<td class=\"pf-p-12 pf-text-gray-900\">52<\/td>\n<td class=\"pf-p-12 pf-text-gray-900\">69<\/td>\n<td class=\"pf-p-12 pf-text-gray-900\">57<\/td>\n<\/tr>\n<tr>\n<td class=\"pf-p-12 pf-text-gray-900\">M<\/td>\n<td class=\"pf-p-12 pf-text-gray-900\">54<\/td>\n<td class=\"pf-p-12 pf-text-gray-900\">69<\/td>\n<td class=\"pf-p-12 pf-text-gray-900\">58.5<\/td>\n<\/tr>\n<tr>\n<td class=\"pf-p-12 pf-text-gray-900\">L<\/td>\n<td class=\"pf-p-12 pf-text-gray-900\">58<\/td>\n<td class=\"pf-p-12 pf-text-gray-900\">72<\/td>\n<td class=\"pf-p-12 pf-text-gray-900\">60.5<\/td>\n<\/tr>\n<tr>\n<td class=\"pf-p-12 pf-text-gray-900\">XL<\/td>\n<td class=\"pf-p-12 pf-text-gray-900\">62<\/td>\n<td class=\"pf-p-12 pf-text-gray-900\">72<\/td>\n<td class=\"pf-p-12 pf-text-gray-900\">61<\/td>\n<\/tr>\n<tr>\n<td class=\"pf-p-12 pf-text-gray-900\">2XL<\/td>\n<td class=\"pf-p-12 pf-text-gray-900\">66<\/td>\n<td class=\"pf-p-12 pf-text-gray-900\">75<\/td>\n<td class=\"pf-p-12 pf-text-gray-900\">61.5<\/td>\n<\/tr>\n<tr>\n<td class=\"pf-p-12 pf-text-gray-900\">3XL<\/td>\n<td class=\"pf-p-12 pf-text-gray-900\">70<\/td>\n<td class=\"pf-p-12 pf-text-gray-900\">75<\/td>\n<td class=\"pf-p-12 pf-text-gray-900\">62<\/td>\n<\/tr>\n<\/tbody>\n<\/table>\n<div class=\"flex flex-grow flex-col gap-3\">\n<div class=\"min-h-[20px] flex flex-col items-start gap-3 overflow-x-auto whitespace-pre-wrap break-words\">\n<div class=\"markdown prose w-full break-words dark:prose-invert light\">\n<p>M\u00e5leguide til kropsdimensioner Denne st\u00f8rrelsesguide viser m\u00e5ltagninger af kropsdimensioner. Vi foresl\u00e5r at bestille en st\u00f8rrelse op, n\u00e5r dine m\u00e5l ligger mellem st\u00f8rrelserne. m\u00e5l-dig-selv For alle horisontale m\u00e5linger, hold venligst m\u00e5leb\u00e5ndet parallelt med jorden. <img decoding=\"async\" class=\"size-medium wp-image-12833 alignleft\" src=\"https:\/\/ukraineboost.com\/dk\/wp-content\/uploads\/sites\/12\/2023\/08\/jacket-163x300.png\" alt=\"\" width=\"163\" height=\"300\" srcset=\"https:\/\/ukraineboost.com\/dk\/wp-content\/uploads\/sites\/12\/2023\/08\/jacket-163x300.png 163w, https:\/\/ukraineboost.com\/dk\/wp-content\/uploads\/sites\/12\/2023\/08\/jacket-41x75.png 41w, https:\/\/ukraineboost.com\/dk\/wp-content\/uploads\/sites\/12\/2023\/08\/jacket-13x24.png 13w, https:\/\/ukraineboost.com\/dk\/wp-content\/uploads\/sites\/12\/2023\/08\/jacket-20x36.png 20w, https:\/\/ukraineboost.com\/dk\/wp-content\/uploads\/sites\/12\/2023\/08\/jacket-26x48.png 26w, https:\/\/ukraineboost.com\/dk\/wp-content\/uploads\/sites\/12\/2023\/08\/jacket.png 188w\" sizes=\"(max-width:767px) 163px, 163px\" \/>A Bryst Placer den ene ende af m\u00e5leb\u00e5ndet p\u00e5 den bredeste del af brystet og f\u00f8r m\u00e5leb\u00e5ndet om bagp\u00e5 (under armhulerne, over skulderbladene) tilbage til, hvor du startede. B Talje Placer m\u00e5leb\u00e5ndet p\u00e5 den smalleste del af taljen og m\u00e5l omkring. C Hofter Placer begyndelsen af m\u00e5leb\u00e5ndet p\u00e5 den ene hofte og f\u00f8r m\u00e5leb\u00e5ndet henover de bredeste hofter tilbage til, hvor du startede m\u00e5lingen.<\/p>\n<table class=\"size-guide__table size-guide__new\">\n<thead>\n<tr>\n<td>St\u00f8rrelse<\/td>\n<td>Bryst<\/td>\n<td>Talje<\/td>\n<td>Hofte<\/td>\n<\/tr>\n<\/thead>\n<tbody>\n<tr>\n<td>XS<\/td>\n<td>88<\/td>\n<td>68<\/td>\n<td>94<\/td>\n<\/tr>\n<tr>\n<td>S<\/td>\n<td>92<\/td>\n<td>72<\/td>\n<td>98<\/td>\n<\/tr>\n<tr>\n<td>M<\/td>\n<td>96<\/td>\n<td>76<\/td>\n<td>102<\/td>\n<\/tr>\n<tr>\n<td>L<\/td>\n<td>104<\/td>\n<td>84<\/td>\n<td>110<\/td>\n<\/tr>\n<tr>\n<td>XL<\/td>\n<td>112<\/td>\n<td>92<\/td>\n<td>118<\/td>\n<\/tr>\n<tr>\n<td>2XL<\/td>\n<td>120<\/td>\n<td>100<\/td>\n<td>126<\/td>\n<\/tr>\n<tr>\n<td>3XL<\/td>\n<td>128<\/td>\n<td>108<\/td>\n<td>134<\/td>\n<\/tr>\n<\/tbody>\n<\/table>\n<p>Pro-tip! M\u00e5l et af dine produkter derhjemme og sammenlign med m\u00e5lene, du ser i denne vejledning.<\/p>\n<\/div>\n<\/div>\n<\/div>\n<\/div>\n<\/div>\n<\/div>\n<p>\u00a0<\/p>\n","protected":false},"excerpt":{"rendered":"<p>\ud83d\udc99\ud83d\udc9b Et st\u00e6rkt signal for frihed &amp; mod! \ud83d\udc99\ud83d\udc9b B\u00e6r Ukraines stolthed &amp; symboler med denne eksklusive Bomber Jacket i elegant gr\u00e5. Med en klassisk unisex<span class=\"excerpt-hellip\"> [\u2026]<\/span><\/p>\n","protected":false},"featured_media":47565,"comment_status":"open","ping_status":"closed","template":"","meta":[],"product_cat":[291],"product_tag":[],"_links":{"self":[{"href":"https:\/\/ukraineboost.com\/dk\/wp-json\/wp\/v2\/product\/47557"}],"collection":[{"href":"https:\/\/ukraineboost.com\/dk\/wp-json\/wp\/v2\/product"}],"about":[{"href":"https:\/\/ukraineboost.com\/dk\/wp-json\/wp\/v2\/types\/product"}],"replies":[{"embeddable":true,"href":"https:\/\/ukraineboost.com\/dk\/wp-json\/wp\/v2\/comments?post=47557"}],"wp:featuredmedia":[{"embeddable":true,"href":"https:\/\/ukraineboost.com\/dk\/wp-json\/wp\/v2\/media\/47565"}],"wp:attachment":[{"href":"https:\/\/ukraineboost.com\/dk\/wp-json\/wp\/v2\/media?parent=47557"}],"wp:term":[{"taxonomy":"product_cat","embeddable":true,"href":"https:\/\/ukraineboost.com\/dk\/wp-json\/wp\/v2\/product_cat?post=47557"},{"taxonomy":"product_tag","embeddable":true,"href":"https:\/\/ukraineboost.com\/dk\/wp-json\/wp\/v2\/product_tag?post=47557"}],"curies":[{"name":"wp","href":"https:\/\/api.w.org\/{rel}","templated":true}]}}