{"id":47544,"date":"2025-01-28T10:52:58","date_gmt":"2025-01-28T10:52:58","guid":{"rendered":"https:\/\/ukraineboost.com\/dk\/product\/bodycon-dress-10\/"},"modified":"2025-02-04T19:07:50","modified_gmt":"2025-02-04T19:07:50","slug":"bodycon-dress-10","status":"publish","type":"product","link":"https:\/\/ukraineboost.com\/dk\/product\/bodycon-dress-10\/","title":{"rendered":"\u00c6rmel\u00f8s kjole &#8211; Dristig Pink Camo"},"content":{"rendered":"<p>\ud83d\udc96 <strong>Fremh\u00e6v din styrke &amp; stil med et dristigt look!<\/strong> \ud83d\udc96<\/p>\n<p><strong>G\u00f8r din garderobe mere modig og unik med denne \u00e6rmel\u00f8se kjole i Dristig Pink Camo!<\/strong> Det <strong>energifyldte camouflageprint<\/strong> i nuancer af magenta, fuchsia og burgundy skaber et st\u00e6rkt og stilfuldt udtryk, perfekt til dig, der elsker at skille dig ud. <strong>Fremh\u00e6v din selvtillid og b\u00e6r denne kjole med stolthed!<\/strong><\/p>\n<p>\u2728 <strong>Flatterende snit &amp; uovertruffen komfort<\/strong><br \/>Med sin <strong>behagelige, elastiske pasform<\/strong> og <strong>let figursyede talje<\/strong> er denne kjole designet til at give dig et feminint, men afslappet look. Den <strong>l\u00f8stsiddende, flagrende nederdel<\/strong> giver bev\u00e6gelse og elegance, mens den <strong>\u00e6rmel\u00f8se stil<\/strong> g\u00f8r den perfekt til b\u00e5de sommerdage og lag-p\u00e5-lag outfits.<\/p>\n<p>\u2714 <strong>Hvorfor du vil elske denne kjole:<\/strong><br \/>\u2022 <strong>Bl\u00f8dt &amp; str\u00e6kbart stof<\/strong> \u2013 behageligt hele dagen<br \/>\u2022 <strong>Elegant, men afslappet pasform<\/strong> \u2013 flatterende og komfortabel<br \/>\u2022 <strong>Midi-l\u00e6ngde<\/strong> \u2013 den perfekte balance mellem afslappet &amp; sofistikeret<br \/>\u2022 <strong>OEKO-TEX 100 certificeret stof<\/strong> \u2013 milj\u00f8venlig kvalitet<br \/>\u2022 <strong>Unikt design<\/strong> \u2013 kun tilg\u00e6ngelig hos UkraineBoost<\/p>\n<p>\ud83d\udc99\ud83d\udc9b <strong>B\u00e6r din stil med stolthed &amp; st\u00f8t Ukraine!<\/strong><br \/>N\u00e5r du v\u00e6lger denne kjole, er du ikke bare fashion-forward \u2013 du <strong>st\u00f8tter Ukraines kamp for frihed og fred<\/strong>. G\u00f8r din shopping <strong>meningsfuld<\/strong> og v\u00e6r en del af noget st\u00f8rre!<\/p>\n<p>\ud83d\udce6 <strong>Lavet specielt til dig \u2013 b\u00e6redygtigt &amp; bevidst<\/strong><br \/>Hver kjole <strong>produceres p\u00e5 bestilling<\/strong>, hvilket betyder <strong>mindre spild &amp; ingen overproduktion<\/strong>. Det tager lidt l\u00e6ngere tid at levere, men til geng\u00e6ld er du med til at <strong>skabe en mere b\u00e6redygtig fremtid<\/strong>.<\/p>\n<p>\ud83d\udca5 <strong>Bestil nu &amp; lad din stil fort\u00e6lle en historie \u2013 for mode, frihed &amp; Ukraine!<\/strong> \ud83d\udca5<br \/>Elsker du designet? <strong>Del det med dine venner &amp; inspir\u00e9r andre!<\/strong> \ud83d\udc99\ud83d\udc9b<\/p>\n<p>\u00a0<\/p>\n<h4>M\u00e5lskema<\/h4>\n<p>Vi opfordrer dig til v\u00e6re omhyggelig med at v\u00e6lge den rigtige st\u00f8rrelse, da vi gerne vil undg\u00e5 s\u00e5 mange returvarer som muligt. M\u00e5let er at st\u00f8tte Ukraine s\u00e5 derfor vil vi gerne holde alle omkostninger s\u00e5 lave som muligt. Vi vedl\u00e6gger m\u00e5lskemaer ved alle varer, da de kommer fra forskellige leverand\u00f8rer, s\u00e5 derfor kan st\u00f8rrelserne variere. Vi takker for din forst\u00e5else.<\/p>\n<h5>Produktm\u00e5linger<\/h5>\n<p><img decoding=\"async\" class=\"size-medium wp-image-27807 alignleft\" src=\"https:\/\/ukraineboost.com\/dk\/wp-content\/uploads\/sites\/12\/2023\/09\/00071-All-Over-Print-Dress-300x300.png\" alt=\"\" width=\"300\" height=\"300\" srcset=\"https:\/\/ukraineboost.com\/dk\/wp-content\/uploads\/sites\/12\/2023\/09\/00071-All-Over-Print-Dress-300x300.png 300w, https:\/\/ukraineboost.com\/dk\/wp-content\/uploads\/sites\/12\/2023\/09\/00071-All-Over-Print-Dress-150x150.png 150w, https:\/\/ukraineboost.com\/dk\/wp-content\/uploads\/sites\/12\/2023\/09\/00071-All-Over-Print-Dress-75x75.png 75w, https:\/\/ukraineboost.com\/dk\/wp-content\/uploads\/sites\/12\/2023\/09\/00071-All-Over-Print-Dress-24x24.png 24w, https:\/\/ukraineboost.com\/dk\/wp-content\/uploads\/sites\/12\/2023\/09\/00071-All-Over-Print-Dress-36x36.png 36w, https:\/\/ukraineboost.com\/dk\/wp-content\/uploads\/sites\/12\/2023\/09\/00071-All-Over-Print-Dress-48x48.png 48w, https:\/\/ukraineboost.com\/dk\/wp-content\/uploads\/sites\/12\/2023\/09\/00071-All-Over-Print-Dress-50x50.png 50w, https:\/\/ukraineboost.com\/dk\/wp-content\/uploads\/sites\/12\/2023\/09\/00071-All-Over-Print-Dress-100x100.png 100w, https:\/\/ukraineboost.com\/dk\/wp-content\/uploads\/sites\/12\/2023\/09\/00071-All-Over-Print-Dress.png 343w\" sizes=\"(max-width:767px) 300px, 300px\" \/>Denne st\u00f8rrelsesguide viser produktm\u00e5linger, der er taget, n\u00e5r produkterne ligger fladt. Faktiske produktm\u00e5linger kan variere med op til 1\u2033 (ca. 2,54 cm), da de er h\u00e5ndlavede og specialfremstillede.<br \/>produktm\u00e5linger<\/p>\n<p>A 1\/2 brystbredde<\/p>\n<p>B 1\/2 taljebredde<\/p>\n<p>C 1\/2 hoftebredde<\/p>\n<p>D l\u00e6ngde<\/p>\n<table class=\"size-guide__table size-guide__new\">\n<thead>\n<tr>\n<td>St\u00f8rrelse<\/td>\n<td>A<\/td>\n<td>B<\/td>\n<td>C<\/td>\n<td>D<\/td>\n<\/tr>\n<\/thead>\n<tbody>\n<tr>\n<td>XS<\/td>\n<td>37<\/td>\n<td>33<\/td>\n<td>40<\/td>\n<td>86<\/td>\n<\/tr>\n<tr>\n<td>S<\/td>\n<td>39<\/td>\n<td>35<\/td>\n<td>42<\/td>\n<td>88<\/td>\n<\/tr>\n<tr>\n<td>M<\/td>\n<td>41<\/td>\n<td>37<\/td>\n<td>44<\/td>\n<td>90<\/td>\n<\/tr>\n<tr>\n<td>L<\/td>\n<td>45<\/td>\n<td>41<\/td>\n<td>48<\/td>\n<td>92<\/td>\n<\/tr>\n<tr>\n<td>XL<\/td>\n<td>49<\/td>\n<td>45<\/td>\n<td>52<\/td>\n<td>94<\/td>\n<\/tr>\n<\/tbody>\n<\/table>\n<p>Alle m\u00e5l er i centimeter<\/p>\n<h5>Guide til kropsm\u00e5ling<\/h5>\n<p><img decoding=\"async\" class=\"size-medium wp-image-27808 alignleft\" src=\"https:\/\/ukraineboost.com\/dk\/wp-content\/uploads\/sites\/12\/2023\/09\/00071-All-Over-Print-Dress-body-150x300.png\" alt=\"\" width=\"150\" height=\"300\" srcset=\"https:\/\/ukraineboost.com\/dk\/wp-content\/uploads\/sites\/12\/2023\/09\/00071-All-Over-Print-Dress-body-150x300.png 150w, https:\/\/ukraineboost.com\/dk\/wp-content\/uploads\/sites\/12\/2023\/09\/00071-All-Over-Print-Dress-body-38x75.png 38w, https:\/\/ukraineboost.com\/dk\/wp-content\/uploads\/sites\/12\/2023\/09\/00071-All-Over-Print-Dress-body-12x24.png 12w, https:\/\/ukraineboost.com\/dk\/wp-content\/uploads\/sites\/12\/2023\/09\/00071-All-Over-Print-Dress-body-18x36.png 18w, https:\/\/ukraineboost.com\/dk\/wp-content\/uploads\/sites\/12\/2023\/09\/00071-All-Over-Print-Dress-body-24x48.png 24w, https:\/\/ukraineboost.com\/dk\/wp-content\/uploads\/sites\/12\/2023\/09\/00071-All-Over-Print-Dress-body.png 172w\" sizes=\"(max-width:767px) 150px, 150px\" \/>Denne st\u00f8rrelsesguide viser kroppens m\u00e5linger. Vi anbefaler at bestille en st\u00f8rrelse st\u00f8rre, hvis dine m\u00e5linger er mellem st\u00f8rrelser.<br \/>m\u00e5l-dig-selv<\/p>\n<p>For alle horisontale m\u00e5linger, skal du s\u00f8rge for, at m\u00e5leb\u00e5ndet er parallel med jorden.<\/p>\n<p>A Bryst<\/p>\n<p>Placer den ene ende af m\u00e5leb\u00e5ndet p\u00e5 den fyldigste del af brystet og f\u00f8r m\u00e5leb\u00e5ndet om bag ryggen (under armhulerne, over skulderbladene) tilbage til, hvor du startede.<\/p>\n<p>B Talje<\/p>\n<p>Placer m\u00e5leb\u00e5ndet p\u00e5 den smalleste del af taljen og m\u00e5l rundt.<\/p>\n<p>C Hofter<\/p>\n<p>Placer begyndelsen af m\u00e5leb\u00e5ndet p\u00e5 den ene hofte og f\u00f8r m\u00e5leb\u00e5ndet henover de fyldigste dele af hofterne tilbage til, hvor du startede m\u00e5lingen.<\/p>\n<table class=\"size-guide__table size-guide__new\">\n<thead>\n<tr>\n<td>St\u00f8rrelse<\/td>\n<td>Bryst<\/td>\n<td>Talje<\/td>\n<td>Hofter<\/td>\n<\/tr>\n<\/thead>\n<tbody>\n<tr>\n<td>XS<\/td>\n<td>84<\/td>\n<td>64<\/td>\n<td>90<\/td>\n<\/tr>\n<tr>\n<td>S<\/td>\n<td>88<\/td>\n<td>68<\/td>\n<td>94<\/td>\n<\/tr>\n<tr>\n<td>M<\/td>\n<td>92<\/td>\n<td>72<\/td>\n<td>98<\/td>\n<\/tr>\n<tr>\n<td>L<\/td>\n<td>100<\/td>\n<td>80<\/td>\n<td>106<\/td>\n<\/tr>\n<tr>\n<td>XL<\/td>\n<td>108<\/td>\n<td>88<\/td>\n<td>114<\/td>\n<\/tr>\n<\/tbody>\n<\/table>\n<p>Alle m\u00e5l er i centimeter<\/p>\n<p>Pro-tip! M\u00e5l et af dine produkter derhjemme og sammenlign med m\u00e5lene, du ser i denne vejledning.<\/p>\n","protected":false},"excerpt":{"rendered":"<p>\ud83d\udc96 Fremh\u00e6v din styrke &amp; stil med et dristigt look! \ud83d\udc96 G\u00f8r din garderobe mere modig og unik med denne \u00e6rmel\u00f8se kjole i Dristig Pink Camo!<span class=\"excerpt-hellip\"> [\u2026]<\/span><\/p>\n","protected":false},"featured_media":47550,"comment_status":"open","ping_status":"closed","template":"","meta":[],"product_cat":[177],"product_tag":[],"_links":{"self":[{"href":"https:\/\/ukraineboost.com\/dk\/wp-json\/wp\/v2\/product\/47544"}],"collection":[{"href":"https:\/\/ukraineboost.com\/dk\/wp-json\/wp\/v2\/product"}],"about":[{"href":"https:\/\/ukraineboost.com\/dk\/wp-json\/wp\/v2\/types\/product"}],"replies":[{"embeddable":true,"href":"https:\/\/ukraineboost.com\/dk\/wp-json\/wp\/v2\/comments?post=47544"}],"wp:featuredmedia":[{"embeddable":true,"href":"https:\/\/ukraineboost.com\/dk\/wp-json\/wp\/v2\/media\/47550"}],"wp:attachment":[{"href":"https:\/\/ukraineboost.com\/dk\/wp-json\/wp\/v2\/media?parent=47544"}],"wp:term":[{"taxonomy":"product_cat","embeddable":true,"href":"https:\/\/ukraineboost.com\/dk\/wp-json\/wp\/v2\/product_cat?post=47544"},{"taxonomy":"product_tag","embeddable":true,"href":"https:\/\/ukraineboost.com\/dk\/wp-json\/wp\/v2\/product_tag?post=47544"}],"curies":[{"name":"wp","href":"https:\/\/api.w.org\/{rel}","templated":true}]}}