{"id":47417,"date":"2025-01-28T10:03:36","date_gmt":"2025-01-28T10:03:36","guid":{"rendered":"https:\/\/ukraineboost.com\/dk\/product\/womens-rash-guard-23\/"},"modified":"2025-02-03T10:55:02","modified_gmt":"2025-02-03T10:55:02","slug":"womens-rash-guard-23","status":"publish","type":"product","link":"https:\/\/ukraineboost.com\/dk\/product\/womens-rash-guard-23\/","title":{"rendered":"Rash Guard til kvinder &#8211; Dristig Pink Camo"},"content":{"rendered":"<p>\ud83c\udf0a <strong>Beskyt dig selv med stil \u2013 og st\u00f8t Ukraine!<\/strong> \ud83d\udc99\ud83d\udc9b<\/p>\n<p>Tag din aktive livsstil til n\u00e6ste niveau med <strong>Rash Guard til kvinder \u2013 dristig pink camo<\/strong>. Perfekt til surfing, sv\u00f8mning, paddleboarding eller enhver anden udend\u00f8rs aktivitet, hvor du har brug for <strong>UV-beskyttelse og fleksibilitet<\/strong>. Med et kraftfuldt pink camouflage-m\u00f8nster i nuancer af bordeaux, magenta, blush og fuchsia skiller du dig ud \u2013 b\u00e5de p\u00e5 stranden og i vandet.<\/p>\n<p>Denne rash guard er designet til <strong>komfort, bev\u00e6gelsesfrihed og beskyttelse<\/strong>. Det <strong>bl\u00f8de fire-vejs str\u00e6kstof<\/strong> former sig efter din krop, mens den <strong>slim fit pasform og l\u00e6ngere l\u00e6ngde<\/strong> sikrer en t\u00e6tsiddende og funktionel stil. Med <strong>UPF 50+ beskyttelse<\/strong> f\u00e5r du maksimal beskyttelse mod solens skadelige str\u00e5ler.<\/p>\n<p>\u2714 <strong>Funktionel, fleksibel &amp; stilfuld<\/strong><br \/>\u2022 <strong>82 % polyester, 18 % spandex<\/strong> \u2013 \u00e5ndbart &amp; hurtigt\u00f8rrende<br \/>\u2022 <strong>Stoftykkelse:<\/strong> 230 g\/m\u00b2 \u2013 robust &amp; slidst\u00e6rkt<br \/>\u2022 <strong>Fire-vejs str\u00e6k<\/strong> \u2013 optimal bev\u00e6gelsesfrihed<br \/>\u2022 <strong>UPF 50+<\/strong> \u2013 maksimal UV-beskyttelse<br \/>\u2022 <strong>Slim fit design &amp; ekstra l\u00e6ngde<\/strong> \u2013 perfekt til aktiv brug<br \/>\u2022 <strong>Flatseam &amp; coverstitch syninger<\/strong> \u2013 komfortabel &amp; holdbar<\/p>\n<p>\ud83d\udc99\ud83d\udc9b <strong>Hver ordre g\u00f8r en forskel!<\/strong><br \/>N\u00e5r du k\u00f8ber denne rash guard, st\u00f8tter du UkraineBoost og bidrager til Ukraines kamp for frihed, fred og sikkerhed. Dit k\u00f8b er ikke bare en investering i din beskyttelse \u2013 det er en aktiv st\u00f8tte til en vigtig sag!<\/p>\n<p>\ud83d\udce6 <strong>Produceret p\u00e5 bestilling \u2013 b\u00e6redygtigt &amp; ansvarligt<\/strong><br \/>Denne rash guard bliver fremstillet specielt til dig, s\u00e5 snart du bestiller den. Det betyder, at leveringen tager lidt l\u00e6ngere tid, men samtidig hj\u00e6lper du med at reducere overproduktion og st\u00f8tte en mere b\u00e6redygtig fremstilling. Tak fordi du tr\u00e6ffer et ansvarligt valg!<\/p>\n<p>\ud83d\udd25 <strong>Bestil nu og oplev den perfekte kombination af beskyttelse &amp; stil \u2013 samtidig med at du st\u00f8tter Ukraine!<\/strong> \ud83d\udd25<br \/>Synes du, at andre ogs\u00e5 vil elske dette design? Del det med dine venner og familie \u2013 sammen kan vi vise vores st\u00f8tte til Ukraine! \ud83d\udc99\ud83d\udc9b<\/p>\n<h4>M\u00e5lskema<\/h4>\n<p>Vi opfordrer dig til v\u00e6re omhyggelig med at v\u00e6lge den rigtige st\u00f8rrelse, da vi gerne vil undg\u00e5 s\u00e5 mange returvarer som muligt. M\u00e5let er at st\u00f8tte Ukraine s\u00e5 derfor vil vi gerne holde alle omkostninger s\u00e5 lave som muligt. Vi vedl\u00e6gger m\u00e5lskemaer ved alle varer, da de kommer fra forskellige leverand\u00f8rer, s\u00e5 derfor kan st\u00f8rrelserne variere. Vi takker for din forst\u00e5else.<\/p>\n<div class=\"flex flex-grow flex-col gap-3\">\n<div class=\"min-h-[20px] flex flex-col items-start gap-3 overflow-x-auto whitespace-pre-wrap break-words\">\n<div class=\"markdown prose w-full break-words dark:prose-invert light\">\n<h5>Produktm\u00e5linger<\/h5>\n<p>Denne st\u00f8rrelsesguide viser produktm\u00e5linger, der er taget, n\u00e5r produkterne ligger fladt. Faktiske produktm\u00e5linger kan variere med op til 1\u2033, fordi de er h\u00e5ndlavet efter bestilling. produkt-m\u00e5linger<\/p>\n<p><img decoding=\"async\" class=\"size-medium wp-image-15707 alignleft\" src=\"https:\/\/ukraineboost.com\/dk\/wp-content\/uploads\/sites\/12\/2023\/08\/womens_rash-guard-300x300.png\" alt=\"\" width=\"300\" height=\"300\" srcset=\"https:\/\/ukraineboost.com\/dk\/wp-content\/uploads\/sites\/12\/2023\/08\/womens_rash-guard-300x300.png 300w, https:\/\/ukraineboost.com\/dk\/wp-content\/uploads\/sites\/12\/2023\/08\/womens_rash-guard-150x150.png 150w, https:\/\/ukraineboost.com\/dk\/wp-content\/uploads\/sites\/12\/2023\/08\/womens_rash-guard-75x75.png 75w, https:\/\/ukraineboost.com\/dk\/wp-content\/uploads\/sites\/12\/2023\/08\/womens_rash-guard-24x24.png 24w, https:\/\/ukraineboost.com\/dk\/wp-content\/uploads\/sites\/12\/2023\/08\/womens_rash-guard-36x36.png 36w, https:\/\/ukraineboost.com\/dk\/wp-content\/uploads\/sites\/12\/2023\/08\/womens_rash-guard-48x48.png 48w, https:\/\/ukraineboost.com\/dk\/wp-content\/uploads\/sites\/12\/2023\/08\/womens_rash-guard-50x50.png 50w, https:\/\/ukraineboost.com\/dk\/wp-content\/uploads\/sites\/12\/2023\/08\/womens_rash-guard-100x100.png 100w, https:\/\/ukraineboost.com\/dk\/wp-content\/uploads\/sites\/12\/2023\/08\/womens_rash-guard.png 343w\" sizes=\"(max-width:767px) 300px, 300px\" \/>A 1\/2 brystbredde<\/p>\n<p>B 1\/2 taljebredde<\/p>\n<p>C l\u00e6ngde<\/p>\n<p>D 1\/2 overarmbredde<\/p>\n<p>E \u00e6rmel\u00e6ngde<\/p>\n<table class=\"size-guide__table size-guide__new\">\n<thead>\n<tr>\n<td>St\u00f8rrelse<\/td>\n<td>A<\/td>\n<td>B<\/td>\n<td>C<\/td>\n<td>D<\/td>\n<td>E<\/td>\n<\/tr>\n<\/thead>\n<tbody>\n<tr>\n<td>XS<\/td>\n<td>37<\/td>\n<td>35<\/td>\n<td>67<\/td>\n<td>13<\/td>\n<td>71<\/td>\n<\/tr>\n<tr>\n<td>S<\/td>\n<td>39<\/td>\n<td>37<\/td>\n<td>68<\/td>\n<td>14<\/td>\n<td>72<\/td>\n<\/tr>\n<tr>\n<td>M<\/td>\n<td>41<\/td>\n<td>39<\/td>\n<td>69<\/td>\n<td>15<\/td>\n<td>73<\/td>\n<\/tr>\n<tr>\n<td>L<\/td>\n<td>45<\/td>\n<td>43<\/td>\n<td>70<\/td>\n<td>17<\/td>\n<td>74<\/td>\n<\/tr>\n<tr>\n<td>XL<\/td>\n<td>49<\/td>\n<td>47<\/td>\n<td>71<\/td>\n<td>19<\/td>\n<td>75<\/td>\n<\/tr>\n<tr>\n<td>2XL<\/td>\n<td>53<\/td>\n<td>51<\/td>\n<td>72<\/td>\n<td>21<\/td>\n<td>76<\/td>\n<\/tr>\n<tr>\n<td>3XL<\/td>\n<td>57<\/td>\n<td>55<\/td>\n<td>73<\/td>\n<td>23<\/td>\n<td>77<\/td>\n<\/tr>\n<\/tbody>\n<\/table>\n<p>Alle m\u00e5l er angivet i centimeter<\/p>\n<div class=\"flex flex-grow flex-col gap-3\">\n<div class=\"min-h-[20px] flex flex-col items-start gap-3 overflow-x-auto whitespace-pre-wrap break-words\">\n<div class=\"markdown prose w-full break-words dark:prose-invert light\">\n<h5>Guide til kropsm\u00e5ling<\/h5>\n<p><img decoding=\"async\" class=\"size-medium wp-image-15708 alignleft\" src=\"https:\/\/ukraineboost.com\/dk\/wp-content\/uploads\/sites\/12\/2023\/08\/womens-rash-guard-155x300.png\" alt=\"\" width=\"155\" height=\"300\" srcset=\"https:\/\/ukraineboost.com\/dk\/wp-content\/uploads\/sites\/12\/2023\/08\/womens-rash-guard-155x300.png 155w, https:\/\/ukraineboost.com\/dk\/wp-content\/uploads\/sites\/12\/2023\/08\/womens-rash-guard-39x75.png 39w, https:\/\/ukraineboost.com\/dk\/wp-content\/uploads\/sites\/12\/2023\/08\/womens-rash-guard-12x24.png 12w, https:\/\/ukraineboost.com\/dk\/wp-content\/uploads\/sites\/12\/2023\/08\/womens-rash-guard-19x36.png 19w, https:\/\/ukraineboost.com\/dk\/wp-content\/uploads\/sites\/12\/2023\/08\/womens-rash-guard-25x48.png 25w, https:\/\/ukraineboost.com\/dk\/wp-content\/uploads\/sites\/12\/2023\/08\/womens-rash-guard.png 168w\" sizes=\"(max-width:767px) 155px, 155px\" \/>Denne st\u00f8rrelsesguide viser kropsm\u00e5linger. Vi foresl\u00e5r at bestille en st\u00f8rrelse op, n\u00e5r dine m\u00e5linger befinder sig mellem st\u00f8rrelser. m\u00e5l-din-krop<\/p>\n<p>For alle horisontale m\u00e5linger, skal du s\u00f8rge for, at m\u00e5leb\u00e5ndet holdes parallelt med jorden.<\/p>\n<p>A Bryst<\/p>\n<p>Placer den ene ende af m\u00e5leb\u00e5ndet p\u00e5 den fyldigste del af brystet og f\u00f8r b\u00e5ndet om bagp\u00e5 (under armhulerne, over skulderbladene) tilbage til, hvor du startede.<\/p>\n<p>B Talje<\/p>\n<p>Placer m\u00e5leb\u00e5ndet p\u00e5 den smalleste del af taljen og m\u00e5l rundt.<\/p>\n<p>C Hofter<\/p>\n<p>Placer begyndelsen af m\u00e5leb\u00e5ndet p\u00e5 den ene hofte og f\u00f8r b\u00e5ndet hen over den fyldigste del af hofterne tilbage til, hvor du startede med at m\u00e5le.<\/p>\n<table class=\"size-guide__table size-guide__new\">\n<thead>\n<tr>\n<td>St\u00f8rrelse<\/td>\n<td>Bryst<\/td>\n<td>Talje<\/td>\n<td>Hofter<\/td>\n<\/tr>\n<\/thead>\n<tbody>\n<tr>\n<td>XS<\/td>\n<td>88<\/td>\n<td>68<\/td>\n<td>94<\/td>\n<\/tr>\n<tr>\n<td>S<\/td>\n<td>92<\/td>\n<td>72<\/td>\n<td>98<\/td>\n<\/tr>\n<tr>\n<td>M<\/td>\n<td>96<\/td>\n<td>76<\/td>\n<td>102<\/td>\n<\/tr>\n<tr>\n<td>L<\/td>\n<td>104<\/td>\n<td>84<\/td>\n<td>110<\/td>\n<\/tr>\n<tr>\n<td>XL<\/td>\n<td>112<\/td>\n<td>92<\/td>\n<td>118<\/td>\n<\/tr>\n<tr>\n<td>2XL<\/td>\n<td>120<\/td>\n<td>100<\/td>\n<td>126<\/td>\n<\/tr>\n<tr>\n<td>3XL<\/td>\n<td>128<\/td>\n<td>108<\/td>\n<td>134<\/td>\n<\/tr>\n<\/tbody>\n<\/table>\n<p>Alle m\u00e5l er angivet i centimeter<\/p>\n<p>Pro-tip! M\u00e5l et af dine produkter derhjemme og sammenlign med m\u00e5lene, du ser i denne vejledning.<\/p>\n<\/div>\n<\/div>\n<\/div>\n<\/div>\n<\/div>\n<\/div>\n","protected":false},"excerpt":{"rendered":"<p>\ud83c\udf0a Beskyt dig selv med stil \u2013 og st\u00f8t Ukraine! \ud83d\udc99\ud83d\udc9b Tag din aktive livsstil til n\u00e6ste niveau med Rash Guard til kvinder \u2013 dristig pink<span class=\"excerpt-hellip\"> [\u2026]<\/span><\/p>\n","protected":false},"featured_media":47425,"comment_status":"open","ping_status":"closed","template":"","meta":[],"product_cat":[178],"product_tag":[],"_links":{"self":[{"href":"https:\/\/ukraineboost.com\/dk\/wp-json\/wp\/v2\/product\/47417"}],"collection":[{"href":"https:\/\/ukraineboost.com\/dk\/wp-json\/wp\/v2\/product"}],"about":[{"href":"https:\/\/ukraineboost.com\/dk\/wp-json\/wp\/v2\/types\/product"}],"replies":[{"embeddable":true,"href":"https:\/\/ukraineboost.com\/dk\/wp-json\/wp\/v2\/comments?post=47417"}],"wp:featuredmedia":[{"embeddable":true,"href":"https:\/\/ukraineboost.com\/dk\/wp-json\/wp\/v2\/media\/47425"}],"wp:attachment":[{"href":"https:\/\/ukraineboost.com\/dk\/wp-json\/wp\/v2\/media?parent=47417"}],"wp:term":[{"taxonomy":"product_cat","embeddable":true,"href":"https:\/\/ukraineboost.com\/dk\/wp-json\/wp\/v2\/product_cat?post=47417"},{"taxonomy":"product_tag","embeddable":true,"href":"https:\/\/ukraineboost.com\/dk\/wp-json\/wp\/v2\/product_tag?post=47417"}],"curies":[{"name":"wp","href":"https:\/\/api.w.org\/{rel}","templated":true}]}}