{"id":47346,"date":"2025-01-28T09:19:26","date_gmt":"2025-01-28T09:19:26","guid":{"rendered":"https:\/\/ukraineboost.com\/dk\/product\/recycled-unisex-sports-jersey-2\/"},"modified":"2025-02-01T20:16:48","modified_gmt":"2025-02-01T20:16:48","slug":"recycled-unisex-sports-jersey-2","status":"publish","type":"product","link":"https:\/\/ukraineboost.com\/dk\/product\/recycled-unisex-sports-jersey-2\/","title":{"rendered":"Sportstr\u00f8je &#8211; Dristig Pink Camo"},"content":{"rendered":"<p><strong>Sportstr\u00f8je \u2013 dristig pink camo<\/strong><\/p>\n<p>\ud83d\udcaa <strong>Yd dit bedste \u2013 i stil &amp; med et st\u00e6rkt budskab!<\/strong> \ud83d\udc99\ud83d\udc9b<\/p>\n<p>Vil du dominere p\u00e5 banen, i fitnesscenteret eller til din n\u00e6ste l\u00f8betur? <strong>Sportstr\u00f8je \u2013 dristig pink camo<\/strong> kombinerer performance, komfort og et dristigt design, der f\u00e5r dig til at skille dig ud! Med et kraftfuldt pink camouflage-m\u00f8nster i intense nuancer af bordeaux, magenta, blush og fuchsia er denne tr\u00f8je skabt til dig, der t\u00f8r v\u00e6re unik.<\/p>\n<p>Den <strong>\u00e5ndbare, svedtransporterende og lette polyester<\/strong> holder dig komfortabel under selv de h\u00e5rdeste tr\u00e6ningspas. Med <strong>to-vejs stretch<\/strong>, <strong>UPF50+ beskyttelse<\/strong> og en <strong>dobbeltsyet V-hals<\/strong>, f\u00e5r du b\u00e5de fleksibilitet og en premium finish.<\/p>\n<p>\u2714 <strong>Let, funktionel &amp; svedtransporterende<\/strong><br \/>\u2022 <strong>100 % genanvendt polyester<\/strong> \u2013 b\u00e6redygtigt &amp; slidst\u00e6rkt<br \/>\u2022 <strong>Stoftykkelse:<\/strong> 160 g\/m\u00b2 \u2013 ultralet &amp; \u00e5ndbart<br \/>\u2022 <strong>To-vejs stretch<\/strong> \u2013 optimal bev\u00e6gelsesfrihed<br \/>\u2022 <strong>Svedtransporterende materiale<\/strong> \u2013 holder dig t\u00f8r og komfortabel<br \/>\u2022 <strong>UPF50+ solbeskyttelse<\/strong> \u2013 ideel til udend\u00f8rssport<br \/>\u2022 <strong>Dobbeltsyet V-hals<\/strong> \u2013 stilren &amp; holdbar<\/p>\n<p>\ud83d\udc99\ud83d\udc9b <strong>Hver ordre g\u00f8r en forskel!<\/strong><br \/>N\u00e5r du k\u00f8ber denne sportstr\u00f8je, st\u00f8tter du UkraineBoost og bidrager til Ukraines kamp for frihed, fred og sikkerhed. Dit k\u00f8b er ikke bare en sportsinvestering \u2013 det er en aktiv st\u00f8tte til en vigtig sag!<\/p>\n<p>\ud83d\udce6 <strong>Produceret p\u00e5 bestilling \u2013 b\u00e6redygtigt &amp; ansvarligt<\/strong><br \/>Denne sportstr\u00f8je bliver fremstillet specielt til dig, s\u00e5 snart du bestiller den. Det betyder, at leveringen tager lidt l\u00e6ngere tid, men samtidig hj\u00e6lper du med at reducere overproduktion og st\u00f8tte en mere b\u00e6redygtig fremstilling. Tak fordi du tr\u00e6ffer et ansvarligt valg!<\/p>\n<p>\ud83d\udd25 <strong>Bestil nu og tr\u00e6n med attitude \u2013 samtidig med at du st\u00f8tter Ukraine!<\/strong> \ud83d\udd25<br \/>Synes du, at andre ogs\u00e5 vil elske dette design? Del det med dine venner og familie \u2013 sammen kan vi vise vores st\u00f8tte til Ukraine! \ud83d\udc99\ud83d\udc9b<\/p>\n<div class=\"flex flex-grow flex-col gap-3\">\n<div class=\"min-h-[20px] flex flex-col items-start gap-3 overflow-x-auto whitespace-pre-wrap break-words\">\n<div class=\"markdown prose w-full break-words dark:prose-invert light\">\n<h4>M\u00e5leskema<\/h4>\n<p>Vi opfordrer dig til v\u00e6re omhyggelig med at v\u00e6lge den rigtige st\u00f8rrelse, da vi gerne vil undg\u00e5 s\u00e5 mange returvarer som muligt. M\u00e5let er at st\u00f8tte Ukraine s\u00e5 derfor vil vi gerne holde alle omkostninger s\u00e5 lave som muligt. Vi vedl\u00e6gger m\u00e5lskemaer ved alle varer, da de kommer fra forskellige leverand\u00f8rer, s\u00e5 derfor kan st\u00f8rrelserne variere. Vi takker for din forst\u00e5else.<\/p>\n<p><strong>Produktm\u00e5l<\/strong><\/p>\n<p><img decoding=\"async\" class=\"size-medium wp-image-48269 alignleft\" src=\"https:\/\/ukraineboost.com\/dk\/wp-content\/uploads\/sites\/12\/2025\/02\/00110_Recycled-unisex-sports-jerseyc9802bf000df1433ba08e162146a96ed_l-300x300.png\" alt=\"\" width=\"300\" height=\"300\" srcset=\"https:\/\/ukraineboost.com\/dk\/wp-content\/uploads\/sites\/12\/2025\/02\/00110_Recycled-unisex-sports-jerseyc9802bf000df1433ba08e162146a96ed_l-300x300.png 300w, https:\/\/ukraineboost.com\/dk\/wp-content\/uploads\/sites\/12\/2025\/02\/00110_Recycled-unisex-sports-jerseyc9802bf000df1433ba08e162146a96ed_l-150x150.png 150w, https:\/\/ukraineboost.com\/dk\/wp-content\/uploads\/sites\/12\/2025\/02\/00110_Recycled-unisex-sports-jerseyc9802bf000df1433ba08e162146a96ed_l-75x75.png 75w, https:\/\/ukraineboost.com\/dk\/wp-content\/uploads\/sites\/12\/2025\/02\/00110_Recycled-unisex-sports-jerseyc9802bf000df1433ba08e162146a96ed_l-24x24.png 24w, https:\/\/ukraineboost.com\/dk\/wp-content\/uploads\/sites\/12\/2025\/02\/00110_Recycled-unisex-sports-jerseyc9802bf000df1433ba08e162146a96ed_l-36x36.png 36w, https:\/\/ukraineboost.com\/dk\/wp-content\/uploads\/sites\/12\/2025\/02\/00110_Recycled-unisex-sports-jerseyc9802bf000df1433ba08e162146a96ed_l-48x48.png 48w, https:\/\/ukraineboost.com\/dk\/wp-content\/uploads\/sites\/12\/2025\/02\/00110_Recycled-unisex-sports-jerseyc9802bf000df1433ba08e162146a96ed_l-50x50.png 50w, https:\/\/ukraineboost.com\/dk\/wp-content\/uploads\/sites\/12\/2025\/02\/00110_Recycled-unisex-sports-jerseyc9802bf000df1433ba08e162146a96ed_l-100x100.png 100w, https:\/\/ukraineboost.com\/dk\/wp-content\/uploads\/sites\/12\/2025\/02\/00110_Recycled-unisex-sports-jerseyc9802bf000df1433ba08e162146a96ed_l.png 344w\" sizes=\"(max-width:767px) 300px, 300px\" \/>Denne st\u00f8rrelsesguide viser produktm\u00e5l taget, n\u00e5r produkterne ligger fladt. De faktiske produktm\u00e5l kan variere med op til <strong>2,5 cm<\/strong>, da de er h\u00e5ndlavede efter m\u00e5l.<\/p>\n<table class=\"size-guide__table size-guide__new\">\n<thead>\n<tr>\n<td class=\"pf-p-12 pf-text-gray-900\">Size Label<\/td>\n<td class=\"pf-p-12 pf-text-gray-900\">A<\/td>\n<td class=\"pf-p-12 pf-text-gray-900\">B<\/td>\n<td class=\"pf-p-12 pf-text-gray-900\">C<\/td>\n<\/tr>\n<\/thead>\n<tbody>\n<tr>\n<td class=\"pf-p-12 pf-text-gray-900\">2XS<\/td>\n<td class=\"pf-p-12 pf-text-gray-900\">45.5<\/td>\n<td class=\"pf-p-12 pf-text-gray-900\">69<\/td>\n<td class=\"pf-p-12 pf-text-gray-900\">23<\/td>\n<\/tr>\n<tr>\n<td class=\"pf-p-12 pf-text-gray-900\">XS<\/td>\n<td class=\"pf-p-12 pf-text-gray-900\">47.5<\/td>\n<td class=\"pf-p-12 pf-text-gray-900\">70<\/td>\n<td class=\"pf-p-12 pf-text-gray-900\">23<\/td>\n<\/tr>\n<tr>\n<td class=\"pf-p-12 pf-text-gray-900\">S<\/td>\n<td class=\"pf-p-12 pf-text-gray-900\">49.5<\/td>\n<td class=\"pf-p-12 pf-text-gray-900\">71<\/td>\n<td class=\"pf-p-12 pf-text-gray-900\">23.5<\/td>\n<\/tr>\n<tr>\n<td class=\"pf-p-12 pf-text-gray-900\">M<\/td>\n<td class=\"pf-p-12 pf-text-gray-900\">51.5<\/td>\n<td class=\"pf-p-12 pf-text-gray-900\">72<\/td>\n<td class=\"pf-p-12 pf-text-gray-900\">23.5<\/td>\n<\/tr>\n<tr>\n<td class=\"pf-p-12 pf-text-gray-900\">L<\/td>\n<td class=\"pf-p-12 pf-text-gray-900\">55.5<\/td>\n<td class=\"pf-p-12 pf-text-gray-900\">74.5<\/td>\n<td class=\"pf-p-12 pf-text-gray-900\">24<\/td>\n<\/tr>\n<tr>\n<td class=\"pf-p-12 pf-text-gray-900\">XL<\/td>\n<td class=\"pf-p-12 pf-text-gray-900\">59.5<\/td>\n<td class=\"pf-p-12 pf-text-gray-900\">76.5<\/td>\n<td class=\"pf-p-12 pf-text-gray-900\">25<\/td>\n<\/tr>\n<tr>\n<td class=\"pf-p-12 pf-text-gray-900\">2XL<\/td>\n<td class=\"pf-p-12 pf-text-gray-900\">63.5<\/td>\n<td class=\"pf-p-12 pf-text-gray-900\">79<\/td>\n<td class=\"pf-p-12 pf-text-gray-900\">26<\/td>\n<\/tr>\n<tr>\n<td class=\"pf-p-12 pf-text-gray-900\">3XL<\/td>\n<td class=\"pf-p-12 pf-text-gray-900\">67.5<\/td>\n<td class=\"pf-p-12 pf-text-gray-900\">81<\/td>\n<td class=\"pf-p-12 pf-text-gray-900\">27.5<\/td>\n<\/tr>\n<tr>\n<td class=\"pf-p-12 pf-text-gray-900\">4XL<\/td>\n<td class=\"pf-p-12 pf-text-gray-900\">71.5<\/td>\n<td class=\"pf-p-12 pf-text-gray-900\">83.5<\/td>\n<td class=\"pf-p-12 pf-text-gray-900\">29<\/td>\n<\/tr>\n<tr>\n<td class=\"pf-p-12 pf-text-gray-900\">5XL<\/td>\n<td class=\"pf-p-12 pf-text-gray-900\">75.5<\/td>\n<td class=\"pf-p-12 pf-text-gray-900\">85.5<\/td>\n<td class=\"pf-p-12 pf-text-gray-900\">30.5<\/td>\n<\/tr>\n<tr>\n<td class=\"pf-p-12 pf-text-gray-900\">6XL<\/td>\n<td class=\"pf-p-12 pf-text-gray-900\">79.5<\/td>\n<td class=\"pf-p-12 pf-text-gray-900\">88<\/td>\n<td class=\"pf-p-12 pf-text-gray-900\">32<\/td>\n<\/tr>\n<\/tbody>\n<\/table>\n<p><strong>Guide til kropsm\u00e5l<\/strong><\/p>\n<p><img decoding=\"async\" class=\"size-medium wp-image-48270 alignleft\" src=\"https:\/\/ukraineboost.com\/dk\/wp-content\/uploads\/sites\/12\/2025\/02\/00110_body_Recycled-unisex-sports-jerseyc9802bf000df1433ba08e162146a96ed_l-187x300.png\" alt=\"\" width=\"187\" height=\"300\" srcset=\"https:\/\/ukraineboost.com\/dk\/wp-content\/uploads\/sites\/12\/2025\/02\/00110_body_Recycled-unisex-sports-jerseyc9802bf000df1433ba08e162146a96ed_l-187x300.png 187w, https:\/\/ukraineboost.com\/dk\/wp-content\/uploads\/sites\/12\/2025\/02\/00110_body_Recycled-unisex-sports-jerseyc9802bf000df1433ba08e162146a96ed_l-47x75.png 47w, https:\/\/ukraineboost.com\/dk\/wp-content\/uploads\/sites\/12\/2025\/02\/00110_body_Recycled-unisex-sports-jerseyc9802bf000df1433ba08e162146a96ed_l-15x24.png 15w, https:\/\/ukraineboost.com\/dk\/wp-content\/uploads\/sites\/12\/2025\/02\/00110_body_Recycled-unisex-sports-jerseyc9802bf000df1433ba08e162146a96ed_l-22x36.png 22w, https:\/\/ukraineboost.com\/dk\/wp-content\/uploads\/sites\/12\/2025\/02\/00110_body_Recycled-unisex-sports-jerseyc9802bf000df1433ba08e162146a96ed_l-30x48.png 30w, https:\/\/ukraineboost.com\/dk\/wp-content\/uploads\/sites\/12\/2025\/02\/00110_body_Recycled-unisex-sports-jerseyc9802bf000df1433ba08e162146a96ed_l.png 214w\" sizes=\"(max-width:767px) 187px, 187px\" \/>Denne st\u00f8rrelsesguide viser kropsm\u00e5l. Vi anbefaler at bestille en st\u00f8rrelse st\u00f8rre, hvis dine m\u00e5l ligger mellem to st\u00f8rrelser.<\/p>\n<p>For alle vandrette m\u00e5linger skal du holde m\u00e5leb\u00e5ndet parallelt med jorden.<\/p>\n<p>A) Bryst<\/p>\n<p>Placer den ene ende af m\u00e5leb\u00e5ndet p\u00e5 den fyldigste del af brystet og f\u00f8r det rundt om ryggen (under armhulerne, over skulderbladene) tilbage til udgangspunktet.<\/p>\n<p>B) Talje<\/p>\n<p>Placer m\u00e5leb\u00e5ndet p\u00e5 den smalleste del af taljen og m\u00e5l rundt.<\/p>\n<p>C) Hofter<\/p>\n<p>Placer starten af m\u00e5leb\u00e5ndet p\u00e5 den ene hofte, og f\u00f8r det hen over den fyldigste del af hofterne tilbage til udgangspunktet.<\/p>\n<table class=\"size-guide__table size-guide__new\">\n<thead>\n<tr>\n<td class=\"pf-p-12 pf-text-gray-900\">St\u00f8rrelse<\/td>\n<td class=\"pf-p-12 pf-text-gray-900\">Bryst<\/td>\n<td class=\"pf-p-12 pf-text-gray-900\">Talje<\/td>\n<td class=\"pf-p-12 pf-text-gray-900\">Hofter<\/td>\n<\/tr>\n<\/thead>\n<tbody>\n<tr>\n<td class=\"pf-p-12 pf-text-gray-900\">2XS<\/td>\n<td class=\"pf-p-12 pf-text-gray-900\">88<\/td>\n<td class=\"pf-p-12 pf-text-gray-900\">72<\/td>\n<td class=\"pf-p-12 pf-text-gray-900\">90<\/td>\n<\/tr>\n<tr>\n<td class=\"pf-p-12 pf-text-gray-900\">XS<\/td>\n<td class=\"pf-p-12 pf-text-gray-900\">92<\/td>\n<td class=\"pf-p-12 pf-text-gray-900\">76<\/td>\n<td class=\"pf-p-12 pf-text-gray-900\">94<\/td>\n<\/tr>\n<tr>\n<td class=\"pf-p-12 pf-text-gray-900\">S<\/td>\n<td class=\"pf-p-12 pf-text-gray-900\">96<\/td>\n<td class=\"pf-p-12 pf-text-gray-900\">80<\/td>\n<td class=\"pf-p-12 pf-text-gray-900\">98<\/td>\n<\/tr>\n<tr>\n<td class=\"pf-p-12 pf-text-gray-900\">M<\/td>\n<td class=\"pf-p-12 pf-text-gray-900\">100<\/td>\n<td class=\"pf-p-12 pf-text-gray-900\">84<\/td>\n<td class=\"pf-p-12 pf-text-gray-900\">102<\/td>\n<\/tr>\n<tr>\n<td class=\"pf-p-12 pf-text-gray-900\">L<\/td>\n<td class=\"pf-p-12 pf-text-gray-900\">108<\/td>\n<td class=\"pf-p-12 pf-text-gray-900\">92<\/td>\n<td class=\"pf-p-12 pf-text-gray-900\">110<\/td>\n<\/tr>\n<tr>\n<td class=\"pf-p-12 pf-text-gray-900\">XL<\/td>\n<td class=\"pf-p-12 pf-text-gray-900\">116<\/td>\n<td class=\"pf-p-12 pf-text-gray-900\">100<\/td>\n<td class=\"pf-p-12 pf-text-gray-900\">118<\/td>\n<\/tr>\n<tr>\n<td class=\"pf-p-12 pf-text-gray-900\">2XL<\/td>\n<td class=\"pf-p-12 pf-text-gray-900\">124<\/td>\n<td class=\"pf-p-12 pf-text-gray-900\">108<\/td>\n<td class=\"pf-p-12 pf-text-gray-900\">126<\/td>\n<\/tr>\n<tr>\n<td class=\"pf-p-12 pf-text-gray-900\">3XL<\/td>\n<td class=\"pf-p-12 pf-text-gray-900\">132<\/td>\n<td class=\"pf-p-12 pf-text-gray-900\">116<\/td>\n<td class=\"pf-p-12 pf-text-gray-900\">134<\/td>\n<\/tr>\n<tr>\n<td class=\"pf-p-12 pf-text-gray-900\">4XL<\/td>\n<td class=\"pf-p-12 pf-text-gray-900\">140<\/td>\n<td class=\"pf-p-12 pf-text-gray-900\">124<\/td>\n<td class=\"pf-p-12 pf-text-gray-900\">142<\/td>\n<\/tr>\n<tr>\n<td class=\"pf-p-12 pf-text-gray-900\">5XL<\/td>\n<td class=\"pf-p-12 pf-text-gray-900\">148<\/td>\n<td class=\"pf-p-12 pf-text-gray-900\">132<\/td>\n<td class=\"pf-p-12 pf-text-gray-900\">150<\/td>\n<\/tr>\n<tr>\n<td class=\"pf-p-12 pf-text-gray-900\">6XL<\/td>\n<td class=\"pf-p-12 pf-text-gray-900\">156<\/td>\n<td class=\"pf-p-12 pf-text-gray-900\">140<\/td>\n<td class=\"pf-p-12 pf-text-gray-900\">158<\/td>\n<\/tr>\n<\/tbody>\n<\/table>\n<p>Alle m\u00e5l er i centimeter<\/p>\n<\/div>\n<\/div>\n<\/div>\n","protected":false},"excerpt":{"rendered":"<p>Sportstr\u00f8je \u2013 dristig pink camo \ud83d\udcaa Yd dit bedste \u2013 i stil &amp; med et st\u00e6rkt budskab! \ud83d\udc99\ud83d\udc9b Vil du dominere p\u00e5 banen, i fitnesscenteret eller<span class=\"excerpt-hellip\"> [\u2026]<\/span><\/p>\n","protected":false},"featured_media":47358,"comment_status":"open","ping_status":"closed","template":"","meta":[],"product_cat":[182],"product_tag":[],"_links":{"self":[{"href":"https:\/\/ukraineboost.com\/dk\/wp-json\/wp\/v2\/product\/47346"}],"collection":[{"href":"https:\/\/ukraineboost.com\/dk\/wp-json\/wp\/v2\/product"}],"about":[{"href":"https:\/\/ukraineboost.com\/dk\/wp-json\/wp\/v2\/types\/product"}],"replies":[{"embeddable":true,"href":"https:\/\/ukraineboost.com\/dk\/wp-json\/wp\/v2\/comments?post=47346"}],"wp:featuredmedia":[{"embeddable":true,"href":"https:\/\/ukraineboost.com\/dk\/wp-json\/wp\/v2\/media\/47358"}],"wp:attachment":[{"href":"https:\/\/ukraineboost.com\/dk\/wp-json\/wp\/v2\/media?parent=47346"}],"wp:term":[{"taxonomy":"product_cat","embeddable":true,"href":"https:\/\/ukraineboost.com\/dk\/wp-json\/wp\/v2\/product_cat?post=47346"},{"taxonomy":"product_tag","embeddable":true,"href":"https:\/\/ukraineboost.com\/dk\/wp-json\/wp\/v2\/product_tag?post=47346"}],"curies":[{"name":"wp","href":"https:\/\/api.w.org\/{rel}","templated":true}]}}