{"id":47287,"date":"2025-01-28T09:03:46","date_gmt":"2025-01-28T09:03:46","guid":{"rendered":"https:\/\/ukraineboost.com\/dk\/product\/all-over-print-beanie-46\/"},"modified":"2025-12-11T19:16:52","modified_gmt":"2025-12-11T19:16:52","slug":"all-over-print-beanie-46","status":"publish","type":"product","link":"https:\/\/ukraineboost.com\/dk\/product\/all-over-print-beanie-46\/","title":{"rendered":"Beanie &#8211; Dristig Pink Camo"},"content":{"rendered":"<p>\u2744\ufe0f <strong>Hold varmen med attitude \u2013 st\u00f8t Ukraine med dit look!<\/strong> \ud83d\udc99\ud83d\udc9b<\/p>\n<p>Uanset om du vil beskytte dig mod kulden eller tilf\u00f8je et edgy touch til dit outfit, er <strong>Beanie \u2013 dristig pink camo<\/strong> det perfekte valg! Med sit st\u00e6rke pink camouflage-design i intense nuancer af bordeaux, magenta, blush og fuchsia er denne hue en kombination af funktionalitet og stil.<\/p>\n<p>Den <strong>dobbeltlagede konstruktion<\/strong> giver ekstra varme, mens det <strong>bl\u00f8de og fleksible stof<\/strong> sikrer en behagelig pasform. Brug den til hverdag, outdoor-eventyr eller som et statement-accessory, der viser din unikke stil!<\/p>\n<p>\u2714 <strong>Varm, komfortabel &amp; stilfuld<\/strong><br \/>\n\u2022 <strong>EU: 96 % polyester, 4 % spandex \/ US: 93 % polyester, 7 % spandex<\/strong> \u2013 fleksibel &amp; bl\u00f8d<br \/>\n\u2022 <strong>Stoftykkelse:<\/strong> EU: 215 g\/m\u00b2 \/ US: 240 g\/m\u00b2 \u2013 isolerende &amp; slidst\u00e6rk<br \/>\n\u2022 <strong>Dobbeltlaget stof<\/strong> \u2013 holder dig varm p\u00e5 kolde dage<br \/>\n\u2022 <strong>Regular fit<\/strong> \u2013 v\u00e6lg en st\u00f8rrelse st\u00f8rre for et afslappet, l\u00f8stsiddende look<br \/>\n\u2022 <strong>Vaskes ved 30\u00b0C<\/strong> \u2013 nem at vedligeholde<\/p>\n<p>\ud83d\udc99\ud83d\udc9b <strong>Hver ordre g\u00f8r en forskel!<\/strong><br \/>\nN\u00e5r du k\u00f8ber denne beanie, st\u00f8tter du UkraineBoost og bidrager til Ukraines kamp for frihed, fred og sikkerhed. Dit k\u00f8b er ikke bare en praktisk og stilfuld tilf\u00f8jelse til din garderobe \u2013 det er en aktiv st\u00f8tte til en vigtig sag!<\/p>\n<p>\ud83d\udce6 <strong>Produceret p\u00e5 bestilling \u2013 b\u00e6redygtigt &amp; ansvarligt<\/strong><br \/>\nDenne beanie bliver fremstillet specielt til dig, s\u00e5 snart du bestiller den. Det betyder, at leveringen tager lidt l\u00e6ngere tid, men samtidig hj\u00e6lper du med at reducere overproduktion og st\u00f8tte en mere b\u00e6redygtig fremstilling. Tak fordi du tr\u00e6ffer et ansvarligt valg!<\/p>\n<p>\ud83d\udd25 <strong>Bestil nu og b\u00e6r din beanie med stolthed \u2013 samtidig med at du st\u00f8tter Ukraine!<\/strong> \ud83d\udd25<br \/>\nSynes du, at andre ogs\u00e5 vil elske dette design? Del det med dine venner og familie \u2013 sammen kan vi vise vores st\u00f8tte til Ukraine! \ud83d\udc99\ud83d\udc9b<\/p>\n<figure class=\"wp-block-embed wp-block-embed-youtube is-type-video is-provider-youtube epyt-figure\"><div class=\"wp-block-embed__wrapper\"><div class=\"epyt-video-wrapper\"><div  id=\"_ytid_92666\"  width=\"800\" height=\"450\"  data-origwidth=\"800\" data-origheight=\"450\" data-facadesrc=\"https:\/\/www.youtube.com\/embed\/uZ7Nc9n1Ds8?enablejsapi=1&autoplay=0&cc_load_policy=0&cc_lang_pref=&iv_load_policy=1&loop=0&rel=0&fs=1&playsinline=0&autohide=2&theme=dark&color=red&controls=1&disablekb=0&\" class=\"__youtube_prefs__ epyt-facade no-lazyload\" data-epautoplay=\"1\" ><img decoding=\"async\" data-spai-excluded=\"true\" class=\"epyt-facade-poster skip-lazy\" loading=\"lazy\"  alt=\"YouTube player\"  src=\"https:\/\/i.ytimg.com\/vi\/uZ7Nc9n1Ds8\/maxresdefault.jpg\"  \/><button class=\"epyt-facade-play\" aria-label=\"Play\"><svg data-no-lazy=\"1\" height=\"100%\" version=\"1.1\" viewBox=\"0 0 68 48\" width=\"100%\"><path class=\"ytp-large-play-button-bg\" d=\"M66.52,7.74c-0.78-2.93-2.49-5.41-5.42-6.19C55.79,.13,34,0,34,0S12.21,.13,6.9,1.55 C3.97,2.33,2.27,4.81,1.48,7.74C0.06,13.05,0,24,0,24s0.06,10.95,1.48,16.26c0.78,2.93,2.49,5.41,5.42,6.19 C12.21,47.87,34,48,34,48s21.79-0.13,27.1-1.55c2.93-0.78,4.64-3.26,5.42-6.19C67.94,34.95,68,24,68,24S67.94,13.05,66.52,7.74z\" fill=\"#f00\"><\/path><path d=\"M 45,24 27,14 27,34\" fill=\"#fff\"><\/path><\/svg><\/button><\/div><\/div><\/div><\/figure>\n<h5>Produktm\u00e5linger<\/h5>\n<p><img decoding=\"async\" class=\"size-medium wp-image-31252 alignleft\" src=\"https:\/\/ukraineboost.com\/dk\/wp-content\/uploads\/sites\/12\/2023\/10\/00082-Beanie-300x300.png\" alt=\"\" width=\"300\" height=\"300\" srcset=\"https:\/\/ukraineboost.com\/dk\/wp-content\/uploads\/sites\/12\/2023\/10\/00082-Beanie-300x300.png 300w, https:\/\/ukraineboost.com\/dk\/wp-content\/uploads\/sites\/12\/2023\/10\/00082-Beanie-150x150.png 150w, https:\/\/ukraineboost.com\/dk\/wp-content\/uploads\/sites\/12\/2023\/10\/00082-Beanie-75x75.png 75w, https:\/\/ukraineboost.com\/dk\/wp-content\/uploads\/sites\/12\/2023\/10\/00082-Beanie-24x24.png 24w, https:\/\/ukraineboost.com\/dk\/wp-content\/uploads\/sites\/12\/2023\/10\/00082-Beanie-36x36.png 36w, https:\/\/ukraineboost.com\/dk\/wp-content\/uploads\/sites\/12\/2023\/10\/00082-Beanie-48x48.png 48w, https:\/\/ukraineboost.com\/dk\/wp-content\/uploads\/sites\/12\/2023\/10\/00082-Beanie-50x50.png 50w, https:\/\/ukraineboost.com\/dk\/wp-content\/uploads\/sites\/12\/2023\/10\/00082-Beanie-100x100.png 100w, https:\/\/ukraineboost.com\/dk\/wp-content\/uploads\/sites\/12\/2023\/10\/00082-Beanie.png 350w\" sizes=\"(max-width:767px) 300px, 300px\" \/><\/p>\n<table class=\"size-guide__table\">\n<thead>\n<tr>\n<td><\/td>\n<td>S<\/td>\n<td>M<\/td>\n<td>L<\/td>\n<\/tr>\n<\/thead>\n<tbody>\n<tr>\n<td class=\"size-guide__table-first-row\">A<\/td>\n<td>22.5<\/td>\n<td>23.5<\/td>\n<td>24.5<\/td>\n<\/tr>\n<tr>\n<td class=\"size-guide__table-first-row\">B<\/td>\n<td>26<\/td>\n<td>28<\/td>\n<td>30<\/td>\n<\/tr>\n<\/tbody>\n<\/table>\n<p>Denne st\u00f8rrelsesguide viser produktm\u00e5linger, der er taget, n\u00e5r produkterne ligger fladt. Faktiske produktm\u00e5linger kan variere med op til 1\u2033, fordi de er h\u00e5ndlavede efter specialbestilling.<\/p>\n<p>Alle m\u00e5l er i centimeter<\/p>\n<p>Pro-tip! M\u00e5l et af dine produkter derhjemme og sammenlign med m\u00e5lene, du ser i denne vejledning.<\/p>\n","protected":false},"excerpt":{"rendered":"<p>\u2744\ufe0f Hold varmen med attitude \u2013 st\u00f8t Ukraine med dit look! \ud83d\udc99\ud83d\udc9b Uanset om du vil beskytte dig mod kulden eller tilf\u00f8je et edgy touch til<span class=\"excerpt-hellip\"> [\u2026]<\/span><\/p>\n","protected":false},"featured_media":47291,"comment_status":"open","ping_status":"closed","template":"","meta":[],"product_cat":[125],"product_tag":[],"_links":{"self":[{"href":"https:\/\/ukraineboost.com\/dk\/wp-json\/wp\/v2\/product\/47287"}],"collection":[{"href":"https:\/\/ukraineboost.com\/dk\/wp-json\/wp\/v2\/product"}],"about":[{"href":"https:\/\/ukraineboost.com\/dk\/wp-json\/wp\/v2\/types\/product"}],"replies":[{"embeddable":true,"href":"https:\/\/ukraineboost.com\/dk\/wp-json\/wp\/v2\/comments?post=47287"}],"wp:featuredmedia":[{"embeddable":true,"href":"https:\/\/ukraineboost.com\/dk\/wp-json\/wp\/v2\/media\/47291"}],"wp:attachment":[{"href":"https:\/\/ukraineboost.com\/dk\/wp-json\/wp\/v2\/media?parent=47287"}],"wp:term":[{"taxonomy":"product_cat","embeddable":true,"href":"https:\/\/ukraineboost.com\/dk\/wp-json\/wp\/v2\/product_cat?post=47287"},{"taxonomy":"product_tag","embeddable":true,"href":"https:\/\/ukraineboost.com\/dk\/wp-json\/wp\/v2\/product_tag?post=47287"}],"curies":[{"name":"wp","href":"https:\/\/api.w.org\/{rel}","templated":true}]}}