{"id":47224,"date":"2025-01-27T13:38:57","date_gmt":"2025-01-27T13:38:57","guid":{"rendered":"https:\/\/ukraineboost.com\/dk\/product\/duffle-bag-21\/"},"modified":"2025-01-31T18:53:40","modified_gmt":"2025-01-31T18:53:40","slug":"duffle-bag-21","status":"publish","type":"product","link":"https:\/\/ukraineboost.com\/dk\/product\/duffle-bag-21\/","title":{"rendered":"Duffel taske\/sportstaske &#8211; Dristig Pink Camo"},"content":{"rendered":"<p>\ud83c\udfbd <strong>Tr\u00e6ning, rejse eller hverdag? Denne taske klarer det hele \u2013 st\u00f8t Ukraine med stil!<\/strong> \ud83d\udc99\ud83d\udc9b<\/p>\n<p>G\u00f8r dig klar til at skille dig ud med <strong>Duffel taske\/sportstaske \u2013 dristig pink camo<\/strong>! Denne alsidige og rummelige taske kombinerer funktionalitet med et vovet pink camouflage-design i dynamiske nuancer af bordeaux, magenta, blush og fuchsia. Uanset om du er p\u00e5 vej til fitness, weekendturen eller bare vil have en praktisk taske til hverdagen, er denne sportstaske din perfekte f\u00f8lgesvend.<\/p>\n<p>Den <strong>robuste konstruktion<\/strong>, <strong>flere rum<\/strong> og <strong>justerbare, polstrede skulderrem<\/strong> g\u00f8r det nemt at organisere dine ting og b\u00e6re dem komfortabelt. Den <strong>vandafvisende overflade<\/strong> beskytter dit udstyr, mens de smarte <strong>mesh- og indvendige lommer<\/strong> holder dine vigtigste ejendele sikre og let tilg\u00e6ngelige.<\/p>\n<p>\u2714 <strong>Funktionel, rummelig &amp; stilfuld<\/strong><br \/>\u2022 <strong>100 % polyester med sort indvendigt for<\/strong> \u2013 slidst\u00e6rkt og vandafvisende<br \/>\u2022 <strong>Stoftykkelse:<\/strong> 305 g\/m\u00b2 \u2013 st\u00e6rk og let<br \/>\u2022 <strong>M\u00e5l:<\/strong> 56 cm \u00d7 29 cm \u00d7 29 cm \u2013 rummelig nok til alle dine behov<br \/>\u2022 <strong>Stabilt T-piping-design<\/strong> \u2013 holder tasken i form<br \/>\u2022 <strong>Justerbar &amp; aftagelig polstret skulderrem<\/strong> \u2013 komfortabel at b\u00e6re<br \/>\u2022 <strong>Dobbelt polstrede h\u00e5ndtag<\/strong> \u2013 nem at tage med p\u00e5 farten<br \/>\u2022 <strong>Mesh-side lomme &amp; flere indvendige lommer<\/strong> \u2013 organiser dine ting effektivt<\/p>\n<p>\ud83d\udc99\ud83d\udc9b <strong>Hver ordre g\u00f8r en forskel!<\/strong><br \/>N\u00e5r du k\u00f8ber denne sportstaske, st\u00f8tter du UkraineBoost og bidrager til Ukraines kamp for frihed, fred og sikkerhed. Dit k\u00f8b er ikke bare en praktisk l\u00f8sning \u2013 det er en aktiv st\u00f8tte til en vigtig sag!<\/p>\n<p>\ud83d\udce6 <strong>Produceret p\u00e5 bestilling \u2013 b\u00e6redygtigt &amp; ansvarligt<\/strong><br \/>Denne sportstaske bliver fremstillet specielt til dig, s\u00e5 snart du bestiller den. Det betyder, at leveringen tager lidt l\u00e6ngere tid, men samtidig hj\u00e6lper du med at reducere overproduktion og st\u00f8tte en mere b\u00e6redygtig fremstilling. Tak fordi du tr\u00e6ffer et ansvarligt valg!<\/p>\n<p>\ud83d\udd25 <strong>Bestil nu og tag din taske med dig overalt \u2013 samtidig med at du st\u00f8tter Ukraine!<\/strong> \ud83d\udd25<br \/>Synes du, at andre ogs\u00e5 vil elske dette design? Del det med dine venner og familie \u2013 sammen kan vi vise vores st\u00f8tte til Ukraine! \ud83d\udc99\ud83d\udc9b<\/p>\n","protected":false},"excerpt":{"rendered":"<p>\ud83c\udfbd Tr\u00e6ning, rejse eller hverdag? Denne taske klarer det hele \u2013 st\u00f8t Ukraine med stil! \ud83d\udc99\ud83d\udc9b G\u00f8r dig klar til at skille dig ud med Duffel<span class=\"excerpt-hellip\"> [\u2026]<\/span><\/p>\n","protected":false},"featured_media":47225,"comment_status":"open","ping_status":"closed","template":"","meta":[],"product_cat":[122],"product_tag":[],"_links":{"self":[{"href":"https:\/\/ukraineboost.com\/dk\/wp-json\/wp\/v2\/product\/47224"}],"collection":[{"href":"https:\/\/ukraineboost.com\/dk\/wp-json\/wp\/v2\/product"}],"about":[{"href":"https:\/\/ukraineboost.com\/dk\/wp-json\/wp\/v2\/types\/product"}],"replies":[{"embeddable":true,"href":"https:\/\/ukraineboost.com\/dk\/wp-json\/wp\/v2\/comments?post=47224"}],"wp:featuredmedia":[{"embeddable":true,"href":"https:\/\/ukraineboost.com\/dk\/wp-json\/wp\/v2\/media\/47225"}],"wp:attachment":[{"href":"https:\/\/ukraineboost.com\/dk\/wp-json\/wp\/v2\/media?parent=47224"}],"wp:term":[{"taxonomy":"product_cat","embeddable":true,"href":"https:\/\/ukraineboost.com\/dk\/wp-json\/wp\/v2\/product_cat?post=47224"},{"taxonomy":"product_tag","embeddable":true,"href":"https:\/\/ukraineboost.com\/dk\/wp-json\/wp\/v2\/product_tag?post=47224"}],"curies":[{"name":"wp","href":"https:\/\/api.w.org\/{rel}","templated":true}]}}