{"id":47083,"date":"2025-01-27T11:18:02","date_gmt":"2025-01-27T11:18:02","guid":{"rendered":"https:\/\/ukraineboost.com\/dk\/product\/flag-10\/"},"modified":"2025-01-30T17:42:24","modified_gmt":"2025-01-30T17:42:24","slug":"flag-10","status":"publish","type":"product","link":"https:\/\/ukraineboost.com\/dk\/product\/flag-10\/","title":{"rendered":"Flag &#8211; Dristig Pink Camo"},"content":{"rendered":"<p>\ud83d\udea9 <strong>Send et st\u00e6rkt signal \u2013 og st\u00f8t Ukraine!<\/strong> \ud83d\udc99\ud83d\udc9b<\/p>\n<p>Vis din styrke og unikke stil med <strong>Flag \u2013 dristig pink camo<\/strong>! Dette i\u00f8jnefaldende flag kombinerer klassisk camouflage med et modigt twist af bordeaux, magenta, blush og fuchsia \u2013 et design, der udstr\u00e5ler selvtillid, energi og individualitet. Perfekt til at h\u00e6nge op i hjemmet, p\u00e5 kontoret eller til events, hvor du vil vise din personlige stil.<\/p>\n<p>Med sin lette polyesterkvalitet er flaget holdbart, rynker ikke og krymper ikke. Det har to metallygter, der g\u00f8r det nemt at h\u00e6nge op, uanset hvor du vil sprede dit budskab.<\/p>\n<p>\u2714 <strong>Kvalitet &amp; holdbarhed<\/strong><br \/>\u2022 Fremstillet i <strong>100 % polyester<\/strong><br \/>\u2022 Strikket stof med letv\u00e6gt (150 g\/m\u00b2)<br \/>\u2022 Tryk p\u00e5 den ene side, blank bagside<br \/>\u2022 2 metallygter til nem oph\u00e6ngning<br \/>\u2022 Modstandsdygtigt mod kr\u00f8l og krympning<\/p>\n<p>\ud83d\udc99\ud83d\udc9b <strong>Hver ordre g\u00f8r en forskel!<\/strong><br \/>N\u00e5r du k\u00f8ber dette flag, st\u00f8tter du UkraineBoost og bidrager til Ukraines kamp for frihed, fred og sikkerhed. Dit k\u00f8b er mere end bare et flag \u2013 det er en erkl\u00e6ring om st\u00f8tte til en vigtig sag.<\/p>\n<p>\ud83d\udce6 <strong>Produceret p\u00e5 bestilling \u2013 b\u00e6redygtigt &amp; ansvarligt<\/strong><br \/>Dette flag bliver fremstillet specielt til dig, s\u00e5 snart du bestiller det. Det betyder, at leveringen tager lidt l\u00e6ngere tid, men samtidig hj\u00e6lper du med at reducere overproduktion og st\u00f8tte en mere b\u00e6redygtig fremstilling. Tak fordi du tr\u00e6ffer et ansvarligt valg!<\/p>\n<p>\ud83d\udd25 <strong>Bestil nu og lad dette flag v\u00e6re et st\u00e6rkt signal om styrke og solidaritet!<\/strong> \ud83d\udd25<br \/>Synes du, at andre ogs\u00e5 burde se dette design? Del det med dine venner og familie \u2013 sammen kan vi vise vores st\u00f8tte til Ukraine! \ud83d\udc99\ud83d\udc9b<\/p>\n","protected":false},"excerpt":{"rendered":"<p>\ud83d\udea9 Send et st\u00e6rkt signal \u2013 og st\u00f8t Ukraine! \ud83d\udc99\ud83d\udc9b Vis din styrke og unikke stil med Flag \u2013 dristig pink camo! Dette i\u00f8jnefaldende flag kombinerer<span class=\"excerpt-hellip\"> [\u2026]<\/span><\/p>\n","protected":false},"featured_media":47084,"comment_status":"open","ping_status":"closed","template":"","meta":[],"product_cat":[346],"product_tag":[],"_links":{"self":[{"href":"https:\/\/ukraineboost.com\/dk\/wp-json\/wp\/v2\/product\/47083"}],"collection":[{"href":"https:\/\/ukraineboost.com\/dk\/wp-json\/wp\/v2\/product"}],"about":[{"href":"https:\/\/ukraineboost.com\/dk\/wp-json\/wp\/v2\/types\/product"}],"replies":[{"embeddable":true,"href":"https:\/\/ukraineboost.com\/dk\/wp-json\/wp\/v2\/comments?post=47083"}],"wp:featuredmedia":[{"embeddable":true,"href":"https:\/\/ukraineboost.com\/dk\/wp-json\/wp\/v2\/media\/47084"}],"wp:attachment":[{"href":"https:\/\/ukraineboost.com\/dk\/wp-json\/wp\/v2\/media?parent=47083"}],"wp:term":[{"taxonomy":"product_cat","embeddable":true,"href":"https:\/\/ukraineboost.com\/dk\/wp-json\/wp\/v2\/product_cat?post=47083"},{"taxonomy":"product_tag","embeddable":true,"href":"https:\/\/ukraineboost.com\/dk\/wp-json\/wp\/v2\/product_tag?post=47083"}],"curies":[{"name":"wp","href":"https:\/\/api.w.org\/{rel}","templated":true}]}}