{"id":44986,"date":"2024-10-31T09:20:47","date_gmt":"2024-10-31T09:20:47","guid":{"rendered":"https:\/\/ukraineboost.com\/dk\/product\/cork-back-coaster-55\/"},"modified":"2024-11-05T19:26:38","modified_gmt":"2024-11-05T19:26:38","slug":"cork-back-coaster-55","status":"publish","type":"product","link":"https:\/\/ukraineboost.com\/dk\/product\/cork-back-coaster-55\/","title":{"rendered":"Bordsk\u00e5ner med bagside i kork &#8211; The White Flag is not My Flag &#8211; European Union"},"content":{"rendered":"<p>Vis din st\u00f8tte til frihed og retf\u00e6rdighed med denne unikke bordsk\u00e5ner, designet til dig, der st\u00e5r sammen med Ukraine og resten af Europa i kampen for en fri og sikker fremtid. &#8220;The White Flag is Not My Flag &#8211; European Union&#8221; bordsk\u00e5neren beskytter ikke kun dine overflader mod varme og pletter, men er ogs\u00e5 et st\u00e6rkt symbol p\u00e5 modet til aldrig at give op, uanset hvor stor modstanden m\u00e5tte v\u00e6re.<\/p>\n<p>Med en bagside af kork for stabilitet og en h\u00f8jglansbel\u00e6gning p\u00e5 toppen er denne bordsk\u00e5ner b\u00e5de vandafvisende og varmebestandig \u2013 perfekt til hverdagsbrug og let at reng\u00f8re. Skab en hyggelig atmosf\u00e6re i dit hjem, og lad dine g\u00e6ster se, at du st\u00e5r bag dem, der k\u00e6mper for frihed og retf\u00e6rdighed.<\/p>\n<p><strong>Produktdetaljer:<\/strong><\/p>\n<ul>\n<li>Materiale: H\u00e5rdfiber MDF (3 mm) med korkbagside (1 mm)<\/li>\n<li>H\u00f8jglans coating p\u00e5 toppen for ekstra beskyttelse<\/li>\n<li>St\u00f8rrelse: 95 \u00d7 95 \u00d7 4 mm med afrundede hj\u00f8rner<\/li>\n<li>Vandafvisende, varmebestandig og skridsikker<\/li>\n<li>Let at reng\u00f8re<\/li>\n<\/ul>\n<p>Denne bordsk\u00e5ner bliver lavet specielt til dig, n\u00e5r du bestiller den, hvilket betyder en lidt l\u00e6ngere leveringstid \u2013 tak, fordi du v\u00e6lger en b\u00e6redygtig l\u00f8sning, der mindsker overproduktion!<\/p>\n<p>Del gerne produktet med andre, der ogs\u00e5 kunne v\u00e6re interesserede i at st\u00f8tte Ukraine og Europas v\u00e6rdier. Sammen kan vi vise verden, at vi st\u00e5r op for en fremtid med frihed og fred.<\/p>\n<p><strong>K\u00f8b din bordsk\u00e5ner nu, og bliv en del af kampen for frihed og sikkerhed!<\/strong><\/p>\n","protected":false},"excerpt":{"rendered":"<p>Vis din st\u00f8tte til frihed og retf\u00e6rdighed med denne unikke bordsk\u00e5ner, designet til dig, der st\u00e5r sammen med Ukraine og resten af Europa i kampen for<span class=\"excerpt-hellip\"> [\u2026]<\/span><\/p>\n","protected":false},"featured_media":44987,"comment_status":"open","ping_status":"closed","template":"","meta":[],"product_cat":[145],"product_tag":[],"_links":{"self":[{"href":"https:\/\/ukraineboost.com\/dk\/wp-json\/wp\/v2\/product\/44986"}],"collection":[{"href":"https:\/\/ukraineboost.com\/dk\/wp-json\/wp\/v2\/product"}],"about":[{"href":"https:\/\/ukraineboost.com\/dk\/wp-json\/wp\/v2\/types\/product"}],"replies":[{"embeddable":true,"href":"https:\/\/ukraineboost.com\/dk\/wp-json\/wp\/v2\/comments?post=44986"}],"wp:featuredmedia":[{"embeddable":true,"href":"https:\/\/ukraineboost.com\/dk\/wp-json\/wp\/v2\/media\/44987"}],"wp:attachment":[{"href":"https:\/\/ukraineboost.com\/dk\/wp-json\/wp\/v2\/media?parent=44986"}],"wp:term":[{"taxonomy":"product_cat","embeddable":true,"href":"https:\/\/ukraineboost.com\/dk\/wp-json\/wp\/v2\/product_cat?post=44986"},{"taxonomy":"product_tag","embeddable":true,"href":"https:\/\/ukraineboost.com\/dk\/wp-json\/wp\/v2\/product_tag?post=44986"}],"curies":[{"name":"wp","href":"https:\/\/api.w.org\/{rel}","templated":true}]}}