{"id":44972,"date":"2024-10-31T08:12:52","date_gmt":"2024-10-31T08:12:52","guid":{"rendered":"https:\/\/ukraineboost.com\/dk\/product\/basic-pillow-167\/"},"modified":"2024-11-05T18:50:01","modified_gmt":"2024-11-05T18:50:01","slug":"basic-pillow-167","status":"publish","type":"product","link":"https:\/\/ukraineboost.com\/dk\/product\/basic-pillow-167\/","title":{"rendered":"Pude &#8211; The White Flag is not My Flag &#8211; USA"},"content":{"rendered":"<p>Vil du sende et kraftfuldt signal om mod og uafh\u00e6ngighed i dit hjem? Denne pude er designet til dig, der n\u00e6gter at give op og k\u00e6mper for frihed og retf\u00e6rdighed. Med &#8220;The White Flag is Not My Flag &#8211; USA&#8221; st\u00e5r du skulder ved skulder med Ukraine og viser din st\u00f8tte til deres kamp for en fredelig og sikker fremtid. Denne pude hylder viljen til at k\u00e6mpe videre, selv n\u00e5r oddsene er imod \u00e9n, og er perfekt til dem, der aldrig overgiver sig.<\/p>\n<p>Ud over at v\u00e6re et st\u00e6rkt statement til dit hjem er puden ogs\u00e5 ekstremt behagelig og stilfuld. Den har et bl\u00f8dt, maskinvaskbart betr\u00e6k og en formstabil pudeindsats, som g\u00f8r den ideel til daglig brug og afslapning. Med sit enkle, amerikansk-inspirerede design tilf\u00f8jer den karakter og mening til enhver indretning.<\/p>\n<p><strong>Produktdetaljer:<\/strong><\/p>\n<ul>\n<li>100% polyester betr\u00e6k og pudeindsats<\/li>\n<li>Stofv\u00e6gt: 220\u2013250 g\/m\u00b2, der sikrer holdbarhed og komfort<\/li>\n<li>Skjult lynl\u00e5s og maskinvaskbart betr\u00e6k<\/li>\n<li>Formstabil pudeindsats inkluderet (kun h\u00e5ndvask)<\/li>\n<\/ul>\n<p>Denne pude bliver produceret specielt til dig, n\u00e5r du bestiller, hvilket betyder en lidt l\u00e6ngere leveringstid. Tak, fordi du v\u00e6lger en b\u00e6redygtig l\u00f8sning, der mindsker overproduktion!<\/p>\n<p>Del gerne produktet med dine venner og familie, hvis du tror, de ogs\u00e5 vil st\u00f8tte Ukraine og kampen for frihed. Sammen kan vi vise, at vi st\u00e5r st\u00e6rkt i troen p\u00e5 frihed og fred.<\/p>\n<p><strong>K\u00f8b din pude nu, og g\u00f8r dit hjem til et symbol p\u00e5 mod og uafh\u00e6ngighed!<\/strong><\/p>\n","protected":false},"excerpt":{"rendered":"<p>Vil du sende et kraftfuldt signal om mod og uafh\u00e6ngighed i dit hjem? Denne pude er designet til dig, der n\u00e6gter at give op og k\u00e6mper<span class=\"excerpt-hellip\"> [\u2026]<\/span><\/p>\n","protected":false},"featured_media":44976,"comment_status":"open","ping_status":"closed","template":"","meta":[],"product_cat":[147],"product_tag":[],"_links":{"self":[{"href":"https:\/\/ukraineboost.com\/dk\/wp-json\/wp\/v2\/product\/44972"}],"collection":[{"href":"https:\/\/ukraineboost.com\/dk\/wp-json\/wp\/v2\/product"}],"about":[{"href":"https:\/\/ukraineboost.com\/dk\/wp-json\/wp\/v2\/types\/product"}],"replies":[{"embeddable":true,"href":"https:\/\/ukraineboost.com\/dk\/wp-json\/wp\/v2\/comments?post=44972"}],"wp:featuredmedia":[{"embeddable":true,"href":"https:\/\/ukraineboost.com\/dk\/wp-json\/wp\/v2\/media\/44976"}],"wp:attachment":[{"href":"https:\/\/ukraineboost.com\/dk\/wp-json\/wp\/v2\/media?parent=44972"}],"wp:term":[{"taxonomy":"product_cat","embeddable":true,"href":"https:\/\/ukraineboost.com\/dk\/wp-json\/wp\/v2\/product_cat?post=44972"},{"taxonomy":"product_tag","embeddable":true,"href":"https:\/\/ukraineboost.com\/dk\/wp-json\/wp\/v2\/product_tag?post=44972"}],"curies":[{"name":"wp","href":"https:\/\/api.w.org\/{rel}","templated":true}]}}