{"id":44962,"date":"2024-10-31T08:09:23","date_gmt":"2024-10-31T08:09:23","guid":{"rendered":"https:\/\/ukraineboost.com\/dk\/product\/basic-pillow-166\/"},"modified":"2024-11-05T18:03:56","modified_gmt":"2024-11-05T18:03:56","slug":"basic-pillow-166","status":"publish","type":"product","link":"https:\/\/ukraineboost.com\/dk\/product\/basic-pillow-166\/","title":{"rendered":"Pude &#8211; The White Flag is not My Flag &#8211; Ukraine"},"content":{"rendered":"<p>Vil du vise din st\u00f8tte til frihed og mod i dit hjem? Denne pude er skabt til dem, der st\u00e5r st\u00e6rkt og aldrig overgiver sig. Med &#8220;The White Flag is Not My Flag &#8211; Ukraine&#8221; viser du, at du bakker op om Ukraine i deres kamp for en fri og sikker fremtid. Puden repr\u00e6senterer viljen til at k\u00e6mpe for det retf\u00e6rdige, selv n\u00e5r modstanden er stor, og sender et tydeligt signal om solidaritet og styrke.<\/p>\n<p>Denne pude er ikke bare et statement, men ogs\u00e5 en stilfuld og komfortabel tilf\u00f8jelse til dit hjem. Betr\u00e6kket er bl\u00f8dt, maskinvaskbart og har en skjult lynl\u00e5s, mens den formstabile pudeindsats g\u00f8r den perfekt til afslapning og et sk\u00f8nt sted for en lang eftermiddagslur.<\/p>\n<p><strong>Produktdetaljer:<\/strong><\/p>\n<ul>\n<li>100% polyester betr\u00e6k og pudeindsats<\/li>\n<li>Stofv\u00e6gt: 220\u2013250 g\/m\u00b2 for ekstra bl\u00f8dhed og holdbarhed<\/li>\n<li>Skjult lynl\u00e5s og maskinvaskbart betr\u00e6k<\/li>\n<li>Formstabil pudeindsats inkluderet (kun h\u00e5ndvask)<\/li>\n<\/ul>\n<p>Denne pude fremstilles specielt til dig, n\u00e5r du bestiller, hvilket betyder, at leveringstiden er lidt l\u00e6ngere. Tak, fordi du v\u00e6lger en b\u00e6redygtig l\u00f8sning, der mindsker overproduktion!<\/p>\n<p>Vis din st\u00f8tte og del gerne produktet med dem, der ogs\u00e5 kunne v\u00e6re interesserede i at st\u00f8tte Ukraine. Sammen kan vi styrke kampen for en fri og fredelig fremtid.<\/p>\n<p><strong>K\u00f8b din pude nu, og lad dit hjem st\u00e5 som et symbol p\u00e5 mod og frihed!<\/strong><\/p>\n","protected":false},"excerpt":{"rendered":"<p>Vil du vise din st\u00f8tte til frihed og mod i dit hjem? Denne pude er skabt til dem, der st\u00e5r st\u00e6rkt og aldrig overgiver sig. Med<span class=\"excerpt-hellip\"> [\u2026]<\/span><\/p>\n","protected":false},"featured_media":44966,"comment_status":"open","ping_status":"closed","template":"","meta":[],"product_cat":[147],"product_tag":[],"_links":{"self":[{"href":"https:\/\/ukraineboost.com\/dk\/wp-json\/wp\/v2\/product\/44962"}],"collection":[{"href":"https:\/\/ukraineboost.com\/dk\/wp-json\/wp\/v2\/product"}],"about":[{"href":"https:\/\/ukraineboost.com\/dk\/wp-json\/wp\/v2\/types\/product"}],"replies":[{"embeddable":true,"href":"https:\/\/ukraineboost.com\/dk\/wp-json\/wp\/v2\/comments?post=44962"}],"wp:featuredmedia":[{"embeddable":true,"href":"https:\/\/ukraineboost.com\/dk\/wp-json\/wp\/v2\/media\/44966"}],"wp:attachment":[{"href":"https:\/\/ukraineboost.com\/dk\/wp-json\/wp\/v2\/media?parent=44962"}],"wp:term":[{"taxonomy":"product_cat","embeddable":true,"href":"https:\/\/ukraineboost.com\/dk\/wp-json\/wp\/v2\/product_cat?post=44962"},{"taxonomy":"product_tag","embeddable":true,"href":"https:\/\/ukraineboost.com\/dk\/wp-json\/wp\/v2\/product_tag?post=44962"}],"curies":[{"name":"wp","href":"https:\/\/api.w.org\/{rel}","templated":true}]}}