{"id":44877,"date":"2024-10-30T11:03:53","date_gmt":"2024-10-30T11:03:53","guid":{"rendered":"https:\/\/ukraineboost.com\/dk\/product\/stainless-steel-water-bottle-59\/"},"modified":"2024-10-31T17:11:22","modified_gmt":"2024-10-31T17:11:22","slug":"stainless-steel-water-bottle-59","status":"publish","type":"product","link":"https:\/\/ukraineboost.com\/dk\/product\/stainless-steel-water-bottle-59\/","title":{"rendered":"Vandflaske i st\u00e5l &#8211; The White Flag is not My Flag &#8211; Ukraine"},"content":{"rendered":"<p><strong>Vandflaske i st\u00e5l &#8211; The White Flag is not My Flag &#8211; Ukraine: For dem, der aldrig giver op!<\/strong><\/p>\n<p>Vis din uovervindelige vilje og st\u00f8tte til frihed med denne elegante <em>The White Flag is not My Flag &#8211; Ukraine<\/em> vandflaske i st\u00e5l. Perfekt til dig, der st\u00e5r fast i kampen for retf\u00e6rdighed og frihed. Flasken er dobbeltsidet og holder din drik varm eller kold i op til 6 timer \u2013 ideel til b\u00e5de hverdagens g\u00f8rem\u00e5l og til dine vildeste eventyr.<\/p>\n<p>Med sin bowlingpin-form og blanke finish er denne flaske b\u00e5de praktisk og smuk. Det lugt- og l\u00e6ksikre l\u00e5g g\u00f8r den til den perfekte f\u00f8lgesvend, uanset om du tager den med p\u00e5 arbejde, vandreture eller en tur i byen.<\/p>\n<p><strong>Produktdetaljer:<\/strong><\/p>\n<ul>\n<li>Materiale: H\u00f8jkvalitets rustfrit st\u00e5l<\/li>\n<li>Kapacitet: 17 oz (500 ml)<\/li>\n<li>Dimensioner: 10.5\u2033 \u00d7 2.85\u2033 (27 \u00d7 7 cm)<\/li>\n<li>Dobbeltsidet vakuumkonstruktion<\/li>\n<li>Isoleret for b\u00e5de varme og kolde drikke (holder temperaturen i op til 6 timer)<\/li>\n<li>Patenteret ORCA-bel\u00e6gning sikrer str\u00e5lende farver<\/li>\n<li>H\u00e5ndvask anbefales<\/li>\n<\/ul>\n<p><strong>Bem\u00e6rk:<\/strong> Af hygiejnem\u00e6ssige \u00e5rsager b\u00f8r flasken ikke opbevare vand i mere end 24 timer.<\/p>\n<p><strong>Specialfremstillet til dig:<\/strong> Denne vandflaske bliver produceret p\u00e5 bestilling, hvilket hj\u00e6lper os med at reducere spild og overproduktion. Tak fordi du tr\u00e6ffer en b\u00e6redygtig beslutning!<\/p>\n<p>Med <em>The White Flag is not My Flag &#8211; Ukraine<\/em> vandflasken kan du tage din drik med dig og samtidig vise din st\u00f8tte til Ukraines kamp for frihed og fred. Del budskabet med dine omgivelser og inspir\u00e9r andre til at st\u00e5 sammen.<\/p>\n<p><strong>K\u00f8b nu og g\u00f8r en forskel!<\/strong> St\u00f8t Ukraine i deres kamp for en fri og retf\u00e6rdig fremtid. F\u00f8lg UkraineBoost p\u00e5 sociale medier og v\u00e6r med til at sprede h\u00e5b og solidaritet!<\/p>\n","protected":false},"excerpt":{"rendered":"<p>Vandflaske i st\u00e5l &#8211; The White Flag is not My Flag &#8211; Ukraine: For dem, der aldrig giver op! Vis din uovervindelige vilje og st\u00f8tte til<span class=\"excerpt-hellip\"> [\u2026]<\/span><\/p>\n","protected":false},"featured_media":44880,"comment_status":"open","ping_status":"closed","template":"","meta":[],"product_cat":[139],"product_tag":[],"_links":{"self":[{"href":"https:\/\/ukraineboost.com\/dk\/wp-json\/wp\/v2\/product\/44877"}],"collection":[{"href":"https:\/\/ukraineboost.com\/dk\/wp-json\/wp\/v2\/product"}],"about":[{"href":"https:\/\/ukraineboost.com\/dk\/wp-json\/wp\/v2\/types\/product"}],"replies":[{"embeddable":true,"href":"https:\/\/ukraineboost.com\/dk\/wp-json\/wp\/v2\/comments?post=44877"}],"wp:featuredmedia":[{"embeddable":true,"href":"https:\/\/ukraineboost.com\/dk\/wp-json\/wp\/v2\/media\/44880"}],"wp:attachment":[{"href":"https:\/\/ukraineboost.com\/dk\/wp-json\/wp\/v2\/media?parent=44877"}],"wp:term":[{"taxonomy":"product_cat","embeddable":true,"href":"https:\/\/ukraineboost.com\/dk\/wp-json\/wp\/v2\/product_cat?post=44877"},{"taxonomy":"product_tag","embeddable":true,"href":"https:\/\/ukraineboost.com\/dk\/wp-json\/wp\/v2\/product_tag?post=44877"}],"curies":[{"name":"wp","href":"https:\/\/api.w.org\/{rel}","templated":true}]}}