{"id":44866,"date":"2024-10-30T09:35:56","date_gmt":"2024-10-30T09:35:56","guid":{"rendered":"https:\/\/ukraineboost.com\/dk\/product\/stainless-steel-water-bottle-58\/"},"modified":"2024-11-05T17:18:10","modified_gmt":"2024-11-05T17:18:10","slug":"stainless-steel-water-bottle-58","status":"publish","type":"product","link":"https:\/\/ukraineboost.com\/dk\/product\/stainless-steel-water-bottle-58\/","title":{"rendered":"Vandflaske i st\u00e5l &#8211; The White Flag is not My Flag &#8211; Rainbow"},"content":{"rendered":"<p>Vil du vise verden, at du aldrig giver op? Denne flaske er skabt til dig, som k\u00e6mper for frihed, lighed og retf\u00e6rdighed \u2013 uanset oddsene. &#8220;The White Flag is Not My Flag &#8211; Rainbow&#8221; sender et st\u00e6rkt signal om, at du st\u00e5r op for dem, der k\u00e6mper mod overmagten. Med dette regnbue-design st\u00f8tter du Ukraine og viser samtidig solidaritet med alle, der k\u00e6mper for en fremtid med frihed og fred.<\/p>\n<p>Denne 17-ounce, dobbeltv\u00e6gget vandflaske i rustfrit st\u00e5l holder dine drikkevarer varme eller kolde i timevis og er en uundv\u00e6rlig makker til b\u00e5de hverdag og eventyr. Flasken er designet med et lugt- og l\u00e6ksikkert l\u00e5g og har en flot, blank finish, som g\u00f8r den b\u00e5de funktionel og stilfuld \u2013 lige til at tage med overalt!<\/p>\n<p><strong>Produktdetaljer:<\/strong><\/p>\n<ul>\n<li>Fremstillet af h\u00f8j-kvalitets rustfrit st\u00e5l, 500 ml kapacitet<\/li>\n<li>Dobbeltv\u00e6gget vakuumisolering, holder dine drikkevarer varme eller kolde i op til 6 timer<\/li>\n<li>Lugtfrit og l\u00e6ksikkert l\u00e5g, bowling-pin formet design<\/li>\n<li>Patenteret ORCA-bel\u00e6gning, der sikrer levende farver og lang holdbarhed<\/li>\n<li>Passer perfekt i de fleste kopholdere og tasker<\/li>\n<li>H\u00e5ndvask anbefales for at sikre produktets levetid<\/li>\n<li>Lavet specielt til dig ved bestilling \u2013 tak for at v\u00e6lge en b\u00e6redygtig l\u00f8sning, som mindsker overproduktion!<\/li>\n<\/ul>\n<p>Ved at v\u00e6lge denne vandflaske st\u00f8tter du Ukraine og hj\u00e6lper med at sprede et budskab om mod og styrke. Del den gerne, hvis du mener, andre vil v\u00e6re interesserede \u2013 sammen kan vi g\u00f8re en forskel!<\/p>\n<p><strong>K\u00f8b din flaske nu, og bliv en del af kampen for frihed og fred!<\/strong><\/p>\n","protected":false},"excerpt":{"rendered":"<p>Vil du vise verden, at du aldrig giver op? Denne flaske er skabt til dig, som k\u00e6mper for frihed, lighed og retf\u00e6rdighed \u2013 uanset oddsene. &#8220;The<span class=\"excerpt-hellip\"> [\u2026]<\/span><\/p>\n","protected":false},"featured_media":44869,"comment_status":"open","ping_status":"closed","template":"","meta":[],"product_cat":[139],"product_tag":[],"_links":{"self":[{"href":"https:\/\/ukraineboost.com\/dk\/wp-json\/wp\/v2\/product\/44866"}],"collection":[{"href":"https:\/\/ukraineboost.com\/dk\/wp-json\/wp\/v2\/product"}],"about":[{"href":"https:\/\/ukraineboost.com\/dk\/wp-json\/wp\/v2\/types\/product"}],"replies":[{"embeddable":true,"href":"https:\/\/ukraineboost.com\/dk\/wp-json\/wp\/v2\/comments?post=44866"}],"wp:featuredmedia":[{"embeddable":true,"href":"https:\/\/ukraineboost.com\/dk\/wp-json\/wp\/v2\/media\/44869"}],"wp:attachment":[{"href":"https:\/\/ukraineboost.com\/dk\/wp-json\/wp\/v2\/media?parent=44866"}],"wp:term":[{"taxonomy":"product_cat","embeddable":true,"href":"https:\/\/ukraineboost.com\/dk\/wp-json\/wp\/v2\/product_cat?post=44866"},{"taxonomy":"product_tag","embeddable":true,"href":"https:\/\/ukraineboost.com\/dk\/wp-json\/wp\/v2\/product_tag?post=44866"}],"curies":[{"name":"wp","href":"https:\/\/api.w.org\/{rel}","templated":true}]}}