{"id":44758,"date":"2024-10-28T17:42:17","date_gmt":"2024-10-28T17:42:17","guid":{"rendered":"https:\/\/ukraineboost.com\/dk\/product\/travel-mug-with-a-handle-27\/"},"modified":"2024-10-31T16:32:09","modified_gmt":"2024-10-31T16:32:09","slug":"travel-mug-with-a-handle-27","status":"publish","type":"product","link":"https:\/\/ukraineboost.com\/dk\/product\/travel-mug-with-a-handle-27\/","title":{"rendered":"Rejseflaske med hank &#8211; The White Flag is not My Flag &#8211; UK"},"content":{"rendered":"<p><strong>Rejseflaske med hank &#8211; The White Flag is not My Flag &#8211; UK: For dig, der k\u00e6mper for frihed og aldrig giver op<\/strong><\/p>\n<p>Er du klar til at tage frihedskampen med dig p\u00e5 farten? <em>The White Flag is not My Flag &#8211; UK<\/em> rejseflaske er skabt til dig, der st\u00e5r fast, uanset modstanden. Denne holdbare og elegante rejseflaske er perfekt til b\u00e5de dine daglige pendlerture og st\u00f8rre eventyr. Med sin ergonomiske hank og spildsikre l\u00e5g passer den i de fleste bilkopholdere og sikrer, at din drik forbliver ved den helt rigtige temperatur.<\/p>\n<p>Flasken kommer i to praktiske st\u00f8rrelser, der hver is\u00e6r er udstyret med et funktionelt l\u00e5g \u2013 enten press-in eller skruel\u00e5g med suger\u00f8r \u2013 s\u00e5 du kan nyde dine drikkevarer med stil. Ved at fremstille flasken p\u00e5 bestilling reducerer vi spild og overproduktion, og du er med til at g\u00f8re en positiv forskel.<\/p>\n<p><strong>Produktdetaljer:<\/strong><\/p>\n<ul>\n<li>Materiale: Rustfrit st\u00e5l og BPA-fri plastik<\/li>\n<li>Tilg\u00e6ngelige st\u00f8rrelser:\n<ul>\n<li>25 oz (739 ml): H\u00f8jde 20 cm, \u00d8vre diameter 8.4 cm, Bund diameter 7 cm, press-in l\u00e5g<\/li>\n<li>40 oz (1183 ml): H\u00f8jde 26.5 cm, \u00d8vre diameter 9.9 cm, Bund diameter 7.4 cm, skruel\u00e5g med suger\u00f8r<\/li>\n<\/ul>\n<\/li>\n<li>Passer i de fleste kopholdere<\/li>\n<li>H\u00e5ndvask anbefales<\/li>\n<\/ul>\n<p><strong>Vigtigt:<\/strong> For at undg\u00e5 damptryk, skal du \u00e5bne l\u00e5get f\u00f8r flasken s\u00e6ttes p\u00e5 en varm drik.<\/p>\n<p><strong>Produceret specielt til dig:<\/strong> Hver rejseflaske fremstilles p\u00e5 bestilling, s\u00e5 du f\u00e5r et unikt produkt, samtidig med at vi undg\u00e5r overproduktion. Tak fordi du v\u00e6lger en ansvarlig l\u00f8sning!<\/p>\n<p>Med <em>The White Flag is not My Flag &#8211; UK<\/em> rejseflasken kan du ikke bare nyde dine drikkevarer, men ogs\u00e5 vise din st\u00f8tte til Ukraines kamp for frihed. Del flasken med andre frihedsk\u00e6mpere i dit netv\u00e6rk, og v\u00e6r med til at sprede budskabet om styrke og h\u00e5b.<\/p>\n<p><strong>K\u00f8b nu og g\u00f8r en forskel!<\/strong> St\u00f8t Ukraines kamp for en retf\u00e6rdig og sikker fremtid. F\u00f8lg UkraineBoost p\u00e5 sociale medier og v\u00e6r med til at sprede budskabet om mod, frihed og sammenhold!<\/p>\n","protected":false},"excerpt":{"rendered":"<p>Rejseflaske med hank &#8211; The White Flag is not My Flag &#8211; UK: For dig, der k\u00e6mper for frihed og aldrig giver op Er du klar<span class=\"excerpt-hellip\"> [\u2026]<\/span><\/p>\n","protected":false},"featured_media":44759,"comment_status":"open","ping_status":"closed","template":"","meta":[],"product_cat":[145],"product_tag":[],"_links":{"self":[{"href":"https:\/\/ukraineboost.com\/dk\/wp-json\/wp\/v2\/product\/44758"}],"collection":[{"href":"https:\/\/ukraineboost.com\/dk\/wp-json\/wp\/v2\/product"}],"about":[{"href":"https:\/\/ukraineboost.com\/dk\/wp-json\/wp\/v2\/types\/product"}],"replies":[{"embeddable":true,"href":"https:\/\/ukraineboost.com\/dk\/wp-json\/wp\/v2\/comments?post=44758"}],"wp:featuredmedia":[{"embeddable":true,"href":"https:\/\/ukraineboost.com\/dk\/wp-json\/wp\/v2\/media\/44759"}],"wp:attachment":[{"href":"https:\/\/ukraineboost.com\/dk\/wp-json\/wp\/v2\/media?parent=44758"}],"wp:term":[{"taxonomy":"product_cat","embeddable":true,"href":"https:\/\/ukraineboost.com\/dk\/wp-json\/wp\/v2\/product_cat?post=44758"},{"taxonomy":"product_tag","embeddable":true,"href":"https:\/\/ukraineboost.com\/dk\/wp-json\/wp\/v2\/product_tag?post=44758"}],"curies":[{"name":"wp","href":"https:\/\/api.w.org\/{rel}","templated":true}]}}