{"id":44625,"date":"2024-10-28T10:43:14","date_gmt":"2024-10-28T10:43:14","guid":{"rendered":"https:\/\/ukraineboost.com\/dk\/product\/black-glossy-mug\/"},"modified":"2024-10-28T14:40:06","modified_gmt":"2024-10-28T14:40:06","slug":"black-glossy-mug","status":"publish","type":"product","link":"https:\/\/ukraineboost.com\/dk\/product\/black-glossy-mug\/","title":{"rendered":"Sort krus &#8211; The White Flag is not My Flag &#8211; Denmark"},"content":{"rendered":"<p><strong>Sort krus &#8211; The White Flag is not My Flag &#8211; Denmark: For dem, der k\u00e6mper videre<\/strong><\/p>\n<p>Vil du vise verden, at du aldrig giver op? <em>The White Flag is not My Flag &#8211; Denmark<\/em> kruset er skabt til dig, der st\u00e5r fast, k\u00e6mper for frihed og retf\u00e6rdighed \u2013 ogs\u00e5 n\u00e5r oddsene er imod dig. Med dette sorte krus signalerer du mod og styrke, og det er den perfekte ledsager til din morgenkaffe eller eftermiddagste. Det glansfulde design tilf\u00f8jer et stilfuldt touch til dit k\u00f8kken og sender et klart budskab om, at du aldrig b\u00f8jer dig.<\/p>\n<p>Kruset er robust og elegant med en glansfuld finish, der fanger \u00f8jet. Det skal dog h\u00e5ndvaskes for at bevare dets flotte udseende.<\/p>\n<p><strong>Produktdetaljer:<\/strong><\/p>\n<ul>\n<li>Keramisk krus af h\u00f8j kvalitet<\/li>\n<li>F\u00e5s i to st\u00f8rrelser:\n<ul>\n<li>11 oz (h\u00f8jde 3.85&#8243; \/ 9.8 cm, diameter 3.35&#8243; \/ 8.5 cm)<\/li>\n<li>15 oz (h\u00f8jde 4.7&#8243; \/ 12 cm, diameter 3.35&#8243; \/ 8.5 cm)<\/li>\n<\/ul>\n<\/li>\n<li>Glansfuld finish for et stilfuldt look<\/li>\n<li>T\u00e5ler IKKE opvaskemaskine eller mikrob\u00f8lgeovn \u2013 h\u00e5ndvask anbefales<\/li>\n<li>Produceret p\u00e5 bestilling for at reducere overproduktion<\/li>\n<\/ul>\n<p><strong>Produceret specielt til dig:<\/strong> Dette krus fremstilles f\u00f8rst, n\u00e5r du afgiver din ordre, hvilket kan resultere i en lidt l\u00e6ngere leveringstid. Ved at producere p\u00e5 eftersp\u00f8rgsel hj\u00e6lper vi med at reducere overproduktion og spild \u2013 tak for at tr\u00e6ffe en b\u00e6redygtig og ansvarlig beslutning!<\/p>\n<p>Med <em>The White Flag is not My Flag &#8211; Denmark<\/em> kruset viser du ikke kun din st\u00f8tte til danske v\u00e6rdier og viljestyrke, men ogs\u00e5 din opbakning til Ukraines kamp for en fri og sikker fremtid. Del produktet med venner og familie, hvis du tror, de vil v\u00e6rds\u00e6tte det st\u00e6rke budskab og det gode form\u00e5l bag.<\/p>\n<p><strong>K\u00f8b nu og g\u00f8r en forskel!<\/strong> St\u00f8t Ukraines kamp for frihed og retf\u00e6rdighed, og lad dette krus v\u00e6re et symbol p\u00e5 styrke og uovervindelighed. F\u00f8lg UkraineBoost p\u00e5 sociale medier, og v\u00e6r med til at sprede budskabet om h\u00e5b og mod!<\/p>\n","protected":false},"excerpt":{"rendered":"<p>Sort krus &#8211; The White Flag is not My Flag &#8211; Denmark: For dem, der k\u00e6mper videre Vil du vise verden, at du aldrig giver op?<span class=\"excerpt-hellip\"> [\u2026]<\/span><\/p>\n","protected":false},"featured_media":44628,"comment_status":"open","ping_status":"closed","template":"","meta":[],"product_cat":[145],"product_tag":[],"_links":{"self":[{"href":"https:\/\/ukraineboost.com\/dk\/wp-json\/wp\/v2\/product\/44625"}],"collection":[{"href":"https:\/\/ukraineboost.com\/dk\/wp-json\/wp\/v2\/product"}],"about":[{"href":"https:\/\/ukraineboost.com\/dk\/wp-json\/wp\/v2\/types\/product"}],"replies":[{"embeddable":true,"href":"https:\/\/ukraineboost.com\/dk\/wp-json\/wp\/v2\/comments?post=44625"}],"wp:featuredmedia":[{"embeddable":true,"href":"https:\/\/ukraineboost.com\/dk\/wp-json\/wp\/v2\/media\/44628"}],"wp:attachment":[{"href":"https:\/\/ukraineboost.com\/dk\/wp-json\/wp\/v2\/media?parent=44625"}],"wp:term":[{"taxonomy":"product_cat","embeddable":true,"href":"https:\/\/ukraineboost.com\/dk\/wp-json\/wp\/v2\/product_cat?post=44625"},{"taxonomy":"product_tag","embeddable":true,"href":"https:\/\/ukraineboost.com\/dk\/wp-json\/wp\/v2\/product_tag?post=44625"}],"curies":[{"name":"wp","href":"https:\/\/api.w.org\/{rel}","templated":true}]}}