{"id":4018,"date":"2023-06-06T07:21:44","date_gmt":"2023-06-06T07:21:44","guid":{"rendered":"https:\/\/ukraineboost.com\/dk\/product\/unisex-heavy-blend-crewneck-sweatshirt-glory-to-ukraine-glory-to-the-heroes\/"},"modified":"2023-06-23T18:27:34","modified_gmt":"2023-06-23T18:27:34","slug":"unisex-heavy-blend-crewneck-sweatshirt-glory-to-ukraine-glory-to-the-heroes","status":"publish","type":"product","link":"https:\/\/ukraineboost.com\/dk\/product\/unisex-heavy-blend-crewneck-sweatshirt-glory-to-ukraine-glory-to-the-heroes\/","title":{"rendered":"Unisex Heavy Blend\u2122 Crewneck Sweatshirt &#8211; Glory to Ukraine &#8211; Glory to the Heroes"},"content":{"rendered":"<div class=\"flex flex-grow flex-col gap-3\">\n<div class=\"min-h-[20px] flex flex-col items-start gap-4 whitespace-pre-wrap break-words\">\n<div class=\"markdown prose w-full break-words dark:prose-invert light\">\n<p>Ideel til enhver situation er en unisex heavy blend crewneck sweatshirt ren komfort. Disse bekl\u00e6dningsgenstande er lavet af polyester og bomuld. Denne kombination hj\u00e6lper med at designene ser friske og smukke ud. Kraven er ribstrikket, s\u00e5 den beholder sin form selv efter vask. Der er ingen irriterende sides\u00f8mme p\u00e5 disse sweaters.<\/p>\n<\/div>\n<\/div>\n<\/div>\n<ul>\n<li>Mellem-tungt stof (8,0 oz\/yd\u00b2 (271,25 g\/m\u00b2))<\/li>\n<li>L\u00f8stsiddende pasform<\/li>\n<li>St\u00f8rrelsen svarer til normalt<\/li>\n<li>50% bomuld, 50% polyester<\/li>\n<li>Syet m\u00e6rke indvendigt<\/li>\n<\/ul>\n<h4>M\u00e5leskema<\/h4>\n<p>Vi opfordrer dig til v\u00e6re omhyggelig med at v\u00e6lge den rigtige st\u00f8rrelse, da vi gerne vil undg\u00e5 s\u00e5 mange returvarer som muligt. M\u00e5let er at st\u00f8tte Ukraine s\u00e5 derfor vil vi gerne holde alle omkostninger s\u00e5 lave som muligt. Vi vedl\u00e6gger m\u00e5lskemaer ved alle varer, da de kommer fra forskellige leverand\u00f8rer, s\u00e5 derfor kan st\u00f8rrelserne variere. Vi takker for din forst\u00e5else.<\/p>\n<table class=\"size-guide-table ng-star-inserted\" data-testid=\"sizeGuideTable\">\n<tbody>\n<tr class=\"header row\">\n<th class=\"cell small-text\"><\/th>\n<th class=\"cell small-text ng-star-inserted\">S<\/th>\n<th class=\"cell small-text ng-star-inserted\">M<\/th>\n<th class=\"cell small-text ng-star-inserted\">L<\/th>\n<th class=\"cell small-text ng-star-inserted\">XL<\/th>\n<th class=\"cell small-text ng-star-inserted\">2XL<\/th>\n<th class=\"cell small-text ng-star-inserted\">3XL<\/th>\n<th class=\"cell small-text ng-star-inserted\">4XL<\/th>\n<th class=\"cell small-text ng-star-inserted\">5XL<\/th>\n<\/tr>\n<tr class=\"content row ng-star-inserted\">\n<td class=\"cell small-text\" style=\"text-align: left;\">Bredde, cm<\/td>\n<td class=\"cell small-text ng-star-inserted\" data-testid=\"tableCell\">50.80<\/td>\n<td class=\"cell small-text ng-star-inserted\" data-testid=\"tableCell\">55.90<\/td>\n<td class=\"cell small-text ng-star-inserted\" data-testid=\"tableCell\">60.96<\/td>\n<td class=\"cell small-text ng-star-inserted\" data-testid=\"tableCell\">66.00<\/td>\n<td class=\"cell small-text ng-star-inserted\" data-testid=\"tableCell\">71.12<\/td>\n<td class=\"cell small-text ng-star-inserted\" data-testid=\"tableCell\">76.20<\/td>\n<td class=\"cell small-text ng-star-inserted\" data-testid=\"tableCell\">81.28<\/td>\n<td class=\"cell small-text ng-star-inserted\" data-testid=\"tableCell\">86.36<\/td>\n<\/tr>\n<tr class=\"content row ng-star-inserted\">\n<td class=\"cell small-text\" style=\"text-align: left;\">L\u00e6ngde, cm<\/td>\n<td class=\"cell small-text ng-star-inserted\" data-testid=\"tableCell\">68.58<\/td>\n<td class=\"cell small-text ng-star-inserted\" data-testid=\"tableCell\">71.12<\/td>\n<td class=\"cell small-text ng-star-inserted\" data-testid=\"tableCell\">73.66<\/td>\n<td class=\"cell small-text ng-star-inserted\" data-testid=\"tableCell\">76.20<\/td>\n<td class=\"cell small-text ng-star-inserted\" data-testid=\"tableCell\">78.74<\/td>\n<td class=\"cell small-text ng-star-inserted\" data-testid=\"tableCell\">81.28<\/td>\n<td class=\"cell small-text ng-star-inserted\" data-testid=\"tableCell\">83.80<\/td>\n<td class=\"cell small-text ng-star-inserted\" data-testid=\"tableCell\">86.36<\/td>\n<\/tr>\n<tr class=\"content row ng-star-inserted\">\n<td class=\"cell small-text\">\u00c6rmel\u00e6ngde, cm<\/td>\n<td class=\"cell small-text ng-star-inserted\" data-testid=\"tableCell\">50.80<\/td>\n<td class=\"cell small-text ng-star-inserted\" data-testid=\"tableCell\">53.40<\/td>\n<td class=\"cell small-text ng-star-inserted\" data-testid=\"tableCell\">55.90<\/td>\n<td class=\"cell small-text ng-star-inserted\" data-testid=\"tableCell\">58.40<\/td>\n<td class=\"cell small-text ng-star-inserted\" data-testid=\"tableCell\">61.00<\/td>\n<td class=\"cell small-text ng-star-inserted\" data-testid=\"tableCell\">63.50<\/td>\n<td class=\"cell small-text ng-star-inserted\" data-testid=\"tableCell\">66.10<\/td>\n<td class=\"cell small-text ng-star-inserted\" data-testid=\"tableCell\">68.60<\/td>\n<\/tr>\n<\/tbody>\n<\/table>\n<h4>Leveringstid<\/h4>\n<p>Da dette er et print on demand tid kan leveringstiden variere. Typisk er leveringstiden en til to uger. Vi pr\u00f8ver at finde en leverand\u00f8r s\u00e5 geografisk t\u00e6t p\u00e5 som muligt for at minimere leveringstid og transportomkostninger.<\/p>\n<h4>Egenskaber<\/h4>\n<p><img decoding=\"async\" class=\"alignleft wp-image-6902\" src=\"https:\/\/ukraineboost.com\/dk\/wp-content\/uploads\/sites\/12\/2023\/05\/icons_v4_outlined_34_without_side_seams.svg\" alt=\"\" width=\"50\" \/><\/p>\n<p><strong>Uden sides\u00f8mme<\/strong><\/p>\n<p>Strikket i \u00e9t stykke ved hj\u00e6lp af r\u00f8rformet strikning, reducerer det stofaffald og g\u00f8r bekl\u00e6dningsstykket mere attraktivt.<\/p>\n<p><a href=\"https:\/\/ukraineboost.com\/dk\/wp-content\/uploads\/sites\/12\/2023\/05\/icons_v4_outlined_39_collar_seam.svg\"><img decoding=\"async\" class=\"alignleft wp-image-6282\" src=\"https:\/\/ukraineboost.com\/dk\/wp-content\/uploads\/sites\/12\/2023\/05\/icons_v4_outlined_39_collar_seam.svg\" alt=\"\" width=\"50\" \/><\/a><strong>Ribstrikket krave med s\u00f8m<\/strong><\/p>\n<p>Den rillede strik g\u00f8r kraven meget elastisk og hj\u00e6lper med at bevare dens form<\/p>\n<p><img decoding=\"async\" class=\"alignleft wp-image-6253\" src=\"https:\/\/ukraineboost.com\/dk\/wp-content\/uploads\/sites\/12\/2023\/05\/icons_v4_outlined_1_cotton.svg\" alt=\"\" width=\"50\" \/><\/p>\n<p><strong>50% Bomuld 50% Polyester<\/strong><\/p>\n<p>Fremstillet af s\u00e6rligt spunne fibre, der giver en meget st\u00e6rk og glat stofkvalitet, perfekt til trykning. Polyesterfibre er ekstremt st\u00e6rke og modstandsdygtige over for de fleste kemikalier, str\u00e6kning og krympning.<\/p>\n<h4>Vedligeholdelse<\/h4>\n<p><a href=\"https:\/\/ukraineboost.com\/dk\/wp-content\/uploads\/sites\/12\/2023\/05\/main_59e0f7bdb8e7e31747148874.svg\"><img decoding=\"async\" class=\"alignnone size-full wp-image-6308\" src=\"https:\/\/ukraineboost.com\/dk\/wp-content\/uploads\/sites\/12\/2023\/05\/main_59e0f7bdb8e7e31747148874.svg\" alt=\"\" \/><\/a><img decoding=\"async\" class=\"alignnone size-medium wp-image-6312\" src=\"https:\/\/ukraineboost.com\/dk\/wp-content\/uploads\/sites\/12\/2023\/05\/main_59e71038b8e7e3497d1b51f3.svg\" alt=\"\" width=\"1\" height=\"1\" \/><img decoding=\"async\" class=\"alignnone size-full wp-image-6309\" src=\"https:\/\/ukraineboost.com\/dk\/wp-content\/uploads\/sites\/12\/2023\/05\/main_59e0f7fbb8e7e36e4f604bef.svg\" alt=\"\" \/><a href=\"https:\/\/ukraineboost.com\/dk\/wp-content\/uploads\/sites\/12\/2023\/06\/5a182c02b8e7e37c90280109.svg\"><img decoding=\"async\" class=\"alignnone size-full wp-image-7261\" src=\"https:\/\/ukraineboost.com\/dk\/wp-content\/uploads\/sites\/12\/2023\/06\/5a182c02b8e7e37c90280109.svg\" alt=\"\" \/><\/a><img decoding=\"async\" class=\"alignnone size-full wp-image-6311\" src=\"https:\/\/ukraineboost.com\/dk\/wp-content\/uploads\/sites\/12\/2023\/05\/main_59e0f996b8e7e30aa75167b2.svg\" alt=\"\" \/><img decoding=\"async\" class=\"alignnone size-full wp-image-6312\" src=\"https:\/\/ukraineboost.com\/dk\/wp-content\/uploads\/sites\/12\/2023\/05\/main_59e71038b8e7e3497d1b51f3.svg\" alt=\"\" \/><\/p>\n<p>Ikke-klorholdigt: blegemiddel efter behov; M\u00e5 ikke stryges; M\u00e5 ikke renses kemisk; Maskinvask: kold (maks. 30\u00b0C eller 90\u00b0F); T\u00f8rretumbling: lav varme.<\/p>\n","protected":false},"excerpt":{"rendered":"<p>Ideel til enhver situation er en unisex heavy blend crewneck sweatshirt ren komfort. Disse bekl\u00e6dningsgenstande er lavet af polyester og bomuld. Denne kombination hj\u00e6lper med at<span class=\"excerpt-hellip\"> [\u2026]<\/span><\/p>\n","protected":false},"featured_media":4074,"comment_status":"open","ping_status":"closed","template":"","meta":[],"product_cat":[195,168,179],"product_tag":[],"_links":{"self":[{"href":"https:\/\/ukraineboost.com\/dk\/wp-json\/wp\/v2\/product\/4018"}],"collection":[{"href":"https:\/\/ukraineboost.com\/dk\/wp-json\/wp\/v2\/product"}],"about":[{"href":"https:\/\/ukraineboost.com\/dk\/wp-json\/wp\/v2\/types\/product"}],"replies":[{"embeddable":true,"href":"https:\/\/ukraineboost.com\/dk\/wp-json\/wp\/v2\/comments?post=4018"}],"wp:featuredmedia":[{"embeddable":true,"href":"https:\/\/ukraineboost.com\/dk\/wp-json\/wp\/v2\/media\/4074"}],"wp:attachment":[{"href":"https:\/\/ukraineboost.com\/dk\/wp-json\/wp\/v2\/media?parent=4018"}],"wp:term":[{"taxonomy":"product_cat","embeddable":true,"href":"https:\/\/ukraineboost.com\/dk\/wp-json\/wp\/v2\/product_cat?post=4018"},{"taxonomy":"product_tag","embeddable":true,"href":"https:\/\/ukraineboost.com\/dk\/wp-json\/wp\/v2\/product_tag?post=4018"}],"curies":[{"name":"wp","href":"https:\/\/api.w.org\/{rel}","templated":true}]}}