{"id":38900,"date":"2024-06-11T08:46:40","date_gmt":"2024-06-11T08:46:40","guid":{"rendered":"https:\/\/ukraineboost.com\/dk\/product\/case-for-airpods-20\/"},"modified":"2024-06-12T10:36:40","modified_gmt":"2024-06-12T10:36:40","slug":"case-for-airpods-20","status":"publish","type":"product","link":"https:\/\/ukraineboost.com\/dk\/product\/case-for-airpods-20\/","title":{"rendered":"Etui til AirPods\u00ae &#8211; Sommer &#8211; Sommerbrise &#8211; sort baggrund"},"content":{"rendered":"<p><strong>St\u00f8t Ukraines kamp for frihed og sikkerhed med vores premium AirPods\u00ae etui!<\/strong><\/p>\n<p>Beskyt dine AirPods\u00ae med stil, mens du st\u00f8tter en \u00e6del sag. Lavet af f\u00f8rsteklasses st\u00f8dabsorberende materiale, dette etui er den ultimative beskyttelse mod ridser og fald, s\u00e5 dine earbuds forbliver i perfekt stand. Med et dristigt og unikt design kombinerer det funktionalitet med en erkl\u00e6ring om solidaritet for Ukraine.<\/p>\n<p><strong>Produktfunktioner:<\/strong><\/p>\n<ul>\n<li><strong>Premium polycarbonat (PC) materiale:<\/strong> sikrer holdbarhed og et elegant udseende.<\/li>\n<li><strong>St\u00f8dabsorberende beskyttelse:<\/strong> sk\u00e6rmer dine AirPods\u00ae mod st\u00f8d, fald og ridser.<\/li>\n<li><strong>Praktisk metal karabinhage:<\/strong> nem at fastg\u00f8re dine AirPods\u00ae til din taske, n\u00f8gler eller hvor som helst for nem adgang.<\/li>\n<li><strong>Sikker pasform:<\/strong> inkluderer et kl\u00e6bemiddel for sikkert at fastg\u00f8re den \u00f8verste del til AirPods\u00ae basen.<\/li>\n<li><strong>Opladerkompatibilitet:<\/strong> fungerer med b\u00e5de tr\u00e5dl\u00f8se og almindelige opladere.<\/li>\n<li><strong>Alsidig kompatibilitet:<\/strong> passer til 1., 2. og 3. generation AirPods\u00ae og 1. og 2. generation AirPods\u00ae Pro\u00ae.<\/li>\n<\/ul>\n<p><strong>Vigtig bem\u00e6rkning:<\/strong> AirPods\u00ae og AirPods\u00ae opladere er ikke inkluderet. AirPods\u00ae er et varem\u00e6rke registreret af Apple Inc. i USA og andre lande og regioner.<\/p>\n<p><strong>Gennemt\u00e6nkt produktion:<\/strong> Dette produkt bliver lavet specielt til dig, s\u00e5 snart du afgiver en ordre, hvilket er grunden til, at det tager lidt l\u00e6ngere tid at levere det til dig. Denne on-demand produktionsproces hj\u00e6lper med at reducere overproduktion, hvilket g\u00f8r dit k\u00f8b til en gennemt\u00e6nkt og milj\u00f8venlig beslutning.<\/p>\n<p>Beskyt dine AirPods\u00ae med stil og form\u00e5l. Hvert k\u00f8b st\u00f8tter Ukraines kamp for frihed og sikkerhed. Tak fordi du g\u00f8r en forskel!<\/p>\n","protected":false},"excerpt":{"rendered":"<p>St\u00f8t Ukraines kamp for frihed og sikkerhed med vores premium AirPods\u00ae etui! Beskyt dine AirPods\u00ae med stil, mens du st\u00f8tter en \u00e6del sag. Lavet af f\u00f8rsteklasses<span class=\"excerpt-hellip\"> [\u2026]<\/span><\/p>\n","protected":false},"featured_media":38906,"comment_status":"open","ping_status":"closed","template":"","meta":[],"product_cat":[133],"product_tag":[],"_links":{"self":[{"href":"https:\/\/ukraineboost.com\/dk\/wp-json\/wp\/v2\/product\/38900"}],"collection":[{"href":"https:\/\/ukraineboost.com\/dk\/wp-json\/wp\/v2\/product"}],"about":[{"href":"https:\/\/ukraineboost.com\/dk\/wp-json\/wp\/v2\/types\/product"}],"replies":[{"embeddable":true,"href":"https:\/\/ukraineboost.com\/dk\/wp-json\/wp\/v2\/comments?post=38900"}],"wp:featuredmedia":[{"embeddable":true,"href":"https:\/\/ukraineboost.com\/dk\/wp-json\/wp\/v2\/media\/38906"}],"wp:attachment":[{"href":"https:\/\/ukraineboost.com\/dk\/wp-json\/wp\/v2\/media?parent=38900"}],"wp:term":[{"taxonomy":"product_cat","embeddable":true,"href":"https:\/\/ukraineboost.com\/dk\/wp-json\/wp\/v2\/product_cat?post=38900"},{"taxonomy":"product_tag","embeddable":true,"href":"https:\/\/ukraineboost.com\/dk\/wp-json\/wp\/v2\/product_tag?post=38900"}],"curies":[{"name":"wp","href":"https:\/\/api.w.org\/{rel}","templated":true}]}}