{"id":38876,"date":"2024-06-11T08:05:36","date_gmt":"2024-06-11T08:05:36","guid":{"rendered":"https:\/\/ukraineboost.com\/dk\/product\/stainless-steel-tumbler-6\/"},"modified":"2024-06-12T10:37:45","modified_gmt":"2024-06-12T10:37:45","slug":"stainless-steel-tumbler-6","status":"publish","type":"product","link":"https:\/\/ukraineboost.com\/dk\/product\/stainless-steel-tumbler-6\/","title":{"rendered":"St\u00e5ltumbler &#8211; Sommer &#8211; Sommerbrise &#8211; sort baggrund"},"content":{"rendered":"<p><strong>St\u00f8t Ukraines kamp for frihed og sikkerhed med vores stilfulde termokrus i rustfrit st\u00e5l!<\/strong><\/p>\n<p>Nyd varme eller kolde drikke p\u00e5 farten med dette smukt designede termokrus i rustfrit st\u00e5l. Med et dristigt og levende m\u00f8nster er dette genanvendelige krus ikke kun en perfekt accessory til enhver tid p\u00e5 dagen, men ogs\u00e5 et meningsfuldt k\u00f8b, der st\u00f8tter Ukraines kamp for frihed og sikkerhed.<\/p>\n<p><strong>Produktfunktioner:<\/strong><\/p>\n<ul>\n<li><strong>Rustfrit st\u00e5l af h\u00f8j kvalitet:<\/strong> Sikrer holdbarhed og et elegant udseende.<\/li>\n<li><strong>Gener\u00f8s kapacitet:<\/strong> Rummer 600 ml af dine yndlingsdrikke.<\/li>\n<li><strong>Perfekte dimensioner:<\/strong> M\u00e5ler 7.9 cm \u00d7 21.4 cm, hvilket g\u00f8r det let at b\u00e6re og passer i standard kopholdere.<\/li>\n<li><strong>Komplet s\u00e6t:<\/strong> Leveres med et metal suger\u00f8r og et sikkert l\u00e5g.<\/li>\n<li><strong>Ergonomisk design:<\/strong> Cylindrisk form fra top til bund for et behageligt greb.<\/li>\n<\/ul>\n<p><strong>Plejeinstruktioner:<\/strong><\/p>\n<ul>\n<li><strong>H\u00e5ndvask kun:<\/strong> Ikke opvaskemaskine- eller mikrob\u00f8lgesikker. Hold det i perfekt stand ved at vaske det i h\u00e5nden.<\/li>\n<\/ul>\n<p><strong>Gennemt\u00e6nkt produktion:<\/strong> Dette produkt er lavet specielt til dig, s\u00e5 snart du afgiver en ordre. Denne on-demand produktionsproces hj\u00e6lper med at reducere overproduktion, hvilket g\u00f8r dit k\u00f8b til en gennemt\u00e6nkt og milj\u00f8venlig beslutning.<\/p>\n<p>St\u00f8t en \u00e6del sag og nyd dine drikkevarer med stil med vores termokrus i rustfrit st\u00e5l. Hvert k\u00f8b bidrager til Ukraines fortsatte kamp for frihed og sikkerhed. Tak fordi du g\u00f8r en forskel!<\/p>\n","protected":false},"excerpt":{"rendered":"<p>St\u00f8t Ukraines kamp for frihed og sikkerhed med vores stilfulde termokrus i rustfrit st\u00e5l! Nyd varme eller kolde drikke p\u00e5 farten med dette smukt designede termokrus<span class=\"excerpt-hellip\"> [\u2026]<\/span><\/p>\n","protected":false},"featured_media":38879,"comment_status":"open","ping_status":"closed","template":"","meta":[],"product_cat":[145],"product_tag":[],"_links":{"self":[{"href":"https:\/\/ukraineboost.com\/dk\/wp-json\/wp\/v2\/product\/38876"}],"collection":[{"href":"https:\/\/ukraineboost.com\/dk\/wp-json\/wp\/v2\/product"}],"about":[{"href":"https:\/\/ukraineboost.com\/dk\/wp-json\/wp\/v2\/types\/product"}],"replies":[{"embeddable":true,"href":"https:\/\/ukraineboost.com\/dk\/wp-json\/wp\/v2\/comments?post=38876"}],"wp:featuredmedia":[{"embeddable":true,"href":"https:\/\/ukraineboost.com\/dk\/wp-json\/wp\/v2\/media\/38879"}],"wp:attachment":[{"href":"https:\/\/ukraineboost.com\/dk\/wp-json\/wp\/v2\/media?parent=38876"}],"wp:term":[{"taxonomy":"product_cat","embeddable":true,"href":"https:\/\/ukraineboost.com\/dk\/wp-json\/wp\/v2\/product_cat?post=38876"},{"taxonomy":"product_tag","embeddable":true,"href":"https:\/\/ukraineboost.com\/dk\/wp-json\/wp\/v2\/product_tag?post=38876"}],"curies":[{"name":"wp","href":"https:\/\/api.w.org\/{rel}","templated":true}]}}