{"id":37354,"date":"2024-06-07T17:23:13","date_gmt":"2024-06-07T17:23:13","guid":{"rendered":"https:\/\/ukraineboost.com\/dk\/product\/all-over-print-recycled-string-bikini-10\/"},"modified":"2024-06-22T16:18:54","modified_gmt":"2024-06-22T16:18:54","slug":"all-over-print-recycled-string-bikini-10","status":"publish","type":"product","link":"https:\/\/ukraineboost.com\/dk\/product\/all-over-print-recycled-string-bikini-10\/","title":{"rendered":"String Bikini &#8211; Sommer &#8211; Sommerbrise &#8211; sort baggrund"},"content":{"rendered":"<h3>Kvalitets genanvendt string bikinis\u00e6t som st\u00f8tter en god sag<\/h3>\n<p><strong>Bliv komfortabel og stilfuld hele sommeren med dette bikinis\u00e6t.<\/strong> Lavet af bl\u00f8d genanvendt polyester med dobbeltlag og UPF 50+, sikrer dette bikinis\u00e6t, at du er klar til at sv\u00f8mme med stil. De alsidige stropper giver dig mulighed for at style det, som du vil, hvilket g\u00f8r det til en perfekt tilf\u00f8jelse til din sommergarderobe. Desuden g\u00e5r overskuddet til at st\u00f8tte Ukraines kamp for frihed og sikkerhed.<\/p>\n<ul>\n<li><strong>Egenskaber<\/strong>:\n<ul>\n<li>Bl\u00f8dt og str\u00e6kbart materiale med UPF 50+<\/li>\n<li>St\u00f8rrelser op til 6XL<\/li>\n<li>Bikinioverdel med aftagelig polstring for komfort<\/li>\n<li>Flere m\u00e5der at binde og style bikinis\u00e6ttet p\u00e5<\/li>\n<li>Farvedesignmuligheder til badet\u00f8jsforing<\/li>\n<\/ul>\n<\/li>\n<\/ul>\n<p><strong>Hvorfor v\u00e6lge vores genanvendte string bikinis\u00e6t?<\/strong><\/p>\n<p>Dette bikinis\u00e6t er fremstillet med b\u00e5de kvalitet og b\u00e6redygtighed for \u00f8je. Brug af genbrugsmaterialer g\u00f8r det til et milj\u00f8venligt valg, mens den holdbare konstruktion sikrer, at det vil holde gennem mange sommeroplevelser. Desuden g\u00e5r overskuddet fra hvert salg til at st\u00f8tte Ukraines kamp for frihed og sikkerhed. Ved at v\u00e6lge dette bikinis\u00e6t tr\u00e6ffer du et gennemt\u00e6nkt k\u00f8b, der hj\u00e6lper med at reducere overproduktion og st\u00f8tter en vigtig sag.<\/p>\n<p><strong>Bem\u00e6rkninger<\/strong>:<\/p>\n<ul>\n<li>P\u00e5 grund af den 2-lags konstruktion og interne syninger kan der forekomme en synlig syning i skridts\u00f8mmen p\u00e5 bikiniunderdelen. Dette er en normal del af fremstillingsprocessen og p\u00e5virker ikke produktets kvalitet eller ydeevne.<\/li>\n<li>For at f\u00e5 dit bikinis\u00e6t til at holde l\u00e6ngere, skyl det grundigt efter hver brug for at fjerne eventuelle klor- eller saltrester.<\/li>\n<\/ul>\n<p><strong>Bem\u00e6rk venligst<\/strong>: Dette produkt bliver lavet specielt til dig, s\u00e5 snart du afgiver en ordre, hvilket er grunden til, at det tager lidt l\u00e6ngere tid at levere. Ved at lave produkter p\u00e5 bestilling i stedet for i store m\u00e6ngder hj\u00e6lper vi med at reducere spild og fremmer b\u00e6redygtig produktion. Tak for din t\u00e5lmodighed og for at tr\u00e6ffe et bevidst valg.<\/p>\n<p><strong>Udstyr dig selv med stil, komfort og en meningsfuld bidrag. Bestil dit genanvendte string bikinis\u00e6t i dag og st\u00f8t Ukraines kamp for frihed! <br \/><\/strong><\/p>\n<div class=\"flex flex-grow flex-col gap-3\">\n<div class=\"min-h-[20px] flex items-start overflow-x-auto whitespace-pre-wrap break-words flex-col gap-4\">\n<div class=\"markdown prose w-full break-words dark:prose-invert light\">\n<h4>M\u00e5lskema<\/h4>\n<p>Vi opfordrer dig til v\u00e6re omhyggelig med at v\u00e6lge den rigtige st\u00f8rrelse, da vi gerne vil undg\u00e5 s\u00e5 mange returvarer som muligt. M\u00e5let er at st\u00f8tte Ukraine s\u00e5 derfor vil vi gerne holde alle omkostninger s\u00e5 lave som muligt. Vi vedl\u00e6gger m\u00e5lskemaer ved alle varer, da de kommer fra forskellige leverand\u00f8rer, s\u00e5 derfor kan st\u00f8rrelserne variere. Vi takker for din forst\u00e5else.<\/p>\n<div class=\"flex flex-grow flex-col gap-3\">\n<div class=\"min-h-[20px] flex items-start overflow-x-auto whitespace-pre-wrap break-words flex-col gap-4\">\n<div class=\"markdown prose w-full break-words dark:prose-invert light\">\n<h5>Guide til kropsm\u00e5linger<\/h5>\n<h3>Guide til kropsm\u00e5l<\/h3>\n<p>Denne st\u00f8rrelsesguide viser kropsm\u00e5l. Vi foresl\u00e5r at bestille en st\u00f8rrelse st\u00f8rre, n\u00e5r dine m\u00e5l er mellem to st\u00f8rrelser. m\u00e5l-dig-selv<\/p>\n<h4><img decoding=\"async\" class=\"size-medium wp-image-8330 alignleft\" src=\"https:\/\/ukraineboost.com\/dk\/wp-content\/uploads\/sites\/12\/2023\/07\/bikini-199x300.png\" alt=\"\" width=\"199\" height=\"300\" srcset=\"https:\/\/ukraineboost.com\/dk\/wp-content\/uploads\/sites\/12\/2023\/07\/bikini-199x300.png 199w, https:\/\/ukraineboost.com\/dk\/wp-content\/uploads\/sites\/12\/2023\/07\/bikini-50x75.png 50w, https:\/\/ukraineboost.com\/dk\/wp-content\/uploads\/sites\/12\/2023\/07\/bikini-16x24.png 16w, https:\/\/ukraineboost.com\/dk\/wp-content\/uploads\/sites\/12\/2023\/07\/bikini-24x36.png 24w, https:\/\/ukraineboost.com\/dk\/wp-content\/uploads\/sites\/12\/2023\/07\/bikini-32x48.png 32w, https:\/\/ukraineboost.com\/dk\/wp-content\/uploads\/sites\/12\/2023\/07\/bikini.png 242w\" sizes=\"(max-width:767px) 199px, 199px\" \/>A Bryst<\/h4>\n<p>Placer den ene ende af m\u00e5leb\u00e5ndet p\u00e5 den fyldigste del af brystet og f\u00f8r m\u00e5leb\u00e5ndet rundt om ryggen (under armhulerne, over skulderbladene) tilbage til udgangspunktet.<\/p>\n<h4>B Hofter<\/h4>\n<p>Placer begyndelsen af m\u00e5leb\u00e5ndet p\u00e5 den ene hofte og f\u00f8r m\u00e5leb\u00e5ndet hen over den fyldigste del af hofterne tilbage til udgangspunktet.<\/p>\n<\/div>\n<\/div>\n<\/div>\n<\/div>\n<\/div>\n<\/div>\n<div>\n<table class=\"size-guide__table size-guide__new\">\n<thead>\n<tr>\n<td>St\u00f8rrelse<\/td>\n<td>Bryst<\/td>\n<td>Hofter<\/td>\n<\/tr>\n<\/thead>\n<tbody>\n<tr>\n<td>2XS<\/td>\n<td>80<\/td>\n<td>86<\/td>\n<\/tr>\n<tr>\n<td>XS<\/td>\n<td>84<\/td>\n<td>90<\/td>\n<\/tr>\n<tr>\n<td>S<\/td>\n<td>88<\/td>\n<td>94<\/td>\n<\/tr>\n<tr>\n<td>M<\/td>\n<td>92<\/td>\n<td>98<\/td>\n<\/tr>\n<tr>\n<td>L<\/td>\n<td>100<\/td>\n<td>106<\/td>\n<\/tr>\n<tr>\n<td>XL<\/td>\n<td>108<\/td>\n<td>114<\/td>\n<\/tr>\n<tr>\n<td>2XL<\/td>\n<td>116<\/td>\n<td>122<\/td>\n<\/tr>\n<tr>\n<td>3XL<\/td>\n<td>124<\/td>\n<td>130<\/td>\n<\/tr>\n<tr>\n<td>4XL<\/td>\n<td>132<\/td>\n<td>138<\/td>\n<\/tr>\n<tr>\n<td>5XL<\/td>\n<td>140<\/td>\n<td>146<\/td>\n<\/tr>\n<tr>\n<td>6XL<\/td>\n<td>148<\/td>\n<td>154<\/td>\n<\/tr>\n<\/tbody>\n<\/table>\n<\/div>\n<div>\u00a0<\/div>\n<div class=\"flex flex-grow flex-col gap-3\">\n<div class=\"min-h-[20px] flex items-start overflow-x-auto whitespace-pre-wrap break-words flex-col gap-4\">\n<div class=\"markdown prose w-full break-words dark:prose-invert light\">\n<h5>Produktm\u00e5linger<\/h5>\n<p><img decoding=\"async\" class=\"size-medium wp-image-8331 alignleft\" src=\"https:\/\/ukraineboost.com\/dk\/wp-content\/uploads\/sites\/12\/2023\/07\/ad076d1fd0ddc074fcad484b54cfbe03_l-300x300.png\" alt=\"\" width=\"300\" height=\"300\" srcset=\"https:\/\/ukraineboost.com\/dk\/wp-content\/uploads\/sites\/12\/2023\/07\/ad076d1fd0ddc074fcad484b54cfbe03_l-300x300.png 300w, https:\/\/ukraineboost.com\/dk\/wp-content\/uploads\/sites\/12\/2023\/07\/ad076d1fd0ddc074fcad484b54cfbe03_l-150x150.png 150w, https:\/\/ukraineboost.com\/dk\/wp-content\/uploads\/sites\/12\/2023\/07\/ad076d1fd0ddc074fcad484b54cfbe03_l-75x75.png 75w, https:\/\/ukraineboost.com\/dk\/wp-content\/uploads\/sites\/12\/2023\/07\/ad076d1fd0ddc074fcad484b54cfbe03_l-24x24.png 24w, https:\/\/ukraineboost.com\/dk\/wp-content\/uploads\/sites\/12\/2023\/07\/ad076d1fd0ddc074fcad484b54cfbe03_l-36x36.png 36w, https:\/\/ukraineboost.com\/dk\/wp-content\/uploads\/sites\/12\/2023\/07\/ad076d1fd0ddc074fcad484b54cfbe03_l-48x48.png 48w, https:\/\/ukraineboost.com\/dk\/wp-content\/uploads\/sites\/12\/2023\/07\/ad076d1fd0ddc074fcad484b54cfbe03_l-50x50.png 50w, https:\/\/ukraineboost.com\/dk\/wp-content\/uploads\/sites\/12\/2023\/07\/ad076d1fd0ddc074fcad484b54cfbe03_l-100x100.png 100w, https:\/\/ukraineboost.com\/dk\/wp-content\/uploads\/sites\/12\/2023\/07\/ad076d1fd0ddc074fcad484b54cfbe03_l.png 344w\" sizes=\"(max-width:767px) 300px, 300px\" \/>Denne st\u00f8rrelsesguide viser produktm\u00e5linger, der er taget, n\u00e5r produkterne ligger fladt. Faktiske produktm\u00e5linger kan variere med op til 1&#8243;, da de er h\u00e5ndlavede efter m\u00e5l. Den nederste kant af bh-sk\u00e5len m\u00e5les, n\u00e5r den ligger fladt og f\u00f8lger den buede linje. Bagsiden af bikinitrusserne er 1-1.2&#8243; (2.5-3 cm) bredere end forsiden. produktm\u00e5linger A &#8211; L\u00e6ngde p\u00e5 bh-sk\u00e5l B &#8211; Bredde p\u00e5 bh-sk\u00e5l C &#8211; Bredde p\u00e5 ryggen D &#8211; H\u00f8jde p\u00e5 trussen<\/div>\n<\/div>\n<\/div>\n<p>\u00a0 \u00a0<\/p>\n<table class=\"size-guide__table size-guide__new\">\n<thead>\n<tr>\n<td>St\u00f8rrelse<\/td>\n<td>A<\/td>\n<td>B<\/td>\n<td>C<\/td>\n<td>D<\/td>\n<\/tr>\n<\/thead>\n<tbody>\n<tr>\n<td>2XS<\/td>\n<td>16.5<\/td>\n<td>18<\/td>\n<td>24.4<\/td>\n<td>24<\/td>\n<\/tr>\n<tr>\n<td>XS<\/td>\n<td>17<\/td>\n<td>19<\/td>\n<td>26.4<\/td>\n<td>24.4<\/td>\n<\/tr>\n<tr>\n<td>S<\/td>\n<td>18<\/td>\n<td>20<\/td>\n<td>28.5<\/td>\n<td>25<\/td>\n<\/tr>\n<tr>\n<td>M<\/td>\n<td>18.5<\/td>\n<td>21<\/td>\n<td>30.5<\/td>\n<td>25.4<\/td>\n<\/tr>\n<tr>\n<td>L<\/td>\n<td>20<\/td>\n<td>23<\/td>\n<td>34.5<\/td>\n<td>26.4<\/td>\n<\/tr>\n<tr>\n<td>XL<\/td>\n<td>21.6<\/td>\n<td>25<\/td>\n<td>38.6<\/td>\n<td>28.5<\/td>\n<\/tr>\n<tr>\n<td>2XL<\/td>\n<td>23<\/td>\n<td>27<\/td>\n<td>42.4<\/td>\n<td>30.5<\/td>\n<\/tr>\n<tr>\n<td>3XL<\/td>\n<td>24.4<\/td>\n<td>29<\/td>\n<td>46.5<\/td>\n<td>32.5<\/td>\n<\/tr>\n<tr>\n<td>4XL<\/td>\n<td>26<\/td>\n<td>31<\/td>\n<td>50.6<\/td>\n<td>34.5<\/td>\n<\/tr>\n<tr>\n<td>5XL<\/td>\n<td>27.4<\/td>\n<td>33<\/td>\n<td>54.6<\/td>\n<td>36.6<\/td>\n<\/tr>\n<tr>\n<td>6XL<\/td>\n<td>29<\/td>\n<td>35<\/td>\n<td>58.4<\/td>\n<td>38.6<\/td>\n<\/tr>\n<\/tbody>\n<\/table>\n<p>Pro-tip! M\u00e5l et af dine produkter derhjemme og sammenlign med m\u00e5lene, du ser i denne vejledning.<\/p>\n<p>Alle m\u00e5l er i centimeter<\/p>\n","protected":false},"excerpt":{"rendered":"<p>Kvalitets genanvendt string bikinis\u00e6t som st\u00f8tter en god sag Bliv komfortabel og stilfuld hele sommeren med dette bikinis\u00e6t. Lavet af bl\u00f8d genanvendt polyester med dobbeltlag og<span class=\"excerpt-hellip\"> [\u2026]<\/span><\/p>\n","protected":false},"featured_media":37366,"comment_status":"open","ping_status":"closed","template":"","meta":[],"product_cat":[180],"product_tag":[],"_links":{"self":[{"href":"https:\/\/ukraineboost.com\/dk\/wp-json\/wp\/v2\/product\/37354"}],"collection":[{"href":"https:\/\/ukraineboost.com\/dk\/wp-json\/wp\/v2\/product"}],"about":[{"href":"https:\/\/ukraineboost.com\/dk\/wp-json\/wp\/v2\/types\/product"}],"replies":[{"embeddable":true,"href":"https:\/\/ukraineboost.com\/dk\/wp-json\/wp\/v2\/comments?post=37354"}],"wp:featuredmedia":[{"embeddable":true,"href":"https:\/\/ukraineboost.com\/dk\/wp-json\/wp\/v2\/media\/37366"}],"wp:attachment":[{"href":"https:\/\/ukraineboost.com\/dk\/wp-json\/wp\/v2\/media?parent=37354"}],"wp:term":[{"taxonomy":"product_cat","embeddable":true,"href":"https:\/\/ukraineboost.com\/dk\/wp-json\/wp\/v2\/product_cat?post=37354"},{"taxonomy":"product_tag","embeddable":true,"href":"https:\/\/ukraineboost.com\/dk\/wp-json\/wp\/v2\/product_tag?post=37354"}],"curies":[{"name":"wp","href":"https:\/\/api.w.org\/{rel}","templated":true}]}}