{"id":36655,"date":"2024-06-06T15:21:10","date_gmt":"2024-06-06T15:21:10","guid":{"rendered":"https:\/\/ukraineboost.com\/dk\/product\/womens-rash-guard-21\/"},"modified":"2024-06-23T13:12:33","modified_gmt":"2024-06-23T13:12:33","slug":"womens-rash-guard-21","status":"publish","type":"product","link":"https:\/\/ukraineboost.com\/dk\/product\/womens-rash-guard-21\/","title":{"rendered":"Rash Guard til kvinder &#8211; Sommer &#8211; Sommerbrise"},"content":{"rendered":"<h3>Kvalitets lang\u00e6rmet rash guard<\/h3>\n<p><strong>V\u00e6r ikke bange for at v\u00e6re din mest aktive selv i denne glatte og alsidige lang\u00e6rmede rash guard!<\/strong> Designet til at beskytte dig mod solen, vinden og andre elementer, mens du dyrker sport, tilbyder denne rash guard en slank pasform, flade ergonomiske s\u00f8mme og en l\u00e6ngere krop for ekstra komfort. Perfekt til enhver udend\u00f8rs aktivitet, sikrer denne kvalitets rash guard, at du forbliver beskyttet og komfortabel.<\/p>\n<ul>\n<li><strong>Egenskaber<\/strong>:\n<ul>\n<li>82% polyester, 18% spandex<\/li>\n<li>230 g\/m\u00b2 (6.78 oz\/yd\u00b2) (v\u00e6gten kan variere med 5%)<\/li>\n<li>Meget bl\u00f8dt firevejs str\u00e6kstof, der str\u00e6kker sig og gendannes p\u00e5 tv\u00e6rs og l\u00e6ngde af kornene<\/li>\n<li>T\u00e6tsiddende design<\/li>\n<li>UPF 50+ beskyttelse<\/li>\n<li>Komfortabel l\u00e6ngere krop og \u00e6rmer<\/li>\n<li>Flade s\u00f8mme og coverstitch<\/li>\n<\/ul>\n<\/li>\n<\/ul>\n<p><strong>Hvorfor v\u00e6lge vores lang\u00e6rmede rash guard?<\/strong><\/p>\n<p>Denne rash guard er designet med b\u00e5de kvalitet og funktionalitet for \u00f8je. Brug af kvalitetsmaterialer sikrer en glat og behagelig pasform, mens det firevejs str\u00e6kstof giver maksimal fleksibilitet og holdbarhed. Desuden g\u00e5r overskuddet fra hvert salg til at st\u00f8tte Ukraines kamp for frihed og sikkerhed. Ved at v\u00e6lge denne rash guard tr\u00e6ffer du et gennemt\u00e6nkt k\u00f8b, der hj\u00e6lper med at reducere overproduktion og st\u00f8tter en vigtig sag.<\/p>\n<p><strong>Bem\u00e6rk venligst<\/strong>: Dette produkt bliver lavet specielt til dig, s\u00e5 snart du afgiver en ordre, hvilket er grunden til, at det tager lidt l\u00e6ngere tid at levere. Ved at lave produkter p\u00e5 bestilling i stedet for i store m\u00e6ngder hj\u00e6lper vi med at reducere spild og fremmer b\u00e6redygtig produktion. Tak for din t\u00e5lmodighed og for at tr\u00e6ffe et bevidst valg.<\/p>\n<p><strong>Udstyr dig selv med stil, komfort og en meningsfuld bidrag. Bestil din lang\u00e6rmede rash guard i dag og st\u00f8t Ukraines kamp for frihed! <br \/><\/strong><\/p>\n<h4>M\u00e5lskema<\/h4>\n<p>Vi opfordrer dig til v\u00e6re omhyggelig med at v\u00e6lge den rigtige st\u00f8rrelse, da vi gerne vil undg\u00e5 s\u00e5 mange returvarer som muligt. M\u00e5let er at st\u00f8tte Ukraine s\u00e5 derfor vil vi gerne holde alle omkostninger s\u00e5 lave som muligt. Vi vedl\u00e6gger m\u00e5lskemaer ved alle varer, da de kommer fra forskellige leverand\u00f8rer, s\u00e5 derfor kan st\u00f8rrelserne variere. Vi takker for din forst\u00e5else.<\/p>\n<div class=\"flex flex-grow flex-col gap-3\">\n<div class=\"min-h-[20px] flex flex-col items-start gap-3 overflow-x-auto whitespace-pre-wrap break-words\">\n<div class=\"markdown prose w-full break-words dark:prose-invert light\">\n<h5>Produktm\u00e5linger<\/h5>\n<p>Denne st\u00f8rrelsesguide viser produktm\u00e5linger, der er taget, n\u00e5r produkterne ligger fladt. Faktiske produktm\u00e5linger kan variere med op til 1&#8243;, fordi de er h\u00e5ndlavet efter bestilling. produkt-m\u00e5linger<\/p>\n<p><img decoding=\"async\" class=\"size-medium wp-image-15707 alignleft\" src=\"https:\/\/ukraineboost.com\/dk\/wp-content\/uploads\/sites\/12\/2023\/08\/womens_rash-guard-300x300.png\" alt=\"\" width=\"300\" height=\"300\" srcset=\"https:\/\/ukraineboost.com\/dk\/wp-content\/uploads\/sites\/12\/2023\/08\/womens_rash-guard-300x300.png 300w, https:\/\/ukraineboost.com\/dk\/wp-content\/uploads\/sites\/12\/2023\/08\/womens_rash-guard-150x150.png 150w, https:\/\/ukraineboost.com\/dk\/wp-content\/uploads\/sites\/12\/2023\/08\/womens_rash-guard-75x75.png 75w, https:\/\/ukraineboost.com\/dk\/wp-content\/uploads\/sites\/12\/2023\/08\/womens_rash-guard-24x24.png 24w, https:\/\/ukraineboost.com\/dk\/wp-content\/uploads\/sites\/12\/2023\/08\/womens_rash-guard-36x36.png 36w, https:\/\/ukraineboost.com\/dk\/wp-content\/uploads\/sites\/12\/2023\/08\/womens_rash-guard-48x48.png 48w, https:\/\/ukraineboost.com\/dk\/wp-content\/uploads\/sites\/12\/2023\/08\/womens_rash-guard-50x50.png 50w, https:\/\/ukraineboost.com\/dk\/wp-content\/uploads\/sites\/12\/2023\/08\/womens_rash-guard-100x100.png 100w, https:\/\/ukraineboost.com\/dk\/wp-content\/uploads\/sites\/12\/2023\/08\/womens_rash-guard.png 343w\" sizes=\"(max-width:767px) 300px, 300px\" \/>A 1\/2 brystbredde<\/p>\n<p>B 1\/2 taljebredde<\/p>\n<p>C l\u00e6ngde<\/p>\n<p>D 1\/2 overarmbredde<\/p>\n<p>E \u00e6rmel\u00e6ngde<\/p>\n<table class=\"size-guide__table size-guide__new\">\n<thead>\n<tr>\n<td>St\u00f8rrelse<\/td>\n<td>A<\/td>\n<td>B<\/td>\n<td>C<\/td>\n<td>D<\/td>\n<td>E<\/td>\n<\/tr>\n<\/thead>\n<tbody>\n<tr>\n<td>XS<\/td>\n<td>37<\/td>\n<td>35<\/td>\n<td>67<\/td>\n<td>13<\/td>\n<td>71<\/td>\n<\/tr>\n<tr>\n<td>S<\/td>\n<td>39<\/td>\n<td>37<\/td>\n<td>68<\/td>\n<td>14<\/td>\n<td>72<\/td>\n<\/tr>\n<tr>\n<td>M<\/td>\n<td>41<\/td>\n<td>39<\/td>\n<td>69<\/td>\n<td>15<\/td>\n<td>73<\/td>\n<\/tr>\n<tr>\n<td>L<\/td>\n<td>45<\/td>\n<td>43<\/td>\n<td>70<\/td>\n<td>17<\/td>\n<td>74<\/td>\n<\/tr>\n<tr>\n<td>XL<\/td>\n<td>49<\/td>\n<td>47<\/td>\n<td>71<\/td>\n<td>19<\/td>\n<td>75<\/td>\n<\/tr>\n<tr>\n<td>2XL<\/td>\n<td>53<\/td>\n<td>51<\/td>\n<td>72<\/td>\n<td>21<\/td>\n<td>76<\/td>\n<\/tr>\n<tr>\n<td>3XL<\/td>\n<td>57<\/td>\n<td>55<\/td>\n<td>73<\/td>\n<td>23<\/td>\n<td>77<\/td>\n<\/tr>\n<\/tbody>\n<\/table>\n<p>Alle m\u00e5l er angivet i centimeter<\/p>\n<div class=\"flex flex-grow flex-col gap-3\">\n<div class=\"min-h-[20px] flex flex-col items-start gap-3 overflow-x-auto whitespace-pre-wrap break-words\">\n<div class=\"markdown prose w-full break-words dark:prose-invert light\">\n<h5>Guide til kropsm\u00e5ling<\/h5>\n<p><img decoding=\"async\" class=\"size-medium wp-image-15708 alignleft\" src=\"https:\/\/ukraineboost.com\/dk\/wp-content\/uploads\/sites\/12\/2023\/08\/womens-rash-guard-155x300.png\" alt=\"\" width=\"155\" height=\"300\" srcset=\"https:\/\/ukraineboost.com\/dk\/wp-content\/uploads\/sites\/12\/2023\/08\/womens-rash-guard-155x300.png 155w, https:\/\/ukraineboost.com\/dk\/wp-content\/uploads\/sites\/12\/2023\/08\/womens-rash-guard-39x75.png 39w, https:\/\/ukraineboost.com\/dk\/wp-content\/uploads\/sites\/12\/2023\/08\/womens-rash-guard-12x24.png 12w, https:\/\/ukraineboost.com\/dk\/wp-content\/uploads\/sites\/12\/2023\/08\/womens-rash-guard-19x36.png 19w, https:\/\/ukraineboost.com\/dk\/wp-content\/uploads\/sites\/12\/2023\/08\/womens-rash-guard-25x48.png 25w, https:\/\/ukraineboost.com\/dk\/wp-content\/uploads\/sites\/12\/2023\/08\/womens-rash-guard.png 168w\" sizes=\"(max-width:767px) 155px, 155px\" \/>Denne st\u00f8rrelsesguide viser kropsm\u00e5linger. Vi foresl\u00e5r at bestille en st\u00f8rrelse op, n\u00e5r dine m\u00e5linger befinder sig mellem st\u00f8rrelser. m\u00e5l-din-krop<\/p>\n<p>For alle horisontale m\u00e5linger, skal du s\u00f8rge for, at m\u00e5leb\u00e5ndet holdes parallelt med jorden.<\/p>\n<p>A Bryst<\/p>\n<p>Placer den ene ende af m\u00e5leb\u00e5ndet p\u00e5 den fyldigste del af brystet og f\u00f8r b\u00e5ndet om bagp\u00e5 (under armhulerne, over skulderbladene) tilbage til, hvor du startede.<\/p>\n<p>B Talje<\/p>\n<p>Placer m\u00e5leb\u00e5ndet p\u00e5 den smalleste del af taljen og m\u00e5l rundt.<\/p>\n<p>C Hofter<\/p>\n<p>Placer begyndelsen af m\u00e5leb\u00e5ndet p\u00e5 den ene hofte og f\u00f8r b\u00e5ndet hen over den fyldigste del af hofterne tilbage til, hvor du startede med at m\u00e5le.<\/p>\n<table class=\"size-guide__table size-guide__new\">\n<thead>\n<tr>\n<td>St\u00f8rrelse<\/td>\n<td>Bryst<\/td>\n<td>Talje<\/td>\n<td>Hofter<\/td>\n<\/tr>\n<\/thead>\n<tbody>\n<tr>\n<td>XS<\/td>\n<td>88<\/td>\n<td>68<\/td>\n<td>94<\/td>\n<\/tr>\n<tr>\n<td>S<\/td>\n<td>92<\/td>\n<td>72<\/td>\n<td>98<\/td>\n<\/tr>\n<tr>\n<td>M<\/td>\n<td>96<\/td>\n<td>76<\/td>\n<td>102<\/td>\n<\/tr>\n<tr>\n<td>L<\/td>\n<td>104<\/td>\n<td>84<\/td>\n<td>110<\/td>\n<\/tr>\n<tr>\n<td>XL<\/td>\n<td>112<\/td>\n<td>92<\/td>\n<td>118<\/td>\n<\/tr>\n<tr>\n<td>2XL<\/td>\n<td>120<\/td>\n<td>100<\/td>\n<td>126<\/td>\n<\/tr>\n<tr>\n<td>3XL<\/td>\n<td>128<\/td>\n<td>108<\/td>\n<td>134<\/td>\n<\/tr>\n<\/tbody>\n<\/table>\n<p>Alle m\u00e5l er angivet i centimeter<\/p>\n<p>Pro-tip! M\u00e5l et af dine produkter derhjemme og sammenlign med m\u00e5lene, du ser i denne vejledning.<\/p>\n<\/div>\n<\/div>\n<\/div>\n<\/div>\n<\/div>\n<\/div>\n","protected":false},"excerpt":{"rendered":"<p>Kvalitets lang\u00e6rmet rash guard V\u00e6r ikke bange for at v\u00e6re din mest aktive selv i denne glatte og alsidige lang\u00e6rmede rash guard! Designet til at beskytte<span class=\"excerpt-hellip\"> [\u2026]<\/span><\/p>\n","protected":false},"featured_media":36663,"comment_status":"open","ping_status":"closed","template":"","meta":[],"product_cat":[178],"product_tag":[],"_links":{"self":[{"href":"https:\/\/ukraineboost.com\/dk\/wp-json\/wp\/v2\/product\/36655"}],"collection":[{"href":"https:\/\/ukraineboost.com\/dk\/wp-json\/wp\/v2\/product"}],"about":[{"href":"https:\/\/ukraineboost.com\/dk\/wp-json\/wp\/v2\/types\/product"}],"replies":[{"embeddable":true,"href":"https:\/\/ukraineboost.com\/dk\/wp-json\/wp\/v2\/comments?post=36655"}],"wp:featuredmedia":[{"embeddable":true,"href":"https:\/\/ukraineboost.com\/dk\/wp-json\/wp\/v2\/media\/36663"}],"wp:attachment":[{"href":"https:\/\/ukraineboost.com\/dk\/wp-json\/wp\/v2\/media?parent=36655"}],"wp:term":[{"taxonomy":"product_cat","embeddable":true,"href":"https:\/\/ukraineboost.com\/dk\/wp-json\/wp\/v2\/product_cat?post=36655"},{"taxonomy":"product_tag","embeddable":true,"href":"https:\/\/ukraineboost.com\/dk\/wp-json\/wp\/v2\/product_tag?post=36655"}],"curies":[{"name":"wp","href":"https:\/\/api.w.org\/{rel}","templated":true}]}}