{"id":36421,"date":"2024-06-06T07:59:42","date_gmt":"2024-06-06T07:59:42","guid":{"rendered":"https:\/\/ukraineboost.com\/dk\/product\/recycled-high-waisted-bikini-9\/"},"modified":"2024-06-24T09:03:50","modified_gmt":"2024-06-24T09:03:50","slug":"recycled-high-waisted-bikini-9","status":"publish","type":"product","link":"https:\/\/ukraineboost.com\/dk\/product\/recycled-high-waisted-bikini-9\/","title":{"rendered":"H\u00f8jtaljet bikini &#8211; Sommer &#8211; Sommerbrise"},"content":{"rendered":"<div class=\"flex flex-grow flex-col max-w-full\">\n<div class=\"min-h-[20px] text-message flex flex-col items-start whitespace-pre-wrap break-words [.text-message+&amp;]:mt-5 juice:w-full juice:items-end overflow-x-auto gap-2\" dir=\"auto\" data-message-author-role=\"assistant\" data-message-id=\"60158a8c-b82e-4e66-832e-5dcbefd27204\">\n<div class=\"flex w-full flex-col gap-1 juice:empty:hidden juice:first:pt-[3px]\">\n<div class=\"markdown prose w-full break-words dark:prose-invert light\">\n<h3>Kvalitets bikinis\u00e6t som st\u00f8tter Ukraine<\/h3>\n<p><strong>Det er for nemt at blive forelsket i dette bikinis\u00e6t.<\/strong> Aftagelige puder og dets dobbeltlagsdesign g\u00f8r det behageligt at have p\u00e5 hele dagen ved poolen eller stranden. Dette kvalitets bikinis\u00e6t kombinerer stil, komfort og b\u00e6redygtighed, hvilket g\u00f8r det til et must-have i din sommergarderobe.<\/p>\n<ul>\n<li><strong>Egenskaber<\/strong>:\n<ul>\n<li>Stofsammens\u00e6tning: 88% genanvendt polyester, 12% elastan<\/li>\n<li>Stofv\u00e6gt: (kan variere med 5%): 230 g\/m\u00b2<\/li>\n<li>Dobbeltlags og ikke-vendbart<\/li>\n<li>Aftagelig polstring<\/li>\n<li>Aftagelig plejeetiket<\/li>\n<li>Zigzag syning<\/li>\n<li>Produktkomponenter i EU stammer fra Spanien, Tyskland, Taiwan, Vietnam, Cambodja og Litauen<\/li>\n<\/ul>\n<\/li>\n<\/ul>\n<p><strong>Hvorfor v\u00e6lge vores bikinis\u00e6t?<\/strong><\/p>\n<p>Dette bikinis\u00e6t er fremstillet med b\u00e5de kvalitet og b\u00e6redygtighed for \u00f8je. Brug af genbrugsmaterialer og f\u00f8rsteklasses stoffer sikrer en behagelig og holdbar pasform, perfekt til lange dage ved stranden eller poolen. Desuden g\u00e5r overskuddet fra salget til at st\u00f8tte Ukraines kamp for frihed og sikkerhed. Ved at v\u00e6lge dette bikinis\u00e6t tr\u00e6ffer du et gennemt\u00e6nkt k\u00f8b, der hj\u00e6lper med at reducere overproduktion og st\u00f8tter en vigtig sag.<\/p>\n<p><strong>Bem\u00e6rk venligst<\/strong>: Dette produkt bliver lavet specielt til dig, s\u00e5 snart du afgiver en ordre, hvilket er grunden til, at det tager lidt l\u00e6ngere tid at levere. Ved at lave produkter p\u00e5 bestilling i stedet for i store m\u00e6ngder hj\u00e6lper vi med at reducere spild og fremmer b\u00e6redygtig produkter. Tak for din t\u00e5lmodighed og for at tr\u00e6ffe et bevidst valg.<\/p>\n<p><strong>Udstyr dig selv med stil, komfort og en meningsfuld bidrag. Bestil dit bikinis\u00e6t i dag og st\u00f8t Ukraines kamp for frihed! <br \/><\/strong><\/p>\n<div class=\"flex flex-grow flex-col gap-3\">\n<div class=\"min-h-[20px] flex items-start overflow-x-auto whitespace-pre-wrap break-words flex-col gap-4\">\n<div class=\"markdown prose w-full break-words dark:prose-invert light\">\n<h3>M\u00e5lskema<\/h3>\n<p>Vi opfordrer dig til v\u00e6re omhyggelig med at v\u00e6lge den rigtige st\u00f8rrelse, da vi gerne vil undg\u00e5 s\u00e5 mange returvarer som muligt. M\u00e5let er at st\u00f8tte Ukraine s\u00e5 derfor vil vi gerne holde alle omkostninger s\u00e5 lave som muligt. Vi vedl\u00e6gger m\u00e5lskemaer ved alle varer, da de kommer fra forskellige leverand\u00f8rer, s\u00e5 derfor kan st\u00f8rrelserne variere. Vi takker for din forst\u00e5else.<\/p><\/div>\n<\/div>\n<div>\u00a0<\/div>\n<\/div>\n<\/div>\n<\/div>\n<\/div>\n<\/div>\n<h4>Guide til kropsm\u00e5linger<\/h4>\n<div class=\"flex flex-grow flex-col max-w-full\">\n<div class=\"min-h-[20px] text-message flex flex-col items-start whitespace-pre-wrap break-words [.text-message+&amp;]:mt-5 juice:w-full juice:items-end overflow-x-auto gap-2\" dir=\"auto\" data-message-author-role=\"assistant\" data-message-id=\"60158a8c-b82e-4e66-832e-5dcbefd27204\">\n<div class=\"flex w-full flex-col gap-1 juice:empty:hidden juice:first:pt-[3px]\">\n<div class=\"markdown prose w-full break-words dark:prose-invert light\">\n<div class=\"flex flex-grow flex-col gap-3\">\n<div class=\"min-h-[20px] flex items-start overflow-x-auto whitespace-pre-wrap break-words flex-col gap-4\">\n<div>\u00a0<\/div>\n<div class=\"markdown prose w-full break-words dark:prose-invert light\">\n<div class=\"flex flex-grow flex-col gap-3\">\n<div class=\"min-h-[20px] flex items-start overflow-x-auto whitespace-pre-wrap break-words flex-col gap-4\">\n<div>\u00a0<\/div>\n<div class=\"markdown prose w-full break-words dark:prose-invert light\">\u00a0Denne st\u00f8rrelsesguide viser kropsm\u00e5linger. Vi anbefaler at bestille en st\u00f8rrelse st\u00f8rre, n\u00e5r dine m\u00e5linger er mellem to st\u00f8rrelser. m\u00e5l-dig-selv <img decoding=\"async\" class=\"size-medium wp-image-3216 alignleft\" src=\"https:\/\/ukraineboost.com\/dk\/wp-content\/uploads\/sites\/12\/2023\/05\/3215_model_size_guide-300x300.png\" alt=\"\" width=\"300\" height=\"300\" srcset=\"https:\/\/ukraineboost.com\/dk\/wp-content\/uploads\/sites\/12\/2023\/05\/3215_model_size_guide-300x300.png 300w, https:\/\/ukraineboost.com\/dk\/wp-content\/uploads\/sites\/12\/2023\/05\/3215_model_size_guide-150x150.png 150w, https:\/\/ukraineboost.com\/dk\/wp-content\/uploads\/sites\/12\/2023\/05\/3215_model_size_guide-146x146.png 146w, https:\/\/ukraineboost.com\/dk\/wp-content\/uploads\/sites\/12\/2023\/05\/3215_model_size_guide-50x50.png 50w, https:\/\/ukraineboost.com\/dk\/wp-content\/uploads\/sites\/12\/2023\/05\/3215_model_size_guide-75x75.png 75w, https:\/\/ukraineboost.com\/dk\/wp-content\/uploads\/sites\/12\/2023\/05\/3215_model_size_guide-85x85.png 85w, https:\/\/ukraineboost.com\/dk\/wp-content\/uploads\/sites\/12\/2023\/05\/3215_model_size_guide-80x80.png 80w, https:\/\/ukraineboost.com\/dk\/wp-content\/uploads\/sites\/12\/2023\/05\/3215_model_size_guide-24x24.png 24w, https:\/\/ukraineboost.com\/dk\/wp-content\/uploads\/sites\/12\/2023\/05\/3215_model_size_guide-36x36.png 36w, https:\/\/ukraineboost.com\/dk\/wp-content\/uploads\/sites\/12\/2023\/05\/3215_model_size_guide-48x48.png 48w, https:\/\/ukraineboost.com\/dk\/wp-content\/uploads\/sites\/12\/2023\/05\/3215_model_size_guide-100x100.png 100w, https:\/\/ukraineboost.com\/dk\/wp-content\/uploads\/sites\/12\/2023\/05\/3215_model_size_guide.png 344w\" sizes=\"(max-width:767px) 300px, 300px\" \/>Ved alle vandrette m\u00e5linger skal du holde m\u00e5leb\u00e5ndet parallelt med jorden.<\/div>\n<div>\u00a0<\/div>\n<div class=\"markdown prose w-full break-words dark:prose-invert light\">A Bryst Placer den ene ende af m\u00e5leb\u00e5ndet p\u00e5 den fuldeste del af brystet og f\u00f8r b\u00e5ndet rundt om ryggen (under armhulerne, over skulderbladene) tilbage til udgangspunktet.<\/div>\n<div>\u00a0<\/div>\n<div class=\"markdown prose w-full break-words dark:prose-invert light\">B Talje Placer m\u00e5leb\u00e5ndet p\u00e5 det smalleste sted omkring taljen og m\u00e5l rundt.<\/div>\n<div>\u00a0<\/div>\n<div class=\"markdown prose w-full break-words dark:prose-invert light\">C Hofter Start m\u00e5leb\u00e5ndet p\u00e5 den ene hofte og f\u00f8r b\u00e5ndet hen over den fuldeste del af hofterne tilbage til udgangspunktet, hvor du begyndte at m\u00e5le.<\/div>\n<div>\u00a0<\/div>\n<\/div>\n<\/div>\n<div>\n<table class=\"size-guide__table size-guide__new\">\n<thead>\n<tr>\n<td>St\u00f8rrelse<\/td>\n<td>Bryst<\/td>\n<td>Talje<\/td>\n<td>Hofter<\/td>\n<\/tr>\n<\/thead>\n<tbody>\n<tr>\n<td>XS<\/td>\n<td>84<\/td>\n<td>64<\/td>\n<td>90<\/td>\n<\/tr>\n<tr>\n<td>S<\/td>\n<td>88<\/td>\n<td>68<\/td>\n<td>94<\/td>\n<\/tr>\n<tr>\n<td>M<\/td>\n<td>92<\/td>\n<td>72<\/td>\n<td>98<\/td>\n<\/tr>\n<tr>\n<td>L<\/td>\n<td>100<\/td>\n<td>80<\/td>\n<td>106<\/td>\n<\/tr>\n<tr>\n<td>XL<\/td>\n<td>108<\/td>\n<td>88<\/td>\n<td>114<\/td>\n<\/tr>\n<tr>\n<td>2XL<\/td>\n<td>116<\/td>\n<td>96<\/td>\n<td>122<\/td>\n<\/tr>\n<tr>\n<td>3XL<\/td>\n<td>124<\/td>\n<td>104<\/td>\n<td>130<\/td>\n<\/tr>\n<\/tbody>\n<\/table>\n<\/div>\n<div class=\"flex flex-grow flex-col gap-3\">\n<div class=\"min-h-[20px] flex items-start overflow-x-auto whitespace-pre-wrap break-words flex-col gap-4\">\n<div>\u00a0<\/div>\n<\/div>\n<\/div>\n<\/div>\n<\/div>\n<\/div>\n<p>\u00a0 <strong>Produktm\u00e5linger<\/strong> <img decoding=\"async\" class=\"size-medium wp-image-8863 alignleft\" src=\"https:\/\/ukraineboost.com\/dk\/wp-content\/uploads\/sites\/12\/2023\/07\/9dd8453eb9dda6c8ff3ae59dcacc40fe_l-300x300.png\" alt=\"\" width=\"300\" height=\"300\" srcset=\"https:\/\/ukraineboost.com\/dk\/wp-content\/uploads\/sites\/12\/2023\/07\/9dd8453eb9dda6c8ff3ae59dcacc40fe_l-300x300.png 300w, https:\/\/ukraineboost.com\/dk\/wp-content\/uploads\/sites\/12\/2023\/07\/9dd8453eb9dda6c8ff3ae59dcacc40fe_l-150x150.png 150w, https:\/\/ukraineboost.com\/dk\/wp-content\/uploads\/sites\/12\/2023\/07\/9dd8453eb9dda6c8ff3ae59dcacc40fe_l-75x75.png 75w, https:\/\/ukraineboost.com\/dk\/wp-content\/uploads\/sites\/12\/2023\/07\/9dd8453eb9dda6c8ff3ae59dcacc40fe_l-24x24.png 24w, https:\/\/ukraineboost.com\/dk\/wp-content\/uploads\/sites\/12\/2023\/07\/9dd8453eb9dda6c8ff3ae59dcacc40fe_l-36x36.png 36w, https:\/\/ukraineboost.com\/dk\/wp-content\/uploads\/sites\/12\/2023\/07\/9dd8453eb9dda6c8ff3ae59dcacc40fe_l-48x48.png 48w, https:\/\/ukraineboost.com\/dk\/wp-content\/uploads\/sites\/12\/2023\/07\/9dd8453eb9dda6c8ff3ae59dcacc40fe_l-50x50.png 50w, https:\/\/ukraineboost.com\/dk\/wp-content\/uploads\/sites\/12\/2023\/07\/9dd8453eb9dda6c8ff3ae59dcacc40fe_l-100x100.png 100w, https:\/\/ukraineboost.com\/dk\/wp-content\/uploads\/sites\/12\/2023\/07\/9dd8453eb9dda6c8ff3ae59dcacc40fe_l.png 343w\" sizes=\"(max-width:767px) 300px, 300px\" \/><\/p>\n<div class=\"flex flex-grow flex-col gap-3\">\n<div class=\"min-h-[20px] flex items-start overflow-x-auto whitespace-pre-wrap break-words flex-col gap-4\">\n<div class=\"markdown prose w-full break-words dark:prose-invert light\">Denne st\u00f8rrelsesguide viser produktm\u00e5linger, der er taget, n\u00e5r produkterne ligger fladt. Faktiske produktm\u00e5linger kan variere med op til 1&#8243;, da de er h\u00e5ndlavede efter m\u00e5l. produktm\u00e5linger A &#8211; L\u00e6ngde p\u00e5 toppens forside B &#8211; 1\/2 bredde p\u00e5 toppen C &#8211; 1\/2 taljebredde D &#8211; H\u00f8jde p\u00e5 bunden<\/div>\n<\/div>\n<\/div>\n<p>\u00a0<\/p>\n<table class=\"size-guide__table size-guide__new\">\n<thead>\n<tr>\n<td>St\u00f8rrelse<\/td>\n<td>A<\/td>\n<td>B<\/td>\n<td>C<\/td>\n<td>D<\/td>\n<\/tr>\n<\/thead>\n<tbody>\n<tr>\n<td>XS<\/td>\n<td>26<\/td>\n<td>30<\/td>\n<td>31<\/td>\n<td>29<\/td>\n<\/tr>\n<tr>\n<td>S<\/td>\n<td>27<\/td>\n<td>32<\/td>\n<td>33<\/td>\n<td>29.5<\/td>\n<\/tr>\n<tr>\n<td>M<\/td>\n<td>28<\/td>\n<td>34<\/td>\n<td>35<\/td>\n<td>30<\/td>\n<\/tr>\n<tr>\n<td>L<\/td>\n<td>29<\/td>\n<td>38<\/td>\n<td>39<\/td>\n<td>30.5<\/td>\n<\/tr>\n<tr>\n<td>XL<\/td>\n<td>30<\/td>\n<td>42<\/td>\n<td>43<\/td>\n<td>31<\/td>\n<\/tr>\n<tr>\n<td>2XL<\/td>\n<td>32<\/td>\n<td>46<\/td>\n<td>47<\/td>\n<td>32<\/td>\n<\/tr>\n<tr>\n<td>3XL<\/td>\n<td>34<\/td>\n<td>50<\/td>\n<td>51<\/td>\n<td>33<\/td>\n<\/tr>\n<\/tbody>\n<\/table>\n<p>Alle m\u00e5l er i centimer<\/p>\n<p>Pro-tip! M\u00e5l et af dine produkter derhjemme og sammenlign med m\u00e5lene, du ser i denne vejledning.<\/p>\n<\/div>\n<\/div>\n<\/div>\n<\/div>\n<div class=\"mt-1 flex gap-3 empty:hidden juice:-ml-3\">\n<div class=\"items-center justify-start rounded-xl p-1 flex\">\n<div class=\"flex items-center\">\u00a0<\/div>\n<\/div>\n<\/div>\n","protected":false},"excerpt":{"rendered":"<p>Kvalitets bikinis\u00e6t som st\u00f8tter Ukraine Det er for nemt at blive forelsket i dette bikinis\u00e6t. Aftagelige puder og dets dobbeltlagsdesign g\u00f8r det behageligt at have p\u00e5<span class=\"excerpt-hellip\"> [\u2026]<\/span><\/p>\n","protected":false},"featured_media":36429,"comment_status":"open","ping_status":"closed","template":"","meta":[],"product_cat":[180],"product_tag":[],"_links":{"self":[{"href":"https:\/\/ukraineboost.com\/dk\/wp-json\/wp\/v2\/product\/36421"}],"collection":[{"href":"https:\/\/ukraineboost.com\/dk\/wp-json\/wp\/v2\/product"}],"about":[{"href":"https:\/\/ukraineboost.com\/dk\/wp-json\/wp\/v2\/types\/product"}],"replies":[{"embeddable":true,"href":"https:\/\/ukraineboost.com\/dk\/wp-json\/wp\/v2\/comments?post=36421"}],"wp:featuredmedia":[{"embeddable":true,"href":"https:\/\/ukraineboost.com\/dk\/wp-json\/wp\/v2\/media\/36429"}],"wp:attachment":[{"href":"https:\/\/ukraineboost.com\/dk\/wp-json\/wp\/v2\/media?parent=36421"}],"wp:term":[{"taxonomy":"product_cat","embeddable":true,"href":"https:\/\/ukraineboost.com\/dk\/wp-json\/wp\/v2\/product_cat?post=36421"},{"taxonomy":"product_tag","embeddable":true,"href":"https:\/\/ukraineboost.com\/dk\/wp-json\/wp\/v2\/product_tag?post=36421"}],"curies":[{"name":"wp","href":"https:\/\/api.w.org\/{rel}","templated":true}]}}