{"id":36326,"date":"2024-06-06T07:36:17","date_gmt":"2024-06-06T07:36:17","guid":{"rendered":"https:\/\/ukraineboost.com\/dk\/product\/one-piece-swimsuit-10\/"},"modified":"2024-06-24T10:49:08","modified_gmt":"2024-06-24T10:49:08","slug":"one-piece-swimsuit-10","status":"publish","type":"product","link":"https:\/\/ukraineboost.com\/dk\/product\/one-piece-swimsuit-10\/","title":{"rendered":"Badedragt &#8211; Sommer &#8211; Sommerbrise"},"content":{"rendered":"<h3>Kvalitets badedragt som st\u00f8tter en god sag<\/h3>\n<p><strong>Denne badedragt fremh\u00e6ver dine bedste tr\u00e6k uanset din figur.<\/strong> Nyd det glatte stof og det flatterende design, perfekt til at vise frem ved havet eller poolen. Denne kvalitets badedragt kombinerer stil, komfort og b\u00e6redygtighed, hvilket g\u00f8r den til et must-have i din sommergarderobe.<\/p>\n<ul>\n<li><strong>Egenskaber<\/strong>:\n<ul>\n<li>82% polyester, 18% spandex<\/li>\n<li>Stofv\u00e6gt: 230 g\/m\u00b2, v\u00e6gten kan variere med 5%<\/li>\n<li>Klorresistent stof<\/li>\n<li>Fr\u00e6k pasform med dyb halsudsk\u00e6ring og lav rygudsk\u00e6ring<\/li>\n<li>Zigzag syning<\/li>\n<li>Dobbeltlag p\u00e5 forsiden<\/li>\n<li>Firevejs str\u00e6k materiale, der str\u00e6kker sig og gendannes p\u00e5 tv\u00e6rs og l\u00e6ngde af kornene<\/li>\n<\/ul>\n<\/li>\n<\/ul>\n<p><strong>Hvorfor v\u00e6lge vores badedragt?<\/strong><\/p>\n<p>Denne badedragt er fremstillet med b\u00e5de kvalitet og b\u00e6redygtighed for \u00f8je. Brug af f\u00f8rsteklasses materialer sikrer en glat og behagelig pasform, mens det klorresistente stof og det flatterende design g\u00f8r den perfekt til enhver strand- eller poolbegivenhed. Desuden g\u00e5r overskuddet hvert salg til at st\u00f8tte Ukraines kamp for frihed og sikkerhed. Ved at v\u00e6lge denne badedragt tr\u00e6ffer du et gennemt\u00e6nkt k\u00f8b, der hj\u00e6lper med at reducere overproduktion og st\u00f8tter en vigtig sag.<\/p>\n<p><strong>Bem\u00e6rk venligst<\/strong>: Dette produkt bliver lavet specielt til dig, s\u00e5 snart du afgiver en ordre, hvilket er grunden til, at det tager lidt l\u00e6ngere tid at levere. Ved at lave produkter p\u00e5 bestilling i stedet for i store m\u00e6ngder hj\u00e6lper vi med at reducere spild og fremmer b\u00e6redygtig produktion. Tak for din t\u00e5lmodighed og for at tr\u00e6ffe et bevidst valg.<\/p>\n<p><strong>Udstyr dig selv med stil, komfort og en meningsfuld bidrag. Bestil din badedragt i dag og st\u00f8t Ukraines kamp for frihed!<\/strong><\/p>\n<div class=\"flex flex-grow flex-col gap-3\">\n<div class=\"min-h-[20px] flex items-start overflow-x-auto whitespace-pre-wrap break-words flex-col gap-4\">\n<div class=\"markdown prose w-full break-words dark:prose-invert light\">\n<h3>M\u00e5lskema<\/h3>\n<p>Vi opfordrer dig til v\u00e6re omhyggelig med at v\u00e6lge den rigtige st\u00f8rrelse, da vi gerne vil undg\u00e5 s\u00e5 mange returvarer som muligt. M\u00e5let er at st\u00f8tte Ukraine s\u00e5 derfor vil vi gerne holde alle omkostninger s\u00e5 lave som muligt. Vi vedl\u00e6gger m\u00e5lskemaer ved alle varer, da de kommer fra forskellige leverand\u00f8rer, s\u00e5 derfor kan st\u00f8rrelserne variere. Vi takker for din forst\u00e5else.<\/p><\/div>\n<div>\u00a0<\/div>\n<\/div>\n<h4>Guide til kropsm\u00e5linger<\/h4>\n<div class=\"min-h-[20px] flex items-start overflow-x-auto whitespace-pre-wrap break-words flex-col gap-4\">\n<div>\u00a0<\/div>\n<div class=\"markdown prose w-full break-words dark:prose-invert light\">\n<div class=\"flex flex-grow flex-col gap-3\">\n<div class=\"min-h-[20px] flex items-start overflow-x-auto whitespace-pre-wrap break-words flex-col gap-4\">\n<div class=\"markdown prose w-full break-words dark:prose-invert light\"><img decoding=\"async\" class=\"size-medium wp-image-8645 alignleft\" src=\"https:\/\/ukraineboost.com\/dk\/wp-content\/uploads\/sites\/12\/2023\/07\/swimwear-211x300.png\" alt=\"\" width=\"211\" height=\"300\" srcset=\"https:\/\/ukraineboost.com\/dk\/wp-content\/uploads\/sites\/12\/2023\/07\/swimwear-211x300.png 211w, https:\/\/ukraineboost.com\/dk\/wp-content\/uploads\/sites\/12\/2023\/07\/swimwear-53x75.png 53w, https:\/\/ukraineboost.com\/dk\/wp-content\/uploads\/sites\/12\/2023\/07\/swimwear-17x24.png 17w, https:\/\/ukraineboost.com\/dk\/wp-content\/uploads\/sites\/12\/2023\/07\/swimwear-25x36.png 25w, https:\/\/ukraineboost.com\/dk\/wp-content\/uploads\/sites\/12\/2023\/07\/swimwear-34x48.png 34w, https:\/\/ukraineboost.com\/dk\/wp-content\/uploads\/sites\/12\/2023\/07\/swimwear.png 234w\" sizes=\"(max-width:767px) 211px, 211px\" \/>Denne st\u00f8rrelsesguide viser kropsm\u00e5linger. Vi anbefaler at bestille en st\u00f8rrelse st\u00f8rre, n\u00e5r dine m\u00e5linger er mellem to st\u00f8rrelser. m\u00e5l-dig-selv Ved alle vandrette m\u00e5linger skal du holde m\u00e5leb\u00e5ndet parallelt med jorden.<\/div>\n<div>\u00a0<\/div>\n<div class=\"markdown prose w-full break-words dark:prose-invert light\"><strong>A Bryst<\/strong><\/div>\n<div class=\"markdown prose w-full break-words dark:prose-invert light\">Placer den ene ende af m\u00e5leb\u00e5ndet p\u00e5 den fuldeste del af brystet og f\u00f8r b\u00e5ndet rundt om ryggen (under armhulerne, over skulderbladene) tilbage til udgangspunktet.<\/div>\n<div>\u00a0<\/div>\n<div class=\"markdown prose w-full break-words dark:prose-invert light\"><strong>B Talje<\/strong><\/div>\n<div class=\"markdown prose w-full break-words dark:prose-invert light\">Placer m\u00e5leb\u00e5ndet p\u00e5 det smalleste sted omkring taljen og m\u00e5l rundt.<\/div>\n<div>\u00a0<\/div>\n<div class=\"markdown prose w-full break-words dark:prose-invert light\"><strong>C Hofter<\/strong><\/div>\n<div class=\"markdown prose w-full break-words dark:prose-invert light\">Start m\u00e5leb\u00e5ndet p\u00e5 den ene hofte og f\u00f8r b\u00e5ndet hen over den fuldeste del af hofterne tilbage til udgangspunktet, hvor du begyndte at m\u00e5le.<\/div>\n<div>\u00a0<\/div>\n<\/div>\n<div>\n<table class=\"size-guide__table size-guide__new\">\n<thead>\n<tr>\n<td>St\u00f8rrelse<\/td>\n<td>A<\/td>\n<td>B<\/td>\n<td>C<\/td>\n<\/tr>\n<\/thead>\n<tbody>\n<tr>\n<td>XS<\/td>\n<td>31<\/td>\n<td>34.5<\/td>\n<td>65.5<\/td>\n<\/tr>\n<tr>\n<td>S<\/td>\n<td>33<\/td>\n<td>36.5<\/td>\n<td>66.5<\/td>\n<\/tr>\n<tr>\n<td>M<\/td>\n<td>35<\/td>\n<td>38.5<\/td>\n<td>67.5<\/td>\n<\/tr>\n<tr>\n<td>L<\/td>\n<td>37<\/td>\n<td>40.5<\/td>\n<td>68.5<\/td>\n<\/tr>\n<tr>\n<td>XL<\/td>\n<td>41<\/td>\n<td>44.5<\/td>\n<td>70.5<\/td>\n<\/tr>\n<tr>\n<td>2XL<\/td>\n<td>45<\/td>\n<td>48.5<\/td>\n<td>72.5<\/td>\n<\/tr>\n<tr>\n<td>3XL<\/td>\n<td>49<\/td>\n<td>52.5<\/td>\n<td>74.5<\/td>\n<\/tr>\n<\/tbody>\n<\/table>\n<\/div>\n<\/div>\n<\/div>\n<\/div>\n<\/div>\n<h4><strong>Produktm\u00e5linger<\/strong><\/h4>\n<div class=\"flex flex-grow flex-col gap-3\">\n<div class=\"min-h-[20px] flex items-start overflow-x-auto whitespace-pre-wrap break-words flex-col gap-4\">\n<div class=\"markdown prose w-full break-words dark:prose-invert light\"><img decoding=\"async\" class=\" wp-image-8646 alignleft\" src=\"https:\/\/ukraineboost.com\/dk\/wp-content\/uploads\/sites\/12\/2023\/07\/e67e945d287fadae73ef6e66bc7efa39_l-300x300.png\" alt=\"\" width=\"255\" height=\"255\" srcset=\"https:\/\/ukraineboost.com\/dk\/wp-content\/uploads\/sites\/12\/2023\/07\/e67e945d287fadae73ef6e66bc7efa39_l-300x300.png 300w, https:\/\/ukraineboost.com\/dk\/wp-content\/uploads\/sites\/12\/2023\/07\/e67e945d287fadae73ef6e66bc7efa39_l-150x150.png 150w, https:\/\/ukraineboost.com\/dk\/wp-content\/uploads\/sites\/12\/2023\/07\/e67e945d287fadae73ef6e66bc7efa39_l-75x75.png 75w, https:\/\/ukraineboost.com\/dk\/wp-content\/uploads\/sites\/12\/2023\/07\/e67e945d287fadae73ef6e66bc7efa39_l-24x24.png 24w, https:\/\/ukraineboost.com\/dk\/wp-content\/uploads\/sites\/12\/2023\/07\/e67e945d287fadae73ef6e66bc7efa39_l-36x36.png 36w, https:\/\/ukraineboost.com\/dk\/wp-content\/uploads\/sites\/12\/2023\/07\/e67e945d287fadae73ef6e66bc7efa39_l-48x48.png 48w, https:\/\/ukraineboost.com\/dk\/wp-content\/uploads\/sites\/12\/2023\/07\/e67e945d287fadae73ef6e66bc7efa39_l-50x50.png 50w, https:\/\/ukraineboost.com\/dk\/wp-content\/uploads\/sites\/12\/2023\/07\/e67e945d287fadae73ef6e66bc7efa39_l-100x100.png 100w, https:\/\/ukraineboost.com\/dk\/wp-content\/uploads\/sites\/12\/2023\/07\/e67e945d287fadae73ef6e66bc7efa39_l.png 343w\" sizes=\"(max-width:767px) 255px, 255px\" \/>Denne st\u00f8rrelsesguide viser produktm\u00e5linger, der er taget, n\u00e5r produkterne ligger fladt. Faktiske produktm\u00e5linger kan variere med op til 1&#8243;, da de er h\u00e5ndlavet efter m\u00e5l. produktm\u00e5linger<\/div>\n<div>\u00a0<\/div>\n<div class=\"markdown prose w-full break-words dark:prose-invert light\"><strong>A<\/strong> 1\/2 brystbredde<\/div>\n<div class=\"markdown prose w-full break-words dark:prose-invert light\"><strong>B<\/strong> 1\/2 hoftebredde<\/div>\n<div class=\"markdown prose w-full break-words dark:prose-invert light\"><strong>C<\/strong> l\u00e6ngde<\/div>\n<\/div>\n<\/div>\n<p>\u00a0 \u00a0 \u00a0<\/p>\n<table class=\"size-guide__table size-guide__new\">\n<thead>\n<tr>\n<td>St\u00f8rrelse<\/td>\n<td>A<\/td>\n<td>B<\/td>\n<td>C<\/td>\n<\/tr>\n<\/thead>\n<tbody>\n<tr>\n<td>XS<\/td>\n<td>31<\/td>\n<td>34.5<\/td>\n<td>65.5<\/td>\n<\/tr>\n<tr>\n<td>S<\/td>\n<td>33<\/td>\n<td>36.5<\/td>\n<td>66.5<\/td>\n<\/tr>\n<tr>\n<td>M<\/td>\n<td>35<\/td>\n<td>38.5<\/td>\n<td>67.5<\/td>\n<\/tr>\n<tr>\n<td>L<\/td>\n<td>37<\/td>\n<td>40.5<\/td>\n<td>68.5<\/td>\n<\/tr>\n<tr>\n<td>XL<\/td>\n<td>41<\/td>\n<td>44.5<\/td>\n<td>70.5<\/td>\n<\/tr>\n<tr>\n<td>2XL<\/td>\n<td>45<\/td>\n<td>48.5<\/td>\n<td>72.5<\/td>\n<\/tr>\n<tr>\n<td>3XL<\/td>\n<td>49<\/td>\n<td>52.5<\/td>\n<td>74.5<\/td>\n<\/tr>\n<\/tbody>\n<\/table>\n<p>Alle m\u00e5l er i centimeter<\/p>\n<p>Pro-tip! M\u00e5l et af dine produkter derhjemme og sammenlign med m\u00e5lene, du ser i denne vejledning.<\/p>\n","protected":false},"excerpt":{"rendered":"<p>Kvalitets badedragt som st\u00f8tter en god sag Denne badedragt fremh\u00e6ver dine bedste tr\u00e6k uanset din figur. Nyd det glatte stof og det flatterende design, perfekt til<span class=\"excerpt-hellip\"> [\u2026]<\/span><\/p>\n","protected":false},"featured_media":36334,"comment_status":"open","ping_status":"closed","template":"","meta":[],"product_cat":[180],"product_tag":[],"_links":{"self":[{"href":"https:\/\/ukraineboost.com\/dk\/wp-json\/wp\/v2\/product\/36326"}],"collection":[{"href":"https:\/\/ukraineboost.com\/dk\/wp-json\/wp\/v2\/product"}],"about":[{"href":"https:\/\/ukraineboost.com\/dk\/wp-json\/wp\/v2\/types\/product"}],"replies":[{"embeddable":true,"href":"https:\/\/ukraineboost.com\/dk\/wp-json\/wp\/v2\/comments?post=36326"}],"wp:featuredmedia":[{"embeddable":true,"href":"https:\/\/ukraineboost.com\/dk\/wp-json\/wp\/v2\/media\/36334"}],"wp:attachment":[{"href":"https:\/\/ukraineboost.com\/dk\/wp-json\/wp\/v2\/media?parent=36326"}],"wp:term":[{"taxonomy":"product_cat","embeddable":true,"href":"https:\/\/ukraineboost.com\/dk\/wp-json\/wp\/v2\/product_cat?post=36326"},{"taxonomy":"product_tag","embeddable":true,"href":"https:\/\/ukraineboost.com\/dk\/wp-json\/wp\/v2\/product_tag?post=36326"}],"curies":[{"name":"wp","href":"https:\/\/api.w.org\/{rel}","templated":true}]}}